{"id":6719,"date":"2023-10-13T14:01:32","date_gmt":"2023-10-13T20:01:32","guid":{"rendered":"https:\/\/www.oaxaca.gob.mx\/ieea\/?page_id=6719"},"modified":"2024-01-31T11:42:57","modified_gmt":"2024-01-31T17:42:57","slug":"presupuesto-3er-trimestre-2023","status":"publish","type":"page","link":"https:\/\/www.oaxaca.gob.mx\/ieea\/presupuesto-3er-trimestre-2023\/","title":{"rendered":"PRESUPUESTO 3ER TRIMESTRE 2023"},"content":{"rendered":"<p><em><strong>CONAC<\/strong><\/em><\/p>\n<p><a href=\"https:\/\/www.oaxaca.gob.mx\/ieea\/wp-content\/uploads\/sites\/49\/2024\/01\/Pagos-por-Ayudas-Subsidios-3er-trimestre-2023.pdf\">Pagos por Ayudas Subsidios 3er Trimestre 2023<\/a><\/p>\n<p><a href=\"https:\/\/www.oaxaca.gob.mx\/ieea\/wp-content\/uploads\/sites\/49\/2023\/11\/3ER-INFORME-TRIMESTRAL-ENE-SEP-2023.pdf\">3ER INFORME TRIMESTRAL ENE-SEP 2023<\/a><\/p>\n<p><a href=\"https:\/\/www.oaxaca.gob.mx\/ieea\/wp-content\/uploads\/sites\/49\/2023\/10\/ESTADO-FINANCIERO-JULIO.pdf\">ESTADO FINANCIERO JULIO<\/a><\/p>\n<p><a href=\"https:\/\/www.oaxaca.gob.mx\/ieea\/wp-content\/uploads\/sites\/49\/2023\/10\/ESTADO-FINANCIERO-AGOSTO-2023-1.pdf\">ESTADO FINANCIERO AGOSTO<\/a><\/p>\n<p><a href=\"https:\/\/www.oaxaca.gob.mx\/ieea\/wp-content\/uploads\/sites\/49\/2023\/10\/ESTADO-FINANCIERO-SEPTIEMBRE-1.pdf\">ESTADO FINANCIERO SEPTIEMBRE<\/a><\/p>\n<p>&nbsp;<\/p>\n<p><a href=\"https:\/\/www.oaxaca.gob.mx\/ieea\/wp-content\/uploads\/sites\/49\/2023\/10\/Analitico-de-Categorios-Plazas-Autorizadas-con-su-Tabulador.pdf\">Anal\u00edtico de Categorios Plazas Autorizadas con su Tabulador<\/a><\/p>\n<p><a href=\"https:\/\/www.oaxaca.gob.mx\/ieea\/wp-content\/uploads\/sites\/49\/2023\/10\/Catalogo-de-Categorias-y-Tabuladores.pdf\">Cat\u00e1logo de Categor\u00edas y Tabuladores<\/a><\/p>\n<p><a href=\"https:\/\/www.oaxaca.gob.mx\/ieea\/wp-content\/uploads\/sites\/49\/2023\/10\/Catalogo-de-Percepciones-y-Deducciones.pdf\">Cat\u00e1logo de Percepciones y Deducciones<\/a><\/p>\n<p><a href=\"https:\/\/www.oaxaca.gob.mx\/ieea\/wp-content\/uploads\/sites\/49\/2023\/10\/Movimientos-de-Personal-por-Centro-de-Trabajo.pdf\">Movimientos de Personal por Centro de Trabajo<\/a><\/p>\n<p><a href=\"https:\/\/www.oaxaca.gob.mx\/ieea\/wp-content\/uploads\/sites\/49\/2023\/10\/Movimientos-de-Plazas.pdf\">Movimientos de Plazas<\/a><\/p>\n<p><a href=\"https:\/\/www.oaxaca.gob.mx\/ieea\/wp-content\/uploads\/sites\/49\/2023\/10\/Personal-Comisionado.pdf\">Personal Comisionado<\/a><\/p>\n<p><a href=\"https:\/\/www.oaxaca.gob.mx\/ieea\/wp-content\/uploads\/sites\/49\/2023\/10\/Personal-con-Licencia.pdf\">Personal con Licencia<\/a><\/p>\n<p><a href=\"https:\/\/www.oaxaca.gob.mx\/ieea\/wp-content\/uploads\/sites\/49\/2023\/10\/Personal-Federalizado-con-RFC.pdf\">Personal Federalizado con RFC<\/a><\/p>\n<p><a href=\"https:\/\/www.oaxaca.gob.mx\/ieea\/wp-content\/uploads\/sites\/49\/2023\/10\/Plaza-Funcion.pdf\">Plaza Funci\u00f3n<\/a><\/p>\n<p><a href=\"https:\/\/www.oaxaca.gob.mx\/ieea\/wp-content\/uploads\/sites\/49\/2023\/10\/rfc-con-pagos-Retroactivos-con-Periodo-Mayor-a-45-dias.pdf\">rfc con pagos Retroactivos con Periodo Mayor a 45 d\u00edas<\/a><\/p>\n<p><a href=\"https:\/\/www.oaxaca.gob.mx\/ieea\/wp-content\/uploads\/sites\/49\/2023\/10\/Trabajadores-con-Doble-Asignacion-Salarial-en-Municipios-no-Colindantes-Geograficamente.pdf\">Trabajadores con Doble Asignaci\u00f3n Salarial en Municipios no Colindantes Geogr\u00e1ficamente<\/a><\/p>\n<p><a href=\"https:\/\/www.oaxaca.gob.mx\/ieea\/wp-content\/uploads\/sites\/49\/2023\/10\/Trabajadores-Contratados-por-Honorarios-en-el-Periodo.pdf\">Trabajadores Contratados por Honorarios en el Periodo<\/a><\/p>\n<p><a href=\"https:\/\/www.oaxaca.gob.mx\/ieea\/wp-content\/uploads\/sites\/49\/2023\/10\/Trabajadores-cuyo-Salario-supere-los-ingresos-Promedio.pdf\">Trabajadores cuyo Salario supere los ingresos Promedio<\/a><\/p>\n<p><a href=\"https:\/\/www.oaxaca.gob.mx\/ieea\/wp-content\/uploads\/sites\/49\/2023\/10\/Trabajadores-Jubilados-en-el-Periodo.pdf\">Trabajadores Jubilados en el Periodo<\/a><\/p>\n<p><a href=\"https:\/\/www.oaxaca.gob.mx\/ieea\/wp-content\/uploads\/sites\/49\/2023\/10\/Trabajadores-Ocupan-Plazas-que-Superan-el-Numero-de-Horas-de-Compatibilidad.pdf\">Trabajadores Ocupan Plazas que Superan el N\u00famero de Horas de Compatibilidad<\/a><\/p>\n<p><a href=\"https:\/\/www.oaxaca.gob.mx\/ieea\/wp-content\/uploads\/sites\/49\/2023\/10\/Trabajadores-que-cobran-con-RFC-CURP-con-Formato-Incorrecto.pdf\">Trabajadores que cobran con RFC CURP con Formato Incorrecto<\/a><\/p>\n<p><a href=\"https:\/\/www.oaxaca.gob.mx\/ieea\/wp-content\/uploads\/sites\/49\/2023\/10\/Trabajadores-que-tramitaron-Licencia-Prejubilatoria-en-el-Periodo.pdf\">Trabajadores que tramitaron Licencia Prejubilatoria en el Periodo<\/a><\/p>\n<p>&nbsp;<\/p>\n<p>RFT<\/p>\n<p><a href=\"https:\/\/www.oaxaca.gob.mx\/ieea\/wp-content\/uploads\/sites\/49\/2024\/01\/GASTO_REPORTE_FINAL_3T.xlsx\">GASTO REPORTE FINAL<\/a><\/p>\n<p>&nbsp;<\/p>\n","protected":false},"excerpt":{"rendered":"<p>CONAC Pagos por Ayudas Subsidios 3er Trimestre 2023 3ER INFORME TRIMESTRAL ENE-SEP 2023 ESTADO FINANCIERO JULIO ESTADO FINANCIERO AGOSTO ESTADO FINANCIERO SEPTIEMBRE &nbsp; Anal\u00edtico de Categorios Plazas Autorizadas con su Tabulador Cat\u00e1logo de Categor\u00edas y Tabuladores Cat\u00e1logo de Percepciones y Deducciones Movimientos de Personal por Centro de Trabajo Movimientos de Plazas Personal Comisionado Personal con [&hellip;]<\/p>\n","protected":false},"author":58,"featured_media":0,"parent":0,"menu_order":0,"comment_status":"closed","ping_status":"closed","template":"","meta":{"episode_type":"","audio_file":"","podmotor_file_id":"","podmotor_episode_id":"","cover_image":"","cover_image_id":"","duration":"","filesize":"","filesize_raw":"","date_recorded":"","explicit":"","block":"","itunes_episode_number":"","itunes_title":"","itunes_season_number":"","itunes_episode_type":"","footnotes":""},"categories":[],"tags":[],"class_list":["post-6719","page","type-page","status-publish","hentry"],"acf":[],"publishpress_future_action":{"enabled":false,"date":"2026-04-20 12:45:17","action":"change-status","newStatus":"draft","terms":[],"taxonomy":"category","extraData":[]},"publishpress_future_workflow_manual_trigger":{"enabledWorkflows":[]},"_links":{"self":[{"href":"https:\/\/www.oaxaca.gob.mx\/ieea\/wp-json\/wp\/v2\/pages\/6719","targetHints":{"allow":["GET"]}}],"collection":[{"href":"https:\/\/www.oaxaca.gob.mx\/ieea\/wp-json\/wp\/v2\/pages"}],"about":[{"href":"https:\/\/www.oaxaca.gob.mx\/ieea\/wp-json\/wp\/v2\/types\/page"}],"author":[{"embeddable":true,"href":"https:\/\/www.oaxaca.gob.mx\/ieea\/wp-json\/wp\/v2\/users\/58"}],"replies":[{"embeddable":true,"href":"https:\/\/www.oaxaca.gob.mx\/ieea\/wp-json\/wp\/v2\/comments?post=6719"}],"version-history":[{"count":2,"href":"https:\/\/www.oaxaca.gob.mx\/ieea\/wp-json\/wp\/v2\/pages\/6719\/revisions"}],"predecessor-version":[{"id":7248,"href":"https:\/\/www.oaxaca.gob.mx\/ieea\/wp-json\/wp\/v2\/pages\/6719\/revisions\/7248"}],"wp:attachment":[{"href":"https:\/\/www.oaxaca.gob.mx\/ieea\/wp-json\/wp\/v2\/media?parent=6719"}],"wp:term":[{"taxonomy":"category","embeddable":true,"href":"https:\/\/www.oaxaca.gob.mx\/ieea\/wp-json\/wp\/v2\/categories?post=6719"},{"taxonomy":"post_tag","embeddable":true,"href":"https:\/\/www.oaxaca.gob.mx\/ieea\/wp-json\/wp\/v2\/tags?post=6719"}],"curies":[{"name":"wp","href":"https:\/\/api.w.org\/{rel}","templated":true}]}}