{"id":6377,"date":"2023-07-26T20:33:14","date_gmt":"2023-07-27T02:33:14","guid":{"rendered":"https:\/\/www.oaxaca.gob.mx\/ieea\/?page_id=6377"},"modified":"2023-08-14T15:55:26","modified_gmt":"2023-08-14T21:55:26","slug":"presupuesto-2do-trimestre-2023","status":"publish","type":"page","link":"https:\/\/www.oaxaca.gob.mx\/ieea\/presupuesto-2do-trimestre-2023\/","title":{"rendered":"PRESUPUESTO 2DO TRIMESTRE 2023"},"content":{"rendered":"<p><a href=\"https:\/\/www.oaxaca.gob.mx\/ieea\/wp-content\/uploads\/sites\/49\/2023\/07\/Pagos-por-Ayudas-Subsidios-2do-Trimestre-2023.pdf\">Pagos por Ayudas Subsidios 2do Trimestre 2023<\/a><\/p>\n<p><a href=\"https:\/\/www.oaxaca.gob.mx\/ieea\/wp-content\/uploads\/sites\/49\/2023\/08\/ESTADO-FINANCIERO-ABRIL-2023.pdf\">ESTADO FINANCIERO ABRIL 2023<\/a><\/p>\n<p><a href=\"https:\/\/www.oaxaca.gob.mx\/ieea\/wp-content\/uploads\/sites\/49\/2023\/08\/ESTADO-FINANCIERO-JUNIO-2023.pdf\">ESTADO FINANCIERO JUNIO 2023<\/a><\/p>\n<p><a href=\"https:\/\/www.oaxaca.gob.mx\/ieea\/wp-content\/uploads\/sites\/49\/2023\/08\/ESTADO-FINANCIERO-MAYO-2023.pdf\">ESTADO FINANCIERO MAYO 2023<\/a><\/p>\n<p><a href=\"https:\/\/www.oaxaca.gob.mx\/ieea\/wp-content\/uploads\/sites\/49\/2023\/08\/SEGUNDO-INFORME-TRIMESTRAL-ENE-JUN-2023.pdf\">SEGUNDO INFORME TRIMESTRAL ENE-JUN 2023<\/a><\/p>\n<p>&nbsp;<\/p>\n<p><a href=\"https:\/\/www.oaxaca.gob.mx\/ieea\/wp-content\/uploads\/sites\/49\/2023\/08\/ReporteFinal-2do-Trim.xlsx\">ReporteFinal 2do Trim<\/a><\/p>\n<p><em><strong>CONAC\u00a0<\/strong><\/em><\/p>\n<p><a href=\"https:\/\/www.oaxaca.gob.mx\/ieea\/wp-content\/uploads\/sites\/49\/2023\/07\/Analitico-de-Categorias-Plazas-Autorizadas-con-su-Tabulador.pdf\">Anal\u00edtico de Categor\u00edas Plazas Autorizadas con su Tabulador<\/a><\/p>\n<p><a href=\"https:\/\/www.oaxaca.gob.mx\/ieea\/wp-content\/uploads\/sites\/49\/2023\/07\/Catalogo-de-Categorias-y-Tabuladores.pdf\">Cat\u00e1logo de Categor\u00edas y Tabuladores<\/a><\/p>\n<p><a href=\"https:\/\/www.oaxaca.gob.mx\/ieea\/wp-content\/uploads\/sites\/49\/2023\/07\/Catalogo-de-Percepciones-y-Deducciones.pdf\">Cat\u00e1logo de Percepciones y Deducciones<\/a><\/p>\n<p><a href=\"https:\/\/www.oaxaca.gob.mx\/ieea\/wp-content\/uploads\/sites\/49\/2023\/07\/Movimientos-de-Personal-por-Centro-de-Trabajo.pdf\">Movimientos de Personal por Centro de Trabajo<\/a><\/p>\n<p><a href=\"https:\/\/www.oaxaca.gob.mx\/ieea\/wp-content\/uploads\/sites\/49\/2023\/07\/Movimientos-de-Plazas.pdf\">Movimientos de Plazas<\/a><\/p>\n<p><a href=\"https:\/\/www.oaxaca.gob.mx\/ieea\/wp-content\/uploads\/sites\/49\/2023\/07\/Personal-Comisionado.pdf\">Personal Comisionado<\/a><\/p>\n<p><a href=\"https:\/\/www.oaxaca.gob.mx\/ieea\/wp-content\/uploads\/sites\/49\/2023\/07\/Personal-con-Licencia.pdf\">Personal con Licencia<\/a><\/p>\n<p><a href=\"https:\/\/www.oaxaca.gob.mx\/ieea\/wp-content\/uploads\/sites\/49\/2023\/07\/Personal-Federalizado-con-RFC.pdf\">Personal Federalizado con RFC<\/a><\/p>\n<p><a href=\"https:\/\/www.oaxaca.gob.mx\/ieea\/wp-content\/uploads\/sites\/49\/2023\/07\/Plaza-Funcion.pdf\">Plaza Funci\u00f3n<\/a><\/p>\n<p><a href=\"https:\/\/www.oaxaca.gob.mx\/ieea\/wp-content\/uploads\/sites\/49\/2023\/07\/rfc-con-pagos-Retroactivos-con-Periodo-Mayor-a-45-dias.pdf\">RFC con pagos Retroactivos con Periodo Mayor a 45 dias<\/a><\/p>\n<p><a href=\"https:\/\/www.oaxaca.gob.mx\/ieea\/wp-content\/uploads\/sites\/49\/2023\/07\/Trabajadores-con-Doble-Asignacion-Salarial-en-Municipios-no-Colindantes-Geograficamente.pdf\">Trabajadores con Doble Asignaci\u00f3n Salarial en Municipios no Colindantes Geogr\u00e1ficamente<\/a><\/p>\n<p><a href=\"https:\/\/www.oaxaca.gob.mx\/ieea\/wp-content\/uploads\/sites\/49\/2023\/07\/Trabajadores-Contratados-por-Honorarios-en-el-Periodo.pdf\">Trabajadores Contratados por Honorarios en el Periodo<\/a><\/p>\n<p><a href=\"https:\/\/www.oaxaca.gob.mx\/ieea\/wp-content\/uploads\/sites\/49\/2023\/07\/Trabajadores-cuyo-Salario-supere-los-ingresos-Promedio.pdf\">Trabajadores cuyo Salario supere los ingresos Promedio<\/a><\/p>\n<p><a href=\"https:\/\/www.oaxaca.gob.mx\/ieea\/wp-content\/uploads\/sites\/49\/2023\/07\/Trabajadores-Jubilados-en-el-Periodo.pdf\">Trabajadores Jubilados en el Periodo<\/a><\/p>\n<p><a href=\"https:\/\/www.oaxaca.gob.mx\/ieea\/wp-content\/uploads\/sites\/49\/2023\/07\/Trabajadores-Ocupan-Plazas-que-Superan-el-Numero-de-Horas-de-Compatibilidad.pdf\">Trabajadores Ocupan Plazas que Superan el N\u00famero de Horas de Compatibilidad<\/a><\/p>\n<p><a href=\"https:\/\/www.oaxaca.gob.mx\/ieea\/wp-content\/uploads\/sites\/49\/2023\/07\/Trabajadores-que-cobran-con-RFC-CURP-con-Formato-Incorrecto.pdf\">Trabajadores que cobran con RFC CURP con Formato Incorrecto<\/a><\/p>\n<p><a href=\"https:\/\/www.oaxaca.gob.mx\/ieea\/wp-content\/uploads\/sites\/49\/2023\/07\/Trabajadores-que-tramitaron-Licencia-Prejubilatoria-en-el-Periodo.pdf\">Trabajadores que tramitaron Licencia Prejubilatoria en el Periodo<\/a><\/p>\n","protected":false},"excerpt":{"rendered":"<p>Pagos por Ayudas Subsidios 2do Trimestre 2023 ESTADO FINANCIERO ABRIL 2023 ESTADO FINANCIERO JUNIO 2023 ESTADO FINANCIERO MAYO 2023 SEGUNDO INFORME TRIMESTRAL ENE-JUN 2023 &nbsp; ReporteFinal 2do Trim CONAC\u00a0 Anal\u00edtico de Categor\u00edas Plazas Autorizadas con su Tabulador Cat\u00e1logo de Categor\u00edas y Tabuladores Cat\u00e1logo de Percepciones y Deducciones Movimientos de Personal por Centro de Trabajo Movimientos [&hellip;]<\/p>\n","protected":false},"author":58,"featured_media":0,"parent":0,"menu_order":0,"comment_status":"closed","ping_status":"closed","template":"","meta":{"episode_type":"","audio_file":"","podmotor_file_id":"","podmotor_episode_id":"","cover_image":"","cover_image_id":"","duration":"","filesize":"","filesize_raw":"","date_recorded":"","explicit":"","block":"","itunes_episode_number":"","itunes_title":"","itunes_season_number":"","itunes_episode_type":"","footnotes":""},"categories":[],"tags":[],"class_list":["post-6377","page","type-page","status-publish","hentry"],"acf":[],"publishpress_future_action":{"enabled":false,"date":"2026-04-13 04:28:40","action":"change-status","newStatus":"draft","terms":[],"taxonomy":"category","extraData":[]},"publishpress_future_workflow_manual_trigger":{"enabledWorkflows":[]},"_links":{"self":[{"href":"https:\/\/www.oaxaca.gob.mx\/ieea\/wp-json\/wp\/v2\/pages\/6377","targetHints":{"allow":["GET"]}}],"collection":[{"href":"https:\/\/www.oaxaca.gob.mx\/ieea\/wp-json\/wp\/v2\/pages"}],"about":[{"href":"https:\/\/www.oaxaca.gob.mx\/ieea\/wp-json\/wp\/v2\/types\/page"}],"author":[{"embeddable":true,"href":"https:\/\/www.oaxaca.gob.mx\/ieea\/wp-json\/wp\/v2\/users\/58"}],"replies":[{"embeddable":true,"href":"https:\/\/www.oaxaca.gob.mx\/ieea\/wp-json\/wp\/v2\/comments?post=6377"}],"version-history":[{"count":5,"href":"https:\/\/www.oaxaca.gob.mx\/ieea\/wp-json\/wp\/v2\/pages\/6377\/revisions"}],"predecessor-version":[{"id":6661,"href":"https:\/\/www.oaxaca.gob.mx\/ieea\/wp-json\/wp\/v2\/pages\/6377\/revisions\/6661"}],"wp:attachment":[{"href":"https:\/\/www.oaxaca.gob.mx\/ieea\/wp-json\/wp\/v2\/media?parent=6377"}],"wp:term":[{"taxonomy":"category","embeddable":true,"href":"https:\/\/www.oaxaca.gob.mx\/ieea\/wp-json\/wp\/v2\/categories?post=6377"},{"taxonomy":"post_tag","embeddable":true,"href":"https:\/\/www.oaxaca.gob.mx\/ieea\/wp-json\/wp\/v2\/tags?post=6377"}],"curies":[{"name":"wp","href":"https:\/\/api.w.org\/{rel}","templated":true}]}}