{"id":613,"date":"2016-04-08T17:16:26","date_gmt":"2016-04-08T23:16:26","guid":{"rendered":"https:\/\/www.oaxaca.gob.mx\/ieea\/?page_id=613"},"modified":"2016-04-08T17:16:26","modified_gmt":"2016-04-08T23:16:26","slug":"presupuesto-1er-trimestre-2016","status":"publish","type":"page","link":"https:\/\/www.oaxaca.gob.mx\/ieea\/presupuesto-1er-trimestre-2016\/","title":{"rendered":"Presupuesto 1er trimestre 2016"},"content":{"rendered":"<p><a target=\"_blank\" href=\"\/ieea\/wp-content\/uploads\/sites\/49\/2016\/04\/Trabajadores-Jubilados-en-el-Periodo.pdf\" rel=\"noopener noreferrer\">Trabajadores Jubilados en el Periodo<\/a><\/p>\n<p><a target=\"_blank\" href=\"\/ieea\/wp-content\/uploads\/sites\/49\/2016\/04\/Trabajadores-Cuyo-Salario-B\u00e1sico-Supere-los-Ingresos-Promedio.pdf\" rel=\"noopener noreferrer\">Trabajadores Cuyo Salario B\u00e1sico Supere los Ingresos Promedio<\/a><\/p>\n<p><a target=\"_blank\" href=\"\/ieea\/wp-content\/uploads\/sites\/49\/2016\/04\/Trabajadores-Ocupando-Plazas-que-Superan-el-N\u00famero-de-Horas.pdf\" rel=\"noopener noreferrer\">Trabajadores Ocupando Plazas que Superan el N\u00famero de Horas<\/a><\/p>\n<p><a target=\"_blank\" href=\"\/ieea\/wp-content\/uploads\/sites\/49\/2016\/04\/Trabajadores-con-Doble-Asignaci\u00f3n-Salarial.pdf\" rel=\"noopener noreferrer\">Trabajadores con Doble Asignaci\u00f3n Salarial<\/a><\/p>\n<p><a target=\"_blank\" href=\"\/ieea\/wp-content\/uploads\/sites\/49\/2016\/04\/Trabajadores-que-Cobran-con-RFC.pdf\" rel=\"noopener noreferrer\">Trabajadores que Cobran con RFC<\/a><\/p>\n<p><a target=\"_blank\" href=\"\/ieea\/wp-content\/uploads\/sites\/49\/2016\/04\/Cat\u00e1logo-de-Percepciones-y-Deducciones.pdf\" rel=\"noopener noreferrer\">Cat\u00e1logo de Percepciones y Deducciones<\/a><\/p>\n<p><a target=\"_blank\" href=\"\/ieea\/wp-content\/uploads\/sites\/49\/2016\/04\/Cat\u00e1logo-de-Categor\u00edas-y-Tabuladores.pdf\" rel=\"noopener noreferrer\">Cat\u00e1logo de Categor\u00edas y Tabuladores<\/a><\/p>\n<p><a target=\"_blank\" href=\"\/ieea\/wp-content\/uploads\/sites\/49\/2016\/04\/Plazas-Autorizadas-con-su-Tabulador.pdf\" rel=\"noopener noreferrer\">Plazas Autorizadas con su Tabulador<\/a><\/p>\n<p><a target=\"_blank\" href=\"\/ieea\/wp-content\/uploads\/sites\/49\/2016\/04\/Trabajadores-Contratados-por-Honorarios-en-el-Periodo.pdf\" rel=\"noopener noreferrer\">Trabajadores Contratados por Honorarios en el Periodo<\/a><\/p>\n<p><a target=\"_blank\" href=\"\/ieea\/wp-content\/uploads\/sites\/49\/2016\/04\/Trabajadores-que-Tramitaron-Licencia-Prejubilatoria-en-el-Periodo.pdf\" rel=\"noopener noreferrer\">Trabajadores que Tramitaron Licencia Prejubilatoria en el Periodo<\/a><\/p>\n<p><a target=\"_blank\" href=\"\/ieea\/wp-content\/uploads\/sites\/49\/2016\/04\/Movimientos-de-Plazas.pdf\" rel=\"noopener noreferrer\">Movimientos de Plazas<\/a><\/p>\n<p><a target=\"_blank\" href=\"\/ieea\/wp-content\/uploads\/sites\/49\/2016\/04\/Personal-Federalizado-por-Registro-Federal-de-Contribuyentes.pdf\" rel=\"noopener noreferrer\">Personal Federalizado por Registro Federal de Contribuyentes<\/a><\/p>\n<p><a target=\"_blank\" href=\"\/ieea\/wp-content\/uploads\/sites\/49\/2016\/04\/PlazaFunci\u00f3n.pdf\" rel=\"noopener noreferrer\">Plaza Funci\u00f3n<\/a><\/p>\n<p><a target=\"_blank\" href=\"\/ieea\/wp-content\/uploads\/sites\/49\/2016\/04\/Registro-Federal-de-Contribuyentes-de-Trabajadores.pdf\" rel=\"noopener noreferrer\">Registro Federal de Contribuyentes de Trabajadores<\/a><\/p>\n<p><a target=\"_blank\" href=\"\/ieea\/wp-content\/uploads\/sites\/49\/2016\/04\/Personal-con-Licencia.pdf\" rel=\"noopener noreferrer\">Personal con Licencia<\/a><\/p>\n<p><a target=\"_blank\" href=\"\/ieea\/wp-content\/uploads\/sites\/49\/2016\/04\/Personal-Comisionado.pdf\" rel=\"noopener noreferrer\">Personal Comisionado<\/a><\/p>\n<p><a target=\"_blank\" href=\"\/ieea\/wp-content\/uploads\/sites\/49\/2016\/04\/pagos-por-ayudas-subsidios-1er-trimestre-2016.pdf\" rel=\"noopener noreferrer\">Pagos por ayudas subsidios 1er trimestre 2016<\/a><\/p>\n<p><a target=\"_blank\" href=\"\/ieea\/wp-content\/uploads\/sites\/49\/2016\/04\/EdoFinanciero1Trim.pdf\" rel=\"noopener noreferrer\">Estados financieros<\/a><\/p>\n<h4><strong>PASH<\/strong><\/h4>\n<p><a target=\"_blank\" href=\"\/ieea\/wp-content\/uploads\/sites\/49\/2016\/04\/FINANCIERO-11.xlsx\" rel=\"noopener noreferrer\">FINANCIERO<\/a><\/p>\n<p><a target=\"_blank\" href=\"\/ieea\/wp-content\/uploads\/sites\/49\/2016\/04\/FINANCIERO-FAETA.xlsx\" rel=\"noopener noreferrer\">FINANCIERO FAETA<\/a><\/p>\n<p><a target=\"_blank\" href=\"\/ieea\/wp-content\/uploads\/sites\/49\/2016\/04\/INDICADORES-FAETA-PRIMER-TRIMESTRE.xlsx\" rel=\"noopener noreferrer\">INDICADORES FAETA PRIMER TRIMESTRE<\/a>\t\t<\/p>\n","protected":false},"excerpt":{"rendered":"<p>Trabajadores Jubilados en el Periodo Trabajadores Cuyo Salario B\u00e1sico Supere los Ingresos Promedio Trabajadores Ocupando Plazas que Superan el N\u00famero de Horas Trabajadores con Doble Asignaci\u00f3n Salarial Trabajadores que Cobran con RFC Cat\u00e1logo de Percepciones y Deducciones Cat\u00e1logo de Categor\u00edas y Tabuladores Plazas Autorizadas con su Tabulador Trabajadores Contratados por Honorarios en el Periodo Trabajadores [&hellip;]<\/p>\n","protected":false},"author":1,"featured_media":0,"parent":0,"menu_order":0,"comment_status":"closed","ping_status":"closed","template":"","meta":{"episode_type":"","audio_file":"","podmotor_file_id":"","podmotor_episode_id":"","cover_image":"","cover_image_id":"","duration":"","filesize":"","filesize_raw":"","date_recorded":"","explicit":"","block":"","itunes_episode_number":"","itunes_title":"","itunes_season_number":"","itunes_episode_type":"","footnotes":""},"categories":[],"tags":[],"class_list":["post-613","page","type-page","status-publish","hentry"],"acf":[],"publishpress_future_action":{"enabled":false,"date":"2026-05-14 12:05:06","action":"change-status","newStatus":"draft","terms":[],"taxonomy":"category","extraData":[]},"publishpress_future_workflow_manual_trigger":{"enabledWorkflows":[]},"_links":{"self":[{"href":"https:\/\/www.oaxaca.gob.mx\/ieea\/wp-json\/wp\/v2\/pages\/613","targetHints":{"allow":["GET"]}}],"collection":[{"href":"https:\/\/www.oaxaca.gob.mx\/ieea\/wp-json\/wp\/v2\/pages"}],"about":[{"href":"https:\/\/www.oaxaca.gob.mx\/ieea\/wp-json\/wp\/v2\/types\/page"}],"author":[{"embeddable":true,"href":"https:\/\/www.oaxaca.gob.mx\/ieea\/wp-json\/wp\/v2\/users\/1"}],"replies":[{"embeddable":true,"href":"https:\/\/www.oaxaca.gob.mx\/ieea\/wp-json\/wp\/v2\/comments?post=613"}],"version-history":[{"count":0,"href":"https:\/\/www.oaxaca.gob.mx\/ieea\/wp-json\/wp\/v2\/pages\/613\/revisions"}],"wp:attachment":[{"href":"https:\/\/www.oaxaca.gob.mx\/ieea\/wp-json\/wp\/v2\/media?parent=613"}],"wp:term":[{"taxonomy":"category","embeddable":true,"href":"https:\/\/www.oaxaca.gob.mx\/ieea\/wp-json\/wp\/v2\/categories?post=613"},{"taxonomy":"post_tag","embeddable":true,"href":"https:\/\/www.oaxaca.gob.mx\/ieea\/wp-json\/wp\/v2\/tags?post=613"}],"curies":[{"name":"wp","href":"https:\/\/api.w.org\/{rel}","templated":true}]}}