{"id":5901,"date":"2022-09-22T15:46:08","date_gmt":"2022-09-22T20:46:08","guid":{"rendered":"https:\/\/www.oaxaca.gob.mx\/ieea\/?page_id=5901"},"modified":"2022-09-22T16:00:14","modified_gmt":"2022-09-22T21:00:14","slug":"medios-de-verificacion-mir","status":"publish","type":"page","link":"https:\/\/www.oaxaca.gob.mx\/ieea\/medios-de-verificacion-mir\/","title":{"rendered":"MEDIOS DE VERIFICACI\u00d3N MIR"},"content":{"rendered":"<p><a href=\"https:\/\/www.oaxaca.gob.mx\/ieea\/poblacion-total-con-rezago-educativo\/\">POBLACI\u00d3N TOTAL CON REZAGO EDUCATIVO<\/a><\/p>\n<p><a href=\"https:\/\/www.oaxaca.gob.mx\/ieea\/personas-atendidas-en-el-ieea-que-concluyen-secundaria\/\">PERSONAS ATENDIDAS EN EL IEEA QUE CONCLUYEN SECUNDARIA<\/a><\/p>\n<p><a href=\"https:\/\/www.oaxaca.gob.mx\/ieea\/acciones-de-gestion-realizadas\/\">ACCIONES DE GESTI\u00d3N REALIZADAS<\/a><\/p>\n<p><a href=\"https:\/\/www.oaxaca.gob.mx\/ieea\/gestiones-administrativas-y-financieras-realizadas\/\">GESTIONES ADMINISTRATIVAS Y FINANCIERAS REALIZADAS<\/a><\/p>\n<p><a href=\"https:\/\/www.oaxaca.gob.mx\/ieea\/personas-que-concluyen-alfabetizacion-primaria-y-secundaria\/\">PERSONAS QUE CONCLUYEN ALFABETIZACI\u00d3N, PRIMARIA Y SECUNDARIA<\/a><\/p>\n<p><a href=\"https:\/\/www.oaxaca.gob.mx\/ieea\/jovenes-y-adultos-certificados-en-primaria-y-secundaria\/\">J\u00d3VENES Y ADULTOS CERTIFICADOS EN PRIMARIA Y SECUNDARIA<\/a><\/p>\n<p><a href=\"https:\/\/www.oaxaca.gob.mx\/ieea\/examenes-de-alfabetizacion-primaria-y-secundaria-acreditados\/\">EX\u00c1MENES DE ALFABETIZACI\u00d3N, PRIMARIA Y SECUNDARIA ACREDITADOS<\/a><\/p>\n<p><a href=\"https:\/\/www.oaxaca.gob.mx\/ieea\/capacitaciones-a-asesores-educativos-realizadas\/\">CAPACITACIONES A ASESORES EDUCATIVOS REALIZADAS<\/a><\/p>\n<p><a href=\"https:\/\/www.oaxaca.gob.mx\/ieea\/modulos-para-el-desarrollo-de-competencias\/\">M\u00d3DULOS PARA EL DESARROLLO DE COMPETENCIAS<\/a><\/p>\n<p><a href=\"https:\/\/www.oaxaca.gob.mx\/ieea\/examenes-acreditados-para-el-desarrollo-de-competencias\/\">EX\u00c1MENES ACREDITADOS PARA EL DESARROLLO DE COMPETENCIAS<\/a><\/p>\n<p><a href=\"https:\/\/www.oaxaca.gob.mx\/ieea\/modulos-en-linea-vinculados\/\">M\u00d3DULOS EN L\u00cdNEA VINCULADOS<\/a><\/p>\n","protected":false},"excerpt":{"rendered":"<p>POBLACI\u00d3N TOTAL CON REZAGO EDUCATIVO PERSONAS ATENDIDAS EN EL IEEA QUE CONCLUYEN SECUNDARIA ACCIONES DE GESTI\u00d3N REALIZADAS GESTIONES ADMINISTRATIVAS Y FINANCIERAS REALIZADAS PERSONAS QUE CONCLUYEN ALFABETIZACI\u00d3N, PRIMARIA Y SECUNDARIA J\u00d3VENES Y ADULTOS CERTIFICADOS EN PRIMARIA Y SECUNDARIA EX\u00c1MENES DE ALFABETIZACI\u00d3N, PRIMARIA Y SECUNDARIA ACREDITADOS CAPACITACIONES A ASESORES EDUCATIVOS REALIZADAS M\u00d3DULOS PARA EL DESARROLLO DE COMPETENCIAS [&hellip;]<\/p>\n","protected":false},"author":58,"featured_media":0,"parent":0,"menu_order":0,"comment_status":"closed","ping_status":"closed","template":"","meta":{"episode_type":"","audio_file":"","podmotor_file_id":"","podmotor_episode_id":"","cover_image":"","cover_image_id":"","duration":"","filesize":"","filesize_raw":"","date_recorded":"","explicit":"","block":"","itunes_episode_number":"","itunes_title":"","itunes_season_number":"","itunes_episode_type":"","footnotes":""},"categories":[],"tags":[],"class_list":["post-5901","page","type-page","status-publish","hentry"],"acf":[],"publishpress_future_action":{"enabled":false,"date":"2026-04-10 23:00:36","action":"change-status","newStatus":"draft","terms":[],"taxonomy":"category","extraData":[]},"publishpress_future_workflow_manual_trigger":{"enabledWorkflows":[]},"_links":{"self":[{"href":"https:\/\/www.oaxaca.gob.mx\/ieea\/wp-json\/wp\/v2\/pages\/5901","targetHints":{"allow":["GET"]}}],"collection":[{"href":"https:\/\/www.oaxaca.gob.mx\/ieea\/wp-json\/wp\/v2\/pages"}],"about":[{"href":"https:\/\/www.oaxaca.gob.mx\/ieea\/wp-json\/wp\/v2\/types\/page"}],"author":[{"embeddable":true,"href":"https:\/\/www.oaxaca.gob.mx\/ieea\/wp-json\/wp\/v2\/users\/58"}],"replies":[{"embeddable":true,"href":"https:\/\/www.oaxaca.gob.mx\/ieea\/wp-json\/wp\/v2\/comments?post=5901"}],"version-history":[{"count":4,"href":"https:\/\/www.oaxaca.gob.mx\/ieea\/wp-json\/wp\/v2\/pages\/5901\/revisions"}],"predecessor-version":[{"id":5911,"href":"https:\/\/www.oaxaca.gob.mx\/ieea\/wp-json\/wp\/v2\/pages\/5901\/revisions\/5911"}],"wp:attachment":[{"href":"https:\/\/www.oaxaca.gob.mx\/ieea\/wp-json\/wp\/v2\/media?parent=5901"}],"wp:term":[{"taxonomy":"category","embeddable":true,"href":"https:\/\/www.oaxaca.gob.mx\/ieea\/wp-json\/wp\/v2\/categories?post=5901"},{"taxonomy":"post_tag","embeddable":true,"href":"https:\/\/www.oaxaca.gob.mx\/ieea\/wp-json\/wp\/v2\/tags?post=5901"}],"curies":[{"name":"wp","href":"https:\/\/api.w.org\/{rel}","templated":true}]}}