{"id":5707,"date":"2022-04-11T11:44:23","date_gmt":"2022-04-11T16:44:23","guid":{"rendered":"https:\/\/www.oaxaca.gob.mx\/ieea\/?page_id=5707"},"modified":"2024-11-07T11:19:52","modified_gmt":"2024-11-07T17:19:52","slug":"presupuesto-1er-trimestre-2022","status":"publish","type":"page","link":"https:\/\/www.oaxaca.gob.mx\/ieea\/presupuesto-1er-trimestre-2022\/","title":{"rendered":"Presupuesto 1er Trimestre 2022"},"content":{"rendered":"<p><a href=\"https:\/\/www.oaxaca.gob.mx\/ieea\/wp-content\/uploads\/sites\/49\/2022\/04\/Pagos-por-Ayudas-Subsidios.pdf\">Pagos por Ayudas Subsidios<\/a><\/p>\n<p><a href=\"http:\/\/ESTADO FINANCIERO ENERO\">ESTADO FINANCIERO ENERO<\/a><\/p>\n<p><a href=\"https:\/\/www.oaxaca.gob.mx\/ieea\/wp-content\/uploads\/sites\/49\/2022\/08\/ESTADO-FINANCIERO-FEBRERO.pdf\">ESTADO FINANCIERO FEBRERO<\/a><\/p>\n<p><a href=\"https:\/\/www.oaxaca.gob.mx\/ieea\/wp-content\/uploads\/sites\/49\/2022\/08\/ESTADO-FINANCIERO-MARZO.pdf\">ESTADO FINANCIERO MARZO<\/a><\/p>\n<p><a href=\"https:\/\/www.oaxaca.gob.mx\/ieea\/wp-content\/uploads\/sites\/49\/2022\/08\/PRIMER-INFORME-TRIMESTRAL-2022.pdf\">PRIMER INFORME TRIMESTRAL 2022<\/a><\/p>\n<p><a href=\"https:\/\/www.oaxaca.gob.mx\/ieea\/wp-content\/uploads\/sites\/49\/2024\/11\/CUENTA-PUBLICA-2021.pdf\">CUENTA PUBLICA 2021<\/a><\/p>\n<p>&nbsp;<\/p>\n<p><strong>CONAC<\/strong><\/p>\n<p><a href=\"https:\/\/www.oaxaca.gob.mx\/ieea\/wp-content\/uploads\/sites\/49\/2022\/04\/Analitico-de-Categorias-Plazas-Autorizadas-con-su-tabulador.pdf\">Anal\u00edtico de Categorias Plazas Autorizadas con su tabulador<\/a><\/p>\n<p><a href=\"https:\/\/www.oaxaca.gob.mx\/ieea\/wp-content\/uploads\/sites\/49\/2022\/04\/Catalogo-de-Categorias-y-Tabuladores.pdf\">Cat\u00e1logo de Categorias y Tabuladores<\/a><\/p>\n<p><a href=\"https:\/\/www.oaxaca.gob.mx\/ieea\/wp-content\/uploads\/sites\/49\/2022\/04\/Catalogo-de-Percepciones-y-Deducciones.pdf\">Cat\u00e1logo de Percepciones y Deducciones<\/a><\/p>\n<p><a href=\"https:\/\/www.oaxaca.gob.mx\/ieea\/wp-content\/uploads\/sites\/49\/2022\/04\/Movimientos-de-Personal-por-Centro-de-Trabajo.pdf\">Movimientos de Personal por Centro de Trabajo<\/a><\/p>\n<p><a href=\"https:\/\/www.oaxaca.gob.mx\/ieea\/wp-content\/uploads\/sites\/49\/2022\/04\/Movimientos-de-Plazas.pdf\">Movimientos de Plazas<\/a><\/p>\n<p><a href=\"https:\/\/www.oaxaca.gob.mx\/ieea\/wp-content\/uploads\/sites\/49\/2022\/04\/Personal-Comisionado.pdf\">Personal Comisionado<\/a><\/p>\n<p><a href=\"https:\/\/www.oaxaca.gob.mx\/ieea\/wp-content\/uploads\/sites\/49\/2022\/04\/Personal-con-Licencia.pdf\">Personal con Licencia<\/a><\/p>\n<p><a href=\"https:\/\/www.oaxaca.gob.mx\/ieea\/wp-content\/uploads\/sites\/49\/2022\/04\/Personal-Federalizado-con-RFC.pdf\">Personal Federalizado con RFC<\/a><\/p>\n<p><a href=\"https:\/\/www.oaxaca.gob.mx\/ieea\/wp-content\/uploads\/sites\/49\/2022\/04\/Plaza-Funcion.pdf\">Plaza Funci\u00f3n<\/a><\/p>\n<p><a href=\"https:\/\/www.oaxaca.gob.mx\/ieea\/wp-content\/uploads\/sites\/49\/2022\/04\/rfc-con-pagos-Retroactivos-con-un-periodo-mayor-a-45-dias.pdf\">RFC con pagos Retroactivos con un periodo mayor a 45 dias<\/a><\/p>\n<p><a href=\"https:\/\/www.oaxaca.gob.mx\/ieea\/wp-content\/uploads\/sites\/49\/2022\/04\/Trabajadores-con-Doble-Asignacion-Salarial-en-Municipios-no-colindantes-Geograficamente.pdf\">Trabajadores con Doble Asignaci\u00f3n Salarial en Municipios no colindantes Geogr\u00e1ficamente<\/a><\/p>\n<p><a href=\"https:\/\/www.oaxaca.gob.mx\/ieea\/wp-content\/uploads\/sites\/49\/2022\/04\/Trabajadores-Contratados-por-Honorarios-en-el-periodo.pdf\">Trabajadores Contratados por Honorarios en el periodo<\/a><\/p>\n<p><a href=\"https:\/\/www.oaxaca.gob.mx\/ieea\/wp-content\/uploads\/sites\/49\/2022\/04\/Trabajadores-cuyo-Salario-Supere-los-Ingresos-Promedio.pdf\">Trabajadores cuyo Salario Supere los Ingresos Promedio<\/a><\/p>\n<p><a href=\"https:\/\/www.oaxaca.gob.mx\/ieea\/wp-content\/uploads\/sites\/49\/2022\/04\/Trabajadores-Jubilados-en-el-periodo.pdf\">Trabajadores Jubilados en el periodo<\/a><\/p>\n<p><a href=\"https:\/\/www.oaxaca.gob.mx\/ieea\/wp-content\/uploads\/sites\/49\/2022\/04\/Trabajadores-Ocupan-Plazas-que-Superan-el-Numero-de-Horas-de-Compatibilidad.pdf\">Trabajadores Ocupan Plazas que Superan el Numero de Horas de Compatibilidad<\/a><\/p>\n<p><a href=\"https:\/\/www.oaxaca.gob.mx\/ieea\/wp-content\/uploads\/sites\/49\/2022\/04\/Trabajadores-que-cobran-con-RFC-CURP-con-formato-Incorrecto.pdf\">Trabajadores que cobran con RFC CURP con formato Incorrecto<\/a><\/p>\n<p><a href=\"https:\/\/www.oaxaca.gob.mx\/ieea\/wp-content\/uploads\/sites\/49\/2022\/04\/Trabajadores-que-tramitaron-Licencia-Prejubilatoria-en-el-periodo.pdf\">Trabajadores que tramitaron Licencia Prejubilatoria en el periodo<\/a><\/p>\n<p>&nbsp;<\/p>\n<p><em><strong>SRFT<\/strong><\/em><\/p>\n<p><a href=\"https:\/\/www.oaxaca.gob.mx\/ieea\/wp-content\/uploads\/sites\/49\/2022\/09\/ReporteFinal-1ER-TRIM-IEEA.xlsx\">ReporteFinal 1ER TRIM IEEA<\/a><\/p>\n","protected":false},"excerpt":{"rendered":"<p>Pagos por Ayudas Subsidios ESTADO FINANCIERO ENERO ESTADO FINANCIERO FEBRERO ESTADO FINANCIERO MARZO PRIMER INFORME TRIMESTRAL 2022 CUENTA PUBLICA 2021 &nbsp; CONAC Anal\u00edtico de Categorias Plazas Autorizadas con su tabulador Cat\u00e1logo de Categorias y Tabuladores Cat\u00e1logo de Percepciones y Deducciones Movimientos de Personal por Centro de Trabajo Movimientos de Plazas Personal Comisionado Personal con Licencia [&hellip;]<\/p>\n","protected":false},"author":58,"featured_media":0,"parent":0,"menu_order":0,"comment_status":"closed","ping_status":"closed","template":"","meta":{"episode_type":"","audio_file":"","podmotor_file_id":"","podmotor_episode_id":"","cover_image":"","cover_image_id":"","duration":"","filesize":"","filesize_raw":"","date_recorded":"","explicit":"","block":"","itunes_episode_number":"","itunes_title":"","itunes_season_number":"","itunes_episode_type":"","footnotes":""},"categories":[],"tags":[],"class_list":["post-5707","page","type-page","status-publish","hentry"],"acf":[],"publishpress_future_action":{"enabled":false,"date":"2026-04-20 14:23:57","action":"change-status","newStatus":"draft","terms":[],"taxonomy":"category","extraData":[]},"publishpress_future_workflow_manual_trigger":{"enabledWorkflows":[]},"_links":{"self":[{"href":"https:\/\/www.oaxaca.gob.mx\/ieea\/wp-json\/wp\/v2\/pages\/5707","targetHints":{"allow":["GET"]}}],"collection":[{"href":"https:\/\/www.oaxaca.gob.mx\/ieea\/wp-json\/wp\/v2\/pages"}],"about":[{"href":"https:\/\/www.oaxaca.gob.mx\/ieea\/wp-json\/wp\/v2\/types\/page"}],"author":[{"embeddable":true,"href":"https:\/\/www.oaxaca.gob.mx\/ieea\/wp-json\/wp\/v2\/users\/58"}],"replies":[{"embeddable":true,"href":"https:\/\/www.oaxaca.gob.mx\/ieea\/wp-json\/wp\/v2\/comments?post=5707"}],"version-history":[{"count":3,"href":"https:\/\/www.oaxaca.gob.mx\/ieea\/wp-json\/wp\/v2\/pages\/5707\/revisions"}],"predecessor-version":[{"id":7529,"href":"https:\/\/www.oaxaca.gob.mx\/ieea\/wp-json\/wp\/v2\/pages\/5707\/revisions\/7529"}],"wp:attachment":[{"href":"https:\/\/www.oaxaca.gob.mx\/ieea\/wp-json\/wp\/v2\/media?parent=5707"}],"wp:term":[{"taxonomy":"category","embeddable":true,"href":"https:\/\/www.oaxaca.gob.mx\/ieea\/wp-json\/wp\/v2\/categories?post=5707"},{"taxonomy":"post_tag","embeddable":true,"href":"https:\/\/www.oaxaca.gob.mx\/ieea\/wp-json\/wp\/v2\/tags?post=5707"}],"curies":[{"name":"wp","href":"https:\/\/api.w.org\/{rel}","templated":true}]}}