{"id":4960,"date":"2020-03-12T11:27:12","date_gmt":"2020-03-12T17:27:12","guid":{"rendered":"https:\/\/www.oaxaca.gob.mx\/ieea\/?page_id=4960"},"modified":"2024-05-02T14:00:08","modified_gmt":"2024-05-02T20:00:08","slug":"comite-de-etica","status":"publish","type":"page","link":"https:\/\/www.oaxaca.gob.mx\/ieea\/comite-de-etica\/","title":{"rendered":"Comit\u00e9 de \u00c9tica"},"content":{"rendered":"<p><a href=\"https:\/\/www.oaxaca.gob.mx\/ieea\/wp-content\/uploads\/sites\/49\/2020\/03\/Acuerdo-Reglas-de-Integridad-para-Servidoras-y-Servidores-Publicos-de-Poder-Ejecutivo-del-Estado-de-Oaxaca.pdf\">Acuerdo Reglas de Integridad para Servidoras y Servidores Publicos de Poder Ejecutivo del Estado de Oaxaca<\/a><\/p>\n<p><a href=\"https:\/\/www.oaxaca.gob.mx\/ieea\/wp-content\/uploads\/sites\/49\/2020\/03\/Acuerdo-Lineamientos-Generales-del-Codigo-de-Etica-para-Servidoras-y-Servidores-Publicos-de-Poder-Ejecutivo-del-Estado-de-Oaxaca.pdf\">Acuerdo Lineamientos Generales del Codigo de Etica para Servidoras y Servidores Publicos de Poder Ejecutivo del Estado de Oaxaca<\/a><\/p>\n<p><a href=\"https:\/\/www.oaxaca.gob.mx\/ieea\/wp-content\/uploads\/sites\/49\/2020\/03\/Acuerdo-Codigo-de-Etica-para-Servidoras-y-Servidores-Publicos-de-Poder-Ejecutivo-del-Estado-de-Oaxaca.pdf\">Acuerdo Codigo de Etica para Servidoras y Servidores Publicos de Poder Ejecutivo del Estado de Oaxaca<\/a><\/p>\n<p>CODIGO DE CONDUCTA IEEA<\/p>\n<p><a href=\"https:\/\/www.oaxaca.gob.mx\/ieea\/wp-content\/uploads\/sites\/49\/2021\/10\/protocolo-para-la-prevencion-atencion-y-sancion-del-hostigamiento-sexual-y-o-acoso-sexual-en-la-administracion-publica-estatal.pdf\">Protocolo para la prevenci\u00f3n, atenci\u00f3n y sanci\u00f3n del hostigamiento sexual y o acoso sexual en la administraci\u00f3n publica estatal<\/a><\/p>\n<p><a href=\"https:\/\/www.oaxaca.gob.mx\/ieea\/wp-content\/uploads\/sites\/49\/2020\/03\/Acta-de-Instalacion.pdf\">Acta de Instalacion<\/a><\/p>\n<p><a href=\"https:\/\/www.oaxaca.gob.mx\/ieea\/wp-content\/uploads\/sites\/49\/2020\/03\/Acta-1era-Sesion-Extraordinaria.pdf\">Acta 1era Sesion Extraordinaria<\/a><\/p>\n<p><a href=\"https:\/\/www.oaxaca.gob.mx\/ieea\/wp-content\/uploads\/sites\/49\/2020\/03\/Acta-2da-Sesion-Extraordinaria.pdf\">Acta 2da Sesion Extraordinaria<\/a><\/p>\n<p><a href=\"https:\/\/www.oaxaca.gob.mx\/ieea\/wp-content\/uploads\/sites\/49\/2020\/03\/Acta-1era-Sesion-Ordinaria.pdf\">Acta 1era Sesion Ordinaria<\/a><\/p>\n<p><a href=\"https:\/\/www.oaxaca.gob.mx\/ieea\/wp-content\/uploads\/sites\/49\/2020\/03\/Acta-2da-Sesion-Extraordinaria-1.pdf\">Acta 2da Sesion Extraordinaria<\/a><\/p>\n<p><a href=\"https:\/\/www.oaxaca.gob.mx\/ieea\/wp-content\/uploads\/sites\/49\/2020\/03\/Acta-3ra-Sesion-Ordinaria.pdf\">Acta 3ra Sesion Ordinaria<\/a><\/p>\n<p><a href=\"https:\/\/www.oaxaca.gob.mx\/ieea\/wp-content\/uploads\/sites\/49\/2020\/03\/Capacitaci\u00f3nes-2019.pdf\">Capacitaci\u00f3nes 2019<\/a><\/p>\n<p>&nbsp;<\/p>\n<p>&nbsp;<\/p>\n<p><a href=\"http:\/\/187.191.95.152\/buzon\">Buzon de Quejas<\/a><\/p>\n","protected":false},"excerpt":{"rendered":"<p>Acuerdo Reglas de Integridad para Servidoras y Servidores Publicos de Poder Ejecutivo del Estado de Oaxaca Acuerdo Lineamientos Generales del Codigo de Etica para Servidoras y Servidores Publicos de Poder Ejecutivo del Estado de Oaxaca Acuerdo Codigo de Etica para Servidoras y Servidores Publicos de Poder Ejecutivo del Estado de Oaxaca CODIGO DE CONDUCTA IEEA [&hellip;]<\/p>\n","protected":false},"author":58,"featured_media":0,"parent":0,"menu_order":0,"comment_status":"closed","ping_status":"closed","template":"","meta":{"episode_type":"","audio_file":"","podmotor_file_id":"","podmotor_episode_id":"","cover_image":"","cover_image_id":"","duration":"","filesize":"","filesize_raw":"","date_recorded":"","explicit":"","block":"","itunes_episode_number":"","itunes_title":"","itunes_season_number":"","itunes_episode_type":"","footnotes":""},"categories":[],"tags":[],"class_list":["post-4960","page","type-page","status-publish","hentry"],"acf":[],"publishpress_future_action":{"enabled":false,"date":"2026-04-23 17:53:19","action":"change-status","newStatus":"draft","terms":[],"taxonomy":"category","extraData":[]},"publishpress_future_workflow_manual_trigger":{"enabledWorkflows":[]},"_links":{"self":[{"href":"https:\/\/www.oaxaca.gob.mx\/ieea\/wp-json\/wp\/v2\/pages\/4960","targetHints":{"allow":["GET"]}}],"collection":[{"href":"https:\/\/www.oaxaca.gob.mx\/ieea\/wp-json\/wp\/v2\/pages"}],"about":[{"href":"https:\/\/www.oaxaca.gob.mx\/ieea\/wp-json\/wp\/v2\/types\/page"}],"author":[{"embeddable":true,"href":"https:\/\/www.oaxaca.gob.mx\/ieea\/wp-json\/wp\/v2\/users\/58"}],"replies":[{"embeddable":true,"href":"https:\/\/www.oaxaca.gob.mx\/ieea\/wp-json\/wp\/v2\/comments?post=4960"}],"version-history":[{"count":3,"href":"https:\/\/www.oaxaca.gob.mx\/ieea\/wp-json\/wp\/v2\/pages\/4960\/revisions"}],"predecessor-version":[{"id":7371,"href":"https:\/\/www.oaxaca.gob.mx\/ieea\/wp-json\/wp\/v2\/pages\/4960\/revisions\/7371"}],"wp:attachment":[{"href":"https:\/\/www.oaxaca.gob.mx\/ieea\/wp-json\/wp\/v2\/media?parent=4960"}],"wp:term":[{"taxonomy":"category","embeddable":true,"href":"https:\/\/www.oaxaca.gob.mx\/ieea\/wp-json\/wp\/v2\/categories?post=4960"},{"taxonomy":"post_tag","embeddable":true,"href":"https:\/\/www.oaxaca.gob.mx\/ieea\/wp-json\/wp\/v2\/tags?post=4960"}],"curies":[{"name":"wp","href":"https:\/\/api.w.org\/{rel}","templated":true}]}}