{"id":4722,"date":"2019-11-19T12:59:31","date_gmt":"2019-11-19T18:59:31","guid":{"rendered":"https:\/\/www.oaxaca.gob.mx\/ieea\/?page_id=4722"},"modified":"2023-09-27T11:46:05","modified_gmt":"2023-09-27T17:46:05","slug":"unidad-de-genero","status":"publish","type":"page","link":"https:\/\/www.oaxaca.gob.mx\/ieea\/unidad-de-genero\/","title":{"rendered":"Unidad de G\u00e9nero"},"content":{"rendered":"<p>&nbsp;<\/p>\n<div style=\"text-align: center\"><\/div>\n<p>&nbsp;<\/p>\n<p style=\"text-align: center\"><strong>Datos del Enlace de G\u00e9nero:<\/strong><\/p>\n<p style=\"text-align: center\"><b>N\u00famero Telef\u00f3nico:<\/b><\/p>\n<p style=\"text-align: center\"><strong>Correo:<\/strong><\/p>\n<p style=\"text-align: center\"><b>Ubicaci\u00f3n<\/b>: Heroica Escuela Naval Militar<em>\u00a0N\u00famero 701, tercer piso. Colonia Reforma, Oaxaca de Ju\u00e1rez Oax.\u00a0<\/em><\/p>\n<p>&nbsp;<\/p>\n<p><a href=\"https:\/\/www.oaxaca.gob.mx\/ieea\/wp-content\/uploads\/sites\/49\/2019\/11\/Marco-Normativo.pdf\">Marco Normativo<\/a><\/p>\n<p><a href=\"https:\/\/www.oaxaca.gob.mx\/ieea\/wp-content\/uploads\/sites\/49\/2019\/11\/Declaratoria-de-AVG.pdf\">Declaratoria de AVG<\/a><\/p>\n<p><a href=\"https:\/\/www.oaxaca.gob.mx\/ieea\/wp-content\/uploads\/sites\/49\/2019\/11\/PLAN_DE_TRABAJO.pdf\">PLAN_DE_TRABAJO<\/a><\/p>\n<p>&nbsp;<\/p>\n","protected":false},"excerpt":{"rendered":"<p>&nbsp; &nbsp; Datos del Enlace de G\u00e9nero: N\u00famero Telef\u00f3nico: Correo: Ubicaci\u00f3n: Heroica Escuela Naval Militar\u00a0N\u00famero 701, tercer piso. Colonia Reforma, Oaxaca de Ju\u00e1rez Oax.\u00a0 &nbsp; Marco Normativo Declaratoria de AVG PLAN_DE_TRABAJO &nbsp;<\/p>\n","protected":false},"author":58,"featured_media":0,"parent":0,"menu_order":0,"comment_status":"closed","ping_status":"closed","template":"","meta":{"episode_type":"","audio_file":"","podmotor_file_id":"","podmotor_episode_id":"","cover_image":"","cover_image_id":"","duration":"","filesize":"","filesize_raw":"","date_recorded":"","explicit":"","block":"","itunes_episode_number":"","itunes_title":"","itunes_season_number":"","itunes_episode_type":"","footnotes":""},"categories":[],"tags":[],"class_list":["post-4722","page","type-page","status-publish","hentry"],"acf":[],"publishpress_future_action":{"enabled":false,"date":"2026-05-15 09:46:37","action":"change-status","newStatus":"draft","terms":[],"taxonomy":"category","extraData":[]},"publishpress_future_workflow_manual_trigger":{"enabledWorkflows":[]},"_links":{"self":[{"href":"https:\/\/www.oaxaca.gob.mx\/ieea\/wp-json\/wp\/v2\/pages\/4722","targetHints":{"allow":["GET"]}}],"collection":[{"href":"https:\/\/www.oaxaca.gob.mx\/ieea\/wp-json\/wp\/v2\/pages"}],"about":[{"href":"https:\/\/www.oaxaca.gob.mx\/ieea\/wp-json\/wp\/v2\/types\/page"}],"author":[{"embeddable":true,"href":"https:\/\/www.oaxaca.gob.mx\/ieea\/wp-json\/wp\/v2\/users\/58"}],"replies":[{"embeddable":true,"href":"https:\/\/www.oaxaca.gob.mx\/ieea\/wp-json\/wp\/v2\/comments?post=4722"}],"version-history":[{"count":3,"href":"https:\/\/www.oaxaca.gob.mx\/ieea\/wp-json\/wp\/v2\/pages\/4722\/revisions"}],"predecessor-version":[{"id":6704,"href":"https:\/\/www.oaxaca.gob.mx\/ieea\/wp-json\/wp\/v2\/pages\/4722\/revisions\/6704"}],"wp:attachment":[{"href":"https:\/\/www.oaxaca.gob.mx\/ieea\/wp-json\/wp\/v2\/media?parent=4722"}],"wp:term":[{"taxonomy":"category","embeddable":true,"href":"https:\/\/www.oaxaca.gob.mx\/ieea\/wp-json\/wp\/v2\/categories?post=4722"},{"taxonomy":"post_tag","embeddable":true,"href":"https:\/\/www.oaxaca.gob.mx\/ieea\/wp-json\/wp\/v2\/tags?post=4722"}],"curies":[{"name":"wp","href":"https:\/\/api.w.org\/{rel}","templated":true}]}}