{"id":368,"date":"2016-02-26T18:10:31","date_gmt":"2016-02-27T00:10:31","guid":{"rendered":"https:\/\/www.oaxaca.gob.mx\/ieea\/?page_id=368"},"modified":"2016-02-26T18:10:31","modified_gmt":"2016-02-27T00:10:31","slug":"osc-organizacion-de-la-sociedad-civil","status":"publish","type":"page","link":"https:\/\/www.oaxaca.gob.mx\/ieea\/osc-organizacion-de-la-sociedad-civil\/","title":{"rendered":"OSC (Organizaci\u00f3n de la Sociedad Civil)"},"content":{"rendered":"<p>El v\u00ednculo con las organizaciones de la sociedad civil que trabajan en beneficio de los sectores m\u00e1s vulnerables y que contribuyen a mejorar su calidad de vida, se potencializan con la promoci\u00f3n de los servicios del IEEA.<br \/>\n&nbsp;<\/p>\n<h3>Fundaci\u00f3n Dr. Simi<\/h3>\n<p>Es una asociaci\u00f3n civil sin fines de lucro, que tiene por objeto ayudar a los que menos tienen en los rubros de salud, alimentaci\u00f3n, educaci\u00f3n y deporte. Actualmente cuenta con 14 Planes de Ayuda que apoyan a m\u00e1s de 4 millones de personas en toda la Rep\u00fablica Mexicana, por ello promovemos la incorporaci\u00f3n de beneficiarios oaxaque\u00f1os a los servicios educativos del IEEA.<br \/>\n&nbsp;<\/p>\n<h3>Programa Integral de Nutrici\u00f3n\u00a0 \u00abUn Kilo de Ayuda\u00bb<\/h3>\n<p>Se aprovecha la cobertura del Programa Integral de Nutrici\u00f3n que opera \u201cUn Kilo de Ayuda\u201d en diversos Estados de la Rep\u00fablica Mexicana, entre ellos Oaxaca, para difundir, promover y favorecer la incorporaci\u00f3n y el acceso a los servicios de alfabetizaci\u00f3n, educaci\u00f3n primaria y secundaria, a trav\u00e9s de la formaci\u00f3n de las personas participantes como figuras solidarias o asesores educativos.<br \/>\n&nbsp;<\/p>\n<h3>Banco de Alimentos de Oaxaca <\/h3>\n<p>El Banco de Alimentos de Oaxaca pertenece a la red de 60 bancos de alimentos que trabajan en el pa\u00eds de forma, rescatando alimentos desde el campo mexicano, las centrales de abasto y los mercados, la industria alimentaria, hasta los autoservicios y supermercados para canalizarlos a la poblaci\u00f3n m\u00e1s vulnerable. El IEEA se acerca al personal que ah\u00ed labora, como a beneficiarios para impulsar los programas de educaci\u00f3n.<br \/>\n&nbsp;<\/p>\n<h3>Instituto para el Desarrollo de la Mixteca \u00abFundaci\u00f3n Ay\u00fa\u00bb<\/h3>\n<p>Esta asociaci\u00f3n civil tiene como misi\u00f3n promover y procurar el desarrollo integral y sustentable de la poblaci\u00f3n mixteca cuyas condiciones sean de pobreza o marginaci\u00f3n, a trav\u00e9s de proyectos comunitarios, disminuci\u00f3n de la emigraci\u00f3n, gesti\u00f3n de recursos, ante ello el IEEA promueve sus servicios educativos a integrantes de la organizaci\u00f3n, como a beneficiarios.<br \/>\n&nbsp;<\/p>\n<h3>Fundaci\u00f3n Le\u00f3n XIII<\/h3>\n<p>La Fundaci\u00f3n Le\u00f3n XIII trabaja con comunidades en los Altos de Chiapas y la Costa de Oaxaca y Guerrero para fomentar la participaci\u00f3n de pobladores como miembros activos de un grupo solidario. A trav\u00e9s del modelo de Cajas de Ahorro, tiene presencia en 138 comunidades de la Costa de Oaxaca y los Altos de Chiapas, con m\u00e1s de 7 mil socios. El IEEA aprovecha este modelo para difundir y promover la incorporaci\u00f3n a los servicios de educaci\u00f3n b\u00e1sica, a trav\u00e9s de la capacitaci\u00f3n de los coordinadores de los programas como asesores educativos.<br \/>\n&nbsp;<\/p>\n<h3>Asociaci\u00f3n Mexicana de la Cadena Productiva del Caf\u00e9 AC (AMECAF\u00c9)<\/h3>\n<p>La AMECAF\u00c9 agrupa a los sectores que intervienen en los procesos agr\u00edcolas, agroindustriales e industriales del caf\u00e9, desde las labores de campo hasta la venta al p\u00fablico consumidor en el mercado interno y de exportaci\u00f3n. Esta asociaci\u00f3n implementa acciones de diversos programas para el sector cafetalero, por lo que desde esta estructura, el IEEA lleva educaci\u00f3n b\u00e1sica gratuita a los asociados.<br \/>\n&nbsp;<\/p>\n<h3>Federaci\u00f3n de Trabajadores del Estado de Oaxaca-Confederaci\u00f3n Nacional de Trabajadores de M\u00e9xico (FTEO-CTM)<\/h3>\n<p>A trav\u00e9s de organizaciones como la FTEO-CTM se integran C\u00edrculos de Estudio, los agremiados fungen como asesores pero tambi\u00e9n pueden incorporarse a los m\u00f3dulos como educandos, en caso de quienes no hayan concluido la primaria o secundaria, lo cual permitir\u00e1 mejorar su calidad de vida y nivel laboral.<\/p>\n","protected":false},"excerpt":{"rendered":"<p>El v\u00ednculo con las organizaciones de la sociedad civil que trabajan en beneficio de los sectores m\u00e1s vulnerables y que contribuyen a mejorar su calidad de vida, se potencializan con la promoci\u00f3n de los servicios del IEEA. &nbsp; Fundaci\u00f3n Dr. Simi Es una asociaci\u00f3n civil sin fines de lucro, que tiene por objeto ayudar a [&hellip;]<\/p>\n","protected":false},"author":1,"featured_media":0,"parent":0,"menu_order":0,"comment_status":"closed","ping_status":"closed","template":"","meta":{"episode_type":"","audio_file":"","podmotor_file_id":"","podmotor_episode_id":"","cover_image":"","cover_image_id":"","duration":"","filesize":"","filesize_raw":"","date_recorded":"","explicit":"","block":"","itunes_episode_number":"","itunes_title":"","itunes_season_number":"","itunes_episode_type":"","footnotes":""},"categories":[],"tags":[],"class_list":["post-368","page","type-page","status-publish","hentry"],"acf":[],"publishpress_future_action":{"enabled":false,"date":"2026-05-15 10:42:06","action":"change-status","newStatus":"draft","terms":[],"taxonomy":"category","extraData":[]},"publishpress_future_workflow_manual_trigger":{"enabledWorkflows":[]},"_links":{"self":[{"href":"https:\/\/www.oaxaca.gob.mx\/ieea\/wp-json\/wp\/v2\/pages\/368","targetHints":{"allow":["GET"]}}],"collection":[{"href":"https:\/\/www.oaxaca.gob.mx\/ieea\/wp-json\/wp\/v2\/pages"}],"about":[{"href":"https:\/\/www.oaxaca.gob.mx\/ieea\/wp-json\/wp\/v2\/types\/page"}],"author":[{"embeddable":true,"href":"https:\/\/www.oaxaca.gob.mx\/ieea\/wp-json\/wp\/v2\/users\/1"}],"replies":[{"embeddable":true,"href":"https:\/\/www.oaxaca.gob.mx\/ieea\/wp-json\/wp\/v2\/comments?post=368"}],"version-history":[{"count":0,"href":"https:\/\/www.oaxaca.gob.mx\/ieea\/wp-json\/wp\/v2\/pages\/368\/revisions"}],"wp:attachment":[{"href":"https:\/\/www.oaxaca.gob.mx\/ieea\/wp-json\/wp\/v2\/media?parent=368"}],"wp:term":[{"taxonomy":"category","embeddable":true,"href":"https:\/\/www.oaxaca.gob.mx\/ieea\/wp-json\/wp\/v2\/categories?post=368"},{"taxonomy":"post_tag","embeddable":true,"href":"https:\/\/www.oaxaca.gob.mx\/ieea\/wp-json\/wp\/v2\/tags?post=368"}],"curies":[{"name":"wp","href":"https:\/\/api.w.org\/{rel}","templated":true}]}}