{"id":354,"date":"2016-02-26T18:04:37","date_gmt":"2016-02-27T00:04:37","guid":{"rendered":"https:\/\/www.oaxaca.gob.mx\/ieea\/?page_id=354"},"modified":"2016-02-26T18:04:37","modified_gmt":"2016-02-27T00:04:37","slug":"prospera","status":"publish","type":"page","link":"https:\/\/www.oaxaca.gob.mx\/ieea\/prospera\/","title":{"rendered":"PROSPERA"},"content":{"rendered":"<h3>Programa de Inclusi\u00f3n Social PROSPERA<\/h3>\n<p>A trav\u00e9s de la colaboraci\u00f3n se han definido acciones de difusi\u00f3n para incorporar a los servicios de alfabetizaci\u00f3n, primaria y secundaria, a familias beneficiarias del Programa PROSPERA, y contribuir as\u00ed a reducir el rezago educativo.<\/p>\n<p>La promoci\u00f3n de los servicios se realiza en los municipios del Sistema para la Cruzada Nacional Contra el Hambre, de esta manera se aprovecha la estructura operativa del Programa y de su modelo de atenci\u00f3n, la participaci\u00f3n de los adultos en los servicios que ofrece el IEEA, adem\u00e1s se incorpora a j\u00f3venes beneficiarios como asesores educativos.<\/p>\n","protected":false},"excerpt":{"rendered":"<p>Programa de Inclusi\u00f3n Social PROSPERA A trav\u00e9s de la colaboraci\u00f3n se han definido acciones de difusi\u00f3n para incorporar a los servicios de alfabetizaci\u00f3n, primaria y secundaria, a familias beneficiarias del Programa PROSPERA, y contribuir as\u00ed a reducir el rezago educativo. La promoci\u00f3n de los servicios se realiza en los municipios del Sistema para la Cruzada [&hellip;]<\/p>\n","protected":false},"author":1,"featured_media":0,"parent":0,"menu_order":0,"comment_status":"closed","ping_status":"closed","template":"","meta":{"episode_type":"","audio_file":"","podmotor_file_id":"","podmotor_episode_id":"","cover_image":"","cover_image_id":"","duration":"","filesize":"","filesize_raw":"","date_recorded":"","explicit":"","block":"","itunes_episode_number":"","itunes_title":"","itunes_season_number":"","itunes_episode_type":"","footnotes":""},"categories":[],"tags":[],"class_list":["post-354","page","type-page","status-publish","hentry"],"acf":[],"publishpress_future_action":{"enabled":false,"date":"2026-04-13 04:28:40","action":"change-status","newStatus":"draft","terms":[],"taxonomy":"category","extraData":[]},"publishpress_future_workflow_manual_trigger":{"enabledWorkflows":[]},"_links":{"self":[{"href":"https:\/\/www.oaxaca.gob.mx\/ieea\/wp-json\/wp\/v2\/pages\/354","targetHints":{"allow":["GET"]}}],"collection":[{"href":"https:\/\/www.oaxaca.gob.mx\/ieea\/wp-json\/wp\/v2\/pages"}],"about":[{"href":"https:\/\/www.oaxaca.gob.mx\/ieea\/wp-json\/wp\/v2\/types\/page"}],"author":[{"embeddable":true,"href":"https:\/\/www.oaxaca.gob.mx\/ieea\/wp-json\/wp\/v2\/users\/1"}],"replies":[{"embeddable":true,"href":"https:\/\/www.oaxaca.gob.mx\/ieea\/wp-json\/wp\/v2\/comments?post=354"}],"version-history":[{"count":0,"href":"https:\/\/www.oaxaca.gob.mx\/ieea\/wp-json\/wp\/v2\/pages\/354\/revisions"}],"wp:attachment":[{"href":"https:\/\/www.oaxaca.gob.mx\/ieea\/wp-json\/wp\/v2\/media?parent=354"}],"wp:term":[{"taxonomy":"category","embeddable":true,"href":"https:\/\/www.oaxaca.gob.mx\/ieea\/wp-json\/wp\/v2\/categories?post=354"},{"taxonomy":"post_tag","embeddable":true,"href":"https:\/\/www.oaxaca.gob.mx\/ieea\/wp-json\/wp\/v2\/tags?post=354"}],"curies":[{"name":"wp","href":"https:\/\/api.w.org\/{rel}","templated":true}]}}