{"id":343,"date":"2016-02-26T18:00:54","date_gmt":"2016-02-27T00:00:54","guid":{"rendered":"https:\/\/www.oaxaca.gob.mx\/ieea\/?page_id=343"},"modified":"2016-02-26T18:00:54","modified_gmt":"2016-02-27T00:00:54","slug":"inclusion-a-personas-con-discapacidad","status":"publish","type":"page","link":"https:\/\/www.oaxaca.gob.mx\/ieea\/inclusion-a-personas-con-discapacidad\/","title":{"rendered":"Inclusi\u00f3n a personas con discapacidad"},"content":{"rendered":"<h3>Objetivo general<\/h3>\n<p>Brindar a las Personas con Discapacidad Visual (PCDV) mayores de 15 a\u00f1os, una opci\u00f3n educativa con materiales did\u00e1cticos y de apoyo que respondan a sus necesidades, asesor\u00eda adecuada y espacios de aprendizaje digno, que les permita iniciar, continuar y concluir su primaria.<br \/>\n&nbsp;<\/p>\n<h3>Antecedentes<\/h3>\n<p>En el a\u00f1o 2007 se instalaron Plazas Comunitarias en los Centros de Rehabilitaci\u00f3n Integral del Sistema Nacional DIF en 10 Estados de la Rep\u00fablica creando el programa \u201cCentro de Aprendizaje Virtual para Adultos Discapacitados y Familiares en Rezago Educativo\u201d con la instalaci\u00f3n del software PCvoz para las personas con ceguera.<br \/>\n&nbsp;<br \/>\nAnte este panorama, el INEA y el DIF firmaron un convenio para atender a las personas con discapacidad y en Oaxaca se oper\u00f3 en el CREE del DIF de la colonia Alem\u00e1n, acud\u00edan alrededor de 10 educandos con discapacidad motriz y auditiva.<br \/>\n&nbsp;<br \/>\nPara el a\u00f1o 2011, la Plaza Comunitaria cambi\u00f3 de domicilio, por lo cual los educandos tuvieron que acudir a otra unidad operativa. En en el mes de septiembre del 2014, el INEA present\u00f3 los M\u00f3dulos de la Primaria del MEVyT en Sistema Braille, una estrategia de estudios para las personas con discapacidad visual que quieran iniciar, continuar o concluir su educaci\u00f3n b\u00e1sica.<br \/>\n&nbsp;<\/p>\n<h3>Logros<\/h3>\n<p>Pr\u00f3ximo espacio para atender a las PCDV en Aula \u00c1gora.<br \/>\nIncorporaci\u00f3n de 2 PCDV Biblioteca Jorge Luis Borges, Nivel Intermedio y Avanzado<br \/>\n&nbsp;<br \/>\n1 PCDV. Aula \u00c1gora Nivel Inicial<br \/>\n3 PCDV Inicial- Tlahuitoltepec nivel inicial<br \/>\n1 PCDV Nivel- Avanzado en Tlaxiaco<br \/>\n2 PCD Auditiva Nivel Inicial\t\t<\/p>\n","protected":false},"excerpt":{"rendered":"<p>Objetivo general Brindar a las Personas con Discapacidad Visual (PCDV) mayores de 15 a\u00f1os, una opci\u00f3n educativa con materiales did\u00e1cticos y de apoyo que respondan a sus necesidades, asesor\u00eda adecuada y espacios de aprendizaje digno, que les permita iniciar, continuar y concluir su primaria. &nbsp; Antecedentes En el a\u00f1o 2007 se instalaron Plazas Comunitarias en [&hellip;]<\/p>\n","protected":false},"author":1,"featured_media":0,"parent":0,"menu_order":0,"comment_status":"closed","ping_status":"closed","template":"","meta":{"episode_type":"","audio_file":"","podmotor_file_id":"","podmotor_episode_id":"","cover_image":"","cover_image_id":"","duration":"","filesize":"","filesize_raw":"","date_recorded":"","explicit":"","block":"","itunes_episode_number":"","itunes_title":"","itunes_season_number":"","itunes_episode_type":"","footnotes":""},"categories":[],"tags":[],"class_list":["post-343","page","type-page","status-publish","hentry"],"acf":[],"publishpress_future_action":{"enabled":false,"date":"2026-04-28 10:54:14","action":"change-status","newStatus":"draft","terms":[],"taxonomy":"category","extraData":[]},"publishpress_future_workflow_manual_trigger":{"enabledWorkflows":[]},"_links":{"self":[{"href":"https:\/\/www.oaxaca.gob.mx\/ieea\/wp-json\/wp\/v2\/pages\/343","targetHints":{"allow":["GET"]}}],"collection":[{"href":"https:\/\/www.oaxaca.gob.mx\/ieea\/wp-json\/wp\/v2\/pages"}],"about":[{"href":"https:\/\/www.oaxaca.gob.mx\/ieea\/wp-json\/wp\/v2\/types\/page"}],"author":[{"embeddable":true,"href":"https:\/\/www.oaxaca.gob.mx\/ieea\/wp-json\/wp\/v2\/users\/1"}],"replies":[{"embeddable":true,"href":"https:\/\/www.oaxaca.gob.mx\/ieea\/wp-json\/wp\/v2\/comments?post=343"}],"version-history":[{"count":0,"href":"https:\/\/www.oaxaca.gob.mx\/ieea\/wp-json\/wp\/v2\/pages\/343\/revisions"}],"wp:attachment":[{"href":"https:\/\/www.oaxaca.gob.mx\/ieea\/wp-json\/wp\/v2\/media?parent=343"}],"wp:term":[{"taxonomy":"category","embeddable":true,"href":"https:\/\/www.oaxaca.gob.mx\/ieea\/wp-json\/wp\/v2\/categories?post=343"},{"taxonomy":"post_tag","embeddable":true,"href":"https:\/\/www.oaxaca.gob.mx\/ieea\/wp-json\/wp\/v2\/tags?post=343"}],"curies":[{"name":"wp","href":"https:\/\/api.w.org\/{rel}","templated":true}]}}