{"id":3403,"date":"2016-02-22T13:02:24","date_gmt":"2016-02-22T19:02:24","guid":{"rendered":"https:\/\/www.oaxaca.gob.mx\/ieea\/?page_id=8"},"modified":"2026-01-15T10:49:41","modified_gmt":"2026-01-15T16:49:41","slug":"transparencia","status":"publish","type":"page","link":"https:\/\/www.oaxaca.gob.mx\/ieea\/transparencia\/","title":{"rendered":"Transparencia IEEA"},"content":{"rendered":"<section class=\"card\">\n<div id=\"headingTrece\" class=\"card-header\">\n<h5 class=\"mb-0\"><button class=\"btn btn-link collapsed\" data-toggle=\"collapse\" data-target=\"#collapseTrece\">A\u00f1o 2025 <\/button><\/h5>\n<\/div>\n<div id=\"collapseTrece\" class=\"collapse\" aria-labelledby=\"headingTrece\" data-parent=\"#accordion\">\n<div><a href=\"https:\/\/www.oaxaca.gob.mx\/ieea\/presupuesto-1er-trimestre-2025\/\">Primer Trimestre<\/a><\/div>\n<div><a href=\"https:\/\/www.oaxaca.gob.mx\/ieea\/presupuesto-2do-trimestre-2025\/\">Segundo Trimestre<\/a><\/div>\n<div><a href=\"https:\/\/www.oaxaca.gob.mx\/ieea\/presupuesto-3er-trimestre-2025\/\">Tercer Trimestre<\/a><\/div>\n<div><a href=\"https:\/\/www.oaxaca.gob.mx\/ieea\/presupuesto-4to-trimestre-2025\/\">Cuarto Trimestre<\/a><\/div>\n<div id=\"headingTrece\" class=\"card-header\">\n<h5><\/h5>\n<\/div>\n<\/div>\n<section class=\"card\">\n<div id=\"headingTrece\" class=\"card-header\">\n<h5 class=\"mb-0\"><button class=\"btn btn-link collapsed\" data-toggle=\"collapse\" data-target=\"#collapseTrece\">A\u00f1o 2024 <\/button><\/h5>\n<\/div>\n<div id=\"collapseTrece\" class=\"collapse\" aria-labelledby=\"headingTrece\" data-parent=\"#accordion\">\n<div><a href=\"https:\/\/www.oaxaca.gob.mx\/ieea\/1er-trimestre-2024\/\">Primer Trimestre<\/a><\/div>\n<div><a href=\"https:\/\/www.oaxaca.gob.mx\/ieea\/presupuesto-2do-trimestre-2024\/\">Segundo Trimestre<\/a><\/div>\n<div><a href=\"https:\/\/www.oaxaca.gob.mx\/ieea\/presupuesto-3er-trimestre-2024\/\">Tercer Trimestre<\/a><\/div>\n<div><a href=\"https:\/\/www.oaxaca.gob.mx\/ieea\/presupuesto-4to-trimestre-2024\/\">Cuarto Trimestre<\/a><\/div>\n<div><\/div>\n<div id=\"headingTrece\" class=\"card-header\">\n<h5><\/h5>\n<\/div>\n<\/div>\n<section class=\"card\">\n<div id=\"headingOnce\" class=\"card-header\">\n<h5 class=\"mb-0\"><button class=\"btn btn-link collapsed\" data-toggle=\"collapse\" data-target=\"#collapseOnce\">A\u00f1o 2023<\/button><\/h5>\n<\/div>\n<div id=\"collapseOnce\" class=\"collapse\" aria-labelledby=\"headingOnce\" data-parent=\"#accordion\">\n<p><!-- mine --><\/p>\n<section class=\"card\">\n<div id=\"headingOnceInt\" class=\"card-header\">\n<h5 class=\"mb-0\"><button class=\"btn btn-link collapsed\" data-toggle=\"collapse\" data-target=\"#collapseOnceInt\">Aviso de Privacidad Simplificado<\/button><\/h5>\n<\/div>\n<div id=\"collapseOnceInt\" class=\"collapse\" aria-labelledby=\"headingOnce\" data-parent=\"#accordion\">\n<div><a href=\"https:\/\/www.oaxaca.gob.mx\/ieea\/wp-content\/uploads\/sites\/49\/2023\/06\/AVISO_PRIVACIDAD_E_2023.pdf\">Aviso de Privacidad Simplificado<\/a><\/div>\n<div id=\"headingOnceInt\" class=\"card-header\">\n<h5><\/h5>\n<\/div>\n<\/div>\n<p><!-- mine --><\/p>\n<div><a href=\"https:\/\/www.oaxaca.gob.mx\/ieea\/presupuesto-1er-trimestre-2023\/\">Primer Trimestre<\/a><\/div>\n<div><a href=\"https:\/\/www.oaxaca.gob.mx\/ieea\/presupuesto-2do-trimestre-2023\/\">Segundo Trimestre<\/a><\/div>\n<div><a href=\"https:\/\/www.oaxaca.gob.mx\/ieea\/presupuesto-3er-trimestre-2023\/\">Tercer Trimestre<\/a><\/div>\n<div><a href=\"https:\/\/www.oaxaca.gob.mx\/ieea\/presupuesto-4to-trimestre-2023\/\">Cuarto Trimestre<\/a><\/div>\n<div id=\"headingOnce\" class=\"card-header\">\n<h5><\/h5>\n<\/div>\n<\/section>\n<\/div>\n<\/section>\n<section class=\"card\">\n<div id=\"headingDiez\" class=\"card-header\">\n<h5 class=\"mb-0\"><button class=\"btn btn-link collapsed\" data-toggle=\"collapse\" data-target=\"#collapseDiez\">A\u00f1o 2022<\/button><\/h5>\n<\/div>\n<div id=\"collapseDiez\" class=\"collapse\" aria-labelledby=\"headingDiez\" data-parent=\"#accordion\">\n<div><a href=\"https:\/\/www.oaxaca.gob.mx\/ieea\/presupuesto-1er-trimestre-2022\/\">Primer Trimestre<\/a><\/div>\n<div><a href=\"https:\/\/www.oaxaca.gob.mx\/ieea\/presupuesto-2o-trimestre-2022\/\">Segundo Trimestre<\/a><\/div>\n<div><a href=\"https:\/\/www.oaxaca.gob.mx\/ieea\/presupuesto-3er-trimestre-2022\/\">Tercer Trimestre<\/a><\/div>\n<div><a href=\"https:\/\/www.oaxaca.gob.mx\/ieea\/presupuesto-4to-trimestre-2022\/\">Cuarto Trimestre<\/a><\/div>\n<div><a href=\"https:\/\/www.oaxaca.gob.mx\/ieea\/wp-content\/uploads\/sites\/49\/2023\/11\/CUENTA-PUBLICA-2022.pdf\">CUENTA P\u00daBLICA\u00a0<\/a><\/div>\n<div id=\"headingDiez\" class=\"card-header\">\n<h5><\/h5>\n<\/div>\n<\/div>\n<section class=\"card\">\n<div id=\"headingNueve\" class=\"card-header\">\n<h5 class=\"mb-0\"><button class=\"btn btn-link collapsed\" data-toggle=\"collapse\" data-target=\"#collapseNueve\">A\u00f1o 2021 <\/button><\/h5>\n<\/div>\n<div id=\"collapseNueve\" class=\"collapse\" aria-labelledby=\"headingNueve\" data-parent=\"#accordion\">\n<div><a href=\"https:\/\/www.oaxaca.gob.mx\/ieea\/presupuesto-1er-trimestre-2021\/\">Primer Trimestre<\/a><\/div>\n<div><a href=\"https:\/\/www.oaxaca.gob.mx\/ieea\/presupuesto-2do-trimestre-2021\/\">Segundo Trimestre<\/a><\/div>\n<div><a href=\"https:\/\/www.oaxaca.gob.mx\/ieea\/presupuesto-3er-trimestre-2021\/\">Tercer Trimestre<\/a><\/div>\n<div><a href=\"https:\/\/www.oaxaca.gob.mx\/ieea\/presupuesto-4to-trimestre-2021\/\">CuartoTrimestre<\/a><\/div>\n<div><a href=\"https:\/\/www.oaxaca.gob.mx\/ieea\/wp-content\/uploads\/sites\/49\/2023\/11\/CUENTA-PUBLICA-2021.pdf\">CUENTA P\u00daBLICA\u00a0<\/a><\/div>\n<div id=\"headingNueve\" class=\"card-header\">\n<h5><\/h5>\n<\/div>\n<\/div>\n<section class=\"card\">\n<div id=\"headingOcho\" class=\"card-header\">\n<h5 class=\"mb-0\"><button class=\"btn btn-link collapsed\" data-toggle=\"collapse\" data-target=\"#collapseOcho\">A\u00f1o 2020 <\/button><\/h5>\n<\/div>\n<div id=\"collapseOcho\" class=\"collapse\" aria-labelledby=\"headingOcho\" data-parent=\"#accordion\">\n<div><a href=\"https:\/\/www.oaxaca.gob.mx\/ieea\/presupuesto-1er-trimestre-2020\/\">Primer Trimestre<\/a><\/div>\n<div><a href=\"https:\/\/www.oaxaca.gob.mx\/ieea\/2do_trimestre2020\/\">Segundo Trimestre<\/a><\/div>\n<div><a href=\"https:\/\/www.oaxaca.gob.mx\/ieea\/presupuesto-3er-trimestre-2020\/\">Tercer Trimestre<\/a><\/div>\n<div><a href=\"https:\/\/www.oaxaca.gob.mx\/ieea\/4to-trimestre-2020\/\">Cuarto Trimestre<\/a><\/div>\n<div><a href=\"https:\/\/www.oaxaca.gob.mx\/ieea\/wp-content\/uploads\/sites\/49\/2023\/11\/CUENTA-PUBLICA-2020.pdf\">CUENTA P\u00daBLICA\u00a0<\/a><\/div>\n<div><\/div>\n<div id=\"headingOcho\" class=\"card-header\">\n<h5><\/h5>\n<\/div>\n<\/div>\n<div id=\"headingUno\" class=\"card-header\">\n<h5 class=\"mb-0\"><button class=\"btn btn-link collapsed\" data-toggle=\"collapse\" data-target=\"#collapseUno\">A\u00f1o 2019<\/button><\/h5>\n<\/div>\n<div id=\"collapseUno\" class=\"collapse\" aria-labelledby=\"headingUno\" data-parent=\"#accordion\">\n<div class=\"card-body\">\n<section id=\"accordion\">\n<section class=\"card\">\n<div id=\"headingUno\" class=\"card-header\">\n<h5 class=\"mb-0\"><button class=\"btn btn-link collapsed\" data-toggle=\"collapse\" data-target=\"#collapseUno\">Control Interno<\/button><\/h5>\n<\/div>\n<div id=\"collapseUno\" class=\"collapse \" aria-labelledby=\"headingUno\" data-parent=\"#accordion\">\n<div class=\"card-body\">\n<p><a href=\"https:\/\/www.oaxaca.gob.mx\/ieea\/wp-content\/uploads\/sites\/49\/2019\/08\/Programa-de-Trabajo-de-Control-Interno-2019.pdf\">Programa de Trabajo de Control Interno 2019<\/a><br \/>\n<a href=\"https:\/\/www.oaxaca.gob.mx\/ieea\/wp-content\/uploads\/sites\/49\/2019\/08\/Autorizaci\u00f3n-de-Plan-de-Trabajo-de-Control-Interno.pdf\">Autorizaci\u00f3n de Plan de Trabajo de Control Interno<\/a><\/p>\n<\/div>\n<\/div>\n<\/section>\n<\/section>\n<p><a href=\"\/ieea\/presupuesto-1er-trimestre-2019\/\">Primer Trimestre<\/a><br \/>\n<a href=\"https:\/\/www.oaxaca.gob.mx\/ieea\/presupuesto-2do-trimestre-2019\/\">Segundo Trimestre<\/a><br \/>\n<a href=\"https:\/\/www.oaxaca.gob.mx\/ieea\/presupuesto-3er-trimestre-2019\/\">Tercer Trimestre<\/a><br \/>\n<a href=\"https:\/\/www.oaxaca.gob.mx\/ieea\/presupuesto-4to-trimestre-2019\">Cuarto Trimestre<\/a><\/p>\n<p><a href=\"https:\/\/www.oaxaca.gob.mx\/ieea\/wp-content\/uploads\/sites\/49\/2023\/11\/CUENTA-PUBLICA-2019.pdf\">CUENTA P\u00daBLICA\u00a0<\/a><\/p>\n<\/div>\n<\/div>\n<section class=\"card\">\n<div id=\"headingDos\" class=\"card-header\">\n<h5 class=\"mb-0\"><button class=\"btn btn-link collapsed\" data-toggle=\"collapse\" data-target=\"#collapseDos\">A\u00f1o 2018<\/button><\/h5>\n<\/div>\n<div id=\"collapseDos\" class=\"collapse\" aria-labelledby=\"headingDos\" data-parent=\"#accordion\">\n<div class=\"card-body\"><a href=\"\/ieea\/presupuesto-1er-trimestre-2018\/\">Primer Trimestre<\/a><br \/>\n<a href=\"\/ieea\/presupuesto-2o-trimestre-2018\/\">Segundo Trimestre<\/a><br \/>\n<a href=\"\/ieea\/presupuesto-3er-trimestre-2018\/\">Tercer Trimestre<\/a><br \/>\n<a href=\"\/ieea\/presupuesto-4o-trimestre-2018\/\">Cuarto Trimestre<\/a><\/div>\n<\/div>\n<\/section>\n<section class=\"card\">\n<div id=\"headingTres\" class=\"card-header\">\n<h5 class=\"mb-0\"><button class=\"btn btn-link collapsed\" data-toggle=\"collapse\" data-target=\"#collapseTres\">A\u00f1o 2017<\/button><\/h5>\n<\/div>\n<div id=\"collapseTres\" class=\"collapse\" aria-labelledby=\"headingTres\" data-parent=\"#accordion\">\n<div class=\"card-body\"><a href=\"\/ieea\/presupuesto-1er-trimestre-2017\/\">Primer Trimestre<\/a><br \/>\n<a href=\"\/ieea\/presupuesto-2-trimestre-2016-2\/\">Segundo Trimestre<\/a><br \/>\n<a href=\"\/ieea\/?p=2300\">Tercer Trimestre<\/a><br \/>\n<a href=\"\/ieea\/?p=2380\">Cuarto trimestre<\/a><\/div>\n<\/div>\n<\/section>\n<section class=\"card\">\n<div id=\"headingCuatro\" class=\"card-header\">\n<h5 class=\"mb-0\"><button class=\"btn btn-link collapsed\" data-toggle=\"collapse\" data-target=\"#collapseCuatro\">A\u00f1o 2016<\/button><\/h5>\n<\/div>\n<div id=\"collapseCuatro\" class=\"collapse\" aria-labelledby=\"headingCuatro\" data-parent=\"#accordion\">\n<div class=\"card-body\"><a href=\"\/ieea\/presupuesto-1er-trimestre-2016\/\">Primer trimestre<\/a><br \/>\n<a href=\"\/ieea\/?p=1038\">Segundo trimestre<\/a><br \/>\n<a href=\"\/ieea\/?p=1458\">Tercer trimestre<\/a><br \/>\n<a href=\"\/ieea\/?p=1600\">Cuarto Trimestre<\/a><\/div>\n<\/div>\n<\/section>\n<section class=\"card\">\n<div id=\"headingCinco\" class=\"card-header\">\n<h5 class=\"mb-0\"><button class=\"btn btn-link collapsed\" data-toggle=\"collapse\" data-target=\"#collapseCinco\">A\u00f1o 2015<\/button><\/h5>\n<\/div>\n<div id=\"collapseCinco\" class=\"collapse\" aria-labelledby=\"headingCinco\" data-parent=\"#accordion\">\n<div class=\"card-body\"><a href=\"\/ieea\/?p=131\" rel=\"noopener noreferrer\">Primer Trimestre<\/a><br \/>\n<a href=\"\/ieea\/?p=111\" rel=\"noopener noreferrer\">Segundo Trimestre<\/a><br \/>\n<a href=\"\/ieea\/?p=91\" rel=\"noopener noreferrer\">Tercer Trimestre<\/a><br \/>\n<a href=\"\/ieea\/?p=60\" rel=\"noopener noreferrer\">Cuarto Trimestre<\/a><\/div>\n<\/div>\n<\/section>\n<section class=\"card\">\n<div id=\"headingSeis\" class=\"card-header\">\n<h5 class=\"mb-0\"><button class=\"btn btn-link collapsed\" data-toggle=\"collapse\" data-target=\"#collapseSeis\">A\u00f1o 2014<\/button><\/h5>\n<\/div>\n<div id=\"collapseSeis\" class=\"collapse\" aria-labelledby=\"headingSeis\" data-parent=\"#accordion\">\n<div class=\"card-body\"><a href=\"\/ieea\/?p=55\" rel=\"noopener noreferrer\">Primer trimestre<\/a><br \/>\n<a href=\"\/ieea\/?p=193\" rel=\"noopener noreferrer\">Segundo trimestre<\/a><br \/>\n<a href=\"\/ieea\/?p=171\" rel=\"noopener noreferrer\">Tercer trimestre<\/a><br \/>\n<a href=\"\/ieea\/?p=151\" rel=\"noopener noreferrer\">Cuarto trimestre<\/a><\/div>\n<\/div>\n<\/section>\n<section class=\"card\">\n<div id=\"headingSiete\" class=\"card-header\">\n<h5 class=\"mb-0\"><button class=\"btn btn-link collapsed\" data-toggle=\"collapse\" data-target=\"#collapseSiete\">A\u00f1o 2013<\/button><\/h5>\n<\/div>\n<div id=\"collapseSiete\" class=\"collapse\" aria-labelledby=\"headingSiete\" data-parent=\"#accordion\">\n<div class=\"card-body\"><a href=\"\/ieea\/?p=1420\">Primer Trimestre<\/a><br \/>\n<a href=\"\/ieea\/?p=1428\">Segundo trimestre<\/a><br \/>\n<a href=\"\/ieea\/?p=1435\">Tercer trimestre<\/a><br \/>\n<a href=\"\/ieea\/?p=1439\">Cuarto trimestre<\/a><\/div>\n<\/div>\n<\/section>\n<\/section>\n<\/section>\n<\/section>\n<\/section>\n<\/section>\n","protected":false},"excerpt":{"rendered":"<p>A\u00f1o 2025 Primer Trimestre Segundo Trimestre Tercer Trimestre Cuarto Trimestre A\u00f1o 2024 Primer Trimestre Segundo Trimestre Tercer Trimestre Cuarto Trimestre A\u00f1o 2023 Aviso de Privacidad Simplificado Aviso de Privacidad Simplificado Primer Trimestre Segundo Trimestre Tercer Trimestre Cuarto Trimestre A\u00f1o 2022 Primer Trimestre Segundo Trimestre Tercer Trimestre Cuarto Trimestre CUENTA P\u00daBLICA\u00a0 A\u00f1o 2021 Primer Trimestre Segundo [&hellip;]<\/p>\n","protected":false},"author":1,"featured_media":0,"parent":0,"menu_order":0,"comment_status":"closed","ping_status":"closed","template":"","meta":{"episode_type":"","audio_file":"","podmotor_file_id":"","podmotor_episode_id":"","cover_image":"","cover_image_id":"","duration":"","filesize":"","filesize_raw":"","date_recorded":"","explicit":"","block":"","itunes_episode_number":"","itunes_title":"","itunes_season_number":"","itunes_episode_type":"","footnotes":""},"categories":[],"tags":[],"class_list":["post-3403","page","type-page","status-publish","hentry"],"acf":[],"publishpress_future_action":{"enabled":false,"date":"2026-04-20 12:33:58","action":"change-status","newStatus":"draft","terms":[],"taxonomy":"category","extraData":[]},"publishpress_future_workflow_manual_trigger":{"enabledWorkflows":[]},"_links":{"self":[{"href":"https:\/\/www.oaxaca.gob.mx\/ieea\/wp-json\/wp\/v2\/pages\/3403","targetHints":{"allow":["GET"]}}],"collection":[{"href":"https:\/\/www.oaxaca.gob.mx\/ieea\/wp-json\/wp\/v2\/pages"}],"about":[{"href":"https:\/\/www.oaxaca.gob.mx\/ieea\/wp-json\/wp\/v2\/types\/page"}],"author":[{"embeddable":true,"href":"https:\/\/www.oaxaca.gob.mx\/ieea\/wp-json\/wp\/v2\/users\/1"}],"replies":[{"embeddable":true,"href":"https:\/\/www.oaxaca.gob.mx\/ieea\/wp-json\/wp\/v2\/comments?post=3403"}],"version-history":[{"count":3,"href":"https:\/\/www.oaxaca.gob.mx\/ieea\/wp-json\/wp\/v2\/pages\/3403\/revisions"}],"predecessor-version":[{"id":8179,"href":"https:\/\/www.oaxaca.gob.mx\/ieea\/wp-json\/wp\/v2\/pages\/3403\/revisions\/8179"}],"wp:attachment":[{"href":"https:\/\/www.oaxaca.gob.mx\/ieea\/wp-json\/wp\/v2\/media?parent=3403"}],"wp:term":[{"taxonomy":"category","embeddable":true,"href":"https:\/\/www.oaxaca.gob.mx\/ieea\/wp-json\/wp\/v2\/categories?post=3403"},{"taxonomy":"post_tag","embeddable":true,"href":"https:\/\/www.oaxaca.gob.mx\/ieea\/wp-json\/wp\/v2\/tags?post=3403"}],"curies":[{"name":"wp","href":"https:\/\/api.w.org\/{rel}","templated":true}]}}