{"id":337,"date":"2016-02-26T17:55:05","date_gmt":"2016-02-26T23:55:05","guid":{"rendered":"https:\/\/www.oaxaca.gob.mx\/ieea\/?page_id=337"},"modified":"2016-02-26T17:55:05","modified_gmt":"2016-02-26T23:55:05","slug":"programa-10-14","status":"publish","type":"page","link":"https:\/\/www.oaxaca.gob.mx\/ieea\/programa-10-14\/","title":{"rendered":"Programa 10-14"},"content":{"rendered":"<p>El Modelo Educaci\u00f3n para la Vida y el Trabajo (MEVyT) 10-14, es el programa educativo dise\u00f1ado para ni\u00f1as, ni\u00f1os y j\u00f3venes de 10 a 14 a\u00f1os, que no se incorporaron a la primaria y que no tienen posibilidades de ser atendidos por otras instituciones.<br \/>\n&nbsp;<\/p>\n<h3>Requisitos de ingreso al programa MEVyT 10-14<\/h3>\n<ul>\n<li>1.- Tener entre 10 a 14 a\u00f1os<\/li>\n<li>2.- Llenar un formato de registro<\/li>\n<li>3.- Copia certificada del Acta de Nacimiento o Documento Legal Equivalente<\/li>\n<li>4.- Constancia de la Clave \u00danica de Registro de Poblaci\u00f3n (CURP)<\/li>\n<\/ul>\n<p>&nbsp;<\/p>\n<h3>\u00bfC\u00f3mo est\u00e1 organizado el MEVyT 10-14?<\/h3>\n<p>Se organizan de acuerdo a las caracter\u00edsticas y necesidades de las ni\u00f1as, ni\u00f1os y j\u00f3venes de 10 a 14 a\u00f1os.<br \/>\n&nbsp;<br \/>\n\n<table id=\"tablepress-6\" class=\"tablepress tablepress-id-6\">\n<thead>\n<tr class=\"row-1\">\n\t<th class=\"column-1\">FASE I<\/th><th class=\"column-2\">FASE II<\/th><th class=\"column-3\">FASE III<\/th><th class=\"column-4\">M\u00d3DULOS DIVERSIFICADOS<\/th>\n<\/tr>\n<\/thead>\n<tbody class=\"row-striping row-hover\">\n<tr class=\"row-2\">\n\t<td class=\"column-1\">La palabra<br \/>\nPara empezar<br \/>\nMatem\u00e1ticas para empezar<br \/>\n<\/td><td class=\"column-2\">Leer y escribir<br \/>\n<br \/>\nLos n\u00fameros<br \/>\n<br \/>\nCuentas \u00fatiles<br \/>\n<br \/>\nSomos mexicanos<br \/>\n<\/td><td class=\"column-3\">Saber leer<br \/>\n<br \/>\nFiguras y medidas<br \/>\n<br \/>\nVamos a conocernos<br \/>\n<br \/>\nVivamos mejor<br \/>\nUn diversificado<br \/>\n<\/td><td class=\"column-4\">Ser joven<br \/>\n<br \/>\n\u00a1Aguas con las adicciones!<br \/>\n<br \/>\nFuera de las drogas<br \/>\n<br \/>\nUn hogar sin violencia<br \/>\n<br \/>\nJ\u00f3venes y trabajo<br \/>\nOrganizo mi bolsillo y las finanzas familiares<br \/>\n<br \/>\nNuestros valores para la democracia<br \/>\n<br \/>\nProtegernos, tarea de todos<br \/>\n<br \/>\nEmbarazo, un proyecto de vida<br \/>\n<br \/>\nManejo mis emociones<br \/>\n<br \/>\nPor un mejor ambiente<br \/>\n<\/td>\n<\/tr>\n<\/tbody>\n<\/table>\n<!-- #tablepress-6 from cache -->\n","protected":false},"excerpt":{"rendered":"<p>El Modelo Educaci\u00f3n para la Vida y el Trabajo (MEVyT) 10-14, es el programa educativo dise\u00f1ado para ni\u00f1as, ni\u00f1os y j\u00f3venes de 10 a 14 a\u00f1os, que no se incorporaron a la primaria y que no tienen posibilidades de ser atendidos por otras instituciones. &nbsp; Requisitos de ingreso al programa MEVyT 10-14 1.- Tener entre [&hellip;]<\/p>\n","protected":false},"author":1,"featured_media":0,"parent":0,"menu_order":0,"comment_status":"closed","ping_status":"closed","template":"","meta":{"episode_type":"","audio_file":"","podmotor_file_id":"","podmotor_episode_id":"","cover_image":"","cover_image_id":"","duration":"","filesize":"","filesize_raw":"","date_recorded":"","explicit":"","block":"","itunes_episode_number":"","itunes_title":"","itunes_season_number":"","itunes_episode_type":"","footnotes":""},"categories":[],"tags":[],"class_list":["post-337","page","type-page","status-publish","hentry"],"acf":[],"publishpress_future_action":{"enabled":false,"date":"2026-04-30 10:25:45","action":"change-status","newStatus":"draft","terms":[],"taxonomy":"category","extraData":[]},"publishpress_future_workflow_manual_trigger":{"enabledWorkflows":[]},"_links":{"self":[{"href":"https:\/\/www.oaxaca.gob.mx\/ieea\/wp-json\/wp\/v2\/pages\/337","targetHints":{"allow":["GET"]}}],"collection":[{"href":"https:\/\/www.oaxaca.gob.mx\/ieea\/wp-json\/wp\/v2\/pages"}],"about":[{"href":"https:\/\/www.oaxaca.gob.mx\/ieea\/wp-json\/wp\/v2\/types\/page"}],"author":[{"embeddable":true,"href":"https:\/\/www.oaxaca.gob.mx\/ieea\/wp-json\/wp\/v2\/users\/1"}],"replies":[{"embeddable":true,"href":"https:\/\/www.oaxaca.gob.mx\/ieea\/wp-json\/wp\/v2\/comments?post=337"}],"version-history":[{"count":0,"href":"https:\/\/www.oaxaca.gob.mx\/ieea\/wp-json\/wp\/v2\/pages\/337\/revisions"}],"wp:attachment":[{"href":"https:\/\/www.oaxaca.gob.mx\/ieea\/wp-json\/wp\/v2\/media?parent=337"}],"wp:term":[{"taxonomy":"category","embeddable":true,"href":"https:\/\/www.oaxaca.gob.mx\/ieea\/wp-json\/wp\/v2\/categories?post=337"},{"taxonomy":"post_tag","embeddable":true,"href":"https:\/\/www.oaxaca.gob.mx\/ieea\/wp-json\/wp\/v2\/tags?post=337"}],"curies":[{"name":"wp","href":"https:\/\/api.w.org\/{rel}","templated":true}]}}