{"id":283,"date":"2016-02-26T13:32:21","date_gmt":"2016-02-26T19:32:21","guid":{"rendered":"https:\/\/www.oaxaca.gob.mx\/ieea\/?page_id=283"},"modified":"2023-03-24T13:46:34","modified_gmt":"2023-03-24T19:46:34","slug":"noticias","status":"publish","type":"page","link":"https:\/\/www.oaxaca.gob.mx\/ieea\/noticias\/","title":{"rendered":"Noticias"},"content":{"rendered":"\r\n<section class=\"section\">\r\n  <div class=\"container-md\">\r\n    <div class=\"row\">\r\n      <div class=\"col-md-8\">\r\n                <div class=\"row\">\r\n          \r\n          <!-- \/*\r\n          $paged = ( get_query_var('paged') ) ? absint(get_query_var('paged')) : 1;\r\n          \/\/$query = new WP_Query( array( 'post_type' =>  'post', 'category_name' => 'noticias', 'posts_per_page' => 10 , 'paged' => $paged ) );\r\n          $query = new WP_Query( array( 'post_type' =>  'post', 'post_status' => 'publish', 'posts_per_page' => 10 , 'paged' => $paged ) );\r\n          if ( $query->have_posts() ) :\r\n            while ( $query->have_posts() ) : $query->the_post(); *\/ \r\n          ?> -->\r\n            <div class=\"card border-0 mb-3\" style=\"width: 100%;\">\r\n              <div class=\"row g-0\">\r\n                <div class=\"col-md-4\">\r\n                                      <img decoding=\"async\" src=\"https:\/\/www.oaxaca.gob.mx\/ieea\/wp-content\/uploads\/sites\/49\/2026\/04\/BOLETIN-JORNADA_Mesa-de-trabajo-1.png\" class=\"img-fluid\" style=\"width:300px; height:200px;\" alt=\"DESDE EL PUEBLO IND\u00cdGENA \u00d1OMNDAA ARRANCA EL IEEA LA 1\u00aa JORNADA NACIONAL DE INCORPORACI\u00d3N PARA LA ALFABETIZACI\u00d3N\">\r\n                                  <\/div>\r\n                <div class=\"col-md-8\">\r\n                  <div class=\"card-body py-1\">\r\n                    <a href=\"https:\/\/www.oaxaca.gob.mx\/ieea\/desde-el-pueblo-indigena-nomndaa-arranca-el-ieea-la-1a-jornada-nacional-de-incorporacion-para-la-alfabetizacion\/\" title=\"DESDE EL PUEBLO IND\u00cdGENA \u00d1OMNDAA ARRANCA EL IEEA LA 1\u00aa JORNADA NACIONAL DE INCORPORACI\u00d3N PARA LA ALFABETIZACI\u00d3N\">\r\n                      <h5 class=\"card-title\">DESDE EL PUEBLO IND\u00cdGENA \u00d1OMNDAA ARRANCA EL IEEA LA 1\u00aa JORNADA NACIONAL DE INCORPORACI\u00d3N PARA LA ALFABETIZACI\u00d3N<\/h5>\r\n                    <\/a>\r\n                    <p class=\"card-text\"><p>El objetivo es integrar a 100 mil personas j\u00f3venes y adultas al proceso de aprendizaje de lectura y escritura en todo el pa\u00eds San Pedro Amuzgos, Oax. 24 de abril de 2026.-\u00a0Desde la comunidad \u00f1omndaa, San Pedro Amuzgos, regi\u00f3n Sierra Sur, la directora general del Instituto Estatal de Educaci\u00f3n para Adultos (IEEA Oaxaca) Juana Aguilar [&hellip;]<\/p>\n<\/p>\r\n                  <\/div>\r\n                <\/div>\r\n              <\/div>\r\n            <\/div>\r\n            \r\n          <!-- \/*\r\n          $paged = ( get_query_var('paged') ) ? absint(get_query_var('paged')) : 1;\r\n          \/\/$query = new WP_Query( array( 'post_type' =>  'post', 'category_name' => 'noticias', 'posts_per_page' => 10 , 'paged' => $paged ) );\r\n          $query = new WP_Query( array( 'post_type' =>  'post', 'post_status' => 'publish', 'posts_per_page' => 10 , 'paged' => $paged ) );\r\n          if ( $query->have_posts() ) :\r\n            while ( $query->have_posts() ) : $query->the_post(); *\/ \r\n          ?> -->\r\n            <div class=\"card border-0 mb-3\" style=\"width: 100%;\">\r\n              <div class=\"row g-0\">\r\n                <div class=\"col-md-4\">\r\n                                      <img decoding=\"async\" src=\"https:\/\/www.oaxaca.gob.mx\/ieea\/wp-content\/uploads\/sites\/49\/2026\/04\/materiales-de-alfabetizacion.jpeg\" class=\"img-fluid\" style=\"width:300px; height:200px;\" alt=\"TRABAJA EL IEEA EN LA ELABORACI\u00d3N DE MATERIALES DE ALFABETIZACI\u00d3N EN LENGUAS MATERNAS COMO EL AMUZGO Y EL ZAPOTECO\">\r\n                                  <\/div>\r\n                <div class=\"col-md-8\">\r\n                  <div class=\"card-body py-1\">\r\n                    <a href=\"https:\/\/www.oaxaca.gob.mx\/ieea\/trabaja-el-ieea-en-la-elaboracion-de-materiales-de-alfabetizacion-en-lenguas-maternas-como-el-amuzgo-y-el-zapoteco\/\" title=\"TRABAJA EL IEEA EN LA ELABORACI\u00d3N DE MATERIALES DE ALFABETIZACI\u00d3N EN LENGUAS MATERNAS COMO EL AMUZGO Y EL ZAPOTECO\">\r\n                      <h5 class=\"card-title\">TRABAJA EL IEEA EN LA ELABORACI\u00d3N DE MATERIALES DE ALFABETIZACI\u00d3N EN LENGUAS MATERNAS COMO EL AMUZGO Y EL ZAPOTECO<\/h5>\r\n                    <\/a>\r\n                    <p class=\"card-text\"><p>Se busca beneficiar en promedio a 18 mil personas en situaci\u00f3n de analfabetismo hablantes de estas lenguas. Oaxaca de Ju\u00e1rez Oax., 20 de abril de 2026.- En la Primavera Oaxaque\u00f1a se trabaja como nunca para reconocer y rescatar, como nunca antes se hab\u00eda hecho, nuestras m\u00e1s profundas ra\u00edces, por eso, el Instituto Estatal de Educaci\u00f3n [&hellip;]<\/p>\n<\/p>\r\n                  <\/div>\r\n                <\/div>\r\n              <\/div>\r\n            <\/div>\r\n            \r\n          <!-- \/*\r\n          $paged = ( get_query_var('paged') ) ? absint(get_query_var('paged')) : 1;\r\n          \/\/$query = new WP_Query( array( 'post_type' =>  'post', 'category_name' => 'noticias', 'posts_per_page' => 10 , 'paged' => $paged ) );\r\n          $query = new WP_Query( array( 'post_type' =>  'post', 'post_status' => 'publish', 'posts_per_page' => 10 , 'paged' => $paged ) );\r\n          if ( $query->have_posts() ) :\r\n            while ( $query->have_posts() ) : $query->the_post(); *\/ \r\n          ?> -->\r\n            <div class=\"card border-0 mb-3\" style=\"width: 100%;\">\r\n              <div class=\"row g-0\">\r\n                <div class=\"col-md-4\">\r\n                                      <img decoding=\"async\" src=\"https:\/\/www.oaxaca.gob.mx\/ieea\/wp-content\/uploads\/sites\/49\/2026\/04\/1erjNacional.jpeg\" class=\"img-fluid\" style=\"width:300px; height:200px;\" alt=\"Invita el IEEA a la 1era. Jornada Nacional de incorporaci\u00f3n para la alfabetizaci\u00f3n\">\r\n                                  <\/div>\r\n                <div class=\"col-md-8\">\r\n                  <div class=\"card-body py-1\">\r\n                    <a href=\"https:\/\/www.oaxaca.gob.mx\/ieea\/invita-el-ieea-a-la-1era-jornada-nacional-de-incorporacion-para-la-alfabetizacion\/\" title=\"Invita el IEEA a la 1era. Jornada Nacional de incorporaci\u00f3n para la alfabetizaci\u00f3n\">\r\n                      <h5 class=\"card-title\">Invita el IEEA a la 1era. Jornada Nacional de incorporaci\u00f3n para la alfabetizaci\u00f3n<\/h5>\r\n                    <\/a>\r\n                    <p class=\"card-text\"><p>-Se llevar\u00e1 a cabo los d\u00edas 24, 25 y 26 de abril. Oaxaca de Ju\u00e1rez Oax., 17 de abril de 2026.- Para cumplir con el prop\u00f3sito prioritario de apoyar a personas j\u00f3venes y adultas en el aprendizaje de la lectura y la escritura, se va a realizar en todo el pa\u00eds la\u00a01\u00aa. Jornada Nacional de [&hellip;]<\/p>\n<\/p>\r\n                  <\/div>\r\n                <\/div>\r\n              <\/div>\r\n            <\/div>\r\n            \r\n          <!-- \/*\r\n          $paged = ( get_query_var('paged') ) ? absint(get_query_var('paged')) : 1;\r\n          \/\/$query = new WP_Query( array( 'post_type' =>  'post', 'category_name' => 'noticias', 'posts_per_page' => 10 , 'paged' => $paged ) );\r\n          $query = new WP_Query( array( 'post_type' =>  'post', 'post_status' => 'publish', 'posts_per_page' => 10 , 'paged' => $paged ) );\r\n          if ( $query->have_posts() ) :\r\n            while ( $query->have_posts() ) : $query->the_post(); *\/ \r\n          ?> -->\r\n            <div class=\"card border-0 mb-3\" style=\"width: 100%;\">\r\n              <div class=\"row g-0\">\r\n                <div class=\"col-md-4\">\r\n                                      <img decoding=\"async\" src=\"https:\/\/www.oaxaca.gob.mx\/ieea\/wp-content\/uploads\/sites\/49\/2026\/03\/se-logra.jpeg\" class=\"img-fluid\" style=\"width:300px; height:200px;\" alt=\"Invita IEEA a la 1.\u00aa Jornada Estatal de Incorporaci\u00f3n para la Alfabetizaci\u00f3n \u201cSue\u00f1a, lee, escribe y logra\u201d\">\r\n                                  <\/div>\r\n                <div class=\"col-md-8\">\r\n                  <div class=\"card-body py-1\">\r\n                    <a href=\"https:\/\/www.oaxaca.gob.mx\/ieea\/invita-ieea-a-la-1-a-jornada-estatal-de-incorporacion-para-la-alfabetizacion-suena-lee-escribe-y-logra\/\" title=\"Invita IEEA a la 1.\u00aa Jornada Estatal de Incorporaci\u00f3n para la Alfabetizaci\u00f3n \u201cSue\u00f1a, lee, escribe y logra\u201d\">\r\n                      <h5 class=\"card-title\">Invita IEEA a la 1.\u00aa Jornada Estatal de Incorporaci\u00f3n para la Alfabetizaci\u00f3n \u201cSue\u00f1a, lee, escribe y logra\u201d<\/h5>\r\n                    <\/a>\r\n                    <p class=\"card-text\"><p>Del 23 al 27 de marzo estiman lograr 1,500 incorporaciones al nivel inicial de alfabetizaci\u00f3n. &nbsp; Oaxaca de Ju\u00e1rez, Oax., a 20 de marzo de 2026.- Llega con la Primavera Oaxaque\u00f1a la Primera Jornada Estatal de Incorporaci\u00f3n a la Alfabetizaci\u00f3n \u201cSue\u00f1a, lee, escribe y logra\u201d, una estrategia que realiza el Instituto Estatal de Educaci\u00f3n para [&hellip;]<\/p>\n<\/p>\r\n                  <\/div>\r\n                <\/div>\r\n              <\/div>\r\n            <\/div>\r\n            \r\n          <!-- \/*\r\n          $paged = ( get_query_var('paged') ) ? absint(get_query_var('paged')) : 1;\r\n          \/\/$query = new WP_Query( array( 'post_type' =>  'post', 'category_name' => 'noticias', 'posts_per_page' => 10 , 'paged' => $paged ) );\r\n          $query = new WP_Query( array( 'post_type' =>  'post', 'post_status' => 'publish', 'posts_per_page' => 10 , 'paged' => $paged ) );\r\n          if ( $query->have_posts() ) :\r\n            while ( $query->have_posts() ) : $query->the_post(); *\/ \r\n          ?> -->\r\n            <div class=\"card border-0 mb-3\" style=\"width: 100%;\">\r\n              <div class=\"row g-0\">\r\n                <div class=\"col-md-4\">\r\n                                      <img decoding=\"async\" src=\"https:\/\/www.oaxaca.gob.mx\/ieea\/wp-content\/uploads\/sites\/49\/2026\/03\/imagen.png\" class=\"img-fluid\" style=\"width:300px; height:200px;\" alt=\"Lleva IEEA educaci\u00f3n a Centros Penitenciarios de Oaxaca\">\r\n                                  <\/div>\r\n                <div class=\"col-md-8\">\r\n                  <div class=\"card-body py-1\">\r\n                    <a href=\"https:\/\/www.oaxaca.gob.mx\/ieea\/lleva-ieea-educacion-a-centros-penitenciarios-de-oaxaca\/\" title=\"Lleva IEEA educaci\u00f3n a Centros Penitenciarios de Oaxaca\">\r\n                      <h5 class=\"card-title\">Lleva IEEA educaci\u00f3n a Centros Penitenciarios de Oaxaca<\/h5>\r\n                    <\/a>\r\n                    <p class=\"card-text\"><p>Actualmente, en los CEFERESOS y CERESOS est\u00e1n estudiando diversos niveles educativos 890 personas privadas de la libertad. \u00a0 Oaxaca de Ju\u00e1rez, Oax., a 10 de marzo de 2026.- La Primavera Oaxaque\u00f1a, busca a trav\u00e9s del Instituto Estatal de Educaci\u00f3n para Adultos (IEEA), garantizar el derecho a la educaci\u00f3n de todas las personas sin distinci\u00f3n, por [&hellip;]<\/p>\n<\/p>\r\n                  <\/div>\r\n                <\/div>\r\n              <\/div>\r\n            <\/div>\r\n            \r\n          <!-- \/*\r\n          $paged = ( get_query_var('paged') ) ? absint(get_query_var('paged')) : 1;\r\n          \/\/$query = new WP_Query( array( 'post_type' =>  'post', 'category_name' => 'noticias', 'posts_per_page' => 10 , 'paged' => $paged ) );\r\n          $query = new WP_Query( array( 'post_type' =>  'post', 'post_status' => 'publish', 'posts_per_page' => 10 , 'paged' => $paged ) );\r\n          if ( $query->have_posts() ) :\r\n            while ( $query->have_posts() ) : $query->the_post(); *\/ \r\n          ?> -->\r\n            <div class=\"card border-0 mb-3\" style=\"width: 100%;\">\r\n              <div class=\"row g-0\">\r\n                <div class=\"col-md-4\">\r\n                                      <img decoding=\"async\" src=\"https:\/\/www.oaxaca.gob.mx\/ieea\/wp-content\/uploads\/sites\/49\/2026\/02\/fanpage-ieea-01.jpg.jpeg\" class=\"img-fluid\" style=\"width:300px; height:200px;\" alt=\"Con Modelo Ind\u00edgena Biling\u00fce, IEEA brinda servicios de alfabetizaci\u00f3n en 8 lenguas maternas\">\r\n                                  <\/div>\r\n                <div class=\"col-md-8\">\r\n                  <div class=\"card-body py-1\">\r\n                    <a href=\"https:\/\/www.oaxaca.gob.mx\/ieea\/con-modelo-indigena-bilingue-ieea-brinda-servicios-de-alfabetizacion-en-8-lenguas-maternas\/\" title=\"Con Modelo Ind\u00edgena Biling\u00fce, IEEA brinda servicios de alfabetizaci\u00f3n en 8 lenguas maternas\">\r\n                      <h5 class=\"card-title\">Con Modelo Ind\u00edgena Biling\u00fce, IEEA brinda servicios de alfabetizaci\u00f3n en 8 lenguas maternas<\/h5>\r\n                    <\/a>\r\n                    <p class=\"card-text\"><p>\u2022 Se busca preservar la esencia cultural de los pueblos originarios de la entidad Oaxaca de Ju\u00e1rez Oax., 20 de febrero de 2026.- El Gobierno de la Primavera Oaxaque\u00f1a, a trav\u00e9s del Instituto Estatal de Educaci\u00f3n para Adultos (IEEA), pone a disposici\u00f3n de la poblaci\u00f3n de 15 a\u00f1os o m\u00e1s, hablante de alguna lengua materna, [&hellip;]<\/p>\n<\/p>\r\n                  <\/div>\r\n                <\/div>\r\n              <\/div>\r\n            <\/div>\r\n            \r\n          <!-- \/*\r\n          $paged = ( get_query_var('paged') ) ? absint(get_query_var('paged')) : 1;\r\n          \/\/$query = new WP_Query( array( 'post_type' =>  'post', 'category_name' => 'noticias', 'posts_per_page' => 10 , 'paged' => $paged ) );\r\n          $query = new WP_Query( array( 'post_type' =>  'post', 'post_status' => 'publish', 'posts_per_page' => 10 , 'paged' => $paged ) );\r\n          if ( $query->have_posts() ) :\r\n            while ( $query->have_posts() ) : $query->the_post(); *\/ \r\n          ?> -->\r\n            <div class=\"card border-0 mb-3\" style=\"width: 100%;\">\r\n              <div class=\"row g-0\">\r\n                <div class=\"col-md-4\">\r\n                                      <img decoding=\"async\" src=\"https:\/\/www.oaxaca.gob.mx\/ieea\/wp-content\/uploads\/sites\/49\/2026\/01\/ETAPA-V.png\" class=\"img-fluid\" style=\"width:300px; height:200px;\" alt=\"ETAPA V\">\r\n                                  <\/div>\r\n                <div class=\"col-md-8\">\r\n                  <div class=\"card-body py-1\">\r\n                    <a href=\"https:\/\/www.oaxaca.gob.mx\/ieea\/etapa-v\/\" title=\"ETAPA V\">\r\n                      <h5 class=\"card-title\">ETAPA V<\/h5>\r\n                    <\/a>\r\n                    <p class=\"card-text\"><\/p>\r\n                  <\/div>\r\n                <\/div>\r\n              <\/div>\r\n            <\/div>\r\n            \r\n          <!-- \/*\r\n          $paged = ( get_query_var('paged') ) ? absint(get_query_var('paged')) : 1;\r\n          \/\/$query = new WP_Query( array( 'post_type' =>  'post', 'category_name' => 'noticias', 'posts_per_page' => 10 , 'paged' => $paged ) );\r\n          $query = new WP_Query( array( 'post_type' =>  'post', 'post_status' => 'publish', 'posts_per_page' => 10 , 'paged' => $paged ) );\r\n          if ( $query->have_posts() ) :\r\n            while ( $query->have_posts() ) : $query->the_post(); *\/ \r\n          ?> -->\r\n            <div class=\"card border-0 mb-3\" style=\"width: 100%;\">\r\n              <div class=\"row g-0\">\r\n                <div class=\"col-md-4\">\r\n                                      <img decoding=\"async\" src=\"https:\/\/www.oaxaca.gob.mx\/ieea\/wp-content\/uploads\/sites\/49\/2026\/01\/IIICONV-2026-03-scaled.png\" class=\"img-fluid\" style=\"width:300px; height:200px;\" alt=\"ETAPA III 2026\">\r\n                                  <\/div>\r\n                <div class=\"col-md-8\">\r\n                  <div class=\"card-body py-1\">\r\n                    <a href=\"https:\/\/www.oaxaca.gob.mx\/ieea\/etapa-iii-2026\/\" title=\"ETAPA III 2026\">\r\n                      <h5 class=\"card-title\">ETAPA III 2026<\/h5>\r\n                    <\/a>\r\n                    <p class=\"card-text\"><\/p>\r\n                  <\/div>\r\n                <\/div>\r\n              <\/div>\r\n            <\/div>\r\n            \r\n          <!-- \/*\r\n          $paged = ( get_query_var('paged') ) ? absint(get_query_var('paged')) : 1;\r\n          \/\/$query = new WP_Query( array( 'post_type' =>  'post', 'category_name' => 'noticias', 'posts_per_page' => 10 , 'paged' => $paged ) );\r\n          $query = new WP_Query( array( 'post_type' =>  'post', 'post_status' => 'publish', 'posts_per_page' => 10 , 'paged' => $paged ) );\r\n          if ( $query->have_posts() ) :\r\n            while ( $query->have_posts() ) : $query->the_post(); *\/ \r\n          ?> -->\r\n            <div class=\"card border-0 mb-3\" style=\"width: 100%;\">\r\n              <div class=\"row g-0\">\r\n                <div class=\"col-md-4\">\r\n                                      <img decoding=\"async\" src=\"https:\/\/www.oaxaca.gob.mx\/ieea\/wp-content\/uploads\/sites\/49\/2026\/01\/CONV-2026-02-scaled.png\" class=\"img-fluid\" style=\"width:300px; height:200px;\" alt=\"Etapa II 2026\">\r\n                                  <\/div>\r\n                <div class=\"col-md-8\">\r\n                  <div class=\"card-body py-1\">\r\n                    <a href=\"https:\/\/www.oaxaca.gob.mx\/ieea\/etapa-ii-2026\/\" title=\"Etapa II 2026\">\r\n                      <h5 class=\"card-title\">Etapa II 2026<\/h5>\r\n                    <\/a>\r\n                    <p class=\"card-text\"><\/p>\r\n                  <\/div>\r\n                <\/div>\r\n              <\/div>\r\n            <\/div>\r\n            \r\n          <!-- \/*\r\n          $paged = ( get_query_var('paged') ) ? absint(get_query_var('paged')) : 1;\r\n          \/\/$query = new WP_Query( array( 'post_type' =>  'post', 'category_name' => 'noticias', 'posts_per_page' => 10 , 'paged' => $paged ) );\r\n          $query = new WP_Query( array( 'post_type' =>  'post', 'post_status' => 'publish', 'posts_per_page' => 10 , 'paged' => $paged ) );\r\n          if ( $query->have_posts() ) :\r\n            while ( $query->have_posts() ) : $query->the_post(); *\/ \r\n          ?> -->\r\n            <div class=\"card border-0 mb-3\" style=\"width: 100%;\">\r\n              <div class=\"row g-0\">\r\n                <div class=\"col-md-4\">\r\n                                      <img decoding=\"async\" src=\"https:\/\/www.oaxaca.gob.mx\/ieea\/wp-content\/uploads\/sites\/49\/2026\/01\/REGISTRATE.png\" class=\"img-fluid\" style=\"width:300px; height:200px;\" alt=\"REGISTRATE\">\r\n                                  <\/div>\r\n                <div class=\"col-md-8\">\r\n                  <div class=\"card-body py-1\">\r\n                    <a href=\"https:\/\/www.oaxaca.gob.mx\/ieea\/registrate\/\" title=\"REGISTRATE\">\r\n                      <h5 class=\"card-title\">REGISTRATE<\/h5>\r\n                    <\/a>\r\n                    <p class=\"card-text\"><\/p>\r\n                  <\/div>\r\n                <\/div>\r\n              <\/div>\r\n            <\/div>\r\n            \r\n\r\n            <!--<div class=\"row\">\r\n              <div class=\"col-md-6 text-left\"><h5><\/h5><\/div>\r\n              <div class=\"col-md-6 text-right\"><h5><\/h5><\/div>\r\n            <\/div>-->\r\n            <div class=\"row\">\r\n              <div class=\"col-md-6 text-left\">\r\n                <h5><a href=\"https:\/\/www.oaxaca.gob.mx\/ieea\/wp-json\/wp\/v2\/pages\/283\/page\/2\/\" >Noticias anteriores<\/a><\/h5>\r\n              <\/div>\r\n              <div class=\"col-md-6 text-right\">\r\n                <h5><\/h5>\r\n              <\/div>\r\n            <\/div>\r\n                  <\/div>\r\n      <\/div>\r\n    <\/div>\r\n  <\/div>\r\n<\/section>\r\n\r\n\r\n\n","protected":false},"excerpt":{"rendered":"","protected":false},"author":1,"featured_media":0,"parent":0,"menu_order":0,"comment_status":"closed","ping_status":"closed","template":"","meta":{"episode_type":"","audio_file":"","podmotor_file_id":"","podmotor_episode_id":"","cover_image":"","cover_image_id":"","duration":"","filesize":"","filesize_raw":"","date_recorded":"","explicit":"","block":"","itunes_episode_number":"","itunes_title":"","itunes_season_number":"","itunes_episode_type":"","footnotes":""},"categories":[],"tags":[],"class_list":["post-283","page","type-page","status-publish","hentry"],"acf":[],"publishpress_future_action":{"enabled":false,"date":"2026-05-17 09:05:45","action":"change-status","newStatus":"draft","terms":[],"taxonomy":"category","extraData":[]},"publishpress_future_workflow_manual_trigger":{"enabledWorkflows":[]},"_links":{"self":[{"href":"https:\/\/www.oaxaca.gob.mx\/ieea\/wp-json\/wp\/v2\/pages\/283","targetHints":{"allow":["GET"]}}],"collection":[{"href":"https:\/\/www.oaxaca.gob.mx\/ieea\/wp-json\/wp\/v2\/pages"}],"about":[{"href":"https:\/\/www.oaxaca.gob.mx\/ieea\/wp-json\/wp\/v2\/types\/page"}],"author":[{"embeddable":true,"href":"https:\/\/www.oaxaca.gob.mx\/ieea\/wp-json\/wp\/v2\/users\/1"}],"replies":[{"embeddable":true,"href":"https:\/\/www.oaxaca.gob.mx\/ieea\/wp-json\/wp\/v2\/comments?post=283"}],"version-history":[{"count":6,"href":"https:\/\/www.oaxaca.gob.mx\/ieea\/wp-json\/wp\/v2\/pages\/283\/revisions"}],"predecessor-version":[{"id":6232,"href":"https:\/\/www.oaxaca.gob.mx\/ieea\/wp-json\/wp\/v2\/pages\/283\/revisions\/6232"}],"wp:attachment":[{"href":"https:\/\/www.oaxaca.gob.mx\/ieea\/wp-json\/wp\/v2\/media?parent=283"}],"wp:term":[{"taxonomy":"category","embeddable":true,"href":"https:\/\/www.oaxaca.gob.mx\/ieea\/wp-json\/wp\/v2\/categories?post=283"},{"taxonomy":"post_tag","embeddable":true,"href":"https:\/\/www.oaxaca.gob.mx\/ieea\/wp-json\/wp\/v2\/tags?post=283"}],"curies":[{"name":"wp","href":"https:\/\/api.w.org\/{rel}","templated":true}]}}