{"id":2583,"date":"2018-07-10T08:44:31","date_gmt":"2018-07-10T14:44:31","guid":{"rendered":"https:\/\/www.oaxaca.gob.mx\/ieea\/?page_id=2583"},"modified":"2018-07-10T08:44:31","modified_gmt":"2018-07-10T14:44:31","slug":"presupuesto-2o-trimestre-2018","status":"publish","type":"page","link":"https:\/\/www.oaxaca.gob.mx\/ieea\/presupuesto-2o-trimestre-2018\/","title":{"rendered":"Presupuesto 2o trimestre 2018"},"content":{"rendered":"<p><a target=\"_blank\" href=\"\/ieea\/wp-content\/uploads\/sites\/49\/2018\/07\/Analitico-de-Categor\u00edas-Plazas-Autorizadas-con-su-Tabulador.pdf\" rel=\"noopener noreferrer\">Analitico de Categor\u00edas Plazas Autorizadas con su Tabulador<\/a><\/p>\n<p><a target=\"_blank\" href=\"\/ieea\/wp-content\/uploads\/sites\/49\/2018\/07\/Cat\u00e1logo-de-Categor\u00edas-y-Tabuladores.pdf\" rel=\"noopener noreferrer\">Cat\u00e1logo de Categor\u00edas y Tabuladores<\/a><\/p>\n<p><a target=\"_blank\" href=\"\/ieea\/wp-content\/uploads\/sites\/49\/2018\/07\/Cat\u00e1logo-de-Percepciones-y-Deducciones.pdf\" rel=\"noopener noreferrer\">Cat\u00e1logo de Percepciones y Deducciones<\/a><\/p>\n<p><a target=\"_blank\" href=\"\/ieea\/wp-content\/uploads\/sites\/49\/2018\/07\/Movimientos-de-Plazas.pdf\" rel=\"noopener noreferrer\">Movimientos de Plazas<\/a><\/p>\n<p><a target=\"_blank\" href=\"\/ieea\/wp-content\/uploads\/sites\/49\/2018\/07\/Personal-Comisionado.pdf\" rel=\"noopener noreferrer\">Personal Comisionado<\/a><\/p>\n<p><a target=\"_blank\" href=\"\/ieea\/wp-content\/uploads\/sites\/49\/2018\/07\/Personal-con-Licencia.pdf\" rel=\"noopener noreferrer\">Personal con Licencia<\/a><\/p>\n<p><a target=\"_blank\" href=\"\/ieea\/wp-content\/uploads\/sites\/49\/2018\/07\/Personal-Federalizado-por-Registro-Federal-de-Contribuyentes.pdf\" rel=\"noopener noreferrer\">Personal Federalizado por Registro Federal de Contribuyentes<\/a><\/p>\n<p><a target=\"_blank\" href=\"\/ieea\/wp-content\/uploads\/sites\/49\/2018\/07\/Plaza-Funcion.pdf\" rel=\"noopener noreferrer\">Plaza Funcion<\/a><\/p>\n<p><a target=\"_blank\" href=\"\/ieea\/wp-content\/uploads\/sites\/49\/2018\/07\/Registro-Federal-de-Contribuyentes-de-Trabajadores-con-Pagos-Retroactivos-con-un-Periodo-Mayor-a-45-d\u00edas.pdf\" rel=\"noopener noreferrer\">Registro Federal de Contribuyentes de Trabajadores con Pagos Retroactivos con un Periodo Mayor a 45 d\u00edas<\/a><\/p>\n<p><a target=\"_blank\" href=\"\/ieea\/wp-content\/uploads\/sites\/49\/2018\/07\/Trabajadores-con-Doble-Asignaci\u00f3n-Salarial-en-Municipios-no-Colindantes-Geogr\u00e1ficamente.pdf\" rel=\"noopener noreferrer\">Trabajadores con Doble Asignaci\u00f3n Salarial en Municipios no Colindantes Geogr\u00e1ficamente<\/a><\/p>\n<p><a target=\"_blank\" href=\"\/ieea\/wp-content\/uploads\/sites\/49\/2018\/07\/Trabajadores-Contratados-por-Honorarios-en-el-Periodo.pdf\" rel=\"noopener noreferrer\">Trabajadores Contratados por Honorarios en el Periodo<\/a><\/p>\n<p><a target=\"_blank\" href=\"\/ieea\/wp-content\/uploads\/sites\/49\/2018\/07\/Trabajadores-Cuyo-Salario-B\u00e1sico-Supere-los-Ingresos-Promedio-de-un-Docente-en-la-Categor\u00eda-m\u00e1s-Alta-del-Tabulador-Salarial-Correspondiente-a-Cada-Entidad.pdf\" rel=\"noopener noreferrer\">Trabajadores Cuyo Salario B\u00e1sico Supere los Ingresos Promedio de un Docente en la Categor\u00eda m\u00e1s Alta del Tabulador Salarial Correspondiente a Cada Entidad<\/a><\/p>\n<p><a target=\"_blank\" href=\"\/ieea\/wp-content\/uploads\/sites\/49\/2018\/07\/Trabajadores-Jubilados-en-el-Periodo.pdf\" rel=\"noopener noreferrer\">Trabajadores Jubilados en el Periodo<\/a><\/p>\n<p><a target=\"_blank\" href=\"\/ieea\/wp-content\/uploads\/sites\/49\/2018\/07\/Trabajadores-Ocupando-Plazas-que-Superan-el-N\u00famero-de-Horas-de-Compatibilidad-Autorizadas.pdf\" rel=\"noopener noreferrer\">Trabajadores Ocupando Plazas que Superan el N\u00famero de Horas de Compatibilidad Autorizadas<\/a><\/p>\n<p><a target=\"_blank\" href=\"\/ieea\/wp-content\/uploads\/sites\/49\/2018\/07\/Trabajadores-que-Cobran-con-RFC-CURP-con-Formato-Incorrecto.pdf\" rel=\"noopener noreferrer\">Trabajadores que Cobran con RFC CURP con Formato Incorrecto<\/a><\/p>\n<p><a target=\"_blank\" href=\"\/ieea\/wp-content\/uploads\/sites\/49\/2018\/07\/Trabajadores-que-Tramitaron-Licencia-Prejubilatoria-en-el-Periodo.pdf\" rel=\"noopener noreferrer\">Trabajadores que Tramitaron Licencia Prejubilatoria en el Periodo<\/a><\/p>\n<p><a target=\"_blank\" href=\"\/ieea\/wp-content\/uploads\/sites\/49\/2018\/07\/Pagos-por-ayudas-subsidios-2\u00b0-trimestre-2018.pdf\" rel=\"noopener noreferrer\">Pagos por ayudas subsidios 2\u00b0 trimestre 2018<\/a><\/p>\n<p><a target=\"_blank\" href=\"\/ieea\/wp-content\/uploads\/sites\/49\/2018\/07\/CTA_PUB_SEGUNDO_TRIMESTRE.pdf\" rel=\"noopener noreferrer\">Cuenta p\u00fablica<\/a><\/p>\n<p><a target=\"_blank\" href=\"\/ieea\/wp-content\/uploads\/sites\/49\/2018\/07\/ESTADO-FINANCIERO-ABRIL.pdf\" rel=\"noopener noreferrer\">ESTADO FINANCIERO ABRIL<\/a><\/p>\n<p><a target=\"_blank\" href=\"\/ieea\/wp-content\/uploads\/sites\/49\/2018\/07\/ESTADO-FINANCIERO-MAYO.pdf\" rel=\"noopener noreferrer\">ESTADO FINANCIERO MAYO<\/a><\/p>\n<p><a target=\"_blank\" href=\"\/ieea\/wp-content\/uploads\/sites\/49\/2018\/07\/ESTADO-FINANCIERO-JUNIO.pdf\" rel=\"noopener noreferrer\">ESTADO FINANCIERO JUNIO<\/a><\/p>\n<h1>PASH<\/h1>\n<p><a target=\"_blank\" href=\"\/ieea\/wp-content\/uploads\/sites\/49\/2018\/07\/INDICADORES-PASH-2.xls\" rel=\"noopener noreferrer\">INDICADORES PASH<\/a><\/p>\n<p><a target=\"_blank\" href=\"\/ieea\/wp-content\/uploads\/sites\/49\/2018\/07\/FINANCIERO-FAETA-2.xls\" rel=\"noopener noreferrer\">FINANCIERO FAETA <\/a><\/p>\n<p><a target=\"_blank\" href=\"\/ieea\/wp-content\/uploads\/sites\/49\/2018\/07\/FINANCIERO-RAMO-11-2.xls\" rel=\"noopener noreferrer\">FINANCIERO RAMO 11<\/a>\t\t<\/p>\n","protected":false},"excerpt":{"rendered":"<p>Analitico de Categor\u00edas Plazas Autorizadas con su Tabulador Cat\u00e1logo de Categor\u00edas y Tabuladores Cat\u00e1logo de Percepciones y Deducciones Movimientos de Plazas Personal Comisionado Personal con Licencia Personal Federalizado por Registro Federal de Contribuyentes Plaza Funcion Registro Federal de Contribuyentes de Trabajadores con Pagos Retroactivos con un Periodo Mayor a 45 d\u00edas Trabajadores con Doble Asignaci\u00f3n [&hellip;]<\/p>\n","protected":false},"author":1,"featured_media":0,"parent":0,"menu_order":0,"comment_status":"closed","ping_status":"closed","template":"","meta":{"episode_type":"","audio_file":"","podmotor_file_id":"","podmotor_episode_id":"","cover_image":"","cover_image_id":"","duration":"","filesize":"","filesize_raw":"","date_recorded":"","explicit":"","block":"","itunes_episode_number":"","itunes_title":"","itunes_season_number":"","itunes_episode_type":"","footnotes":""},"categories":[],"tags":[],"class_list":["post-2583","page","type-page","status-publish","hentry"],"acf":[],"publishpress_future_action":{"enabled":false,"date":"2026-04-20 12:45:06","action":"change-status","newStatus":"draft","terms":[],"taxonomy":"category","extraData":[]},"publishpress_future_workflow_manual_trigger":{"enabledWorkflows":[]},"_links":{"self":[{"href":"https:\/\/www.oaxaca.gob.mx\/ieea\/wp-json\/wp\/v2\/pages\/2583","targetHints":{"allow":["GET"]}}],"collection":[{"href":"https:\/\/www.oaxaca.gob.mx\/ieea\/wp-json\/wp\/v2\/pages"}],"about":[{"href":"https:\/\/www.oaxaca.gob.mx\/ieea\/wp-json\/wp\/v2\/types\/page"}],"author":[{"embeddable":true,"href":"https:\/\/www.oaxaca.gob.mx\/ieea\/wp-json\/wp\/v2\/users\/1"}],"replies":[{"embeddable":true,"href":"https:\/\/www.oaxaca.gob.mx\/ieea\/wp-json\/wp\/v2\/comments?post=2583"}],"version-history":[{"count":0,"href":"https:\/\/www.oaxaca.gob.mx\/ieea\/wp-json\/wp\/v2\/pages\/2583\/revisions"}],"wp:attachment":[{"href":"https:\/\/www.oaxaca.gob.mx\/ieea\/wp-json\/wp\/v2\/media?parent=2583"}],"wp:term":[{"taxonomy":"category","embeddable":true,"href":"https:\/\/www.oaxaca.gob.mx\/ieea\/wp-json\/wp\/v2\/categories?post=2583"},{"taxonomy":"post_tag","embeddable":true,"href":"https:\/\/www.oaxaca.gob.mx\/ieea\/wp-json\/wp\/v2\/tags?post=2583"}],"curies":[{"name":"wp","href":"https:\/\/api.w.org\/{rel}","templated":true}]}}