{"id":2380,"date":"2018-01-18T09:30:09","date_gmt":"2018-01-18T15:30:09","guid":{"rendered":"https:\/\/www.oaxaca.gob.mx\/ieea\/?page_id=2380"},"modified":"2018-01-18T09:30:09","modified_gmt":"2018-01-18T15:30:09","slug":"presupuesto-4o-trimestre-2017","status":"publish","type":"page","link":"https:\/\/www.oaxaca.gob.mx\/ieea\/presupuesto-4o-trimestre-2017\/","title":{"rendered":"Presupuesto 4o trimestre 2017"},"content":{"rendered":"<p><a target=\"_blank\" href=\"\/ieea\/wp-content\/uploads\/sites\/49\/2018\/01\/ANALITICODE-CATEGORIA-PLAZAS-AUTORIZADAS-CON-SU-TABULADOR.pdf\" rel=\"noopener noreferrer\">ANALITICO DE CATEGORIA-PLAZAS AUTORIZADAS CON SU TABULADOR<\/a><\/p>\n<p><a target=\"_blank\" href=\"\/ieea\/wp-content\/uploads\/sites\/49\/2018\/01\/CAT\u00c1LOGO-DE-CATEGOR\u00cdAS-Y-TABULADORES.pdf\" rel=\"noopener noreferrer\">CAT\u00c1LOGO DE CATEGOR\u00cdAS Y TABULADORES<\/a><\/p>\n<p><a target=\"_blank\" href=\"\/ieea\/wp-content\/uploads\/sites\/49\/2018\/01\/CAT\u00c1LOGO-DE-PERCEPCIONES-Y-DEDUCCIONES.pdf\" rel=\"noopener noreferrer\">CAT\u00c1LOGO DE PERCEPCIONES Y DEDUCCIONES<\/a><\/p>\n<p><a target=\"_blank\" href=\"\/ieea\/wp-content\/uploads\/sites\/49\/2018\/01\/MOVIMIENTOS-DE-PERSONAL-POR-CENTRO-DE-TRABAJO.pdf\" rel=\"noopener noreferrer\">MOVIMIENTOS DE PERSONAL POR CENTRO DE TRABAJO<\/a><\/p>\n<p><a target=\"_blank\" href=\"\/ieea\/wp-content\/uploads\/sites\/49\/2018\/01\/MOVIMIENTOS-DE-PLAZAS.pdf\" rel=\"noopener noreferrer\">MOVIMIENTOS DE PLAZAS<\/a><\/p>\n<p><a target=\"_blank\" href=\"\/ieea\/wp-content\/uploads\/sites\/49\/2018\/01\/OFICIO-CONAC-4\u00b0-TRIMESTRE.pdf\" rel=\"noopener noreferrer\">OFICIO CONAC 4\u00b0 TRIMESTRE<\/a><\/p>\n<p><a target=\"_blank\" href=\"\/ieea\/wp-content\/uploads\/sites\/49\/2018\/01\/PERSONAL-COMISIONADO.pdf\" rel=\"noopener noreferrer\">PERSONAL COMISIONADO<\/a><\/p>\n<p><a target=\"_blank\" href=\"\/ieea\/wp-content\/uploads\/sites\/49\/2018\/01\/PERSONAL-CON-LICENCIA.pdf\" rel=\"noopener noreferrer\">PERSONAL CON LICENCIA<\/a><\/p>\n<p><a target=\"_blank\" href=\"\/ieea\/wp-content\/uploads\/sites\/49\/2018\/01\/PERSONAL-FEDERALIZADO-POR-REGISTRO-FEDERAL-DE-CONTRIBUYENTES.pdf\" rel=\"noopener noreferrer\">PERSONAL FEDERALIZADO POR REGISTRO FEDERAL DE CONTRIBUYENTES<\/a><\/p>\n<p><a target=\"_blank\" href=\"\/ieea\/wp-content\/uploads\/sites\/49\/2018\/01\/PLAZA-FUNCION.pdf\" rel=\"noopener noreferrer\">PLAZA-FUNCION<\/a><\/p>\n<p><a target=\"_blank\" href=\"\/ieea\/wp-content\/uploads\/sites\/49\/2018\/01\/REGISTRO-FEDERAL-DE-CONTRIBUYENTES-DE-TRABAJADORES-CON-PAGOS-RETROACTIVOS.pdf\" rel=\"noopener noreferrer\">REGISTRO FEDERAL DE CONTRIBUYENTES DE TRABAJADORES CON PAGOS RETROACTIVOS<\/a><\/p>\n<p><a target=\"_blank\" href=\"\/ieea\/wp-content\/uploads\/sites\/49\/2018\/01\/REPORTE-GENERAL-DE-MOVIMIENTOS-DE-PERSONAL.pdf\" rel=\"noopener noreferrer\">REPORTE GENERAL DE MOVIMIENTOS DE PERSONAL<\/a><\/p>\n<p><a target=\"_blank\" href=\"\/ieea\/wp-content\/uploads\/sites\/49\/2018\/01\/TRABAJADORES-CON-DOBLE-ASIGNACI\u00d3N-SALARIAL-EN-MUNICIPIOS-NO-COLINDANTES.pdf\" rel=\"noopener noreferrer\">TRABAJADORES CON DOBLE ASIGNACI\u00d3N SALARIAL EN MUNICIPIOS NO COLINDANTES<\/a><\/p>\n<p><a target=\"_blank\" href=\"\/ieea\/wp-content\/uploads\/sites\/49\/2018\/01\/TRABAJADORES-CONTRATADOS-POR-HONORARIOS-EN-EL-PERIODO.pdf\" rel=\"noopener noreferrer\">TRABAJADORES CONTRATADOS POR HONORARIOS EN EL PERIODO<\/a><\/p>\n<p><a target=\"_blank\" href=\"\/ieea\/wp-content\/uploads\/sites\/49\/2018\/01\/TRABAJADORES-CUYO-SALARIO-B\u00c1SICO-SUPERE-LOS-INGRESOS-PROMEDIO-DE-UN-DOCENTE.pdf\" rel=\"noopener noreferrer\">TRABAJADORES CUYO SALARIO B\u00c1SICO SUPERE LOS INGRESOS PROMEDIO DE UN DOCENTE<\/a><\/p>\n<p><a target=\"_blank\" href=\"\/ieea\/wp-content\/uploads\/sites\/49\/2018\/01\/TRABAJADORES-JUBILADOS-EN-EL-PERIODO.pdf\" rel=\"noopener noreferrer\">TRABAJADORES JUBILADOS EN EL PERIODO<\/a><\/p>\n<p><a target=\"_blank\" href=\"\/ieea\/wp-content\/uploads\/sites\/49\/2018\/01\/TRABAJADORES-OCUPANDO-PLAZAS-QUE-SUPERAN-EL-N\u00daMERO-DE-HORAS-DE-COMPATIBILIDAD-AUTORIZADA.pdf\" rel=\"noopener noreferrer\">TRABAJADORES OCUPANDO PLAZAS QUE SUPERAN EL N\u00daMERO DE HORAS DE COMPATIBILIDAD AUTORIZADA<\/a><\/p>\n<p><a target=\"_blank\" href=\"\/ieea\/wp-content\/uploads\/sites\/49\/2018\/01\/TRABAJADORES-QUE-COBRAN-CON-RFC-CURP-CON-FORMATO-INCORRECTO.pdf\" rel=\"noopener noreferrer\">TRABAJADORES QUE COBRAN CON RFC-CURP CON FORMATO INCORRECTO<\/a><\/p>\n<p><a target=\"_blank\" href=\"\/ieea\/wp-content\/uploads\/sites\/49\/2018\/01\/TRABAJADORES-QUE-TRAMITARON-LICENCIA-PREJUBILATORIA-EN-EL-PERIODO.pdf\" rel=\"noopener noreferrer\">TRABAJADORES QUE TRAMITARON LICENCIA PREJUBILATORIA EN EL PERIODO<\/a><\/p>\n<p><a target=\"_blank\" href=\"\/ieea\/wp-content\/uploads\/sites\/49\/2018\/01\/pagos-por-ayudas-subsidios-4\u00ba-trimestre.pdf\" rel=\"noopener noreferrer\">Pagos por ayudas subsidios 4\u00ba trimestre<\/a><\/p>\n<p><a target=\"_blank\" href=\"\/ieea\/wp-content\/uploads\/sites\/49\/2018\/01\/Estado-Financiero-Octubre-.pdf\" rel=\"noopener noreferrer\">Estado Financiero Octubre<\/a><\/p>\n<p><a target=\"_blank\" href=\"\/ieea\/wp-content\/uploads\/sites\/49\/2018\/01\/Estado-Financiero-Noviembre.pdf\" rel=\"noopener noreferrer\">Estado Financiero Noviembre<\/a><\/p>\n<p><a target=\"_blank\" href=\"\/ieea\/wp-content\/uploads\/sites\/49\/2018\/01\/Estado-Financiero-Diciembre.pdf\" rel=\"noopener noreferrer\">Estado Financiero Diciembre<\/a><\/p>\n<p><a target=\"_blank\" href=\"\/ieea\/wp-content\/uploads\/sites\/49\/2018\/01\/Cuenta_publica_cuarto_trimestre_-2017.pdf\" rel=\"noopener noreferrer\">Cuenta publica cuarto trimestre 2017<\/a><\/p>\n<h2>PASH<\/h2>\n<p><a target=\"_blank\" href=\"\/ieea\/wp-content\/uploads\/sites\/49\/2018\/01\/FINANCIERO-FAETA.xls\" rel=\"noopener noreferrer\">FINANCIERO-FAETA<\/a><\/p>\n<p><a target=\"_blank\" href=\"\/ieea\/wp-content\/uploads\/sites\/49\/2018\/01\/FINANCIERO-RAMO-11.xls\" rel=\"noopener noreferrer\">FINANCIERO-RAMO 11<\/a><\/p>\n<p><a target=\"_blank\" href=\"\/ieea\/wp-content\/uploads\/sites\/49\/2018\/01\/INDICADORES-PASH.xls\" rel=\"noopener noreferrer\">INDICADORES-PASH<\/a>\t\t<\/p>\n","protected":false},"excerpt":{"rendered":"<p>ANALITICO DE CATEGORIA-PLAZAS AUTORIZADAS CON SU TABULADOR CAT\u00c1LOGO DE CATEGOR\u00cdAS Y TABULADORES CAT\u00c1LOGO DE PERCEPCIONES Y DEDUCCIONES MOVIMIENTOS DE PERSONAL POR CENTRO DE TRABAJO MOVIMIENTOS DE PLAZAS OFICIO CONAC 4\u00b0 TRIMESTRE PERSONAL COMISIONADO PERSONAL CON LICENCIA PERSONAL FEDERALIZADO POR REGISTRO FEDERAL DE CONTRIBUYENTES PLAZA-FUNCION REGISTRO FEDERAL DE CONTRIBUYENTES DE TRABAJADORES CON PAGOS RETROACTIVOS REPORTE GENERAL [&hellip;]<\/p>\n","protected":false},"author":1,"featured_media":0,"parent":0,"menu_order":0,"comment_status":"closed","ping_status":"closed","template":"","meta":{"episode_type":"","audio_file":"","podmotor_file_id":"","podmotor_episode_id":"","cover_image":"","cover_image_id":"","duration":"","filesize":"","filesize_raw":"","date_recorded":"","explicit":"","block":"","itunes_episode_number":"","itunes_title":"","itunes_season_number":"","itunes_episode_type":"","footnotes":""},"categories":[],"tags":[],"class_list":["post-2380","page","type-page","status-publish","hentry"],"acf":[],"publishpress_future_action":{"enabled":false,"date":"2026-04-20 12:33:58","action":"change-status","newStatus":"draft","terms":[],"taxonomy":"category","extraData":[]},"publishpress_future_workflow_manual_trigger":{"enabledWorkflows":[]},"_links":{"self":[{"href":"https:\/\/www.oaxaca.gob.mx\/ieea\/wp-json\/wp\/v2\/pages\/2380","targetHints":{"allow":["GET"]}}],"collection":[{"href":"https:\/\/www.oaxaca.gob.mx\/ieea\/wp-json\/wp\/v2\/pages"}],"about":[{"href":"https:\/\/www.oaxaca.gob.mx\/ieea\/wp-json\/wp\/v2\/types\/page"}],"author":[{"embeddable":true,"href":"https:\/\/www.oaxaca.gob.mx\/ieea\/wp-json\/wp\/v2\/users\/1"}],"replies":[{"embeddable":true,"href":"https:\/\/www.oaxaca.gob.mx\/ieea\/wp-json\/wp\/v2\/comments?post=2380"}],"version-history":[{"count":0,"href":"https:\/\/www.oaxaca.gob.mx\/ieea\/wp-json\/wp\/v2\/pages\/2380\/revisions"}],"wp:attachment":[{"href":"https:\/\/www.oaxaca.gob.mx\/ieea\/wp-json\/wp\/v2\/media?parent=2380"}],"wp:term":[{"taxonomy":"category","embeddable":true,"href":"https:\/\/www.oaxaca.gob.mx\/ieea\/wp-json\/wp\/v2\/categories?post=2380"},{"taxonomy":"post_tag","embeddable":true,"href":"https:\/\/www.oaxaca.gob.mx\/ieea\/wp-json\/wp\/v2\/tags?post=2380"}],"curies":[{"name":"wp","href":"https:\/\/api.w.org\/{rel}","templated":true}]}}