{"id":2300,"date":"2017-10-04T09:56:43","date_gmt":"2017-10-04T15:56:43","guid":{"rendered":"https:\/\/www.oaxaca.gob.mx\/ieea\/?page_id=2300"},"modified":"2017-10-04T09:56:43","modified_gmt":"2017-10-04T15:56:43","slug":"presupuesto-3er-trimestre-2017","status":"publish","type":"page","link":"https:\/\/www.oaxaca.gob.mx\/ieea\/presupuesto-3er-trimestre-2017\/","title":{"rendered":"Presupuesto 3er trimestre 2017"},"content":{"rendered":"<p><a target=\"_blank\" href=\"\/ieea\/wp-content\/uploads\/sites\/49\/2017\/10\/Anal\u00edtico-de-Categor\u00edas-Plazas-Autorizadas-con-su-Tabulador.pdf\" rel=\"noopener noreferrer\">Anal\u00edtico de Categor\u00edas Plazas Autorizadas con su Tabulador<\/a><\/p>\n<p><a target=\"_blank\" href=\"\/ieea\/wp-content\/uploads\/sites\/49\/2017\/10\/Cat\u00e1logo-de-Categor\u00edas-y-Tabuladores.pdf\" rel=\"noopener noreferrer\">Cat\u00e1logo de Categor\u00edas y Tabuladores<\/a><\/p>\n<p><a target=\"_blank\" href=\"\/ieea\/wp-content\/uploads\/sites\/49\/2017\/10\/Cat\u00e1logo-de-Percepciones-y-Deducciones.pdf\" rel=\"noopener noreferrer\">Cat\u00e1logo de Percepciones y Deducciones<\/a><\/p>\n<p><a target=\"_blank\" href=\"\/ieea\/wp-content\/uploads\/sites\/49\/2017\/10\/Movimientos-de-Plazas.pdf\" rel=\"noopener noreferrer\">Movimientos de Plazas<\/a><\/p>\n<p><a target=\"_blank\" href=\"\/ieea\/wp-content\/uploads\/sites\/49\/2017\/10\/Personal-Comisionado.pdf\" rel=\"noopener noreferrer\">Personal Comisionado<\/a><\/p>\n<p><a target=\"_blank\" href=\"\/ieea\/wp-content\/uploads\/sites\/49\/2017\/10\/Personal-con-Licencia.pdf\" rel=\"noopener noreferrer\">Personal con Licencia<\/a><\/p>\n<p><a target=\"_blank\" href=\"\/ieea\/wp-content\/uploads\/sites\/49\/2017\/10\/Personal-Federalizado-por-Registro-Federal-de-Contribuyentes.pdf\" rel=\"noopener noreferrer\">Personal Federalizado por Registro Federal de Contribuyentes<\/a><\/p>\n<p><a target=\"_blank\" href=\"\/ieea\/wp-content\/uploads\/sites\/49\/2017\/10\/Plaza-Funci\u00f3n.pdf\" rel=\"noopener noreferrer\">Plaza Funci\u00f3n<\/a><\/p>\n<p><a target=\"_blank\" href=\"\/ieea\/wp-content\/uploads\/sites\/49\/2017\/10\/Registro-Federal-de-Contribuyentes-de-Trabajadores-con-Pagos-Retroactivos.pdf\" rel=\"noopener noreferrer\">Registro Federal de Contribuyentes de Trabajadores con Pagos Retroactivos<\/a><\/p>\n<p><a target=\"_blank\" href=\"\/ieea\/wp-content\/uploads\/sites\/49\/2017\/10\/Trabajadores-con-Doble-Asignaci\u00f3n-Salarial-en-Municipios-no-Colindantes-Geogr\u00e1ficamente.pdf\" rel=\"noopener noreferrer\">Trabajadores con Doble Asignaci\u00f3n Salarial en Municipios no Colindantes Geogr\u00e1ficamente<\/a><\/p>\n<p><a target=\"_blank\" href=\"\/ieea\/wp-content\/uploads\/sites\/49\/2017\/10\/Trabajadores-Contratados-por-Honorarios-en-el-Periodo.pdf\" rel=\"noopener noreferrer\">Trabajadores Contratados por Honorarios en el Periodo<\/a><\/p>\n<p><a target=\"_blank\" href=\"\/ieea\/wp-content\/uploads\/sites\/49\/2017\/10\/Trabajadores-Cuyo-Salario-B\u00e1sico-Supere-los-Ingresos-Promedio-de-un-Docente.pdf\" rel=\"noopener noreferrer\">Trabajadores Cuyo Salario B\u00e1sico Supere los Ingresos Promedio de un Docente<\/a><\/p>\n<p><a target=\"_blank\" href=\"\/ieea\/wp-content\/uploads\/sites\/49\/2017\/10\/Trabajadores-Jubilados-en-el-Periodo.pdf\" rel=\"noopener noreferrer\">Trabajadores Jubilados en el Periodo<\/a><\/p>\n<p><a target=\"_blank\" href=\"\/ieea\/wp-content\/uploads\/sites\/49\/2017\/10\/Trabajadores-Ocupando-Plazas-que-Superan-el-N\u00famero-de-Horas-de-Compatibilidad-Autorizadas.pdf\" rel=\"noopener noreferrer\">Trabajadores Ocupando Plazas que Superan el N\u00famero de Horas de Compatibilidad Autorizadas<\/a><\/p>\n<p><a target=\"_blank\" href=\"\/ieea\/wp-content\/uploads\/sites\/49\/2017\/10\/Trabajadores-que-Cobran-con-RFC-CURP-con-Formato-Incorrecto.pdf\" rel=\"noopener noreferrer\">Trabajadores que Cobran con RFC CURP con Formato Incorrecto<\/a><\/p>\n<p><a target=\"_blank\" href=\"\/ieea\/wp-content\/uploads\/sites\/49\/2017\/10\/Trabajadores-que-Tramitaron-Licencia-Prejubilatoria-en-el-Periodo.pdf\" rel=\"noopener noreferrer\">Trabajadores que Tramitaron Licencia Prejubilatoria en el Periodo<\/a><\/p>\n<p><a target=\"_blank\" href=\"\/ieea\/wp-content\/uploads\/sites\/49\/2017\/10\/pagos-por-ayudas-subsidios-3er-trimestre-2017-.pdf\" rel=\"noopener noreferrer\">Pagos por ayudas subsidios 3er trimestre 2017<\/a><\/p>\n<p><a target=\"_blank\" href=\"\/ieea\/wp-content\/uploads\/sites\/49\/2017\/10\/EdoFinancieroAgosto2017.pdf\" rel=\"noopener noreferrer\">Edo Financiero Agosto 2017<\/a><\/p>\n<p><a target=\"_blank\" href=\"\/ieea\/wp-content\/uploads\/sites\/49\/2017\/10\/EdoFinancieroJulio2017.pdf\" rel=\"noopener noreferrer\">Edo Financiero Julio 2017<\/a><\/p>\n<p><a target=\"_blank\" href=\"\/ieea\/wp-content\/uploads\/sites\/49\/2017\/10\/EdoFinancieroseptiembre2017.pdf\" rel=\"noopener noreferrer\">Edo Financiero septiembre 2017<\/a><\/p>\n<p><a target=\"_blank\" href=\"\/ieea\/wp-content\/uploads\/sites\/49\/2017\/10\/Cuenta_publica_tercer_trimestre_-2017.pdf\" rel=\"noopener noreferrer\">Cuenta publica tercer trimestre 2017<\/a><\/p>\n<p>&nbsp;<\/p>\n<h2>PASH<\/h2>\n<p><a target=\"_blank\" href=\"\/ieea\/wp-content\/uploads\/sites\/49\/2017\/10\/FINANCIERO-FAETA.xls\" rel=\"noopener noreferrer\">FINANCIERO FAETA<\/a><\/p>\n<p><a target=\"_blank\" href=\"\/ieea\/wp-content\/uploads\/sites\/49\/2017\/10\/FINANCIERO-RAMO11.xls\" rel=\"noopener noreferrer\">FINANCIERO RAMO 11<\/a><\/p>\n<p><a target=\"_blank\" href=\"\/ieea\/wp-content\/uploads\/sites\/49\/2017\/10\/INDICADORES-PASH.xls\" rel=\"noopener noreferrer\">INDICADORES PASH<\/a>\t\t<\/p>\n","protected":false},"excerpt":{"rendered":"<p>Anal\u00edtico de Categor\u00edas Plazas Autorizadas con su Tabulador Cat\u00e1logo de Categor\u00edas y Tabuladores Cat\u00e1logo de Percepciones y Deducciones Movimientos de Plazas Personal Comisionado Personal con Licencia Personal Federalizado por Registro Federal de Contribuyentes Plaza Funci\u00f3n Registro Federal de Contribuyentes de Trabajadores con Pagos Retroactivos Trabajadores con Doble Asignaci\u00f3n Salarial en Municipios no Colindantes Geogr\u00e1ficamente Trabajadores [&hellip;]<\/p>\n","protected":false},"author":1,"featured_media":0,"parent":0,"menu_order":0,"comment_status":"closed","ping_status":"closed","template":"","meta":{"episode_type":"","audio_file":"","podmotor_file_id":"","podmotor_episode_id":"","cover_image":"","cover_image_id":"","duration":"","filesize":"","filesize_raw":"","date_recorded":"","explicit":"","block":"","itunes_episode_number":"","itunes_title":"","itunes_season_number":"","itunes_episode_type":"","footnotes":""},"categories":[],"tags":[],"class_list":["post-2300","page","type-page","status-publish","hentry"],"acf":[],"publishpress_future_action":{"enabled":false,"date":"2026-04-20 12:34:15","action":"change-status","newStatus":"draft","terms":[],"taxonomy":"category","extraData":[]},"publishpress_future_workflow_manual_trigger":{"enabledWorkflows":[]},"_links":{"self":[{"href":"https:\/\/www.oaxaca.gob.mx\/ieea\/wp-json\/wp\/v2\/pages\/2300","targetHints":{"allow":["GET"]}}],"collection":[{"href":"https:\/\/www.oaxaca.gob.mx\/ieea\/wp-json\/wp\/v2\/pages"}],"about":[{"href":"https:\/\/www.oaxaca.gob.mx\/ieea\/wp-json\/wp\/v2\/types\/page"}],"author":[{"embeddable":true,"href":"https:\/\/www.oaxaca.gob.mx\/ieea\/wp-json\/wp\/v2\/users\/1"}],"replies":[{"embeddable":true,"href":"https:\/\/www.oaxaca.gob.mx\/ieea\/wp-json\/wp\/v2\/comments?post=2300"}],"version-history":[{"count":0,"href":"https:\/\/www.oaxaca.gob.mx\/ieea\/wp-json\/wp\/v2\/pages\/2300\/revisions"}],"wp:attachment":[{"href":"https:\/\/www.oaxaca.gob.mx\/ieea\/wp-json\/wp\/v2\/media?parent=2300"}],"wp:term":[{"taxonomy":"category","embeddable":true,"href":"https:\/\/www.oaxaca.gob.mx\/ieea\/wp-json\/wp\/v2\/categories?post=2300"},{"taxonomy":"post_tag","embeddable":true,"href":"https:\/\/www.oaxaca.gob.mx\/ieea\/wp-json\/wp\/v2\/tags?post=2300"}],"curies":[{"name":"wp","href":"https:\/\/api.w.org\/{rel}","templated":true}]}}