{"id":2196,"date":"2017-09-06T17:59:39","date_gmt":"2017-09-06T23:59:39","guid":{"rendered":"https:\/\/www.oaxaca.gob.mx\/ieea\/?page_id=2196"},"modified":"2017-09-06T17:59:39","modified_gmt":"2017-09-06T23:59:39","slug":"convenios","status":"publish","type":"page","link":"https:\/\/www.oaxaca.gob.mx\/ieea\/convenios\/","title":{"rendered":"Convenios"},"content":{"rendered":"<p>La firma de los diferentes convenios entre el Instituto Estatal de Educaci\u00f3n para Adultos (IEEA), servir\u00e1 para establecer las bases generales de colaboraci\u00f3n entre las diversas dependencias y organizaciones, \u00a0con esto, se pretende realizar acciones conjuntas tendientes a promover, organizar y establecer programas educativos en Alfabetizaci\u00f3n, Educaci\u00f3n Primaria y Secundaria para personas de 15 a\u00f1os y m\u00e1s que se encuentren en rezago educativo, logrando con esto, que concluyan satisfactoriamente sus estudios; en beneficio propio y de la sociedad en el marco de la <strong>\u201cCampa\u00f1a Nacional de Alfabetizaci\u00f3n y Abatimiento del Rezago Educativo\u201d<\/strong>.<br \/>\n&nbsp;<br \/>\n\n<table id=\"tablepress-14\" class=\"tablepress tablepress-id-14\">\n<tbody>\n<tr class=\"row-1\">\n\t<td class=\"column-1\"><a target=\"_blank\" href=\"\/ieea\/wp-content\/uploads\/sites\/49\/2017\/09\/convenio-IEEA-secretaria-de-administracion-2017.pdf\"><img loading=\"lazy\" decoding=\"async\" src=\"\/ieea\/wp-content\/uploads\/sites\/49\/2017\/09\/administracion2.png\" alt=\"administracion2\" width=\"250\" height=\"52\" class=\"aligncenter size-full wp-image-2235\"\/><\/a><\/td><td class=\"column-2\"><a target=\"_blank\" href=\"\/ieea\/wp-content\/uploads\/sites\/49\/2017\/09\/Convenio-IEEA-SECRETARIA-DE-LA-MUJER-2017.pdf\"><img loading=\"lazy\" decoding=\"async\" src=\"\/ieea\/wp-content\/uploads\/sites\/49\/2017\/09\/SMO2.jpg\" alt=\"SMO2\" width=\"250\" height=\"64\" class=\"aligncenter size-full wp-image-2236\"\/><\/a><\/td><td class=\"column-3\"><a target=\"_blank\" href=\"\/ieea\/wp-content\/uploads\/sites\/49\/2017\/09\/CONVENIO-IEEA-SRIA.-ECONOMIA-2017.pdf\"><img loading=\"lazy\" decoding=\"async\" src=\"\/ieea\/wp-content\/uploads\/sites\/49\/2017\/09\/Econom\u00eda2.png\" alt=\"Econom\u00eda2\" width=\"250\" height=\"50\" class=\"aligncenter size-full wp-image-2237\"\/><\/a><\/td>\n<\/tr>\n<tr class=\"row-2\">\n\t<td class=\"column-1\"><a target=\"_blank\" href=\"\/ieea\/wp-content\/uploads\/sites\/49\/2017\/09\/Convenio-CANADEVI-2017.pdf\"><img loading=\"lazy\" decoding=\"async\" src=\"\/ieea\/wp-content\/uploads\/sites\/49\/2017\/09\/logo_canadevi_jpg2.jpg\" alt=\"logo_canadevi_jpg2\" width=\"250\" height=\"102\" class=\"aligncenter size-full wp-image-2239\"\/><\/a><\/td><td class=\"column-2\"><a target=\"_blank\" href=\"\/ieea\/wp-content\/uploads\/sites\/49\/2017\/09\/Convenio-IEEA-FINANCIERA-CONTIGO-2017.pdf\"><img loading=\"lazy\" decoding=\"async\" src=\"\/ieea\/wp-content\/uploads\/sites\/49\/2017\/09\/contigo2.jpg\" alt=\"contigo2\" width=\"250\" height=\"73\" class=\"aligncenter size-full wp-image-2240\"\/><\/a><\/td><td class=\"column-3\"><a target=\"_blank\" href=\"\/ieea\/wp-content\/uploads\/sites\/49\/2017\/09\/CONVENIO-IEEA-MINERA-DON-DAVID-GOLD-MEXICO-2017.pdf\"><img loading=\"lazy\" decoding=\"async\" src=\"\/ieea\/wp-content\/uploads\/sites\/49\/2017\/09\/don-david.png\" alt=\"don david\" width=\"225\" height=\"85\" class=\"aligncenter size-full wp-image-2241\"\/><\/a><\/td>\n<\/tr>\n<tr class=\"row-3\">\n\t<td class=\"column-1\"><a target=\"_blank\" href=\"\/ieea\/wp-content\/uploads\/sites\/49\/2017\/09\/Convenio-IEEA-COPARMEX-2017.pdf\"><img loading=\"lazy\" decoding=\"async\" src=\"\/ieea\/wp-content\/uploads\/sites\/49\/2017\/09\/coparmex2.png\" alt=\"coparmex2\" width=\"250\" height=\"210\" class=\"aligncenter size-full wp-image-2243\"\/><\/a><\/td><td class=\"column-2\"><a target=\"_blank\" href=\"\/ieea\/wp-content\/uploads\/sites\/49\/2017\/09\/convenio-ieea-voceadores-02-05-17.pdf\"><img loading=\"lazy\" decoding=\"async\" src=\"\/ieea\/wp-content\/uploads\/sites\/49\/2017\/09\/voceadores2.png\" alt=\"voceadores2\" width=\"250\" height=\"188\" class=\"aligncenter size-full wp-image-2244\"\/><\/a><\/td><td class=\"column-3\"><a target=\"_blank\" href=\"\/ieea\/wp-content\/uploads\/sites\/49\/2017\/09\/Convenio-IEEA-AGENCIA-LOS-AUDELO-2017.pdf\"><img loading=\"lazy\" decoding=\"async\" src=\"\/ieea\/wp-content\/uploads\/sites\/49\/2017\/09\/escudolosaudelo2-235x300.jpg\" alt=\"escudolosaudelo2\" width=\"235\" height=\"300\" class=\"aligncenter size-medium wp-image-2247\" srcset=\"https:\/\/www.oaxaca.gob.mx\/ieea\/wp-content\/uploads\/sites\/49\/2017\/09\/escudolosaudelo2-235x300.jpg 235w, https:\/\/www.oaxaca.gob.mx\/ieea\/wp-content\/uploads\/sites\/49\/2017\/09\/escudolosaudelo2.jpg 250w\" sizes=\"auto, (max-width: 235px) 100vw, 235px\" \/><\/a><\/td>\n<\/tr>\n<tr class=\"row-4\">\n\t<td class=\"column-1\"><a target=\"_blank\" href=\"\/ieea\/wp-content\/uploads\/sites\/49\/2017\/09\/CONVENIO-DIF-IEEA-2017.pdf\"><img loading=\"lazy\" decoding=\"async\" src=\"\/ieea\/wp-content\/uploads\/sites\/49\/2017\/09\/logo-dif.png\" alt=\"logo dif\" width=\"170\" height=\"114\" class=\"aligncenter size-full wp-image-2245\"\/><\/a><\/td><td class=\"column-2\"><a target=\"_blank\" href=\"\/ieea\/wp-content\/uploads\/sites\/49\/2017\/09\/Convenio-IEEA-FTMAC-VF-TELETON-2017.pdf\"><img loading=\"lazy\" decoding=\"async\" src=\"\/ieea\/wp-content\/uploads\/sites\/49\/2017\/09\/logo_teleton.png\" alt=\"logo_teleton\" width=\"124\" height=\"144\" class=\"aligncenter size-full wp-image-2248\"\/><\/a><\/td><td class=\"column-3\"><a target=\"_blank\" href=\"\/ieea\/wp-content\/uploads\/sites\/49\/2018\/06\/Convenio-IEEA-AC-ALTRUISTA-PARA-IMPRESION1.pdf\"><img loading=\"lazy\" decoding=\"async\" src=\"\/ieea\/wp-content\/uploads\/sites\/49\/2018\/06\/iDezYJ56_400x400.jpg\" alt=\"logo_fundacion\" width=\"124\" height=\"144\" class=\"aligncenter size-full wp-image-2248\"\/><\/a><\/td>\n<\/tr>\n<tr class=\"row-5\">\n\t<td class=\"column-1\"><a target=\"_blank\" href=\"\/ieea\/wp-content\/uploads\/sites\/49\/2018\/06\/CONVENIO-IEEA-INM-2018-FINAL1.pdf\"><br \/>\n<img loading=\"lazy\" decoding=\"async\" src=\"\/ieea\/wp-content\/uploads\/sites\/49\/2018\/06\/INM1.png\" alt=\"INM1\" width=\"281\" height=\"144\" class=\"aligncenter size-full wp-image-2525\"\/><\/a><\/td><td class=\"column-2\"><a target=\"_blank\" href=\"\/ieea\/wp-content\/uploads\/sites\/49\/2018\/06\/IEEA-XOXO1.pdf\"><br \/>\n<img loading=\"lazy\" decoding=\"async\" src=\"\/ieea\/wp-content\/uploads\/sites\/49\/2018\/06\/Imagen-1-300x120.png\" alt=\"Imagen-1-300x120\" width=\"300\" height=\"120\" class=\"aligncenter size-full wp-image-2524\"\/><\/a><\/td><td class=\"column-3\"><a target=\"_blank\" href=\"\/ieea\/wp-content\/uploads\/sites\/49\/2018\/06\/CONVENIO-HENESTROSA-IEEA1.pdf\"><img loading=\"lazy\" decoding=\"async\" src=\"\/ieea\/wp-content\/uploads\/sites\/49\/2018\/06\/logo_ec_oaxaca01.jpg\" alt=\"logo_ec_oaxaca01\" width=\"172\" height=\"144\" class=\"aligncenter size-full wp-image-2522\"\/><\/a><\/td>\n<\/tr>\n<tr class=\"row-6\">\n\t<td class=\"column-1\"><a target=\"_blank\" href=\"\/ieea\/wp-content\/uploads\/sites\/49\/2018\/07\/CONVENIO-MUNICIPIO-OAXACA-DE-JUAREZ-1.pdf\"><img decoding=\"async\" src=\"\/ieea\/wp-content\/uploads\/sites\/49\/2018\/06\/logo-b-ffe6d2211423d358b232087fa4ea0c57367b4f66eafc2b11c9ac678248f61ce62.png\" alt=\"Oaxaca\" class=\"aligncenter size-thumbnail wp-image-2532\"\/><\/a><\/td><td class=\"column-2\"><a target=\"_blank\" href=\"\/ieea\/wp-content\/uploads\/sites\/49\/2018\/07\/IEEA-DIGEPO.pdf\"><img loading=\"lazy\" decoding=\"async\" src=\"\/ieea\/wp-content\/uploads\/sites\/49\/2018\/07\/logo_digepo.jpg\" alt=\"logo_digepo\" width=\"121\" height=\"60\" class=\"aligncenter size-full wp-image-2596\"\/><\/a><\/td><td class=\"column-3\"><a target=\"_blank\" href=\"\/ieea\/wp-content\/uploads\/sites\/49\/2018\/07\/IEEA-IEBO.pdf\"><img loading=\"lazy\" decoding=\"async\" src=\"\/ieea\/wp-content\/uploads\/sites\/49\/2018\/07\/iebo-150x60.jpg\" alt=\"Imprimir\" width=\"150\" height=\"60\" class=\"aligncenter size-thumbnail wp-image-2598\" srcset=\"https:\/\/www.oaxaca.gob.mx\/ieea\/wp-content\/uploads\/sites\/49\/2018\/07\/iebo-150x60.jpg 150w, https:\/\/www.oaxaca.gob.mx\/ieea\/wp-content\/uploads\/sites\/49\/2018\/07\/iebo.jpg 153w\" sizes=\"auto, (max-width: 150px) 100vw, 150px\" \/><\/a><\/td>\n<\/tr>\n<tr class=\"row-7\">\n\t<td class=\"column-1\"><a target=\"_blank\" href=\"\/ieea\/wp-content\/uploads\/sites\/49\/2018\/07\/IEEA-PITICO.pdf\"><img loading=\"lazy\" decoding=\"async\" src=\"\/ieea\/wp-content\/uploads\/sites\/49\/2018\/07\/pitico-1-150x150.png\" alt=\"pitico (1)\" width=\"150\" height=\"150\" class=\"aligncenter size-thumbnail wp-image-2601\"\/><\/a><\/td><td class=\"column-2\"><a target=\"_blank\" href=\"\/ieea\/wp-content\/uploads\/sites\/49\/2018\/08\/Convenio-IEEA-CSEIIO.pdf\"><img loading=\"lazy\" decoding=\"async\" src=\"\/ieea\/wp-content\/uploads\/sites\/49\/2018\/08\/apple-touch-icon.png\" alt=\"CSEIIO\" width=\"180\" height=\"180\" class=\"aligncenter size-full wp-image-2706\" srcset=\"https:\/\/www.oaxaca.gob.mx\/ieea\/wp-content\/uploads\/sites\/49\/2018\/08\/apple-touch-icon.png 180w, https:\/\/www.oaxaca.gob.mx\/ieea\/wp-content\/uploads\/sites\/49\/2018\/08\/apple-touch-icon-150x150.png 150w\" sizes=\"auto, (max-width: 180px) 100vw, 180px\" \/><\/a><\/td><td class=\"column-3\"><a target=\"_blank\" href=\"\/ieea\/wp-content\/uploads\/sites\/49\/2018\/09\/CONVENIO-SEMAEDESO-IEEA-1.pdf\"><img loading=\"lazy\" decoding=\"async\" src=\"\/ieea\/wp-content\/uploads\/sites\/49\/2018\/09\/semaedeso2.jpg\" alt=\"semaedeso2\" width=\"300\" height=\"98\" class=\"aligncenter size-full wp-image-2716\"\/><\/a><\/td>\n<\/tr>\n<tr class=\"row-8\">\n\t<td class=\"column-1\"><a target=\"_blank\" href=\"\/ieea\/wp-content\/uploads\/sites\/49\/2018\/09\/CONVENIO-IEEA-ICEUABJO.pdf\"><img loading=\"lazy\" decoding=\"async\" src=\"\/ieea\/wp-content\/uploads\/sites\/49\/2018\/09\/uabjo_.jpg\" alt=\"uabjo_\" width=\"180\" height=\"228\" class=\"aligncenter size-full wp-image-2726\"\/><\/a><\/td><td class=\"column-2\"><a target=\"_blank\" href=\"\/ieea\/wp-content\/uploads\/sites\/49\/2018\/10\/Convenio-IEEA-CONALEP.pdf\"><img loading=\"lazy\" decoding=\"async\" src=\"\/ieea\/wp-content\/uploads\/sites\/49\/2018\/10\/Conalep.png\" alt=\"Conalep\" width=\"200\" height=\"169\" class=\"aligncenter size-full wp-image-2768\"\/><\/a><\/td><td class=\"column-3\"><a target=\"_blank\" href=\"\/ieea\/wp-content\/uploads\/sites\/49\/2019\/04\/222CONVENIO-CECATI-2018.pdf\"><img loading=\"lazy\" decoding=\"async\" src=\"\/ieea\/wp-content\/uploads\/sites\/49\/2019\/04\/1407949680_XXL.jpg\" alt=\"1407949680_XXL\" width=\"200\" height=\"200\" class=\"aligncenter size-full wp-image-3293\" srcset=\"https:\/\/www.oaxaca.gob.mx\/ieea\/wp-content\/uploads\/sites\/49\/2019\/04\/1407949680_XXL.jpg 200w, https:\/\/www.oaxaca.gob.mx\/ieea\/wp-content\/uploads\/sites\/49\/2019\/04\/1407949680_XXL-150x150.jpg 150w\" sizes=\"auto, (max-width: 200px) 100vw, 200px\" \/><\/a><\/td>\n<\/tr>\n<tr class=\"row-9\">\n\t<td class=\"column-1\"><a target=\"_blank\" href=\"\/ieea\/wp-content\/uploads\/sites\/49\/2019\/04\/555CONVENIO-SSPO.pdf\"><img loading=\"lazy\" decoding=\"async\" src=\"\/ieea\/wp-content\/uploads\/sites\/49\/2019\/04\/sspo1.png\" alt=\"sspo\" width=\"260\" height=\"200\" class=\"aligncenter size-full wp-image-3307\"\/><\/a><\/td><td class=\"column-2\"><a target=\"_blank\" href=\"\/ieea\/wp-content\/uploads\/sites\/49\/2019\/04\/444CONVENIO-UNION-CAMPESINA.pdf\"><img loading=\"lazy\" decoding=\"async\" src=\"\/ieea\/wp-content\/uploads\/sites\/49\/2019\/04\/ugocp.png\" alt=\"ugocp\" width=\"183\" height=\"200\" class=\"aligncenter size-full wp-image-3302\"\/><\/a><\/td><td class=\"column-3\"><a target=\"_blank\" href=\"\/ieea\/wp-content\/uploads\/sites\/49\/2019\/04\/333CONVENIO-SEDESOL-2018.pdf\"><img loading=\"lazy\" decoding=\"async\" src=\"\/ieea\/wp-content\/uploads\/sites\/49\/2019\/04\/sedesol.jpg\" alt=\"sedesol\" width=\"333\" height=\"200\" class=\"aligncenter size-full wp-image-3298\" srcset=\"https:\/\/www.oaxaca.gob.mx\/ieea\/wp-content\/uploads\/sites\/49\/2019\/04\/sedesol.jpg 333w, https:\/\/www.oaxaca.gob.mx\/ieea\/wp-content\/uploads\/sites\/49\/2019\/04\/sedesol-300x180.jpg 300w\" sizes=\"auto, (max-width: 333px) 100vw, 333px\" \/><\/a><\/td>\n<\/tr>\n<\/tbody>\n<\/table>\n<!-- #tablepress-14 from cache -->\n","protected":false},"excerpt":{"rendered":"<p>La firma de los diferentes convenios entre el Instituto Estatal de Educaci\u00f3n para Adultos (IEEA), servir\u00e1 para establecer las bases generales de colaboraci\u00f3n entre las diversas dependencias y organizaciones, \u00a0con esto, se pretende realizar acciones conjuntas tendientes a promover, organizar y establecer programas educativos en Alfabetizaci\u00f3n, Educaci\u00f3n Primaria y Secundaria para personas de 15 a\u00f1os [&hellip;]<\/p>\n","protected":false},"author":1,"featured_media":0,"parent":0,"menu_order":0,"comment_status":"closed","ping_status":"closed","template":"","meta":{"episode_type":"","audio_file":"","podmotor_file_id":"","podmotor_episode_id":"","cover_image":"","cover_image_id":"","duration":"","filesize":"","filesize_raw":"","date_recorded":"","explicit":"","block":"","itunes_episode_number":"","itunes_title":"","itunes_season_number":"","itunes_episode_type":"","footnotes":""},"categories":[],"tags":[],"class_list":["post-2196","page","type-page","status-publish","hentry"],"acf":[],"publishpress_future_action":{"enabled":false,"date":"2026-05-07 11:14:53","action":"change-status","newStatus":"draft","terms":[],"taxonomy":"category","extraData":[]},"publishpress_future_workflow_manual_trigger":{"enabledWorkflows":[]},"_links":{"self":[{"href":"https:\/\/www.oaxaca.gob.mx\/ieea\/wp-json\/wp\/v2\/pages\/2196","targetHints":{"allow":["GET"]}}],"collection":[{"href":"https:\/\/www.oaxaca.gob.mx\/ieea\/wp-json\/wp\/v2\/pages"}],"about":[{"href":"https:\/\/www.oaxaca.gob.mx\/ieea\/wp-json\/wp\/v2\/types\/page"}],"author":[{"embeddable":true,"href":"https:\/\/www.oaxaca.gob.mx\/ieea\/wp-json\/wp\/v2\/users\/1"}],"replies":[{"embeddable":true,"href":"https:\/\/www.oaxaca.gob.mx\/ieea\/wp-json\/wp\/v2\/comments?post=2196"}],"version-history":[{"count":0,"href":"https:\/\/www.oaxaca.gob.mx\/ieea\/wp-json\/wp\/v2\/pages\/2196\/revisions"}],"wp:attachment":[{"href":"https:\/\/www.oaxaca.gob.mx\/ieea\/wp-json\/wp\/v2\/media?parent=2196"}],"wp:term":[{"taxonomy":"category","embeddable":true,"href":"https:\/\/www.oaxaca.gob.mx\/ieea\/wp-json\/wp\/v2\/categories?post=2196"},{"taxonomy":"post_tag","embeddable":true,"href":"https:\/\/www.oaxaca.gob.mx\/ieea\/wp-json\/wp\/v2\/tags?post=2196"}],"curies":[{"name":"wp","href":"https:\/\/api.w.org\/{rel}","templated":true}]}}