{"id":2103,"date":"2017-08-09T10:21:43","date_gmt":"2017-08-09T16:21:43","guid":{"rendered":"https:\/\/www.oaxaca.gob.mx\/ieea\/?page_id=2103"},"modified":"2017-08-09T10:21:43","modified_gmt":"2017-08-09T16:21:43","slug":"presupuesto-2-trimestre-2016-2","status":"publish","type":"page","link":"https:\/\/www.oaxaca.gob.mx\/ieea\/presupuesto-2-trimestre-2016-2\/","title":{"rendered":"Presupuesto 2\u00b0 trimestre 2017"},"content":{"rendered":"<p><a target=\"_blank\" href=\"\/ieea\/wp-content\/uploads\/sites\/49\/2017\/08\/Analitico-de-Categorias-Plazas-Autorizadas-con-su-Tabulador.pdf\" rel=\"noopener noreferrer\">Anal\u00edtico de Categor\u00edas Plazas Autorizadas con su Tabulador<\/a><\/p>\n<p><a target=\"_blank\" href=\"\/ieea\/wp-content\/uploads\/sites\/49\/2017\/08\/Catalogo-de-Categorias-y-Tabuladores.pdf\" rel=\"noopener noreferrer\">Catalogo de Categor\u00edas y Tabuladores<\/a><\/p>\n<p><a target=\"_blank\" href=\"\/ieea\/wp-content\/uploads\/sites\/49\/2017\/08\/Catalogo-de-Percepciones-y-Deducciones.pdf\" rel=\"noopener noreferrer\">Catalogo de Percepciones y Deducciones<\/a><\/p>\n<p><a target=\"_blank\" href=\"\/ieea\/wp-content\/uploads\/sites\/49\/2017\/08\/Movimientos-de-Plazas.pdf\" rel=\"noopener noreferrer\">Movimientos de Plazas<\/a><\/p>\n<p><a target=\"_blank\" href=\"\/ieea\/wp-content\/uploads\/sites\/49\/2017\/08\/Personal-Comisionado.pdf\" rel=\"noopener noreferrer\">Personal Comisionado<\/a><\/p>\n<p><a target=\"_blank\" href=\"\/ieea\/wp-content\/uploads\/sites\/49\/2017\/08\/Personal-con-Licencia.pdf\" rel=\"noopener noreferrer\">Personal con Licencia<\/a><\/p>\n<p><a target=\"_blank\" href=\"\/ieea\/wp-content\/uploads\/sites\/49\/2017\/08\/Personal-Federalizado-por-Registro-Federal-de-Contribuyentes.pdf\" rel=\"noopener noreferrer\">Personal Federalizado por Registro Federal de Contribuyentes<\/a><\/p>\n<p><a target=\"_blank\" href=\"\/ieea\/wp-content\/uploads\/sites\/49\/2017\/08\/Plaza-Funcion.pdf\" rel=\"noopener noreferrer\">Plaza Funci\u00f3n<\/a><\/p>\n<p><a target=\"_blank\" href=\"\/ieea\/wp-content\/uploads\/sites\/49\/2017\/08\/Registro-Federal-de-Contribuyentes-de-Trabajadores-con-Pagos-Retroactivos.pdf\" rel=\"noopener noreferrer\">Registro Federal de Contribuyentes de Trabajadores con Pagos Retroactivos<\/a><\/p>\n<p><a target=\"_blank\" href=\"\/ieea\/wp-content\/uploads\/sites\/49\/2017\/08\/Trabajadores-con-Doble-Asignaci\u00f3n-Salarial.pdf\" rel=\"noopener noreferrer\">Trabajadores con Doble Asignaci\u00f3n Salarial<\/a><\/p>\n<p><a target=\"_blank\" href=\"\/ieea\/wp-content\/uploads\/sites\/49\/2017\/08\/Trabajadores-Contratados-por-Honorarios-en-el-Periodo.pdf\" rel=\"noopener noreferrer\">Trabajadores Contratados por Honorarios en el Periodo<\/a><\/p>\n<p><a target=\"_blank\" href=\"\/ieea\/wp-content\/uploads\/sites\/49\/2017\/08\/Trabajadores-Cuyo-Salario-B\u00e1sico-Supere-los-Ingresos-Promedio.pdf\" rel=\"noopener noreferrer\">Trabajadores Cuyo Salario B\u00e1sico Supere los Ingresos Promedio<\/a><\/p>\n<p><a target=\"_blank\" href=\"\/ieea\/wp-content\/uploads\/sites\/49\/2017\/08\/Trabajadores-Jubilados-en-el-Periodo.pdf\" rel=\"noopener noreferrer\">Trabajadores Jubilados en el Periodo<\/a><\/p>\n<p><a target=\"_blank\" href=\"\/ieea\/wp-content\/uploads\/sites\/49\/2017\/08\/Trabajadores-Ocupando-Plazas-que-Superan-el-N\u00famero-de-Horas-de-Compatibilidad-Autorizadas.pdf\" rel=\"noopener noreferrer\">Trabajadores Ocupando Plazas que Superan el N\u00famero de Horas de Compatibilidad Autorizadas<\/a><\/p>\n<p><a target=\"_blank\" href=\"\/ieea\/wp-content\/uploads\/sites\/49\/2017\/08\/Trabajadores-que-Cobran-con-RFC-CURP.pdf\" rel=\"noopener noreferrer\">Trabajadores que Cobran con RFC CURP<\/a><\/p>\n<p><a target=\"_blank\" href=\"\/ieea\/wp-content\/uploads\/sites\/49\/2017\/08\/Trabajadores-que-Tramitaron-Licencia-Prejubilatoria-en-el-Periodo.pdf\" rel=\"noopener noreferrer\">Trabajadores que Tramitaron Licencia Prejubilatoria en el Periodo<\/a><\/p>\n<p><a target=\"_blank\" href=\"\/ieea\/wp-content\/uploads\/sites\/49\/2017\/08\/pagos-por-ayudas-subsidios-2\u00b0-trimestre-20171.pdf\" rel=\"noopener noreferrer\">Pagos por ayudas subsidios 2\u00b0 trimestre 2017<\/a><\/p>\n<p><a target=\"_blank\" href=\"\/ieea\/wp-content\/uploads\/sites\/49\/2017\/08\/ESTADO-FIN-ABRIL-JUNIO.pdf\" rel=\"noopener noreferrer\">Estado Financiero<\/a><\/p>\n<p>&nbsp;<\/p>\n<h2>PASH<\/h2>\n<p><a target=\"_blank\" href=\"\/ieea\/wp-content\/uploads\/sites\/49\/2017\/08\/Financiero-Ramo-111.xlsx\" rel=\"noopener noreferrer\">Reporte Financiero Ramo 11<\/a><\/p>\n<p><a target=\"_blank\" href=\"\/ieea\/wp-content\/uploads\/sites\/49\/2017\/08\/Financiero-Ramo-331.xlsx\" rel=\"noopener noreferrer\">Reporte Financiero Ramo 33<\/a><\/p>\n<p><a target=\"_blank\" href=\"\/ieea\/wp-content\/uploads\/sites\/49\/2017\/08\/Indicadores2O.xlsx\" rel=\"noopener noreferrer\">Indicadores<\/a>\t\t<\/p>\n","protected":false},"excerpt":{"rendered":"<p>Anal\u00edtico de Categor\u00edas Plazas Autorizadas con su Tabulador Catalogo de Categor\u00edas y Tabuladores Catalogo de Percepciones y Deducciones Movimientos de Plazas Personal Comisionado Personal con Licencia Personal Federalizado por Registro Federal de Contribuyentes Plaza Funci\u00f3n Registro Federal de Contribuyentes de Trabajadores con Pagos Retroactivos Trabajadores con Doble Asignaci\u00f3n Salarial Trabajadores Contratados por Honorarios en el [&hellip;]<\/p>\n","protected":false},"author":1,"featured_media":0,"parent":0,"menu_order":0,"comment_status":"closed","ping_status":"closed","template":"","meta":{"episode_type":"","audio_file":"","podmotor_file_id":"","podmotor_episode_id":"","cover_image":"","cover_image_id":"","duration":"","filesize":"","filesize_raw":"","date_recorded":"","explicit":"","block":"","itunes_episode_number":"","itunes_title":"","itunes_season_number":"","itunes_episode_type":"","footnotes":""},"categories":[],"tags":[],"class_list":["post-2103","page","type-page","status-publish","hentry"],"acf":[],"publishpress_future_action":{"enabled":false,"date":"2026-04-13 04:39:39","action":"change-status","newStatus":"draft","terms":[],"taxonomy":"category","extraData":[]},"publishpress_future_workflow_manual_trigger":{"enabledWorkflows":[]},"_links":{"self":[{"href":"https:\/\/www.oaxaca.gob.mx\/ieea\/wp-json\/wp\/v2\/pages\/2103","targetHints":{"allow":["GET"]}}],"collection":[{"href":"https:\/\/www.oaxaca.gob.mx\/ieea\/wp-json\/wp\/v2\/pages"}],"about":[{"href":"https:\/\/www.oaxaca.gob.mx\/ieea\/wp-json\/wp\/v2\/types\/page"}],"author":[{"embeddable":true,"href":"https:\/\/www.oaxaca.gob.mx\/ieea\/wp-json\/wp\/v2\/users\/1"}],"replies":[{"embeddable":true,"href":"https:\/\/www.oaxaca.gob.mx\/ieea\/wp-json\/wp\/v2\/comments?post=2103"}],"version-history":[{"count":0,"href":"https:\/\/www.oaxaca.gob.mx\/ieea\/wp-json\/wp\/v2\/pages\/2103\/revisions"}],"wp:attachment":[{"href":"https:\/\/www.oaxaca.gob.mx\/ieea\/wp-json\/wp\/v2\/media?parent=2103"}],"wp:term":[{"taxonomy":"category","embeddable":true,"href":"https:\/\/www.oaxaca.gob.mx\/ieea\/wp-json\/wp\/v2\/categories?post=2103"},{"taxonomy":"post_tag","embeddable":true,"href":"https:\/\/www.oaxaca.gob.mx\/ieea\/wp-json\/wp\/v2\/tags?post=2103"}],"curies":[{"name":"wp","href":"https:\/\/api.w.org\/{rel}","templated":true}]}}