{"id":1600,"date":"2017-01-11T12:36:16","date_gmt":"2017-01-11T18:36:16","guid":{"rendered":"https:\/\/www.oaxaca.gob.mx\/ieea\/?page_id=1600"},"modified":"2017-01-11T12:36:16","modified_gmt":"2017-01-11T18:36:16","slug":"presupuesto-3er-trimestre-2016-2","status":"publish","type":"page","link":"https:\/\/www.oaxaca.gob.mx\/ieea\/presupuesto-3er-trimestre-2016-2\/","title":{"rendered":"Presupuesto 3er trimestre 2016"},"content":{"rendered":"<p><a target=\"_blank\" href=\"\/ieea\/wp-content\/uploads\/sites\/49\/2017\/01\/Anal\u00edtico-de-Categorias-Plaza-Autorizadas-con-su-Tabulador.pdf\" rel=\"noopener noreferrer\">Anal\u00edtico de Categorias-Plaza Autorizadas con su Tabulador<\/a><\/p>\n<p><a target=\"_blank\" href=\"\/ieea\/wp-content\/uploads\/sites\/49\/2017\/01\/Cat\u00e1logo-de-Categor\u00edas-y-Tabuladores.pdf\" rel=\"noopener noreferrer\">Cat\u00e1logo de Categor\u00edas y Tabuladores<\/a><\/p>\n<p><a target=\"_blank\" href=\"\/ieea\/wp-content\/uploads\/sites\/49\/2017\/01\/Cat\u00e1logo-de-Percepciones-y-Deducciones.pdf\" rel=\"noopener noreferrer\">Cat\u00e1logo de Percepciones y Deducciones<\/a><\/p>\n<p><a target=\"_blank\" href=\"\/ieea\/wp-content\/uploads\/sites\/49\/2017\/01\/Movimiento-de-Plazas.pdf\" rel=\"noopener noreferrer\">Movimiento de Plazas<\/a><\/p>\n<p><a target=\"_blank\" href=\"\/ieea\/wp-content\/uploads\/sites\/49\/2017\/01\/Personal-Comisionado.pdf\" rel=\"noopener noreferrer\">Personal Comisionado<\/a><\/p>\n<p><a target=\"_blank\" href=\"\/ieea\/wp-content\/uploads\/sites\/49\/2017\/01\/Personal-con-Licencia.pdf\" rel=\"noopener noreferrer\">Personal con Licencia<\/a><\/p>\n<p><a target=\"_blank\" href=\"\/ieea\/wp-content\/uploads\/sites\/49\/2017\/01\/Personal-Federalizado-por-Registro-Federal-de-Contribuyentes.pdf\" rel=\"noopener noreferrer\">Personal Federalizado por Registro Federal de Contribuyentes<\/a><\/p>\n<p><a target=\"_blank\" href=\"\/ieea\/wp-content\/uploads\/sites\/49\/2017\/01\/Plaza-Funci\u00f3n.pdf\" rel=\"noopener noreferrer\">Plaza-Funci\u00f3n<\/a><\/p>\n<p><a target=\"_blank\" href=\"\/ieea\/wp-content\/uploads\/sites\/49\/2017\/01\/Registro-Federal-de-Contribuyentes-de-Trabajadores-con-Pagos-Retroactivos-con-un-Periodo-Mayor-a-45-d\u00edas.pdf\" rel=\"noopener noreferrer\">Registro Federal de Contribuyentes de Trabajadores con Pagos Retroactivos con un Periodo Mayor a 45 d\u00edas<\/a><\/p>\n<p><a target=\"_blank\" href=\"\/ieea\/wp-content\/uploads\/sites\/49\/2017\/01\/Trabajadores-con-Doble-Asiganaci\u00f3n-Salarial-en-Municipios-no-Colindantes-Geogr\u00e1ficamente.pdf\" rel=\"noopener noreferrer\">Trabajadores con Doble Asiganaci\u00f3n Salarial en Municipios no Colindantes Geogr\u00e1ficamente<\/a><\/p>\n<p><a target=\"_blank\" href=\"\/ieea\/wp-content\/uploads\/sites\/49\/2017\/01\/Trabajadores-Contratados-por-Honorarios-en-el-Periodo.pdf\" rel=\"noopener noreferrer\">Trabajadores Contratados por Honorarios en el Periodo<\/a><\/p>\n<p><a target=\"_blank\" href=\"\/ieea\/wp-content\/uploads\/sites\/49\/2017\/01\/Trabajadores-Cuyo-Salario-B\u00e1sico-Supere-los-Ing.-en-el-Per\u00edodo-de-un-Docente-en-la-Categor\u00eda-m\u00e1s-Alta-del-Tabulador-Salarial.pdf\" rel=\"noopener noreferrer\">Trabajadores Cuyo Salario B\u00e1sico Supere los Ing. en el Per\u00edodo de un Docente en la Categor\u00eda m\u00e1s Alta del Tabulador Salarial<\/a><\/p>\n<p><a target=\"_blank\" href=\"\/ieea\/wp-content\/uploads\/sites\/49\/2017\/01\/Trabajadores-Jubilados-en-el-Periodo.pdf\" rel=\"noopener noreferrer\">Trabajadores Jubilados en el Periodo<\/a><\/p>\n<p><a target=\"_blank\" href=\"\/ieea\/wp-content\/uploads\/sites\/49\/2017\/01\/Trabajadores-Ocupando-Plazas-que-Superan-el-N\u00famero-de-Horas-de-Compatibilidad-Autorizadas.pdf\" rel=\"noopener noreferrer\">Trabajadores Ocupando Plazas que Superan el N\u00famero de Horas de Compatibilidad Autorizadas<\/a><\/p>\n<p><a target=\"_blank\" href=\"\/ieea\/wp-content\/uploads\/sites\/49\/2017\/01\/Trabajadores-que-Cobran-con-RFC-CURP-con-formato-incorrecto.pdf\" rel=\"noopener noreferrer\">Trabajadores que Cobran con RFC-CURP con formato incorrecto<\/a><\/p>\n<p><a target=\"_blank\" href=\"\/ieea\/wp-content\/uploads\/sites\/49\/2017\/01\/Trabajadores-que-Tramitaron-Licencia-Prejubilaci\u00f3n-en-el-Periodo.pdf\" rel=\"noopener noreferrer\">Trabajadores que Tramitaron Licencia Prejubilaci\u00f3n en el Periodo<\/a><\/p>\n<p>P<a target=\"_blank\" href=\"\/ieea\/wp-content\/uploads\/sites\/49\/2017\/01\/pagos-por-ayudas-subsidios-4\u00b0-trimestre-2016.pdf\" rel=\"noopener noreferrer\">agos por ayudas subsidios 4\u00b0 trimestre 2016<\/a><\/p>\n<p><a target=\"_blank\" href=\"\/ieea\/wp-content\/uploads\/sites\/49\/2017\/01\/OCTUBREDICIEMBRE-2016.pdf\" rel=\"noopener noreferrer\">Estado financiero<\/a><\/p>\n<h2>PASH<\/h2>\n<p><a target=\"_blank\" href=\"\/ieea\/wp-content\/uploads\/sites\/49\/2017\/01\/INDICADORES-4-TRIMESTRE16.xlsx\" rel=\"noopener noreferrer\">INDICADORES 4 TRIMESTRE16<\/a><\/p>\n<p><a target=\"_blank\" href=\"\/ieea\/wp-content\/uploads\/sites\/49\/2017\/01\/REPORTE-FINANCIERO-4-TRIMESTRE-RAMO-33.xlsx\" rel=\"noopener noreferrer\">REPORTE FINANCIERO 4 TRIMESTRE RAMO 33<\/a><\/p>\n<p><a target=\"_blank\" href=\"\/ieea\/wp-content\/uploads\/sites\/49\/2017\/01\/REPORTEFINANCIERO-4-TRIMESTRE-RAMO-11.xls\" rel=\"noopener noreferrer\">REPORTEFINANCIERO 4 TRIMESTRE RAMO 11<\/a>\t\t<\/p>\n","protected":false},"excerpt":{"rendered":"<p>Anal\u00edtico de Categorias-Plaza Autorizadas con su Tabulador Cat\u00e1logo de Categor\u00edas y Tabuladores Cat\u00e1logo de Percepciones y Deducciones Movimiento de Plazas Personal Comisionado Personal con Licencia Personal Federalizado por Registro Federal de Contribuyentes Plaza-Funci\u00f3n Registro Federal de Contribuyentes de Trabajadores con Pagos Retroactivos con un Periodo Mayor a 45 d\u00edas Trabajadores con Doble Asiganaci\u00f3n Salarial en [&hellip;]<\/p>\n","protected":false},"author":1,"featured_media":0,"parent":0,"menu_order":0,"comment_status":"closed","ping_status":"closed","template":"","meta":{"episode_type":"","audio_file":"","podmotor_file_id":"","podmotor_episode_id":"","cover_image":"","cover_image_id":"","duration":"","filesize":"","filesize_raw":"","date_recorded":"","explicit":"","block":"","itunes_episode_number":"","itunes_title":"","itunes_season_number":"","itunes_episode_type":"","footnotes":""},"categories":[],"tags":[],"class_list":["post-1600","page","type-page","status-publish","hentry"],"acf":[],"publishpress_future_action":{"enabled":false,"date":"2026-04-20 12:34:51","action":"change-status","newStatus":"draft","terms":[],"taxonomy":"category","extraData":[]},"publishpress_future_workflow_manual_trigger":{"enabledWorkflows":[]},"_links":{"self":[{"href":"https:\/\/www.oaxaca.gob.mx\/ieea\/wp-json\/wp\/v2\/pages\/1600","targetHints":{"allow":["GET"]}}],"collection":[{"href":"https:\/\/www.oaxaca.gob.mx\/ieea\/wp-json\/wp\/v2\/pages"}],"about":[{"href":"https:\/\/www.oaxaca.gob.mx\/ieea\/wp-json\/wp\/v2\/types\/page"}],"author":[{"embeddable":true,"href":"https:\/\/www.oaxaca.gob.mx\/ieea\/wp-json\/wp\/v2\/users\/1"}],"replies":[{"embeddable":true,"href":"https:\/\/www.oaxaca.gob.mx\/ieea\/wp-json\/wp\/v2\/comments?post=1600"}],"version-history":[{"count":0,"href":"https:\/\/www.oaxaca.gob.mx\/ieea\/wp-json\/wp\/v2\/pages\/1600\/revisions"}],"wp:attachment":[{"href":"https:\/\/www.oaxaca.gob.mx\/ieea\/wp-json\/wp\/v2\/media?parent=1600"}],"wp:term":[{"taxonomy":"category","embeddable":true,"href":"https:\/\/www.oaxaca.gob.mx\/ieea\/wp-json\/wp\/v2\/categories?post=1600"},{"taxonomy":"post_tag","embeddable":true,"href":"https:\/\/www.oaxaca.gob.mx\/ieea\/wp-json\/wp\/v2\/tags?post=1600"}],"curies":[{"name":"wp","href":"https:\/\/api.w.org\/{rel}","templated":true}]}}