{"id":1458,"date":"2016-10-05T09:48:23","date_gmt":"2016-10-05T15:48:23","guid":{"rendered":"https:\/\/www.oaxaca.gob.mx\/ieea\/?page_id=1458"},"modified":"2016-10-05T09:48:23","modified_gmt":"2016-10-05T15:48:23","slug":"presupuesto-3er-trimestre-2016","status":"publish","type":"page","link":"https:\/\/www.oaxaca.gob.mx\/ieea\/presupuesto-3er-trimestre-2016\/","title":{"rendered":"Presupuesto 3er trimestre 2016"},"content":{"rendered":"<p><a target=\"_blank\" href=\"\/ieea\/wp-content\/uploads\/sites\/49\/2016\/10\/Trabajadores-que-Tramitaron-Licencia-Prejubilaci\u00f3n-en-el-Periodo.pdf\" rel=\"noopener noreferrer\">Trabajadores que Tramitaron Licencia Prejubilaci\u00f3n en el Periodo<\/a><\/p>\n<p><a target=\"_blank\" href=\"\/ieea\/wp-content\/uploads\/sites\/49\/2016\/10\/Trabajadores-que-Cobran-con-RFC-CURP-con-formato-Incorrecto.pdf\" rel=\"noopener noreferrer\">Trabajadores que Cobran con RFC-CURP con formato Incorrecto<\/a><\/p>\n<p><a target=\"_blank\" href=\"\/ieea\/wp-content\/uploads\/sites\/49\/2016\/10\/Trabajadores-Ocupando-Plazas-que-Superan-el-N\u00famero-de-Horas-de-Compatibilidad-Autorizadas.pdf\" rel=\"noopener noreferrer\">Trabajadores Ocupando Plazas que Superan el N\u00famero de Horas de Compatibilidad Autorizadas<\/a><\/p>\n<p><a target=\"_blank\" href=\"\/ieea\/wp-content\/uploads\/sites\/49\/2016\/10\/Trabajadores-Jubilados-en-el-Periodo.pdf\" rel=\"noopener noreferrer\">Trabajadores Jubilados en el Periodo<\/a><\/p>\n<p><a target=\"_blank\" href=\"\/ieea\/wp-content\/uploads\/sites\/49\/2016\/10\/Trabajadores-Cuyo-Salario-B\u00e1sico-Superelos-Ing.en-el-Periodo-de-un-Docente-e-la-Categor\u00eda-m\u00e1s-Alta-del-Tabulador-Salarial.pdf\" rel=\"noopener noreferrer\">Trabajadores Cuyo Salario B\u00e1sico Superelos Ing.en el Periodo de un Docente e la Categor\u00eda m\u00e1s Alta del Tabulador Salarial<\/a><\/p>\n<p><a target=\"_blank\" href=\"\/ieea\/wp-content\/uploads\/sites\/49\/2016\/10\/Trabajadores-Contratados-por-Honorarios-en-el-Periodo.pdf\" rel=\"noopener noreferrer\">Trabajadores Contratados por Honorarios en el Periodo<\/a><\/p>\n<p><a target=\"_blank\" href=\"\/ieea\/wp-content\/uploads\/sites\/49\/2016\/10\/Trabajadores-con-Doble-Asignaci\u00f3n-Salarial-en-Municipios-no-Colindantes-Geogr\u00e1ficamente.pdf\" rel=\"noopener noreferrer\">Trabajadores con Doble Asignaci\u00f3n Salarial en Municipios no Colindantes Geogr\u00e1ficamente<\/a><\/p>\n<p><a target=\"_blank\" href=\"\/ieea\/wp-content\/uploads\/sites\/49\/2016\/10\/Registro-Federal-de-Contribuyestes-de-Trabajadores-con-Pagos-Retroactivos-con-un-Periodo-Mayor-a-45-d\u00edas.pdf\" rel=\"noopener noreferrer\">Registro Federal de Contribuyestes de Trabajadores con Pagos Retroactivos con un Periodo Mayor a 45 d\u00edas<\/a><\/p>\n<p><a target=\"_blank\" href=\"\/ieea\/wp-content\/uploads\/sites\/49\/2016\/10\/Plaza-Funci\u00f3n.pdf\" rel=\"noopener noreferrer\">Plaza-Funci\u00f3n<\/a><\/p>\n<p><a target=\"_blank\" href=\"\/ieea\/wp-content\/uploads\/sites\/49\/2016\/10\/Personal-Federalizado-por-Registro-Federal-de-Contribuyentes.pdf\" rel=\"noopener noreferrer\">Personal Federalizado por Registro Federal de Contribuyentes<\/a><\/p>\n<p><a target=\"_blank\" href=\"\/ieea\/wp-content\/uploads\/sites\/49\/2016\/10\/Personal-con-Licencia.pdf\" rel=\"noopener noreferrer\">Personal con Licencia<\/a><\/p>\n<p><a target=\"_blank\" href=\"\/ieea\/wp-content\/uploads\/sites\/49\/2016\/10\/Personal-Comisionado.pdf\" rel=\"noopener noreferrer\">Personal Comisionado<\/a><\/p>\n<p><a target=\"_blank\" href=\"\/ieea\/wp-content\/uploads\/sites\/49\/2016\/10\/Movimiento-de-Plazas.pdf\" rel=\"noopener noreferrer\">Movimiento de Plazas<\/a><\/p>\n<p><a target=\"_blank\" href=\"\/ieea\/wp-content\/uploads\/sites\/49\/2016\/10\/Catalogo-de-Percepciones-y-Deducciones.pdf\" rel=\"noopener noreferrer\">Catalogo de Percepciones y Deducciones<\/a><\/p>\n<p><a target=\"_blank\" href=\"\/ieea\/wp-content\/uploads\/sites\/49\/2016\/10\/Cat\u00e1logo-de-Categor\u00edas-y-Tabuladores.pdf\" rel=\"noopener noreferrer\">Cat\u00e1logo de Categor\u00edas y Tabuladores<\/a><\/p>\n<p><a target=\"_blank\" href=\"\/ieea\/wp-content\/uploads\/sites\/49\/2016\/10\/Anal\u00edtico-de-Categor\u00edas-Plazas-Autorizadas-con-su-Tabulador.pdf\" rel=\"noopener noreferrer\">Anal\u00edtico de Categor\u00edas-Plazas Autorizadas con su Tabulador<\/a><\/p>\n<p><a target=\"_blank\" href=\"\/ieea\/wp-content\/uploads\/sites\/49\/2016\/10\/pagos-por-ayudas-subsidios-3er-trimestre-2016.pdf\" rel=\"noopener noreferrer\">Pagos por ayudas subsidios 3er trimestre 2016<\/a><\/p>\n<p><a target=\"_blank\" href=\"\/ieea\/wp-content\/uploads\/sites\/49\/2016\/10\/ESTADO-FIN-SEPT.pdf\" rel=\"noopener noreferrer\">ESTADO FINANCIERO<\/a><\/p>\n<h3>PASH<\/h3>\n<p><a target=\"_blank\" href=\"\/ieea\/wp-content\/uploads\/sites\/49\/2016\/10\/FAETA-FINANCIERO-3-TRIMESTRE.xlsx\" rel=\"noopener noreferrer\">FAETA FINANCIERO 3 TRIMESTRE<\/a><\/p>\n<p><a target=\"_blank\" href=\"\/ieea\/wp-content\/uploads\/sites\/49\/2016\/10\/INDICADOR-FAETA-3-TRIM-2016.xlsx\" rel=\"noopener noreferrer\">INDICADOR FAETA 3 TRIM 2016<\/a><\/p>\n<p><a target=\"_blank\" href=\"\/ieea\/wp-content\/uploads\/sites\/49\/2016\/10\/RAMO-11-FINANCIERO-3-TRIMESTRE.xlsx\" rel=\"noopener noreferrer\">RAMO 11 FINANCIERO 3 TRIMESTRE<\/a><\/p>\n","protected":false},"excerpt":{"rendered":"<p>Trabajadores que Tramitaron Licencia Prejubilaci\u00f3n en el Periodo Trabajadores que Cobran con RFC-CURP con formato Incorrecto Trabajadores Ocupando Plazas que Superan el N\u00famero de Horas de Compatibilidad Autorizadas Trabajadores Jubilados en el Periodo Trabajadores Cuyo Salario B\u00e1sico Superelos Ing.en el Periodo de un Docente e la Categor\u00eda m\u00e1s Alta del Tabulador Salarial Trabajadores Contratados por [&hellip;]<\/p>\n","protected":false},"author":1,"featured_media":0,"parent":0,"menu_order":0,"comment_status":"closed","ping_status":"closed","template":"","meta":{"episode_type":"","audio_file":"","podmotor_file_id":"","podmotor_episode_id":"","cover_image":"","cover_image_id":"","duration":"","filesize":"","filesize_raw":"","date_recorded":"","explicit":"","block":"","itunes_episode_number":"","itunes_title":"","itunes_season_number":"","itunes_episode_type":"","footnotes":""},"categories":[],"tags":[],"class_list":["post-1458","page","type-page","status-publish","hentry"],"acf":[],"publishpress_future_action":{"enabled":false,"date":"2026-04-20 12:34:52","action":"change-status","newStatus":"draft","terms":[],"taxonomy":"category","extraData":[]},"publishpress_future_workflow_manual_trigger":{"enabledWorkflows":[]},"_links":{"self":[{"href":"https:\/\/www.oaxaca.gob.mx\/ieea\/wp-json\/wp\/v2\/pages\/1458","targetHints":{"allow":["GET"]}}],"collection":[{"href":"https:\/\/www.oaxaca.gob.mx\/ieea\/wp-json\/wp\/v2\/pages"}],"about":[{"href":"https:\/\/www.oaxaca.gob.mx\/ieea\/wp-json\/wp\/v2\/types\/page"}],"author":[{"embeddable":true,"href":"https:\/\/www.oaxaca.gob.mx\/ieea\/wp-json\/wp\/v2\/users\/1"}],"replies":[{"embeddable":true,"href":"https:\/\/www.oaxaca.gob.mx\/ieea\/wp-json\/wp\/v2\/comments?post=1458"}],"version-history":[{"count":0,"href":"https:\/\/www.oaxaca.gob.mx\/ieea\/wp-json\/wp\/v2\/pages\/1458\/revisions"}],"wp:attachment":[{"href":"https:\/\/www.oaxaca.gob.mx\/ieea\/wp-json\/wp\/v2\/media?parent=1458"}],"wp:term":[{"taxonomy":"category","embeddable":true,"href":"https:\/\/www.oaxaca.gob.mx\/ieea\/wp-json\/wp\/v2\/categories?post=1458"},{"taxonomy":"post_tag","embeddable":true,"href":"https:\/\/www.oaxaca.gob.mx\/ieea\/wp-json\/wp\/v2\/tags?post=1458"}],"curies":[{"name":"wp","href":"https:\/\/api.w.org\/{rel}","templated":true}]}}