{"id":111,"date":"2016-02-23T12:47:06","date_gmt":"2016-02-23T18:47:06","guid":{"rendered":"https:\/\/www.oaxaca.gob.mx\/ieea\/?page_id=111"},"modified":"2016-02-23T12:47:06","modified_gmt":"2016-02-23T18:47:06","slug":"presupuesto-2-trimestre-2015","status":"publish","type":"page","link":"https:\/\/www.oaxaca.gob.mx\/ieea\/presupuesto-2-trimestre-2015\/","title":{"rendered":"Presupuesto 2\u00b0 trimestre 2015"},"content":{"rendered":"<ul>\n<li><a target=\"_blank\" href=\"\/ieea\/wp-content\/uploads\/sites\/49\/2016\/02\/A-Y-II-B3.pdf\" rel=\"noopener noreferrer\">Personal Comisionado<\/a><\/li>\n<li><a target=\"_blank\" href=\"\/ieea\/wp-content\/uploads\/sites\/49\/2016\/02\/A-Y-II-D43.pdf\" rel=\"noopener noreferrer\">Personal con Licencia<\/a><\/li>\n<li><a target=\"_blank\" href=\"\/ieea\/wp-content\/uploads\/sites\/49\/2016\/02\/B3.pdf\" rel=\"noopener noreferrer\">Registro Federal de Contribuyentes de Trabajadores con Pagos Retroactivos con un Periodo Mayor a 45 d\u00edas<\/a><\/li>\n<li><a target=\"_blank\" href=\"\/ieea\/wp-content\/uploads\/sites\/49\/2016\/02\/II-B-Y-13.pdf\" rel=\"noopener noreferrer\">Plaza \/ Funci\u00f3n<\/a><\/li>\n<li><a target=\"_blank\" href=\"\/ieea\/wp-content\/uploads\/sites\/49\/2016\/02\/II-C-y-1_3.pdf\" rel=\"noopener noreferrer\">Personal Federalizado por Registro Federal de Contribuyentes<\/a><\/li>\n<li><a target=\"_blank\" href=\"\/ieea\/wp-content\/uploads\/sites\/49\/2016\/02\/II-D-23.pdf\" rel=\"noopener noreferrer\">Movimientos de Plazas<\/a><\/li>\n<li><a target=\"_blank\" href=\"\/ieea\/wp-content\/uploads\/sites\/49\/2016\/02\/II-D-43.pdf\" rel=\"noopener noreferrer\">Trabajadores Jubilados en el Periodo<\/a><\/li>\n<li><a target=\"_blank\" href=\"\/ieea\/wp-content\/uploads\/sites\/49\/2016\/02\/II-D-4-A3.pdf\" rel=\"noopener noreferrer\">Trabajadores que Tramitaron Licencia Prejubilatoria en el Periodo<\/a><\/li>\n<li><a target=\"_blank\" href=\"\/ieea\/wp-content\/uploads\/sites\/49\/2016\/02\/II-D-63.pdf\" rel=\"noopener noreferrer\">Trabajadores Contratados por Honorarios en el Periodo<\/a><\/li>\n<li><a target=\"_blank\" href=\"\/ieea\/wp-content\/uploads\/sites\/49\/2016\/02\/II-D-7-13.pdf\" rel=\"noopener noreferrer\">Anal\u00edtico de Categor\u00edas \/ Plazas Autorizadas con su Tabulador<\/a><\/li>\n<li><a target=\"_blank\" href=\"\/ieea\/wp-content\/uploads\/sites\/49\/2016\/02\/II-D-7-23.pdf\" rel=\"noopener noreferrer\">Cat\u00e1logo de Categor\u00edas y Tabuladores<\/a><\/li>\n<li><a target=\"_blank\" href=\"\/ieea\/wp-content\/uploads\/sites\/49\/2016\/02\/II-D-7-33.pdf\" rel=\"noopener noreferrer\">Cat\u00e1logo de Percepciones y Deducciones<\/a><\/li>\n<li><a target=\"_blank\" href=\"\/ieea\/wp-content\/uploads\/sites\/49\/2016\/02\/E3.pdf\" rel=\"noopener noreferrer\">Trabajadores que Cobran con RFC \/ CURP con Formato Incorreto<\/a><\/li>\n<li><a target=\"_blank\" href=\"\/ieea\/wp-content\/uploads\/sites\/49\/2016\/02\/F-13.pdf\" rel=\"noopener noreferrer\">Trabajadores con Doble Asignaci\u00f3n Salarial en Municipios no Colindantes Geogr\u00e1ficamente<\/a><\/li>\n<li><a target=\"_blank\" href=\"\/ieea\/wp-content\/uploads\/sites\/49\/2016\/02\/F-23.pdf\" rel=\"noopener noreferrer\">Trabajadores Ocupando Plazas que Superan el N\u00famero de Horas de Compatibilidad Autorizadas <\/a><\/li>\n<li><a target=\"_blank\" href=\"\/ieea\/wp-content\/uploads\/sites\/49\/2016\/02\/G3.pdf\" rel=\"noopener noreferrer\">Trabajadores Cuyo Salario B\u00e1sico Supere los Ingresos Promedio de un Docente en la Categor\u00eda m\u00e1s Alta del Tabulador Salarial Correspondiente a Cada Entidad <\/a><\/li>\n<li><a target=\"_blank\" href=\"\/ieea\/wp-content\/uploads\/sites\/49\/2016\/02\/pagos-por-ayudas-subsidios-2o-trimestre-2015.pdf\" rel=\"noopener noreferrer\">Pagos por ayudas subsidios 2o trimestre 2015<\/a><\/li>\n<li><a target=\"_blank\" href=\"\/ieea\/wp-content\/uploads\/sites\/49\/2016\/02\/EdoFinanciero.pdf\" rel=\"noopener noreferrer\">Estados Financieros<\/a><\/li>\n<\/ul>\n","protected":false},"excerpt":{"rendered":"<p>Personal Comisionado Personal con Licencia Registro Federal de Contribuyentes de Trabajadores con Pagos Retroactivos con un Periodo Mayor a 45 d\u00edas Plaza \/ Funci\u00f3n Personal Federalizado por Registro Federal de Contribuyentes Movimientos de Plazas Trabajadores Jubilados en el Periodo Trabajadores que Tramitaron Licencia Prejubilatoria en el Periodo Trabajadores Contratados por Honorarios en el Periodo Anal\u00edtico [&hellip;]<\/p>\n","protected":false},"author":1,"featured_media":0,"parent":0,"menu_order":0,"comment_status":"closed","ping_status":"closed","template":"","meta":{"episode_type":"","audio_file":"","podmotor_file_id":"","podmotor_episode_id":"","cover_image":"","cover_image_id":"","duration":"","filesize":"","filesize_raw":"","date_recorded":"","explicit":"","block":"","itunes_episode_number":"","itunes_title":"","itunes_season_number":"","itunes_episode_type":"","footnotes":""},"categories":[],"tags":[],"class_list":["post-111","page","type-page","status-publish","hentry"],"acf":[],"publishpress_future_action":{"enabled":false,"date":"2026-04-20 12:33:59","action":"change-status","newStatus":"draft","terms":[],"taxonomy":"category","extraData":[]},"publishpress_future_workflow_manual_trigger":{"enabledWorkflows":[]},"_links":{"self":[{"href":"https:\/\/www.oaxaca.gob.mx\/ieea\/wp-json\/wp\/v2\/pages\/111","targetHints":{"allow":["GET"]}}],"collection":[{"href":"https:\/\/www.oaxaca.gob.mx\/ieea\/wp-json\/wp\/v2\/pages"}],"about":[{"href":"https:\/\/www.oaxaca.gob.mx\/ieea\/wp-json\/wp\/v2\/types\/page"}],"author":[{"embeddable":true,"href":"https:\/\/www.oaxaca.gob.mx\/ieea\/wp-json\/wp\/v2\/users\/1"}],"replies":[{"embeddable":true,"href":"https:\/\/www.oaxaca.gob.mx\/ieea\/wp-json\/wp\/v2\/comments?post=111"}],"version-history":[{"count":0,"href":"https:\/\/www.oaxaca.gob.mx\/ieea\/wp-json\/wp\/v2\/pages\/111\/revisions"}],"wp:attachment":[{"href":"https:\/\/www.oaxaca.gob.mx\/ieea\/wp-json\/wp\/v2\/media?parent=111"}],"wp:term":[{"taxonomy":"category","embeddable":true,"href":"https:\/\/www.oaxaca.gob.mx\/ieea\/wp-json\/wp\/v2\/categories?post=111"},{"taxonomy":"post_tag","embeddable":true,"href":"https:\/\/www.oaxaca.gob.mx\/ieea\/wp-json\/wp\/v2\/tags?post=111"}],"curies":[{"name":"wp","href":"https:\/\/api.w.org\/{rel}","templated":true}]}}