{"id":1038,"date":"2016-07-08T11:36:24","date_gmt":"2016-07-08T17:36:24","guid":{"rendered":"https:\/\/www.oaxaca.gob.mx\/ieea\/?page_id=1038"},"modified":"2016-07-08T11:36:24","modified_gmt":"2016-07-08T17:36:24","slug":"presupuesto-2-trimestre-2016","status":"publish","type":"page","link":"https:\/\/www.oaxaca.gob.mx\/ieea\/presupuesto-2-trimestre-2016\/","title":{"rendered":"Presupuesto 2\u00b0 trimestre 2016"},"content":{"rendered":"<p><a target=\"_blank\" href=\"\/ieea\/wp-content\/uploads\/sites\/49\/2016\/07\/Trabajadores-Cuyo-Salario-B\u00e1sico-Supere-los-Ing.Promedio-de-un-Docente.pdf\" rel=\"noopener noreferrer\">Trabajadores Cuyo Salario B\u00e1sico Supere los Ing. Promedio de un Docente<\/a><\/p>\n<p><a target=\"_blank\" href=\"\/ieea\/wp-content\/uploads\/sites\/49\/2016\/07\/Trabajadores-Ocupando-Plazas-que-Superan-el-N\u00famero-de-Horas-de-Compatibilidad-Autorizadas.pdf\" rel=\"noopener noreferrer\">Trabajadores Ocupando Plazas que Superan el N\u00famero de Horas de Compatibilidad Autorizadas<\/a><\/p>\n<p><a target=\"_blank\" href=\"\/ieea\/wp-content\/uploads\/sites\/49\/2016\/07\/Trabajadores-con-Doble-Asignaci\u00f3n-Salarial-en-Municipios-no-Colindantres-Geogr\u00e1ficamente.pdf\" rel=\"noopener noreferrer\">Trabajadores con Doble Asignaci\u00f3n Salarial en Municipios no Colindantres Geogr\u00e1ficamente<\/a><\/p>\n<p><a target=\"_blank\" href=\"\/ieea\/wp-content\/uploads\/sites\/49\/2016\/07\/Trabajadores-que-Cobran-con-RFC-CURP-con-Formato-Incorrecto.pdf\" rel=\"noopener noreferrer\">Trabajadores que Cobran con RFC-CURP con Formato Incorrecto<\/a><\/p>\n<p><a target=\"_blank\" href=\"\/ieea\/wp-content\/uploads\/sites\/49\/2016\/07\/Catalogo-de-Percepciones-y-Deducciones.pdf\" rel=\"noopener noreferrer\">Catalogo de Percepciones y Deducciones<\/a><\/p>\n<p><a target=\"_blank\" href=\"\/ieea\/wp-content\/uploads\/sites\/49\/2016\/07\/Cat\u00e1logo-de-Categor\u00edas-y-Tabuladores.pdf\" rel=\"noopener noreferrer\">Cat\u00e1logo de Categor\u00edas y Tabuladores<\/a><\/p>\n<p><a target=\"_blank\" href=\"\/ieea\/wp-content\/uploads\/sites\/49\/2016\/07\/Anal\u00edtico-de-Categorias-Plazas-Autorizadas-con-su-Tabulador.pdf\" rel=\"noopener noreferrer\">Anal\u00edtico de Categorias- Plazas Autorizadas con su Tabulador<\/a><\/p>\n<p><a target=\"_blank\" href=\"\/ieea\/wp-content\/uploads\/sites\/49\/2016\/07\/Trabajadores-Contratados-por-Honorarios-en-el-Periodo.pdf\" rel=\"noopener noreferrer\">Trabajadores Contratados por Honorarios en el Periodo<\/a><\/p>\n<p><a target=\"_blank\" href=\"\/ieea\/wp-content\/uploads\/sites\/49\/2016\/07\/Trabajadores-que-Tramitaron-Licencia-Prejubilacion-en-el-Periodo.pdf\" rel=\"noopener noreferrer\">Trabajadores que Tramitaron Licencia Prejubilacion en el Periodo<\/a><\/p>\n<p><a target=\"_blank\" href=\"\/ieea\/wp-content\/uploads\/sites\/49\/2016\/07\/Trabajadores-Jubilados-en-el-Periodo.pdf\" rel=\"noopener noreferrer\">Trabajadores Jubilados en el Periodo<\/a><\/p>\n<p><a target=\"_blank\" href=\"\/ieea\/wp-content\/uploads\/sites\/49\/2016\/07\/Movimiento-de-Plazas.pdf\" rel=\"noopener noreferrer\">Movimiento de Plazas<\/a><\/p>\n<p><a target=\"_blank\" href=\"\/ieea\/wp-content\/uploads\/sites\/49\/2016\/07\/Personal-Federalizado-por-Registro-Federal-de-Contribuyentes.pdf\" rel=\"noopener noreferrer\">Personal Federalizado por Registro Federal de Contribuyentes<\/a><\/p>\n<p><a target=\"_blank\" href=\"\/ieea\/wp-content\/uploads\/sites\/49\/2016\/07\/Plaza-Funcion.pdf\" rel=\"noopener noreferrer\">Plaza-Funcion<\/a><\/p>\n<p><a target=\"_blank\" href=\"\/ieea\/wp-content\/uploads\/sites\/49\/2016\/07\/Registro-Federal-de-Contribuyentes-de-Trabajadores-con-Pagos-retroactivos-con-un-periodo-45-dia.pdf\" rel=\"noopener noreferrer\">Registro Federal de Contribuyentes de Trabajadores con Pagos retroactivos con un periodo 45 dia<\/a><\/p>\n<p><a target=\"_blank\" href=\"\/ieea\/wp-content\/uploads\/sites\/49\/2016\/07\/Personal-con-Licencia.pdf\" rel=\"noopener noreferrer\">Personal con Licencia<\/a><\/p>\n<p><a target=\"_blank\" href=\"\/ieea\/wp-content\/uploads\/sites\/49\/2016\/07\/Personal-Comisionado.pdf\" rel=\"noopener noreferrer\">Personal Comisionado<\/a><\/p>\n<p><a target=\"_blank\" href=\"\/ieea\/wp-content\/uploads\/sites\/49\/2016\/07\/pagos-por-ayudas-subsidios-2\u00b0-trimestre-2016.pdf\" rel=\"noopener noreferrer\">Pagos por ayudas subsidios<\/a><\/p>\n<p><a target=\"_blank\" href=\"\/ieea\/wp-content\/uploads\/sites\/49\/2016\/07\/EdoFinan2Trim.pdf\" rel=\"noopener noreferrer\">Estados financieros<\/a><\/p>\n<h3>PASH<\/h3>\n<p><a target=\"_blank\" href=\"\/ieea\/wp-content\/uploads\/sites\/49\/2016\/07\/FINANCIERO-FAETA.xlsx\" rel=\"noopener noreferrer\">FINANCIERO FAETA<\/a><\/p>\n<p><a target=\"_blank\" href=\"\/ieea\/wp-content\/uploads\/sites\/49\/2016\/07\/INDICADORES.xlsx\" rel=\"noopener noreferrer\">INDICADORES<\/a><\/p>\n<p><a target=\"_blank\" href=\"\/ieea\/wp-content\/uploads\/sites\/49\/2016\/07\/FINANCIERO-11.xlsx\" rel=\"noopener noreferrer\">FINANCIERO<\/a>\t\t<\/p>\n","protected":false},"excerpt":{"rendered":"<p>Trabajadores Cuyo Salario B\u00e1sico Supere los Ing. Promedio de un Docente Trabajadores Ocupando Plazas que Superan el N\u00famero de Horas de Compatibilidad Autorizadas Trabajadores con Doble Asignaci\u00f3n Salarial en Municipios no Colindantres Geogr\u00e1ficamente Trabajadores que Cobran con RFC-CURP con Formato Incorrecto Catalogo de Percepciones y Deducciones Cat\u00e1logo de Categor\u00edas y Tabuladores Anal\u00edtico de Categorias- Plazas [&hellip;]<\/p>\n","protected":false},"author":1,"featured_media":0,"parent":0,"menu_order":0,"comment_status":"closed","ping_status":"closed","template":"","meta":{"episode_type":"","audio_file":"","podmotor_file_id":"","podmotor_episode_id":"","cover_image":"","cover_image_id":"","duration":"","filesize":"","filesize_raw":"","date_recorded":"","explicit":"","block":"","itunes_episode_number":"","itunes_title":"","itunes_season_number":"","itunes_episode_type":"","footnotes":""},"categories":[],"tags":[],"class_list":["post-1038","page","type-page","status-publish","hentry"],"acf":[],"publishpress_future_action":{"enabled":false,"date":"2026-04-20 12:34:52","action":"change-status","newStatus":"draft","terms":[],"taxonomy":"category","extraData":[]},"publishpress_future_workflow_manual_trigger":{"enabledWorkflows":[]},"_links":{"self":[{"href":"https:\/\/www.oaxaca.gob.mx\/ieea\/wp-json\/wp\/v2\/pages\/1038","targetHints":{"allow":["GET"]}}],"collection":[{"href":"https:\/\/www.oaxaca.gob.mx\/ieea\/wp-json\/wp\/v2\/pages"}],"about":[{"href":"https:\/\/www.oaxaca.gob.mx\/ieea\/wp-json\/wp\/v2\/types\/page"}],"author":[{"embeddable":true,"href":"https:\/\/www.oaxaca.gob.mx\/ieea\/wp-json\/wp\/v2\/users\/1"}],"replies":[{"embeddable":true,"href":"https:\/\/www.oaxaca.gob.mx\/ieea\/wp-json\/wp\/v2\/comments?post=1038"}],"version-history":[{"count":0,"href":"https:\/\/www.oaxaca.gob.mx\/ieea\/wp-json\/wp\/v2\/pages\/1038\/revisions"}],"wp:attachment":[{"href":"https:\/\/www.oaxaca.gob.mx\/ieea\/wp-json\/wp\/v2\/media?parent=1038"}],"wp:term":[{"taxonomy":"category","embeddable":true,"href":"https:\/\/www.oaxaca.gob.mx\/ieea\/wp-json\/wp\/v2\/categories?post=1038"},{"taxonomy":"post_tag","embeddable":true,"href":"https:\/\/www.oaxaca.gob.mx\/ieea\/wp-json\/wp\/v2\/tags?post=1038"}],"curies":[{"name":"wp","href":"https:\/\/api.w.org\/{rel}","templated":true}]}}