{"id":4703,"date":"2024-10-04T16:24:14","date_gmt":"2024-10-04T22:24:14","guid":{"rendered":"https:\/\/www.oaxaca.gob.mx\/iceo\/?page_id=4703"},"modified":"2024-10-04T17:35:02","modified_gmt":"2024-10-04T23:35:02","slug":"notificaciones-por-estrado","status":"publish","type":"page","link":"https:\/\/www.oaxaca.gob.mx\/iceo\/marco-juridico\/notificaciones-por-estrado\/","title":{"rendered":"Notificaciones por Estrado"},"content":{"rendered":"<div class=\"su-heading su-heading-style-default su-heading-align-left\" id=\"\" style=\"font-size:13px;margin-bottom:20px\"><div class=\"su-heading-inner\">De conformidad a los art\u00edculos 142 del C\u00f3digo Fiscal para el Estado de Oaxaca y 139 del C\u00f3digo Fiscal de la Federaci\u00f3n, las notificaciones por estrados previo acuerdo de la autoridad competente, se har\u00e1n fijando durante quince d\u00edas consecutivos el documento que se pretenda notificar en un sitio abierto al p\u00fablico de las oficinas de la autoridad que efect\u00fae la notificaci\u00f3n y publicado el documento citado, durante el mismo plazo, en la p\u00e1gina electr\u00f3nica de esta Secretar\u00eda. La autoridad dejar\u00e1 constancia de ello en el expediente respectivo. En estos casos, se tendr\u00e1 como fecha de notificaci\u00f3n la del d\u00e9cimo sexto d\u00eda siguiente al primer d\u00eda en que se hubiere fijado o publicado el documento.<\/p>\n<p>Notificaciones por Estrados para Ciudadanos en uso de la Ley de Transparencia y Acceso a la informaci\u00f3n.<\/div><\/div>\n\n\n\n<table id=\"tablepress-7\" class=\"tablepress tablepress-id-7\">\n<thead>\n<tr class=\"row-1\">\n\t<th class=\"column-1\">ACUERDO DE NOTIFICACI\u00d3N POR ESTRADOS DEL OFICIO ICEO\/DG\/CEM\/DTS\/0194\/2024, DE FECHA 09 DE JULIO DE 2024, DIRIGIDO AL CIUDADANO RUB\u00c9N AQUINO C\u00c9LIS<\/th><th class=\"column-2\"><a href=\"https:\/\/www.oaxaca.gob.mx\/iceo\/wp-content\/uploads\/sites\/69\/2024\/10\/Acuerdo-Estrados_241004_165009_final.pdf\" rel=\"noopener\" target=\"_blank\"><img decoding=\"async\" src=\"https:\/\/www.oaxaca.gob.mx\/iceo\/wp-content\/uploads\/sites\/69\/2024\/10\/pdf_dow.png\" alt=\"PDF\" \/><\/a><\/th>\n<\/tr>\n<\/thead>\n<tbody class=\"row-striping row-hover\">\n<tr class=\"row-2\">\n\t<td class=\"column-1\"><\/td><td class=\"column-2\"><\/td>\n<\/tr>\n<tr class=\"row-3\">\n\t<td class=\"column-1\"><\/td><td class=\"column-2\"><\/td>\n<\/tr>\n<tr class=\"row-4\">\n\t<td class=\"column-1\"><\/td><td class=\"column-2\"><\/td>\n<\/tr>\n<tr class=\"row-5\">\n\t<td class=\"column-1\"><\/td><td class=\"column-2\"><\/td>\n<\/tr>\n<tr class=\"row-6\">\n\t<td class=\"column-1\"><\/td><td class=\"column-2\"><\/td>\n<\/tr>\n<\/tbody>\n<\/table>\n<!-- #tablepress-7 from cache -->\n\n\n\n<p><\/p>\n","protected":false},"excerpt":{"rendered":"","protected":false},"author":75,"featured_media":0,"parent":2056,"menu_order":0,"comment_status":"closed","ping_status":"closed","template":"","meta":{"episode_type":"","audio_file":"","podmotor_file_id":"","podmotor_episode_id":"","cover_image":"","cover_image_id":"","duration":"","filesize":"","filesize_raw":"","date_recorded":"","explicit":"","block":"","itunes_episode_number":"","itunes_title":"","itunes_season_number":"","itunes_episode_type":"","footnotes":""},"categories":[],"tags":[46],"class_list":["post-4703","page","type-page","status-publish","hentry","tag-juridico"],"acf":[],"publishpress_future_action":{"enabled":false,"date":"2026-04-29 06:20:12","action":"change-status","newStatus":"draft","terms":[],"taxonomy":"category","extraData":[]},"publishpress_future_workflow_manual_trigger":{"enabledWorkflows":[]},"_links":{"self":[{"href":"https:\/\/www.oaxaca.gob.mx\/iceo\/wp-json\/wp\/v2\/pages\/4703","targetHints":{"allow":["GET"]}}],"collection":[{"href":"https:\/\/www.oaxaca.gob.mx\/iceo\/wp-json\/wp\/v2\/pages"}],"about":[{"href":"https:\/\/www.oaxaca.gob.mx\/iceo\/wp-json\/wp\/v2\/types\/page"}],"author":[{"embeddable":true,"href":"https:\/\/www.oaxaca.gob.mx\/iceo\/wp-json\/wp\/v2\/users\/75"}],"replies":[{"embeddable":true,"href":"https:\/\/www.oaxaca.gob.mx\/iceo\/wp-json\/wp\/v2\/comments?post=4703"}],"version-history":[{"count":1,"href":"https:\/\/www.oaxaca.gob.mx\/iceo\/wp-json\/wp\/v2\/pages\/4703\/revisions"}],"predecessor-version":[{"id":4724,"href":"https:\/\/www.oaxaca.gob.mx\/iceo\/wp-json\/wp\/v2\/pages\/4703\/revisions\/4724"}],"up":[{"embeddable":true,"href":"https:\/\/www.oaxaca.gob.mx\/iceo\/wp-json\/wp\/v2\/pages\/2056"}],"wp:attachment":[{"href":"https:\/\/www.oaxaca.gob.mx\/iceo\/wp-json\/wp\/v2\/media?parent=4703"}],"wp:term":[{"taxonomy":"category","embeddable":true,"href":"https:\/\/www.oaxaca.gob.mx\/iceo\/wp-json\/wp\/v2\/categories?post=4703"},{"taxonomy":"post_tag","embeddable":true,"href":"https:\/\/www.oaxaca.gob.mx\/iceo\/wp-json\/wp\/v2\/tags?post=4703"}],"curies":[{"name":"wp","href":"https:\/\/api.w.org\/{rel}","templated":true}]}}