{"id":2056,"date":"2019-04-29T15:36:44","date_gmt":"2019-04-29T13:36:44","guid":{"rendered":"https:\/\/www.oaxaca.gob.mx\/catastro\/?page_id=2055"},"modified":"2026-02-25T09:35:10","modified_gmt":"2026-02-25T15:35:10","slug":"marco-juridico","status":"publish","type":"page","link":"https:\/\/www.oaxaca.gob.mx\/iceo\/marco-juridico\/","title":{"rendered":"Marco Jur\u00eddico"},"content":{"rendered":"<ul>\n<li style=\"list-style-type: none\">\n<ul>\n<li>\n<h6><a href=\"https:\/\/www.oaxaca.gob.mx\/iceo\/wp-content\/uploads\/sites\/69\/2023\/09\/INSTRUCTIVO-TECNICO-DE-VALUACION.pdf\" target=\"_blank\" rel=\"noopener noreferrer\">INSTRUCTIVO T\u00c9CNICO DE VALUACI\u00d3N<\/a><\/h6>\n<\/li>\n<li>\n<h6><a href=\"https:\/\/www.oaxaca.gob.mx\/iceo\/wp-content\/uploads\/sites\/69\/2025\/09\/Ley-de-Catastro-reformada.pdf\" target=\"_blank\" rel=\"noopener noreferrer\">LEY DE CATASTRO PARA EL ESTADO DE OAXACA<\/a><\/h6>\n<\/li>\n<li>\n<h6><a href=\"https:\/\/www.oaxaca.gob.mx\/iceo\/wp-content\/uploads\/sites\/69\/2025\/02\/MANUAL-DE-ORGANIZACION_opt.pdf\" target=\"_blank\" rel=\"noopener noreferrer\">MANUAL DE ORGANIZACI\u00d3N<\/a><\/h6>\n<\/li>\n<li>\n<h6><a href=\"https:\/\/www.oaxaca.gob.mx\/iceo\/wp-content\/uploads\/sites\/69\/2023\/10\/manual-de-procedimientos.pdf\" target=\"_blank\" rel=\"noopener noreferrer\">MANUAL DE PROCEDIMIENTOS<\/a><\/h6>\n<\/li>\n<li>\n<h6><a href=\"https:\/\/www.oaxaca.gob.mx\/iceo\/wp-content\/uploads\/sites\/69\/2026\/02\/REGLAMENTO-DE-LA-LEY-DE-CATASTRO.pdf\">REGLAMENTO DE LA LEY DE CATASTRO<\/a><\/h6>\n<\/li>\n<li>\n<h6><a href=\"https:\/\/www.oaxaca.gob.mx\/iceo\/wp-content\/uploads\/sites\/69\/2023\/09\/REGLAMENTO-INTERNO-ICEO-2015.pdf\" target=\"_blank\" rel=\"noopener noreferrer\">REGLAMENTO INTERNO DEL INSTITUTO CATASTRAL DEL ESTADO DE OAXACA<\/a><\/h6>\n<h4>ARCHIVO<\/h4>\n<ul>\n<li style=\"list-style-type: none\">\n<ul>\n<li>\n<h6><a href=\"https:\/\/www.oaxaca.gob.mx\/iceo\/wp-content\/uploads\/sites\/69\/2022\/02\/INFORME-PADA-2021.pdf\">INFORME PADA 2021<\/a><\/h6>\n<\/li>\n<li>\n<h6><a href=\"https:\/\/www.oaxaca.gob.mx\/iceo\/wp-content\/uploads\/sites\/69\/2023\/02\/Informe-al-Programa-Anual-de-Desarrollo-Archivistico-PADA-2022.pdf\">INFORME PADA 2022<\/a><\/h6>\n<\/li>\n<li>\n<h6><a href=\"https:\/\/www.oaxaca.gob.mx\/iceo\/wp-content\/uploads\/sites\/69\/2022\/02\/PADA-2022.pdf\">PROGRAMA ANUAL DE DESARROLLO ARCHIV\u00cdSTICO 2022<\/a><\/h6>\n<\/li>\n<li>\n<h6><a href=\"https:\/\/www.oaxaca.gob.mx\/iceo\/wp-content\/uploads\/sites\/69\/2023\/02\/Programa-Anual-de-Desarrollo-Archivistico-PADA-2023.pdf\">PROGRAMA ANUAL DE DESARROLLO ARCHIV\u00cdSTICO 2023<\/a><\/h6>\n<\/li>\n<li>\n<h6><a href=\"https:\/\/www.oaxaca.gob.mx\/iceo\/wp-content\/uploads\/sites\/69\/2023\/02\/Acta-de-la-Primera-Sesion-Ordinaria-del-Sistema-Institucional-de-Archivos-ejercicio-2023-1.pdf\">ACTA DE LA PRIMERA SESI\u00d3N ORDINARIA DEL SISTEMA INSTITUCIONAL DE ARCHIVOS<\/a><\/h6>\n<\/li>\n<li>\n<h6><a href=\"https:\/\/www.oaxaca.gob.mx\/iceo\/wp-content\/uploads\/sites\/69\/2023\/04\/ACTA-PSE-SIA.pdf\">ACTA DE LA PRIMERA SESI\u00d3N DEL SISTEMA INSTITUCIONAL DE ARCHIVOS<\/a><\/h6>\n<\/li>\n<li>\n<h6>ACTA DE LA PRIMERA SESI\u00d3N ORDINARIA DEL GRUPO INTERDISCIPLINARIO DE ARCHIVOS<\/h6>\n<\/li>\n<li>\n<h6><a href=\"https:\/\/www.oaxaca.gob.mx\/iceo\/wp-content\/uploads\/sites\/69\/2023\/04\/Reglas-de-Operacion-del-Grupo-Interdisciplinario-2023.pdf\">REGLAS DE OPERACI\u00d3N DEL GRUPO INTERDISCIPLINARIO<\/a><\/h6>\n<\/li>\n<li>\n<h6><a href=\"https:\/\/www.oaxaca.gob.mx\/iceo\/wp-content\/uploads\/sites\/69\/2022\/02\/Programa-Anual-de-Desarrollo-Archivistico-2021_.pdf\">PROGRAMA ANUAL DE DESARROLLO ARCHIV\u00cdSTICO 2021<\/a><\/h6>\n<\/li>\n<li>\n<h6><a href=\"http:\/\/10.173.155.10:10000\/normatividad\/PERIODICO OFICIAL 2019.pdf\" target=\"_blank\" rel=\"noopener noreferrer\">C\u00d3DIGO DE \u00c9TICA PARA SERVIDORAS Y SERVIDORES P\u00daBLICOS DEL PODER EJECUTIVO DEL ESTADO DE OAXACA<\/a><\/h6>\n<\/li>\n<li>\n<h6><a href=\"https:\/\/www.oaxaca.gob.mx\/iceo\/wp-content\/uploads\/sites\/69\/2021\/10\/AVISO_PRIVACIDAD_SIMPLIFICADO.pdf\" target=\"_blank\" rel=\"noopener noreferrer\">AVISO DE PRIVACIDAD SIMPLIFICADO<\/a><\/h6>\n<\/li>\n<li>\n<h6><a href=\"https:\/\/www.oaxaca.gob.mx\/iceo\/wp-content\/uploads\/sites\/69\/2023\/04\/CGCA-ICEO-2023.pdf\">VALIDACI\u00d3N Y CUADRO GENERAL DE CLASIFICACI\u00d3N ARCHIV\u00cdSTICO (CGCA) PARA EL EJERCICIO 2023<\/a><\/h6>\n<\/li>\n<\/ul>\n<\/li>\n<\/ul>\n<\/li>\n<\/ul>\n<\/li>\n<\/ul>\n<p>&nbsp;<\/p>\n<p>&nbsp;<\/p>\n<div class=\"row\">\n<div class=\"col\">\n<div class=\"tabs\">\n<div class=\"tab\">\n<div class=\"tab-content\"><\/div>\n<\/div>\n<\/div>\n<\/div>\n<div class=\"col\"><\/div>\n<\/div>\n","protected":false},"excerpt":{"rendered":"<p>INSTRUCTIVO T\u00c9CNICO DE VALUACI\u00d3N LEY DE CATASTRO PARA EL ESTADO DE OAXACA MANUAL DE ORGANIZACI\u00d3N MANUAL DE PROCEDIMIENTOS REGLAMENTO DE LA LEY DE CATASTRO REGLAMENTO INTERNO DEL INSTITUTO CATASTRAL DEL ESTADO DE OAXACA ARCHIVO INFORME PADA 2021 INFORME PADA 2022 PROGRAMA ANUAL DE DESARROLLO ARCHIV\u00cdSTICO 2022 PROGRAMA ANUAL DE DESARROLLO ARCHIV\u00cdSTICO 2023 ACTA DE LA [&hellip;]<\/p>\n","protected":false},"author":1,"featured_media":0,"parent":0,"menu_order":0,"comment_status":"closed","ping_status":"closed","template":"","meta":{"episode_type":"","audio_file":"","podmotor_file_id":"","podmotor_episode_id":"","cover_image":"","cover_image_id":"","duration":"","filesize":"","filesize_raw":"","date_recorded":"","explicit":"","block":"","itunes_episode_number":"","itunes_title":"","itunes_season_number":"","itunes_episode_type":"","footnotes":""},"categories":[],"tags":[],"class_list":["post-2056","page","type-page","status-publish","hentry"],"acf":[],"publishpress_future_action":{"enabled":false,"date":"2026-05-20 10:05:42","action":"change-status","newStatus":"draft","terms":[],"taxonomy":"category","extraData":[]},"publishpress_future_workflow_manual_trigger":{"enabledWorkflows":[]},"_links":{"self":[{"href":"https:\/\/www.oaxaca.gob.mx\/iceo\/wp-json\/wp\/v2\/pages\/2056","targetHints":{"allow":["GET"]}}],"collection":[{"href":"https:\/\/www.oaxaca.gob.mx\/iceo\/wp-json\/wp\/v2\/pages"}],"about":[{"href":"https:\/\/www.oaxaca.gob.mx\/iceo\/wp-json\/wp\/v2\/types\/page"}],"author":[{"embeddable":true,"href":"https:\/\/www.oaxaca.gob.mx\/iceo\/wp-json\/wp\/v2\/users\/1"}],"replies":[{"embeddable":true,"href":"https:\/\/www.oaxaca.gob.mx\/iceo\/wp-json\/wp\/v2\/comments?post=2056"}],"version-history":[{"count":2,"href":"https:\/\/www.oaxaca.gob.mx\/iceo\/wp-json\/wp\/v2\/pages\/2056\/revisions"}],"predecessor-version":[{"id":5496,"href":"https:\/\/www.oaxaca.gob.mx\/iceo\/wp-json\/wp\/v2\/pages\/2056\/revisions\/5496"}],"wp:attachment":[{"href":"https:\/\/www.oaxaca.gob.mx\/iceo\/wp-json\/wp\/v2\/media?parent=2056"}],"wp:term":[{"taxonomy":"category","embeddable":true,"href":"https:\/\/www.oaxaca.gob.mx\/iceo\/wp-json\/wp\/v2\/categories?post=2056"},{"taxonomy":"post_tag","embeddable":true,"href":"https:\/\/www.oaxaca.gob.mx\/iceo\/wp-json\/wp\/v2\/tags?post=2056"}],"curies":[{"name":"wp","href":"https:\/\/api.w.org\/{rel}","templated":true}]}}