{"id":2051,"date":"2019-04-29T15:36:44","date_gmt":"2019-04-29T13:36:44","guid":{"rendered":"https:\/\/www.oaxaca.gob.mx\/catastro\/?page_id=2051"},"modified":"2019-04-29T15:36:44","modified_gmt":"2019-04-29T13:36:44","slug":"funciones","status":"publish","type":"page","link":"https:\/\/www.oaxaca.gob.mx\/iceo\/funciones\/","title":{"rendered":"Funciones"},"content":{"rendered":"<p>En el reglamento interno del Instituto Catastral del Estado de Oaxaca se menciona lo siguiente: El<br \/>\nInstituto Catastral conforme el art\u00edculo 17 de la Ley de Catastro para el Estado de Oaxaca, tiene<br \/>\nentre otras atribuciones, las de integrar y administrar el catastro del Estado, Coordinar la integraci\u00f3n<br \/>\ndel sistema cartogr\u00e1fico estatal con prop\u00f3sito multifinalitario, atender y resolver consultas t\u00e9cnicas,<br \/>\nrealizar valuaciones y revaluaciones de inmuebles entre otras.<\/p>\n","protected":false},"excerpt":{"rendered":"<p>En el reglamento interno del Instituto Catastral del Estado de Oaxaca se menciona lo siguiente: El Instituto Catastral conforme el art\u00edculo 17 de la Ley de Catastro para el Estado de Oaxaca, tiene entre otras atribuciones, las de integrar y administrar el catastro del Estado, Coordinar la integraci\u00f3n del sistema cartogr\u00e1fico estatal con prop\u00f3sito multifinalitario, [&hellip;]<\/p>\n","protected":false},"author":1,"featured_media":0,"parent":0,"menu_order":0,"comment_status":"closed","ping_status":"closed","template":"","meta":{"episode_type":"","audio_file":"","podmotor_file_id":"","podmotor_episode_id":"","cover_image":"","cover_image_id":"","duration":"","filesize":"","filesize_raw":"","date_recorded":"","explicit":"","block":"","itunes_episode_number":"","itunes_title":"","itunes_season_number":"","itunes_episode_type":"","footnotes":""},"categories":[],"tags":[],"class_list":["post-2051","page","type-page","status-publish","hentry"],"acf":[],"publishpress_future_action":{"enabled":false,"date":"2026-04-27 10:45:14","action":"change-status","newStatus":"draft","terms":[],"taxonomy":"category","extraData":[]},"publishpress_future_workflow_manual_trigger":{"enabledWorkflows":[]},"_links":{"self":[{"href":"https:\/\/www.oaxaca.gob.mx\/iceo\/wp-json\/wp\/v2\/pages\/2051","targetHints":{"allow":["GET"]}}],"collection":[{"href":"https:\/\/www.oaxaca.gob.mx\/iceo\/wp-json\/wp\/v2\/pages"}],"about":[{"href":"https:\/\/www.oaxaca.gob.mx\/iceo\/wp-json\/wp\/v2\/types\/page"}],"author":[{"embeddable":true,"href":"https:\/\/www.oaxaca.gob.mx\/iceo\/wp-json\/wp\/v2\/users\/1"}],"replies":[{"embeddable":true,"href":"https:\/\/www.oaxaca.gob.mx\/iceo\/wp-json\/wp\/v2\/comments?post=2051"}],"version-history":[{"count":0,"href":"https:\/\/www.oaxaca.gob.mx\/iceo\/wp-json\/wp\/v2\/pages\/2051\/revisions"}],"wp:attachment":[{"href":"https:\/\/www.oaxaca.gob.mx\/iceo\/wp-json\/wp\/v2\/media?parent=2051"}],"wp:term":[{"taxonomy":"category","embeddable":true,"href":"https:\/\/www.oaxaca.gob.mx\/iceo\/wp-json\/wp\/v2\/categories?post=2051"},{"taxonomy":"post_tag","embeddable":true,"href":"https:\/\/www.oaxaca.gob.mx\/iceo\/wp-json\/wp\/v2\/tags?post=2051"}],"curies":[{"name":"wp","href":"https:\/\/api.w.org\/{rel}","templated":true}]}}