{"id":2050,"date":"2019-04-29T15:36:44","date_gmt":"2019-04-29T13:36:44","guid":{"rendered":"https:\/\/www.oaxaca.gob.mx\/catastro\/?page_id=2050"},"modified":"2023-12-15T14:13:06","modified_gmt":"2023-12-15T20:13:06","slug":"mision-vision-y-objetivos","status":"publish","type":"page","link":"https:\/\/www.oaxaca.gob.mx\/iceo\/mision-vision-y-objetivos\/","title":{"rendered":"Misi\u00f3n, visi\u00f3n y objetivos"},"content":{"rendered":"<blockquote class=\"blockquote\">\n<h4 class=\"mb-0\">Misi\u00f3n<\/h4>\n<p>&nbsp;<\/p>\n<footer class=\"blockquote-footer\">Entidad que se encarga de obtener y mantener un padr\u00f3n catastral confiable, eficiente y de uso multifinalitario brindando atenci\u00f3n y servicios de calidad a las diferentes instituciones p\u00fablicas, privadas y a la poblaci\u00f3n en general.<\/footer>\n<\/blockquote>\n<hr class=\"enlaces-foot border-b-g-ginda\" \/>\n<blockquote class=\"blockquote\">\n<h4 class=\"mb-0\">Visi\u00f3n<\/h4>\n<p>&nbsp;<\/p>\n<footer class=\"blockquote-footer\">Identificaci\u00f3n, Descripci\u00f3n, Delimitaci\u00f3n y Valuaci\u00f3n de los bienes inmuebles ubicados en el territorio del Estado, para la integraci\u00f3n y actualizaci\u00f3n permanente de la informaci\u00f3n relativa a los registros.<\/footer>\n<\/blockquote>\n<hr class=\"enlaces-foot border-b-g-ginda\" \/>\n<blockquote class=\"blockquote\">\n<h4 class=\"mb-0\">Objetivo<\/h4>\n<p>&nbsp;<\/p>\n<p>Contar con un sistema de informaci\u00f3n territorial para usos m\u00faltiples, estructurado por los registros documentales, gr\u00e1ficos y alfanum\u00e9ricos que contenga la informaci\u00f3n cuantitativa y cualitativa de todos los bienes inmuebles ubicados en el territorio del Estado.<\/p><\/blockquote>\n","protected":false},"excerpt":{"rendered":"<p>Misi\u00f3n &nbsp; Entidad que se encarga de obtener y mantener un padr\u00f3n catastral confiable, eficiente y de uso multifinalitario brindando atenci\u00f3n y servicios de calidad a las diferentes instituciones p\u00fablicas, privadas y a la poblaci\u00f3n en general. Visi\u00f3n &nbsp; Identificaci\u00f3n, Descripci\u00f3n, Delimitaci\u00f3n y Valuaci\u00f3n de los bienes inmuebles ubicados en el territorio del Estado, para [&hellip;]<\/p>\n","protected":false},"author":1,"featured_media":0,"parent":0,"menu_order":0,"comment_status":"closed","ping_status":"closed","template":"","meta":{"episode_type":"","audio_file":"","podmotor_file_id":"","podmotor_episode_id":"","cover_image":"","cover_image_id":"","duration":"","filesize":"","filesize_raw":"","date_recorded":"","explicit":"","block":"","itunes_episode_number":"","itunes_title":"","itunes_season_number":"","itunes_episode_type":"","footnotes":""},"categories":[],"tags":[],"class_list":["post-2050","page","type-page","status-publish","hentry"],"acf":[],"publishpress_future_action":{"enabled":false,"date":"2026-05-08 06:06:49","action":"change-status","newStatus":"draft","terms":[],"taxonomy":"category","extraData":[]},"publishpress_future_workflow_manual_trigger":{"enabledWorkflows":[]},"_links":{"self":[{"href":"https:\/\/www.oaxaca.gob.mx\/iceo\/wp-json\/wp\/v2\/pages\/2050","targetHints":{"allow":["GET"]}}],"collection":[{"href":"https:\/\/www.oaxaca.gob.mx\/iceo\/wp-json\/wp\/v2\/pages"}],"about":[{"href":"https:\/\/www.oaxaca.gob.mx\/iceo\/wp-json\/wp\/v2\/types\/page"}],"author":[{"embeddable":true,"href":"https:\/\/www.oaxaca.gob.mx\/iceo\/wp-json\/wp\/v2\/users\/1"}],"replies":[{"embeddable":true,"href":"https:\/\/www.oaxaca.gob.mx\/iceo\/wp-json\/wp\/v2\/comments?post=2050"}],"version-history":[{"count":2,"href":"https:\/\/www.oaxaca.gob.mx\/iceo\/wp-json\/wp\/v2\/pages\/2050\/revisions"}],"predecessor-version":[{"id":4064,"href":"https:\/\/www.oaxaca.gob.mx\/iceo\/wp-json\/wp\/v2\/pages\/2050\/revisions\/4064"}],"wp:attachment":[{"href":"https:\/\/www.oaxaca.gob.mx\/iceo\/wp-json\/wp\/v2\/media?parent=2050"}],"wp:term":[{"taxonomy":"category","embeddable":true,"href":"https:\/\/www.oaxaca.gob.mx\/iceo\/wp-json\/wp\/v2\/categories?post=2050"},{"taxonomy":"post_tag","embeddable":true,"href":"https:\/\/www.oaxaca.gob.mx\/iceo\/wp-json\/wp\/v2\/tags?post=2050"}],"curies":[{"name":"wp","href":"https:\/\/api.w.org\/{rel}","templated":true}]}}