{"id":980,"date":"2017-07-03T15:02:01","date_gmt":"2017-07-03T21:02:01","guid":{"rendered":"https:\/\/www.oaxaca.gob.mx\/icapet\/?p=981"},"modified":"2026-04-16T15:58:39","modified_gmt":"2026-04-16T21:58:39","slug":"costos-2017-2","status":"publish","type":"page","link":"https:\/\/www.oaxaca.gob.mx\/icapet\/costos-2017-2\/","title":{"rendered":"Costos"},"content":{"rendered":"<p>Costos 2026<\/p>\n<table border=\"1\" width=\"659\">\n<tbody>\n<tr align=\"center\">\n<td>Concepto<\/td>\n<td>UMA<\/td>\n<td>Impuesto de desarrollo social<\/td>\n<td>Costo Total<\/td>\n<\/tr>\n<tr align=\"center\">\n<td align=\"left\">EVALUACI\u00d3N DE COMPETENCIA LABORAL<\/td>\n<td>15<\/td>\n<td>$211.00<\/td>\n<td align=\"right\">$1,971.00<\/td>\n<\/tr>\n<tr align=\"center\">\n<td align=\"left\">EXPEDICI\u00d3N DE CERTIFICADOS DE NIVEL 1<\/td>\n<td>3.00<\/td>\n<td>$42.00<\/td>\n<td align=\"right\">$394.00<\/td>\n<\/tr>\n<tr align=\"center\">\n<td align=\"left\">EXPEDICI\u00d3N DE CERTIFICADOS DE NIVEL 2<\/td>\n<td>5.00<\/td>\n<td>$70.00<\/td>\n<td align=\"right\">$ 657.00<\/td>\n<\/tr>\n<tr align=\"center\">\n<td align=\"left\">EXPEDICI\u00d3N DE CERTIFICADOS DE NIVEL 3<\/td>\n<td>6.99<\/td>\n<td>$99.00<\/td>\n<td align=\"right\">$ 920.00<\/td>\n<\/tr>\n<tr align=\"center\">\n<td align=\"left\">EXPEDICI\u00d3N DE CERTIFICADOS DE NIVEL 4<\/td>\n<td>12.00<\/td>\n<td>$169.00<\/td>\n<td align=\"right\">$ 1577.00<\/td>\n<\/tr>\n<tr align=\"center\">\n<td align=\"left\">EXPEDICI\u00d3N DE CERTIFICADOS DE NIVEL 5<\/td>\n<td>12.99<\/td>\n<td>$183.00<\/td>\n<td align=\"right\">$ 1708.00<\/td>\n<\/tr>\n<tr align=\"center\">\n<td align=\"left\">REPOSICI\u00d3N DE CERTIFICADOS<\/td>\n<td>6.99<\/td>\n<td>$99.00<\/td>\n<td align=\"right\">$ 920.00<\/td>\n<\/tr>\n<tr align=\"center\">\n<td align=\"left\">IMPARTICI\u00d3N DE CURSOS DE COMPETENCIA LABORAL<\/td>\n<td>5.48<\/td>\n<td>$0.00<\/td>\n<td align=\"right\">$ 643.00<\/td>\n<\/tr>\n<tr align=\"center\">\n<td align=\"left\">POR ACREDITACI\u00d3N DE CENTROS DE EVALUACI\u00d3N<\/td>\n<td>68.45<\/td>\n<td>$964.00<\/td>\n<td align=\"right\">$8,995.00<\/td>\n<\/tr>\n<\/tbody>\n<\/table>\n<p>&nbsp;<\/p>\n<p>*El c\u00e1lculo para el costo en pesos, se hace sobre el costo de la UMA 2026 redondeado a $117.31, de acuerdo al criterio que aplica el portal de pagos del Sistema de Ingresos de Oaxaca (SIOX)<\/p>\n","protected":false},"excerpt":{"rendered":"<p>Costos 2026 Concepto UMA Impuesto de desarrollo social Costo Total EVALUACI\u00d3N DE COMPETENCIA LABORAL 15 $211.00 $1,971.00 EXPEDICI\u00d3N DE CERTIFICADOS DE NIVEL 1 3.00 $42.00 $394.00 EXPEDICI\u00d3N DE CERTIFICADOS DE NIVEL 2 5.00 $70.00 $ 657.00 EXPEDICI\u00d3N DE CERTIFICADOS DE NIVEL 3 6.99 $99.00 $ 920.00 EXPEDICI\u00d3N DE CERTIFICADOS DE NIVEL 4 12.00 $169.00 $ [&hellip;]<\/p>\n","protected":false},"author":1,"featured_media":1023,"parent":0,"menu_order":0,"comment_status":"closed","ping_status":"closed","template":"","meta":{"episode_type":"","audio_file":"","podmotor_file_id":"","podmotor_episode_id":"","cover_image":"","cover_image_id":"","duration":"","filesize":"","filesize_raw":"","date_recorded":"","explicit":"","block":"","itunes_episode_number":"","itunes_title":"","itunes_season_number":"","itunes_episode_type":"","footnotes":""},"categories":[],"tags":[],"class_list":["post-980","page","type-page","status-publish","has-post-thumbnail","hentry"],"acf":[],"publishpress_future_action":{"enabled":false,"date":"2026-05-15 01:43:36","action":"change-status","newStatus":"draft","terms":[],"taxonomy":"category","extraData":[]},"publishpress_future_workflow_manual_trigger":{"enabledWorkflows":[]},"_links":{"self":[{"href":"https:\/\/www.oaxaca.gob.mx\/icapet\/wp-json\/wp\/v2\/pages\/980","targetHints":{"allow":["GET"]}}],"collection":[{"href":"https:\/\/www.oaxaca.gob.mx\/icapet\/wp-json\/wp\/v2\/pages"}],"about":[{"href":"https:\/\/www.oaxaca.gob.mx\/icapet\/wp-json\/wp\/v2\/types\/page"}],"author":[{"embeddable":true,"href":"https:\/\/www.oaxaca.gob.mx\/icapet\/wp-json\/wp\/v2\/users\/1"}],"replies":[{"embeddable":true,"href":"https:\/\/www.oaxaca.gob.mx\/icapet\/wp-json\/wp\/v2\/comments?post=980"}],"version-history":[{"count":2,"href":"https:\/\/www.oaxaca.gob.mx\/icapet\/wp-json\/wp\/v2\/pages\/980\/revisions"}],"predecessor-version":[{"id":24928,"href":"https:\/\/www.oaxaca.gob.mx\/icapet\/wp-json\/wp\/v2\/pages\/980\/revisions\/24928"}],"wp:featuredmedia":[{"embeddable":true,"href":"https:\/\/www.oaxaca.gob.mx\/icapet\/wp-json\/wp\/v2\/media\/1023"}],"wp:attachment":[{"href":"https:\/\/www.oaxaca.gob.mx\/icapet\/wp-json\/wp\/v2\/media?parent=980"}],"wp:term":[{"taxonomy":"category","embeddable":true,"href":"https:\/\/www.oaxaca.gob.mx\/icapet\/wp-json\/wp\/v2\/categories?post=980"},{"taxonomy":"post_tag","embeddable":true,"href":"https:\/\/www.oaxaca.gob.mx\/icapet\/wp-json\/wp\/v2\/tags?post=980"}],"curies":[{"name":"wp","href":"https:\/\/api.w.org\/{rel}","templated":true}]}}