{"id":69,"date":"2016-04-13T14:40:16","date_gmt":"2016-04-13T20:40:16","guid":{"rendered":"https:\/\/www.oaxaca.gob.mx\/icapet\/?p=70"},"modified":"2026-04-08T12:58:22","modified_gmt":"2026-04-08T18:58:22","slug":"cursos-de-capacitacion","status":"publish","type":"page","link":"https:\/\/www.oaxaca.gob.mx\/icapet\/cursos-de-capacitacion\/","title":{"rendered":"Cursos de Capacitaci\u00f3n"},"content":{"rendered":"<p>Con el prop\u00f3sito de facilitar los tr\u00e1mites relacionados con la solicitud de autorizaci\u00f3n de cursos de este Instituto y cumpliendo con los procedimientos del sistema de gesti\u00f3n de calidad. El solicitante debe cumplir lo siguiente:<\/p>\n<ul>\n<li>1 Fotograf\u00eda digital con fondo blanco por alumno<\/li>\n<li>Credencial de elector escaneada a color por ambos lados<\/li>\n<li>CURP original formato PDF<\/li>\n<li>C\u00e9dula de Identificaci\u00f3n del alumno (Formato RUDC-03)<\/li>\n<li>Oficio de Solicitud (solo el o la representante del grupo)<\/li>\n<li>Formato de relaci\u00f3n de alumnos (RUDC-02)<\/li>\n<\/ul>\n<p>*Los formatos RUDC los otorga la Unidad de Capacitaci\u00f3n asignada.<br \/>\nNota: Los grupos se conforman con un m\u00ednimo de 10 y m\u00e1ximo de 15 personas<\/p>\n<p>&nbsp;<\/p>\n<p><strong>Costos 2026<\/strong><\/p>\n<table border=\"1\" width=\"&lt;td&gt;&lt;\/td&gt; &lt;p&gt;659\">\n<tbody>\n<tr align=\"center\">\n<td>CONCEPTO<\/td>\n<td>UMAS<\/td>\n<td>COSTO<\/td>\n<\/tr>\n<tr>\n<td align=\"left\">CURSO REGULAR<\/td>\n<td style=\"text-align: center\" align=\"left\">0.03<\/td>\n<td style=\"text-align: right\" align=\"right\">$4.00 Por Hora<\/td>\n<\/tr>\n<tr align=\"center\">\n<td align=\"left\">CURSO EXTENSI\u00d3N<\/td>\n<td style=\"text-align: center\" align=\"left\">1.39<\/td>\n<td align=\"right\">$163.00<\/td>\n<\/tr>\n<tr align=\"center\">\n<td align=\"left\">CAPACITACI\u00d3N ACELERADA ESPECIFICA<\/td>\n<td style=\"text-align: center\" align=\"left\">1<\/td>\n<td align=\"right\">$117.00<\/td>\n<\/tr>\n<tr align=\"center\">\n<td align=\"left\">EVALUACI\u00d3N ROCO POR CURSO<\/td>\n<td style=\"text-align: center\" align=\"left\">2<\/td>\n<td align=\"right\">$263.00<\/td>\n<\/tr>\n<tr align=\"center\">\n<td align=\"left\">EVALUACI\u00d3N ROCO POR ESPECIALIDAD<\/td>\n<td style=\"text-align: center\" align=\"left\">4<\/td>\n<td align=\"right\">$525.00<\/td>\n<\/tr>\n<tr align=\"center\">\n<td align=\"left\">REPOSICI\u00d3N DE CONSTANCIA<\/td>\n<td style=\"text-align: center\" align=\"left\">0.69<\/td>\n<td align=\"right\">$80.00<\/td>\n<\/tr>\n<\/tbody>\n<\/table>\n<p>&nbsp;<\/p>\n<p>Con la actualizaci\u00f3n del valor de la UMA a $117.31 pesos (*), los costos a partir de febrero de 2026<\/p>\n<div class=\"_df_book df-lite\" id=\"df_24910\"  _slug=\"catalogo-febrero-2026\" data-title=\"catalogo-febrero-2026\" wpoptions=\"true\" thumbtype=\"\" ><\/div><script class=\"df-shortcode-script\" nowprocket type=\"application\/javascript\">window.option_df_24910 = {\"outline\":[],\"autoEnableOutline\":\"false\",\"autoEnableThumbnail\":\"false\",\"overwritePDFOutline\":\"false\",\"direction\":\"1\",\"pageSize\":\"0\",\"source\":\"https:\\\/\\\/www.oaxaca.gob.mx\\\/icapet\\\/wp-content\\\/uploads\\\/sites\\\/4\\\/2026\\\/02\\\/CATALOGO2026_ICAPET.pdf\",\"wpOptions\":\"true\"}; if(window.DFLIP && window.DFLIP.parseBooks){window.DFLIP.parseBooks();}<\/script>\n<p><a href=\"https:\/\/www.oaxaca.gob.mx\/icapet\/wp-content\/uploads\/sites\/4\/2026\/02\/CATALOGO2026_ICAPET.pdf\">Cat\u00e1logo de Cursos<\/a><\/p>\n<p><a href=\"https:\/\/www.oaxaca.gob.mx\/icapet\/wp-content\/uploads\/sites\/4\/2026\/04\/Formatos-para-registro-ICAPET.pdf\" target=\"_blank\" rel=\"noopener\">Formatos para el Registro<\/a><\/p>\n<p>*El c\u00e1lculo para el costo en pesos, se hace sobre el costo de la UMA 2026 redondeado a $117.31, de acuerdo al criterio que aplica el portal de pagos del Sistema de Ingresos de Oaxaca (SIOX)<\/p>\n","protected":false},"excerpt":{"rendered":"<p>Con el prop\u00f3sito de facilitar los tr\u00e1mites relacionados con la solicitud de autorizaci\u00f3n de cursos de este Instituto y cumpliendo con los procedimientos del sistema de gesti\u00f3n de calidad. El solicitante debe cumplir lo siguiente: 1 Fotograf\u00eda digital con fondo blanco por alumno Credencial de elector escaneada a color por ambos lados CURP original formato [&hellip;]<\/p>\n","protected":false},"author":1,"featured_media":45,"parent":0,"menu_order":0,"comment_status":"closed","ping_status":"closed","template":"","meta":{"episode_type":"","audio_file":"","podmotor_file_id":"","podmotor_episode_id":"","cover_image":"","cover_image_id":"","duration":"","filesize":"","filesize_raw":"","date_recorded":"","explicit":"","block":"","itunes_episode_number":"","itunes_title":"","itunes_season_number":"","itunes_episode_type":"","footnotes":""},"categories":[],"tags":[],"class_list":["post-69","page","type-page","status-publish","has-post-thumbnail","hentry"],"acf":[],"publishpress_future_action":{"enabled":false,"date":"2026-04-24 04:30:10","action":"change-status","newStatus":"draft","terms":[],"taxonomy":"category","extraData":[]},"publishpress_future_workflow_manual_trigger":{"enabledWorkflows":[]},"_links":{"self":[{"href":"https:\/\/www.oaxaca.gob.mx\/icapet\/wp-json\/wp\/v2\/pages\/69","targetHints":{"allow":["GET"]}}],"collection":[{"href":"https:\/\/www.oaxaca.gob.mx\/icapet\/wp-json\/wp\/v2\/pages"}],"about":[{"href":"https:\/\/www.oaxaca.gob.mx\/icapet\/wp-json\/wp\/v2\/types\/page"}],"author":[{"embeddable":true,"href":"https:\/\/www.oaxaca.gob.mx\/icapet\/wp-json\/wp\/v2\/users\/1"}],"replies":[{"embeddable":true,"href":"https:\/\/www.oaxaca.gob.mx\/icapet\/wp-json\/wp\/v2\/comments?post=69"}],"version-history":[{"count":4,"href":"https:\/\/www.oaxaca.gob.mx\/icapet\/wp-json\/wp\/v2\/pages\/69\/revisions"}],"predecessor-version":[{"id":24922,"href":"https:\/\/www.oaxaca.gob.mx\/icapet\/wp-json\/wp\/v2\/pages\/69\/revisions\/24922"}],"wp:featuredmedia":[{"embeddable":true,"href":"https:\/\/www.oaxaca.gob.mx\/icapet\/wp-json\/wp\/v2\/media\/45"}],"wp:attachment":[{"href":"https:\/\/www.oaxaca.gob.mx\/icapet\/wp-json\/wp\/v2\/media?parent=69"}],"wp:term":[{"taxonomy":"category","embeddable":true,"href":"https:\/\/www.oaxaca.gob.mx\/icapet\/wp-json\/wp\/v2\/categories?post=69"},{"taxonomy":"post_tag","embeddable":true,"href":"https:\/\/www.oaxaca.gob.mx\/icapet\/wp-json\/wp\/v2\/tags?post=69"}],"curies":[{"name":"wp","href":"https:\/\/api.w.org\/{rel}","templated":true}]}}