{"id":534,"date":"2017-05-02T14:08:32","date_gmt":"2017-05-02T20:08:32","guid":{"rendered":"https:\/\/www.oaxaca.gob.mx\/icapet\/?p=535"},"modified":"2025-12-29T16:32:23","modified_gmt":"2025-12-29T22:32:23","slug":"accion-movil-de-san-martin-tilcajete","status":"publish","type":"page","link":"https:\/\/www.oaxaca.gob.mx\/icapet\/accion-movil-de-san-martin-tilcajete\/","title":{"rendered":"Acci\u00f3n M\u00f3vil de San Mart\u00edn Tilcajete"},"content":{"rendered":"<h1><strong>Acci\u00f3n M\u00f3vil, San Mart\u00edn Tilcajete<\/strong><\/h1>\n<p>&nbsp;<\/p>\n<table>\n<tbody>\n<tr>\n<th width=\"300\"><img loading=\"lazy\" decoding=\"async\" class=\"alignnone size-medium wp-image-23285\" src=\"https:\/\/www.oaxaca.gob.mx\/icapet\/wp-content\/uploads\/sites\/4\/2024\/10\/AM-Tilcajete.jpg\" alt=\"\" width=\"211\" height=\"300\" \/><\/th>\n<th style=\"text-align: left\" width=\"500\">Lic. Jos\u00e9 Emmanuel Fuentes Pedro<br \/>\nEncargado de la Acci\u00f3n M\u00f3vil de San Mart\u00edn Tilcajete<br \/>\nDirecci\u00f3n: Carretera Internacional Oaxaca- Puerto \u00c1ngel Km 22.2, San Mart\u00edn Tilcajete, Ocotl\u00e1n, Oax.<br \/>\nTel\u00e9fono: 951 283 70 19<br \/>\nCorreo electr\u00f3nico: icapet.sanmartin@gmail.com<br \/>\nFacebook: <a href=\"https:\/\/www.facebook.com\/AMSMTilcajete\"><img loading=\"lazy\" decoding=\"async\" class=\"alignnone wp-image-24798 size-thumbnail\" src=\"https:\/\/www.oaxaca.gob.mx\/icapet\/wp-content\/uploads\/sites\/4\/2025\/12\/facebook-1-150x150.png\" alt=\"\" width=\"25\" height=\"25\" srcset=\"https:\/\/www.oaxaca.gob.mx\/icapet\/wp-content\/uploads\/sites\/4\/2025\/12\/facebook-1-150x150.png 150w, https:\/\/www.oaxaca.gob.mx\/icapet\/wp-content\/uploads\/sites\/4\/2025\/12\/facebook-1-300x300.png 300w, https:\/\/www.oaxaca.gob.mx\/icapet\/wp-content\/uploads\/sites\/4\/2025\/12\/facebook-1.png 512w\" sizes=\"auto, (max-width: 25px) 100vw, 25px\" \/><\/a><\/th>\n<\/tr>\n<\/tbody>\n<\/table>\n","protected":false},"excerpt":{"rendered":"<p>Acci\u00f3n M\u00f3vil, San Mart\u00edn Tilcajete &nbsp; Lic. Jos\u00e9 Emmanuel Fuentes Pedro Encargado de la Acci\u00f3n M\u00f3vil de San Mart\u00edn Tilcajete Direcci\u00f3n: Carretera Internacional Oaxaca- Puerto \u00c1ngel Km 22.2, San Mart\u00edn Tilcajete, Ocotl\u00e1n, Oax. Tel\u00e9fono: 951 283 70 19 Correo electr\u00f3nico: icapet.sanmartin@gmail.com Facebook:<\/p>\n","protected":false},"author":1,"featured_media":45,"parent":0,"menu_order":0,"comment_status":"closed","ping_status":"closed","template":"","meta":{"episode_type":"","audio_file":"","podmotor_file_id":"","podmotor_episode_id":"","cover_image":"","cover_image_id":"","duration":"","filesize":"","filesize_raw":"","date_recorded":"","explicit":"","block":"","itunes_episode_number":"","itunes_title":"","itunes_season_number":"","itunes_episode_type":"","footnotes":""},"categories":[],"tags":[],"class_list":["post-534","page","type-page","status-publish","has-post-thumbnail","hentry"],"acf":[],"publishpress_future_action":{"enabled":false,"date":"2026-05-11 05:12:09","action":"change-status","newStatus":"draft","terms":[],"taxonomy":"category","extraData":[]},"publishpress_future_workflow_manual_trigger":{"enabledWorkflows":[]},"_links":{"self":[{"href":"https:\/\/www.oaxaca.gob.mx\/icapet\/wp-json\/wp\/v2\/pages\/534","targetHints":{"allow":["GET"]}}],"collection":[{"href":"https:\/\/www.oaxaca.gob.mx\/icapet\/wp-json\/wp\/v2\/pages"}],"about":[{"href":"https:\/\/www.oaxaca.gob.mx\/icapet\/wp-json\/wp\/v2\/types\/page"}],"author":[{"embeddable":true,"href":"https:\/\/www.oaxaca.gob.mx\/icapet\/wp-json\/wp\/v2\/users\/1"}],"replies":[{"embeddable":true,"href":"https:\/\/www.oaxaca.gob.mx\/icapet\/wp-json\/wp\/v2\/comments?post=534"}],"version-history":[{"count":3,"href":"https:\/\/www.oaxaca.gob.mx\/icapet\/wp-json\/wp\/v2\/pages\/534\/revisions"}],"predecessor-version":[{"id":24831,"href":"https:\/\/www.oaxaca.gob.mx\/icapet\/wp-json\/wp\/v2\/pages\/534\/revisions\/24831"}],"wp:featuredmedia":[{"embeddable":true,"href":"https:\/\/www.oaxaca.gob.mx\/icapet\/wp-json\/wp\/v2\/media\/45"}],"wp:attachment":[{"href":"https:\/\/www.oaxaca.gob.mx\/icapet\/wp-json\/wp\/v2\/media?parent=534"}],"wp:term":[{"taxonomy":"category","embeddable":true,"href":"https:\/\/www.oaxaca.gob.mx\/icapet\/wp-json\/wp\/v2\/categories?post=534"},{"taxonomy":"post_tag","embeddable":true,"href":"https:\/\/www.oaxaca.gob.mx\/icapet\/wp-json\/wp\/v2\/tags?post=534"}],"curies":[{"name":"wp","href":"https:\/\/api.w.org\/{rel}","templated":true}]}}