{"id":528,"date":"2017-05-02T14:05:54","date_gmt":"2017-05-02T20:05:54","guid":{"rendered":"https:\/\/www.oaxaca.gob.mx\/icapet\/?p=529"},"modified":"2025-12-29T16:13:39","modified_gmt":"2025-12-29T22:13:39","slug":"plantel-de-capacitacion-664-asuncion-nochixtlan","status":"publish","type":"page","link":"https:\/\/www.oaxaca.gob.mx\/icapet\/plantel-de-capacitacion-664-asuncion-nochixtlan\/","title":{"rendered":"664 Asunci\u00f3n Nochixtl\u00e1n"},"content":{"rendered":"<h1><strong>Unidad de Capacitaci\u00f3n 664, Asunci\u00f3n Nochixtl\u00e1n<\/strong><\/h1>\n<p>&nbsp;<\/p>\n<table>\n<tbody>\n<tr>\n<th width=\"300\"><img loading=\"lazy\" decoding=\"async\" class=\"alignnone size-medium wp-image-23282\" src=\"https:\/\/www.oaxaca.gob.mx\/icapet\/wp-content\/uploads\/sites\/4\/2023\/02\/Nochixtlan-211x300.png\" alt=\"\" width=\"211\" height=\"300\" srcset=\"https:\/\/www.oaxaca.gob.mx\/icapet\/wp-content\/uploads\/sites\/4\/2023\/02\/Nochixtlan-211x300.png 211w, https:\/\/www.oaxaca.gob.mx\/icapet\/wp-content\/uploads\/sites\/4\/2023\/02\/Nochixtlan.png 460w\" sizes=\"auto, (max-width: 211px) 100vw, 211px\" \/><\/th>\n<th width=\"500\">Directora: Lic. Silvia Ch\u00e1vez G\u00f3mez<br \/>\nDirecci\u00f3n: L\u00e1zaro C\u00e1rdenas esq. Dr. Roberto Koch, Barrio la Pe\u00f1a, Asunci\u00f3n Nochixtl\u00e1n, Oax.<br \/>\nTel\u00e9fono: 951 125 34 42<br \/>\nCorreo electr\u00f3nico: 664nochixtlanicapet@gmail.com<br \/>\nFacebook: <a href=\"https:\/\/www.facebook.com\/UDC664Nochix\"><img loading=\"lazy\" decoding=\"async\" class=\"alignnone wp-image-24798 size-thumbnail\" src=\"https:\/\/www.oaxaca.gob.mx\/icapet\/wp-content\/uploads\/sites\/4\/2025\/12\/facebook-1-150x150.png\" alt=\"\" width=\"25\" height=\"25\" srcset=\"https:\/\/www.oaxaca.gob.mx\/icapet\/wp-content\/uploads\/sites\/4\/2025\/12\/facebook-1-150x150.png 150w, https:\/\/www.oaxaca.gob.mx\/icapet\/wp-content\/uploads\/sites\/4\/2025\/12\/facebook-1-300x300.png 300w, https:\/\/www.oaxaca.gob.mx\/icapet\/wp-content\/uploads\/sites\/4\/2025\/12\/facebook-1.png 512w\" sizes=\"auto, (max-width: 25px) 100vw, 25px\" \/><\/a><\/th>\n<\/tr>\n<\/tbody>\n<\/table>\n<p>&nbsp;<\/p>\n","protected":false},"excerpt":{"rendered":"<p>Unidad de Capacitaci\u00f3n 664, Asunci\u00f3n Nochixtl\u00e1n &nbsp; Directora: Lic. Silvia Ch\u00e1vez G\u00f3mez Direcci\u00f3n: L\u00e1zaro C\u00e1rdenas esq. Dr. Roberto Koch, Barrio la Pe\u00f1a, Asunci\u00f3n Nochixtl\u00e1n, Oax. Tel\u00e9fono: 951 125 34 42 Correo electr\u00f3nico: 664nochixtlanicapet@gmail.com Facebook: &nbsp;<\/p>\n","protected":false},"author":1,"featured_media":564,"parent":0,"menu_order":0,"comment_status":"closed","ping_status":"closed","template":"","meta":{"episode_type":"","audio_file":"","podmotor_file_id":"","podmotor_episode_id":"","cover_image":"","cover_image_id":"","duration":"","filesize":"","filesize_raw":"","date_recorded":"","explicit":"","block":"","itunes_episode_number":"","itunes_title":"","itunes_season_number":"","itunes_episode_type":"","footnotes":""},"categories":[],"tags":[],"class_list":["post-528","page","type-page","status-publish","has-post-thumbnail","hentry"],"acf":[],"publishpress_future_action":{"enabled":false,"date":"2026-05-11 04:55:52","action":"change-status","newStatus":"draft","terms":[],"taxonomy":"category","extraData":[]},"publishpress_future_workflow_manual_trigger":{"enabledWorkflows":[]},"_links":{"self":[{"href":"https:\/\/www.oaxaca.gob.mx\/icapet\/wp-json\/wp\/v2\/pages\/528","targetHints":{"allow":["GET"]}}],"collection":[{"href":"https:\/\/www.oaxaca.gob.mx\/icapet\/wp-json\/wp\/v2\/pages"}],"about":[{"href":"https:\/\/www.oaxaca.gob.mx\/icapet\/wp-json\/wp\/v2\/types\/page"}],"author":[{"embeddable":true,"href":"https:\/\/www.oaxaca.gob.mx\/icapet\/wp-json\/wp\/v2\/users\/1"}],"replies":[{"embeddable":true,"href":"https:\/\/www.oaxaca.gob.mx\/icapet\/wp-json\/wp\/v2\/comments?post=528"}],"version-history":[{"count":2,"href":"https:\/\/www.oaxaca.gob.mx\/icapet\/wp-json\/wp\/v2\/pages\/528\/revisions"}],"predecessor-version":[{"id":24823,"href":"https:\/\/www.oaxaca.gob.mx\/icapet\/wp-json\/wp\/v2\/pages\/528\/revisions\/24823"}],"wp:featuredmedia":[{"embeddable":true,"href":"https:\/\/www.oaxaca.gob.mx\/icapet\/wp-json\/wp\/v2\/media\/564"}],"wp:attachment":[{"href":"https:\/\/www.oaxaca.gob.mx\/icapet\/wp-json\/wp\/v2\/media?parent=528"}],"wp:term":[{"taxonomy":"category","embeddable":true,"href":"https:\/\/www.oaxaca.gob.mx\/icapet\/wp-json\/wp\/v2\/categories?post=528"},{"taxonomy":"post_tag","embeddable":true,"href":"https:\/\/www.oaxaca.gob.mx\/icapet\/wp-json\/wp\/v2\/tags?post=528"}],"curies":[{"name":"wp","href":"https:\/\/api.w.org\/{rel}","templated":true}]}}