{"id":518,"date":"2017-05-02T14:03:36","date_gmt":"2017-05-02T20:03:36","guid":{"rendered":"https:\/\/www.oaxaca.gob.mx\/icapet\/?p=519"},"modified":"2025-12-29T13:57:57","modified_gmt":"2025-12-29T19:57:57","slug":"plantel-de-capacitacion-165-acatlan-de-perez-figueroa","status":"publish","type":"page","link":"https:\/\/www.oaxaca.gob.mx\/icapet\/plantel-de-capacitacion-165-acatlan-de-perez-figueroa\/","title":{"rendered":"165 Acatl\u00e1n de P\u00e9rez Figueroa"},"content":{"rendered":"<h1><strong>Unidad de Capacitaci\u00f3n 165, Acatl\u00e1n de P\u00e9rez Figueroa<\/strong><\/h1>\n<table>\n<tbody>\n<tr>\n<th width=\"300\"><img loading=\"lazy\" decoding=\"async\" class=\"alignnone size-medium wp-image-23271\" src=\"https:\/\/www.oaxaca.gob.mx\/icapet\/wp-content\/uploads\/sites\/4\/2023\/02\/acatlan-211x300.png\" alt=\"\" width=\"211\" height=\"300\" srcset=\"https:\/\/www.oaxaca.gob.mx\/icapet\/wp-content\/uploads\/sites\/4\/2023\/02\/acatlan-211x300.png 211w, https:\/\/www.oaxaca.gob.mx\/icapet\/wp-content\/uploads\/sites\/4\/2023\/02\/acatlan.png 460w\" sizes=\"auto, (max-width: 211px) 100vw, 211px\" \/><\/th>\n<th style=\"text-align: left\" width=\"500\">Director: Lic. Ignacio Rivera Victoria<br \/>\nDirecci\u00f3n: Av. Isabel la Cat\u00f3lica, Esq. Guadalupe Victoria, Barrio Los Trapiches, Municipio Acatl\u00e1n de P\u00e9rez Figueroa, Oax.<br \/>\nTel\u00e9fono: 274 155 3005<br \/>\nCorreo Electr\u00f3nico: icapet_udc165@hotmail.com<br \/>\nFacebook: <a href=\"https:\/\/www.facebook.com\/profile.php?id=61571995126566\"><img loading=\"lazy\" decoding=\"async\" class=\"alignnone wp-image-24798 size-thumbnail\" src=\"https:\/\/www.oaxaca.gob.mx\/icapet\/wp-content\/uploads\/sites\/4\/2025\/12\/facebook-1-150x150.png\" alt=\"\" width=\"25\" height=\"25\" srcset=\"https:\/\/www.oaxaca.gob.mx\/icapet\/wp-content\/uploads\/sites\/4\/2025\/12\/facebook-1-150x150.png 150w, https:\/\/www.oaxaca.gob.mx\/icapet\/wp-content\/uploads\/sites\/4\/2025\/12\/facebook-1-300x300.png 300w, https:\/\/www.oaxaca.gob.mx\/icapet\/wp-content\/uploads\/sites\/4\/2025\/12\/facebook-1.png 512w\" sizes=\"auto, (max-width: 25px) 100vw, 25px\" \/><\/a><\/th>\n<\/tr>\n<\/tbody>\n<\/table>\n<p>&nbsp;<\/p>\n","protected":false},"excerpt":{"rendered":"<p>Unidad de Capacitaci\u00f3n 165, Acatl\u00e1n de P\u00e9rez Figueroa Director: Lic. Ignacio Rivera Victoria Direcci\u00f3n: Av. Isabel la Cat\u00f3lica, Esq. Guadalupe Victoria, Barrio Los Trapiches, Municipio Acatl\u00e1n de P\u00e9rez Figueroa, Oax. Tel\u00e9fono: 274 155 3005 Correo Electr\u00f3nico: icapet_udc165@hotmail.com Facebook: &nbsp;<\/p>\n","protected":false},"author":1,"featured_media":564,"parent":0,"menu_order":0,"comment_status":"closed","ping_status":"closed","template":"","meta":{"episode_type":"","audio_file":"","podmotor_file_id":"","podmotor_episode_id":"","cover_image":"","cover_image_id":"","duration":"","filesize":"","filesize_raw":"","date_recorded":"","explicit":"","block":"","itunes_episode_number":"","itunes_title":"","itunes_season_number":"","itunes_episode_type":"","footnotes":""},"categories":[],"tags":[],"class_list":["post-518","page","type-page","status-publish","has-post-thumbnail","hentry"],"acf":[],"publishpress_future_action":{"enabled":false,"date":"2026-05-15 00:09:10","action":"change-status","newStatus":"draft","terms":[],"taxonomy":"category","extraData":[]},"publishpress_future_workflow_manual_trigger":{"enabledWorkflows":[]},"_links":{"self":[{"href":"https:\/\/www.oaxaca.gob.mx\/icapet\/wp-json\/wp\/v2\/pages\/518","targetHints":{"allow":["GET"]}}],"collection":[{"href":"https:\/\/www.oaxaca.gob.mx\/icapet\/wp-json\/wp\/v2\/pages"}],"about":[{"href":"https:\/\/www.oaxaca.gob.mx\/icapet\/wp-json\/wp\/v2\/types\/page"}],"author":[{"embeddable":true,"href":"https:\/\/www.oaxaca.gob.mx\/icapet\/wp-json\/wp\/v2\/users\/1"}],"replies":[{"embeddable":true,"href":"https:\/\/www.oaxaca.gob.mx\/icapet\/wp-json\/wp\/v2\/comments?post=518"}],"version-history":[{"count":3,"href":"https:\/\/www.oaxaca.gob.mx\/icapet\/wp-json\/wp\/v2\/pages\/518\/revisions"}],"predecessor-version":[{"id":24813,"href":"https:\/\/www.oaxaca.gob.mx\/icapet\/wp-json\/wp\/v2\/pages\/518\/revisions\/24813"}],"wp:featuredmedia":[{"embeddable":true,"href":"https:\/\/www.oaxaca.gob.mx\/icapet\/wp-json\/wp\/v2\/media\/564"}],"wp:attachment":[{"href":"https:\/\/www.oaxaca.gob.mx\/icapet\/wp-json\/wp\/v2\/media?parent=518"}],"wp:term":[{"taxonomy":"category","embeddable":true,"href":"https:\/\/www.oaxaca.gob.mx\/icapet\/wp-json\/wp\/v2\/categories?post=518"},{"taxonomy":"post_tag","embeddable":true,"href":"https:\/\/www.oaxaca.gob.mx\/icapet\/wp-json\/wp\/v2\/tags?post=518"}],"curies":[{"name":"wp","href":"https:\/\/api.w.org\/{rel}","templated":true}]}}