{"id":513,"date":"2017-05-02T14:02:44","date_gmt":"2017-05-02T20:02:44","guid":{"rendered":"https:\/\/www.oaxaca.gob.mx\/icapet\/?p=514"},"modified":"2025-12-29T12:58:50","modified_gmt":"2025-12-29T18:58:50","slug":"plantel-de-capacitacion-089-santiago-matatlan","status":"publish","type":"page","link":"https:\/\/www.oaxaca.gob.mx\/icapet\/plantel-de-capacitacion-089-santiago-matatlan\/","title":{"rendered":"089 Santiago Matatl\u00e1n"},"content":{"rendered":"<h1><strong>Unidad de Capacitaci\u00f3n 089, Santiago Matatl\u00e1n.<\/strong><\/h1>\n<table>\n<tbody>\n<tr>\n<th width=\"300\"><img loading=\"lazy\" decoding=\"async\" class=\"alignnone wp-image-24796 size-medium\" src=\"https:\/\/www.oaxaca.gob.mx\/icapet\/wp-content\/uploads\/sites\/4\/2025\/12\/087-San-Juan-Bautista-211x300.png\" alt=\"\" width=\"211\" height=\"300\" srcset=\"https:\/\/www.oaxaca.gob.mx\/icapet\/wp-content\/uploads\/sites\/4\/2025\/12\/087-San-Juan-Bautista-211x300.png 211w, https:\/\/www.oaxaca.gob.mx\/icapet\/wp-content\/uploads\/sites\/4\/2025\/12\/087-San-Juan-Bautista.png 460w\" sizes=\"auto, (max-width: 211px) 100vw, 211px\" \/><\/th>\n<th style=\"text-align: left\" width=\"500\">Directora: Laura Leticia Ram\u00edrez L\u00f3pez<br \/>\nDirecci\u00f3n: Camino Antiguo a San Dionisio S\/N, Santiago Matatl\u00e1n, Tlacolula, Oax.<br \/>\nTel\u00e9fono: 951 324 9786<br \/>\nCorreo Electr\u00f3nico: icapet_089@hotmail.com<br \/>\nFacebook: <a href=\"https:\/\/www.facebook.com\/UDC089Matatlan\"><img loading=\"lazy\" decoding=\"async\" class=\"alignnone wp-image-24798 size-thumbnail\" src=\"https:\/\/www.oaxaca.gob.mx\/icapet\/wp-content\/uploads\/sites\/4\/2025\/12\/facebook-1-150x150.png\" alt=\"\" width=\"25\" height=\"25\" srcset=\"https:\/\/www.oaxaca.gob.mx\/icapet\/wp-content\/uploads\/sites\/4\/2025\/12\/facebook-1-150x150.png 150w, https:\/\/www.oaxaca.gob.mx\/icapet\/wp-content\/uploads\/sites\/4\/2025\/12\/facebook-1-300x300.png 300w, https:\/\/www.oaxaca.gob.mx\/icapet\/wp-content\/uploads\/sites\/4\/2025\/12\/facebook-1.png 512w\" sizes=\"auto, (max-width: 25px) 100vw, 25px\" \/><\/a><\/th>\n<\/tr>\n<\/tbody>\n<\/table>\n<p>&nbsp;<\/p>\n","protected":false},"excerpt":{"rendered":"<p>Unidad de Capacitaci\u00f3n 089, Santiago Matatl\u00e1n. Directora: Laura Leticia Ram\u00edrez L\u00f3pez Direcci\u00f3n: Camino Antiguo a San Dionisio S\/N, Santiago Matatl\u00e1n, Tlacolula, Oax. Tel\u00e9fono: 951 324 9786 Correo Electr\u00f3nico: icapet_089@hotmail.com Facebook: &nbsp;<\/p>\n","protected":false},"author":1,"featured_media":564,"parent":0,"menu_order":0,"comment_status":"closed","ping_status":"closed","template":"","meta":{"episode_type":"","audio_file":"","podmotor_file_id":"","podmotor_episode_id":"","cover_image":"","cover_image_id":"","duration":"","filesize":"","filesize_raw":"","date_recorded":"","explicit":"","block":"","itunes_episode_number":"","itunes_title":"","itunes_season_number":"","itunes_episode_type":"","footnotes":""},"categories":[],"tags":[],"class_list":["post-513","page","type-page","status-publish","has-post-thumbnail","hentry"],"acf":[],"publishpress_future_action":{"enabled":false,"date":"2026-04-24 05:57:52","action":"change-status","newStatus":"draft","terms":[],"taxonomy":"category","extraData":[]},"publishpress_future_workflow_manual_trigger":{"enabledWorkflows":[]},"_links":{"self":[{"href":"https:\/\/www.oaxaca.gob.mx\/icapet\/wp-json\/wp\/v2\/pages\/513","targetHints":{"allow":["GET"]}}],"collection":[{"href":"https:\/\/www.oaxaca.gob.mx\/icapet\/wp-json\/wp\/v2\/pages"}],"about":[{"href":"https:\/\/www.oaxaca.gob.mx\/icapet\/wp-json\/wp\/v2\/types\/page"}],"author":[{"embeddable":true,"href":"https:\/\/www.oaxaca.gob.mx\/icapet\/wp-json\/wp\/v2\/users\/1"}],"replies":[{"embeddable":true,"href":"https:\/\/www.oaxaca.gob.mx\/icapet\/wp-json\/wp\/v2\/comments?post=513"}],"version-history":[{"count":2,"href":"https:\/\/www.oaxaca.gob.mx\/icapet\/wp-json\/wp\/v2\/pages\/513\/revisions"}],"predecessor-version":[{"id":23264,"href":"https:\/\/www.oaxaca.gob.mx\/icapet\/wp-json\/wp\/v2\/pages\/513\/revisions\/23264"}],"wp:featuredmedia":[{"embeddable":true,"href":"https:\/\/www.oaxaca.gob.mx\/icapet\/wp-json\/wp\/v2\/media\/564"}],"wp:attachment":[{"href":"https:\/\/www.oaxaca.gob.mx\/icapet\/wp-json\/wp\/v2\/media?parent=513"}],"wp:term":[{"taxonomy":"category","embeddable":true,"href":"https:\/\/www.oaxaca.gob.mx\/icapet\/wp-json\/wp\/v2\/categories?post=513"},{"taxonomy":"post_tag","embeddable":true,"href":"https:\/\/www.oaxaca.gob.mx\/icapet\/wp-json\/wp\/v2\/tags?post=513"}],"curies":[{"name":"wp","href":"https:\/\/api.w.org\/{rel}","templated":true}]}}