{"id":387,"date":"2017-03-29T14:15:33","date_gmt":"2017-03-29T20:15:33","guid":{"rendered":"https:\/\/www.oaxaca.gob.mx\/icapet\/?p=388"},"modified":"2026-04-10T12:39:29","modified_gmt":"2026-04-10T18:39:29","slug":"directorio-2","status":"publish","type":"page","link":"https:\/\/www.oaxaca.gob.mx\/icapet\/directorio-2\/","title":{"rendered":"Directorio"},"content":{"rendered":"<p>&nbsp;<\/p>\n<table style=\"height: 3775px\" width=\"1332\">\n<tbody>\n<tr>\n<th>Fotograf\u00eda<\/p>\n<hr \/>\n<\/th>\n<th style=\"text-align: center\">Nombre<\/p>\n<hr \/>\n<\/th>\n<th style=\"text-align: center\">Extensi\u00f3n<\/p>\n<hr \/>\n<\/th>\n<th style=\"text-align: center\">Puesto<\/p>\n<hr \/>\n<\/th>\n<th style=\"text-align: center\">Correo electr\u00f3nico<\/p>\n<hr \/>\n<\/th>\n<th style=\"text-align: center\">\u00a0 \u00a0 \u00a0Ubicaci\u00f3n<\/p>\n<hr \/>\n<\/th>\n<\/tr>\n<tr style=\"border: solid 2px #00000!important\">\n<td width=\"150\"><img loading=\"lazy\" decoding=\"async\" class=\"alignnone wp-image-24849 size-medium\" src=\"https:\/\/www.oaxaca.gob.mx\/icapet\/wp-content\/uploads\/sites\/4\/2025\/12\/rosalinda-295x300.png\" alt=\"\" width=\"295\" height=\"300\" srcset=\"https:\/\/www.oaxaca.gob.mx\/icapet\/wp-content\/uploads\/sites\/4\/2025\/12\/rosalinda-295x300.png 295w, https:\/\/www.oaxaca.gob.mx\/icapet\/wp-content\/uploads\/sites\/4\/2025\/12\/rosalinda.png 496w\" sizes=\"auto, (max-width: 295px) 100vw, 295px\" \/><\/td>\n<td style=\"text-align: center\">Lcda. Rosalinda L\u00f3pez Garc\u00eda<\/td>\n<td style=\"text-align: center\">26627<\/td>\n<td style=\"text-align: center\">Directora General<\/td>\n<td style=\"text-align: center\">direcciongeneral.icapetoaxaca@gmail.com<\/td>\n<td style=\"text-align: left\">Centro Administrativo del Poder Ejecutivo y Judicial General Porfirio D\u00edaz, \u00abSoldado de la Patria\u00bb, Carretera Oaxaca-Puerto Escondido Km 2, CP 71257 San Bartolo Coyotepec, Oax. Edificio Mar\u00eda Sabina, Tercer Nivel.<\/td>\n<\/tr>\n<tr>\n<td width=\"200\"><img loading=\"lazy\" decoding=\"async\" class=\"alignnone wp-image-24857 size-medium\" src=\"https:\/\/www.oaxaca.gob.mx\/icapet\/wp-content\/uploads\/sites\/4\/2025\/12\/karen-273x300.png\" alt=\"\" width=\"273\" height=\"300\" srcset=\"https:\/\/www.oaxaca.gob.mx\/icapet\/wp-content\/uploads\/sites\/4\/2025\/12\/karen-273x300.png 273w, https:\/\/www.oaxaca.gob.mx\/icapet\/wp-content\/uploads\/sites\/4\/2025\/12\/karen-931x1024.png 931w, https:\/\/www.oaxaca.gob.mx\/icapet\/wp-content\/uploads\/sites\/4\/2025\/12\/karen-768x845.png 768w, https:\/\/www.oaxaca.gob.mx\/icapet\/wp-content\/uploads\/sites\/4\/2025\/12\/karen-1396x1536.png 1396w, https:\/\/www.oaxaca.gob.mx\/icapet\/wp-content\/uploads\/sites\/4\/2025\/12\/karen-1861x2048.png 1861w\" sizes=\"auto, (max-width: 273px) 100vw, 273px\" \/><\/td>\n<td style=\"text-align: center\">C.P. Karen Itzel L\u00f3pez Diaz<\/td>\n<td style=\"text-align: center\">26639<\/td>\n<td style=\"text-align: center\">Directora Administrativa<\/td>\n<td style=\"text-align: center\">icapetda020@gmail.com<\/td>\n<td style=\"text-align: left\">Centro Administrativo del Poder Ejecutivo y Judicial General Porfirio D\u00edaz, \u00abSoldado de la Patria\u00bb, Carretera Oaxaca-Puerto Escondido Km 2, CP 71257 San Bartolo Coyotepec, Oax. Edificio Mar\u00eda Sabina, Tercer Nivel.<\/td>\n<\/tr>\n<tr>\n<td width=\"200\"><img loading=\"lazy\" decoding=\"async\" class=\"alignnone wp-image-24853 size-medium\" src=\"https:\/\/www.oaxaca.gob.mx\/icapet\/wp-content\/uploads\/sites\/4\/2025\/12\/irma-isabel-263x300.png\" alt=\"\" width=\"263\" height=\"300\" srcset=\"https:\/\/www.oaxaca.gob.mx\/icapet\/wp-content\/uploads\/sites\/4\/2025\/12\/irma-isabel-263x300.png 263w, https:\/\/www.oaxaca.gob.mx\/icapet\/wp-content\/uploads\/sites\/4\/2025\/12\/irma-isabel.png 608w\" sizes=\"auto, (max-width: 263px) 100vw, 263px\" \/><\/td>\n<td style=\"text-align: center\">Lcda. Irma Isabel Ortiz L\u00f3pez<\/td>\n<td style=\"text-align: center\">26637<\/td>\n<td style=\"text-align: center\">Directora T\u00e9cnica Acad\u00e9mica<\/td>\n<td style=\"text-align: center\">dtaicapet@gmail.com<\/td>\n<td style=\"text-align: left\">Centro Administrativo del Poder Ejecutivo y Judicial General Porfirio D\u00edaz, \u00abSoldado de la Patria\u00bb, Carretera Oaxaca-Puerto Escondido Km 2, CP 71257 San Bartolo Coyotepec, Oax. Edificio Mar\u00eda Sabina, Tercer Nivel.<\/td>\n<\/tr>\n<tr>\n<td width=\"200\"><img loading=\"lazy\" decoding=\"async\" class=\"alignnone wp-image-24850 size-medium\" src=\"https:\/\/www.oaxaca.gob.mx\/icapet\/wp-content\/uploads\/sites\/4\/2025\/12\/dalila-248x300.png\" alt=\"\" width=\"248\" height=\"300\" srcset=\"https:\/\/www.oaxaca.gob.mx\/icapet\/wp-content\/uploads\/sites\/4\/2025\/12\/dalila-248x300.png 248w, https:\/\/www.oaxaca.gob.mx\/icapet\/wp-content\/uploads\/sites\/4\/2025\/12\/dalila.png 535w\" sizes=\"auto, (max-width: 248px) 100vw, 248px\" \/><\/td>\n<td style=\"text-align: center\">Lcda. Daisy Dalila L\u00f3pez M\u00e9ndez<\/td>\n<td style=\"text-align: center\">26674<\/td>\n<td style=\"text-align: center\">Directora de Planeaci\u00f3n y Evaluaci\u00f3n<\/td>\n<td style=\"text-align: center\">icapetplaneayevalua@gmail.com<\/td>\n<td style=\"text-align: left\">Centro Administrativo del Poder Ejecutivo y Judicial General Porfirio D\u00edaz, \u00abSoldado de la Patria\u00bb, Carretera Oaxaca-Puerto Escondido Km 2, CP 71257 San Bartolo Coyotepec, Oax. Edificio Mar\u00eda Sabina, Tercer Nivel.<\/td>\n<\/tr>\n<tr>\n<td width=\"200\"><img loading=\"lazy\" decoding=\"async\" class=\"alignnone wp-image-24851 size-medium\" src=\"https:\/\/www.oaxaca.gob.mx\/icapet\/wp-content\/uploads\/sites\/4\/2025\/12\/esmeralda-283x300.png\" alt=\"\" width=\"283\" height=\"300\" srcset=\"https:\/\/www.oaxaca.gob.mx\/icapet\/wp-content\/uploads\/sites\/4\/2025\/12\/esmeralda-283x300.png 283w, https:\/\/www.oaxaca.gob.mx\/icapet\/wp-content\/uploads\/sites\/4\/2025\/12\/esmeralda.png 600w\" sizes=\"auto, (max-width: 283px) 100vw, 283px\" \/><\/td>\n<td style=\"text-align: center\">Ing. Esmeralda Ruiz Moreno<\/td>\n<td style=\"text-align: center\">26680<\/td>\n<td style=\"text-align: center\">Directora de vinculaci\u00f3n con el sector productivo<\/td>\n<td style=\"text-align: center\">vinculacion.icapet@gmail.com<\/td>\n<td style=\"text-align: left\">Centro Administrativo del Poder Ejecutivo y Judicial General Porfirio D\u00edaz, \u00abSoldado de la Patria\u00bb, Carretera Oaxaca-Puerto Escondido Km 2, CP 71257 San Bartolo Coyotepec, Oax. Edificio Mar\u00eda Sabina, Tercer Nivel.<\/td>\n<\/tr>\n<tr>\n<td width=\"200\"><img loading=\"lazy\" decoding=\"async\" class=\"alignnone wp-image-24855 size-medium\" src=\"https:\/\/www.oaxaca.gob.mx\/icapet\/wp-content\/uploads\/sites\/4\/2025\/12\/itzayana-228x300.png\" alt=\"\" width=\"228\" height=\"300\" srcset=\"https:\/\/www.oaxaca.gob.mx\/icapet\/wp-content\/uploads\/sites\/4\/2025\/12\/itzayana-228x300.png 228w, https:\/\/www.oaxaca.gob.mx\/icapet\/wp-content\/uploads\/sites\/4\/2025\/12\/itzayana.png 262w\" sizes=\"auto, (max-width: 228px) 100vw, 228px\" \/><\/td>\n<td style=\"text-align: center\">Ing. Itzayana M\u00e9ndez<br \/>\nCarrasco<\/td>\n<td style=\"text-align: center\">26631<\/td>\n<td style=\"text-align: center\">Jefa del Departamento de<br \/>\nRecursos Humanos<\/td>\n<td style=\"text-align: center\">icapetrh@gmai.com<\/td>\n<td style=\"text-align: left\">Centro Administrativo del Poder Ejecutivo y Judicial General Porfirio D\u00edaz, \u00abSoldado de la Patria\u00bb, Carretera Oaxaca-Puerto Escondido Km 2, CP 71257 San Bartolo Coyotepec, Oax. Edificio Mar\u00eda Sabina, Tercer Nivel.<\/td>\n<\/tr>\n<tr>\n<td style=\"text-align: center\" width=\"200\"><img loading=\"lazy\" decoding=\"async\" class=\"alignnone wp-image-24852 size-medium\" src=\"https:\/\/www.oaxaca.gob.mx\/icapet\/wp-content\/uploads\/sites\/4\/2025\/12\/gabriela-233x300.png\" alt=\"\" width=\"233\" height=\"300\" srcset=\"https:\/\/www.oaxaca.gob.mx\/icapet\/wp-content\/uploads\/sites\/4\/2025\/12\/gabriela-233x300.png 233w, https:\/\/www.oaxaca.gob.mx\/icapet\/wp-content\/uploads\/sites\/4\/2025\/12\/gabriela.png 327w\" sizes=\"auto, (max-width: 233px) 100vw, 233px\" \/><\/td>\n<td style=\"text-align: center\">LAET. Gabriela Ferantes<br \/>\nBravo<\/td>\n<td style=\"text-align: center\">26645<\/td>\n<td style=\"text-align: center\">Jefa del Departamento de<br \/>\nRecursos Financieros<\/td>\n<td style=\"text-align: center\">icapet.rfinancieros@gmail.com<\/td>\n<td style=\"text-align: left\">Centro Administrativo del Poder Ejecutivo y Judicial General Porfirio D\u00edaz, \u00abSoldado de la Patria\u00bb, Carretera Oaxaca-Puerto Escondido Km 2, CP 71257 San Bartolo Coyotepec, Oax. Edificio Mar\u00eda Sabina, Tercer Nivel.<\/td>\n<\/tr>\n<tr>\n<td width=\"200\"><img loading=\"lazy\" decoding=\"async\" class=\"alignnone wp-image-24861 size-medium\" src=\"https:\/\/www.oaxaca.gob.mx\/icapet\/wp-content\/uploads\/sites\/4\/2025\/12\/yazmin-297x300.png\" alt=\"\" width=\"297\" height=\"300\" srcset=\"https:\/\/www.oaxaca.gob.mx\/icapet\/wp-content\/uploads\/sites\/4\/2025\/12\/yazmin-297x300.png 297w, https:\/\/www.oaxaca.gob.mx\/icapet\/wp-content\/uploads\/sites\/4\/2025\/12\/yazmin.png 686w\" sizes=\"auto, (max-width: 297px) 100vw, 297px\" \/><\/td>\n<td style=\"text-align: center\">L.C.P.F. Yazmin<br \/>\nConcepci\u00f3n Rojas Garc\u00eda<\/td>\n<td style=\"text-align: center\">26653<\/td>\n<td style=\"text-align: center\">Jefa del Departamento de<br \/>\nde Recursos Materiales<\/td>\n<td style=\"text-align: center\">recursos.materiales.icapet@oaxaca.gob.mx<br \/>\nrm.icapet@hotmail.com<\/td>\n<td style=\"text-align: left\">Centro Administrativo del Poder Ejecutivo y Judicial General Porfirio D\u00edaz, \u00abSoldado de la Patria\u00bb, Carretera Oaxaca-Puerto Escondido Km 2, CP 71257 San Bartolo Coyotepec, Oax. Edificio Mar\u00eda Sabina, Tercer Nivel.<\/td>\n<\/tr>\n<tr>\n<td width=\"200\"><img class=\"alignnone wp-image-24854 size-medium\" \/><\/td>\n<td style=\"text-align: center\">Lcda. Nereyda Flores Audelo<\/td>\n<td style=\"text-align: center\">26677<\/td>\n<td style=\"text-align: center\">Jefa del Departamento<br \/>\nJur\u00eddico<\/td>\n<td style=\"text-align: center\">juridico2023.respaldo@gmail.com<br \/>\njuridico_icapet@hotmail.com<\/td>\n<td style=\"text-align: left\">Centro Administrativo del Poder Ejecutivo y Judicial General Porfirio D\u00edaz, \u00abSoldado de la Patria\u00bb, Carretera Oaxaca-Puerto Escondido Km 2, CP 71257 San Bartolo Coyotepec, Oax. Edificio Mar\u00eda Sabina, Tercer Nivel.<\/td>\n<\/tr>\n<tr>\n<td width=\"200\"><img class=\"alignnone wp-image-24859 size-medium\" \/><\/td>\n<td style=\"text-align: center\">Ing. Lucila Hern\u00e1ndez Ruiz<\/td>\n<td style=\"text-align: center\">26638<\/td>\n<td style=\"text-align: center\">Jefa del Departamento de<br \/>\nInformaci\u00f3n y Estad\u00edstica<\/td>\n<td style=\"text-align: center\">estadisticaicapet@gmail.com<\/td>\n<td style=\"text-align: left\">Centro Administrativo del Poder Ejecutivo y Judicial General Porfirio D\u00edaz, \u00abSoldado de la Patria\u00bb, Carretera Oaxaca-Puerto Escondido Km 2, CP 71257 San Bartolo Coyotepec, Oax. Edificio Mar\u00eda Sabina, Tercer Nivel.<\/td>\n<\/tr>\n<tr>\n<td width=\"200\"><img loading=\"lazy\" decoding=\"async\" class=\"alignnone wp-image-24856 size-medium\" src=\"https:\/\/www.oaxaca.gob.mx\/icapet\/wp-content\/uploads\/sites\/4\/2025\/12\/jaqueline-281x300.png\" alt=\"\" width=\"281\" height=\"300\" srcset=\"https:\/\/www.oaxaca.gob.mx\/icapet\/wp-content\/uploads\/sites\/4\/2025\/12\/jaqueline-281x300.png 281w, https:\/\/www.oaxaca.gob.mx\/icapet\/wp-content\/uploads\/sites\/4\/2025\/12\/jaqueline.png 594w\" sizes=\"auto, (max-width: 281px) 100vw, 281px\" \/><\/td>\n<td style=\"text-align: center\">Mtra. Jacqueline Rojas<br \/>\nRojas<\/td>\n<td style=\"text-align: center\">26683<\/td>\n<td style=\"text-align: center\">Jefa del Departamento de<br \/>\nEstudios y An\u00e1lisis<\/td>\n<td style=\"text-align: center\">proyectosicapet@gmail.com<\/td>\n<td style=\"text-align: left\">Centro Administrativo del Poder Ejecutivo y Judicial General Porfirio D\u00edaz, \u00abSoldado de la Patria\u00bb, Carretera Oaxaca-Puerto Escondido Km 2, CP 71257 San Bartolo Coyotepec, Oax. Edificio Mar\u00eda Sabina, Tercer Nivel.<\/td>\n<\/tr>\n<tr>\n<td width=\"200\"><img loading=\"lazy\" decoding=\"async\" class=\"alignnone wp-image-24858 size-medium\" src=\"https:\/\/www.oaxaca.gob.mx\/icapet\/wp-content\/uploads\/sites\/4\/2026\/04\/DPTO-VINCULACION.png\" alt=\"\" width=\"271\" height=\"300\" \/><\/td>\n<td style=\"text-align: center\">Ing. Hugo Fernando Cabrera Hernandez<\/td>\n<td style=\"text-align: center\">26680<\/td>\n<td style=\"text-align: center\">Jefe del Departamento de<br \/>\nVinculaci\u00f3n<\/td>\n<td style=\"text-align: center\">vinculacion.icapet@gmail.com<\/td>\n<td style=\"text-align: left\">Centro Administrativo del Poder Ejecutivo y Judicial General Porfirio D\u00edaz, \u00abSoldado de la Patria\u00bb, Carretera Oaxaca-Puerto Escondido Km 2, CP 71257 San Bartolo Coyotepec, Oax. Edificio Mar\u00eda Sabina, Tercer Nivel.<\/td>\n<\/tr>\n<\/tbody>\n<\/table>\n","protected":false},"excerpt":{"rendered":"<p>&nbsp; Fotograf\u00eda Nombre Extensi\u00f3n Puesto Correo electr\u00f3nico \u00a0 \u00a0 \u00a0Ubicaci\u00f3n Lcda. Rosalinda L\u00f3pez Garc\u00eda 26627 Directora General direcciongeneral.icapetoaxaca@gmail.com Centro Administrativo del Poder Ejecutivo y Judicial General Porfirio D\u00edaz, \u00abSoldado de la Patria\u00bb, Carretera Oaxaca-Puerto Escondido Km 2, CP 71257 San Bartolo Coyotepec, Oax. Edificio Mar\u00eda Sabina, Tercer Nivel. C.P. Karen Itzel L\u00f3pez Diaz 26639 Directora [&hellip;]<\/p>\n","protected":false},"author":1,"featured_media":45,"parent":0,"menu_order":0,"comment_status":"closed","ping_status":"closed","template":"","meta":{"episode_type":"","audio_file":"","podmotor_file_id":"","podmotor_episode_id":"","cover_image":"","cover_image_id":"","duration":"","filesize":"","filesize_raw":"","date_recorded":"","explicit":"","block":"","itunes_episode_number":"","itunes_title":"","itunes_season_number":"","itunes_episode_type":"","footnotes":""},"categories":[],"tags":[],"class_list":["post-387","page","type-page","status-publish","has-post-thumbnail","hentry"],"acf":[],"publishpress_future_action":{"enabled":false,"date":"2026-05-15 10:34:54","action":"change-status","newStatus":"draft","terms":[],"taxonomy":"category","extraData":[]},"publishpress_future_workflow_manual_trigger":{"enabledWorkflows":[]},"_links":{"self":[{"href":"https:\/\/www.oaxaca.gob.mx\/icapet\/wp-json\/wp\/v2\/pages\/387","targetHints":{"allow":["GET"]}}],"collection":[{"href":"https:\/\/www.oaxaca.gob.mx\/icapet\/wp-json\/wp\/v2\/pages"}],"about":[{"href":"https:\/\/www.oaxaca.gob.mx\/icapet\/wp-json\/wp\/v2\/types\/page"}],"author":[{"embeddable":true,"href":"https:\/\/www.oaxaca.gob.mx\/icapet\/wp-json\/wp\/v2\/users\/1"}],"replies":[{"embeddable":true,"href":"https:\/\/www.oaxaca.gob.mx\/icapet\/wp-json\/wp\/v2\/comments?post=387"}],"version-history":[{"count":3,"href":"https:\/\/www.oaxaca.gob.mx\/icapet\/wp-json\/wp\/v2\/pages\/387\/revisions"}],"predecessor-version":[{"id":24926,"href":"https:\/\/www.oaxaca.gob.mx\/icapet\/wp-json\/wp\/v2\/pages\/387\/revisions\/24926"}],"wp:featuredmedia":[{"embeddable":true,"href":"https:\/\/www.oaxaca.gob.mx\/icapet\/wp-json\/wp\/v2\/media\/45"}],"wp:attachment":[{"href":"https:\/\/www.oaxaca.gob.mx\/icapet\/wp-json\/wp\/v2\/media?parent=387"}],"wp:term":[{"taxonomy":"category","embeddable":true,"href":"https:\/\/www.oaxaca.gob.mx\/icapet\/wp-json\/wp\/v2\/categories?post=387"},{"taxonomy":"post_tag","embeddable":true,"href":"https:\/\/www.oaxaca.gob.mx\/icapet\/wp-json\/wp\/v2\/tags?post=387"}],"curies":[{"name":"wp","href":"https:\/\/api.w.org\/{rel}","templated":true}]}}