{"id":26,"date":"2016-04-01T15:48:45","date_gmt":"2016-04-01T21:48:45","guid":{"rendered":"https:\/\/www.oaxaca.gob.mx\/icapet\/?p=27"},"modified":"2024-10-22T13:36:56","modified_gmt":"2024-10-22T19:36:56","slug":"competencia-laboral","status":"publish","type":"page","link":"https:\/\/www.oaxaca.gob.mx\/icapet\/competencia-laboral\/","title":{"rendered":"Competencia Laboral"},"content":{"rendered":"<h4>\u00bfQu\u00e9 es un est\u00e1ndar de competencia?<\/h4>\n<p>Es el documento oficial que eval\u00faa y certifica de conocimientos. habilidades, destrezas y actitudes, con las que debe contar una persona para ejecutar una actividad laboral, con un alto nivel de desempe\u00f1o.<\/p>\n<h4>\u00bfPara qu\u00e9 sirve?<\/h4>\n<p>Facilita que organizaciones e instituciones p\u00fablicas y privadas, cuenten con personas m\u00e1s competentes impulsando la calidad de la fuerza laboral y empresarial del pa\u00eds, con ello, se fortalece la productividad y capacidad de crecimiento de las personas y las empresas.<\/p>\n<h4>Validez Oficial<\/h4>\n<p>Un certificado de competencia laboral cuenta con validez en M\u00e9xico y tambi\u00e9n son reconocidos en Estados Unidos y Canad\u00e1, ya que est\u00e1n avalados por la Secretar\u00eda de Educaci\u00f3n P\u00fablica (SEP) y la Secretar\u00eda del Trabajo y Previsi\u00f3n Social (STPS).<\/p>\n<p>&nbsp;<\/p>\n<h3 style=\"text-align: center\">El Instituto de Capacitaci\u00f3n y Productividad para el Trabajo del Estado de Oaxaca, se acredit\u00f3 como Entidad de Certificaci\u00f3n y Evaluaci\u00f3n ante el CONOCER en el a\u00f1o 2011.<\/h3>\n<ul>\n<li><a href=\"https:\/\/www.oaxaca.gob.mx\/icapet\/certificaciones-red-conocer\/\">Est\u00e1ndares de Competencia<\/a><\/li>\n<li><a href=\"\/icapet\/?page_id=980\">Costos<\/a><\/li>\n<li><a href=\"https:\/\/www.oaxaca.gob.mx\/icapet\/requisitos\/\">Requisitos<\/a><\/li>\n<li><a href=\"\/icapet\/?page_id=1016\">Proceso de Certificaci\u00f3n<\/a><\/li>\n<li><a href=\"https:\/\/www.oaxaca.gob.mx\/icapet\/requisitos-para-darse-de-como-centro-evaluador-del-icapet\/\">Requisitos para darse de alta como Centro Evaluador del ICAPET<\/a><\/li>\n<\/ul>\n","protected":false},"excerpt":{"rendered":"<p>\u00bfQu\u00e9 es un est\u00e1ndar de competencia? Es el documento oficial que eval\u00faa y certifica de conocimientos. habilidades, destrezas y actitudes, con las que debe contar una persona para ejecutar una actividad laboral, con un alto nivel de desempe\u00f1o. \u00bfPara qu\u00e9 sirve? Facilita que organizaciones e instituciones p\u00fablicas y privadas, cuenten con personas m\u00e1s competentes impulsando [&hellip;]<\/p>\n","protected":false},"author":1,"featured_media":1023,"parent":0,"menu_order":0,"comment_status":"closed","ping_status":"closed","template":"","meta":{"episode_type":"","audio_file":"","podmotor_file_id":"","podmotor_episode_id":"","cover_image":"","cover_image_id":"","duration":"","filesize":"","filesize_raw":"","date_recorded":"","explicit":"","block":"","itunes_episode_number":"","itunes_title":"","itunes_season_number":"","itunes_episode_type":"","footnotes":""},"categories":[],"tags":[],"class_list":["post-26","page","type-page","status-publish","has-post-thumbnail","hentry"],"acf":[],"publishpress_future_action":{"enabled":false,"date":"2026-05-15 00:09:11","action":"change-status","newStatus":"draft","terms":[],"taxonomy":"category","extraData":[]},"publishpress_future_workflow_manual_trigger":{"enabledWorkflows":[]},"_links":{"self":[{"href":"https:\/\/www.oaxaca.gob.mx\/icapet\/wp-json\/wp\/v2\/pages\/26","targetHints":{"allow":["GET"]}}],"collection":[{"href":"https:\/\/www.oaxaca.gob.mx\/icapet\/wp-json\/wp\/v2\/pages"}],"about":[{"href":"https:\/\/www.oaxaca.gob.mx\/icapet\/wp-json\/wp\/v2\/types\/page"}],"author":[{"embeddable":true,"href":"https:\/\/www.oaxaca.gob.mx\/icapet\/wp-json\/wp\/v2\/users\/1"}],"replies":[{"embeddable":true,"href":"https:\/\/www.oaxaca.gob.mx\/icapet\/wp-json\/wp\/v2\/comments?post=26"}],"version-history":[{"count":3,"href":"https:\/\/www.oaxaca.gob.mx\/icapet\/wp-json\/wp\/v2\/pages\/26\/revisions"}],"predecessor-version":[{"id":24390,"href":"https:\/\/www.oaxaca.gob.mx\/icapet\/wp-json\/wp\/v2\/pages\/26\/revisions\/24390"}],"wp:featuredmedia":[{"embeddable":true,"href":"https:\/\/www.oaxaca.gob.mx\/icapet\/wp-json\/wp\/v2\/media\/1023"}],"wp:attachment":[{"href":"https:\/\/www.oaxaca.gob.mx\/icapet\/wp-json\/wp\/v2\/media?parent=26"}],"wp:term":[{"taxonomy":"category","embeddable":true,"href":"https:\/\/www.oaxaca.gob.mx\/icapet\/wp-json\/wp\/v2\/categories?post=26"},{"taxonomy":"post_tag","embeddable":true,"href":"https:\/\/www.oaxaca.gob.mx\/icapet\/wp-json\/wp\/v2\/tags?post=26"}],"curies":[{"name":"wp","href":"https:\/\/api.w.org\/{rel}","templated":true}]}}