{"id":24835,"date":"2025-12-29T17:06:10","date_gmt":"2025-12-29T23:06:10","guid":{"rendered":"https:\/\/www.oaxaca.gob.mx\/icapet\/?page_id=24835"},"modified":"2025-12-30T11:09:21","modified_gmt":"2025-12-30T17:09:21","slug":"oficina-de-atencion-matias-romero-avendano","status":"publish","type":"page","link":"https:\/\/www.oaxaca.gob.mx\/icapet\/oficina-de-atencion-matias-romero-avendano\/","title":{"rendered":"Oficina de Atenci\u00f3n Matias Romero Avenda\u00f1o"},"content":{"rendered":"<h1>Oficina de Atenci\u00f3n Mat\u00edas Romero Avenda\u00f1o<\/h1>\n<p>&nbsp;<\/p>\n<table>\n<tbody>\n<tr>\n<th width=\"300\"><img loading=\"lazy\" decoding=\"async\" class=\"alignnone wp-image-24803 size-medium\" src=\"https:\/\/www.oaxaca.gob.mx\/icapet\/wp-content\/uploads\/sites\/4\/2025\/12\/matias-romero-211x300.png\" alt=\"\" width=\"211\" height=\"300\" srcset=\"https:\/\/www.oaxaca.gob.mx\/icapet\/wp-content\/uploads\/sites\/4\/2025\/12\/matias-romero-211x300.png 211w, https:\/\/www.oaxaca.gob.mx\/icapet\/wp-content\/uploads\/sites\/4\/2025\/12\/matias-romero.png 460w\" sizes=\"auto, (max-width: 211px) 100vw, 211px\" \/><\/th>\n<th style=\"text-align: left\" width=\"500\">Lic. Angelica Aguilar B\u00e1ez<br \/>\nEncargada de la Oficina de Mat\u00edas Romero Avenda\u00f1o<br \/>\nDirecci\u00f3n: Calle Allende 306 A, Col. Centro. Mat\u00edas Romero Avenda\u00f1o.<br \/>\nTel: 972 114 9257<br \/>\nCorreo electr\u00f3nico: oficinaicapetmatiasromero@gmail.com<br \/>\nFacebook: <a href=\"https:\/\/www.facebook.com\/profile.php?id=61577749345793\"><img loading=\"lazy\" decoding=\"async\" class=\"alignnone wp-image-24798 size-thumbnail\" src=\"https:\/\/www.oaxaca.gob.mx\/icapet\/wp-content\/uploads\/sites\/4\/2025\/12\/facebook-1-150x150.png\" alt=\"\" width=\"25\" height=\"25\" srcset=\"https:\/\/www.oaxaca.gob.mx\/icapet\/wp-content\/uploads\/sites\/4\/2025\/12\/facebook-1-150x150.png 150w, https:\/\/www.oaxaca.gob.mx\/icapet\/wp-content\/uploads\/sites\/4\/2025\/12\/facebook-1-300x300.png 300w, https:\/\/www.oaxaca.gob.mx\/icapet\/wp-content\/uploads\/sites\/4\/2025\/12\/facebook-1.png 512w\" sizes=\"auto, (max-width: 25px) 100vw, 25px\" \/><\/a><\/th>\n<\/tr>\n<\/tbody>\n<\/table>\n<p>&nbsp;<\/p>\n","protected":false},"excerpt":{"rendered":"<p>Oficina de Atenci\u00f3n Mat\u00edas Romero Avenda\u00f1o &nbsp; Lic. Angelica Aguilar B\u00e1ez Encargada de la Oficina de Mat\u00edas Romero Avenda\u00f1o Direcci\u00f3n: Calle Allende 306 A, Col. Centro. Mat\u00edas Romero Avenda\u00f1o. Tel: 972 114 9257 Correo electr\u00f3nico: oficinaicapetmatiasromero@gmail.com Facebook: &nbsp;<\/p>\n","protected":false},"author":3,"featured_media":0,"parent":0,"menu_order":0,"comment_status":"closed","ping_status":"closed","template":"","meta":{"episode_type":"","audio_file":"","podmotor_file_id":"","podmotor_episode_id":"","cover_image":"","cover_image_id":"","duration":"","filesize":"","filesize_raw":"","date_recorded":"","explicit":"","block":"","itunes_episode_number":"","itunes_title":"","itunes_season_number":"","itunes_episode_type":"","footnotes":""},"categories":[],"tags":[],"class_list":["post-24835","page","type-page","status-publish","hentry"],"acf":[],"publishpress_future_action":{"enabled":false,"date":"2026-04-24 05:59:08","action":"change-status","newStatus":"draft","terms":[],"taxonomy":"category","extraData":[]},"publishpress_future_workflow_manual_trigger":{"enabledWorkflows":[]},"_links":{"self":[{"href":"https:\/\/www.oaxaca.gob.mx\/icapet\/wp-json\/wp\/v2\/pages\/24835","targetHints":{"allow":["GET"]}}],"collection":[{"href":"https:\/\/www.oaxaca.gob.mx\/icapet\/wp-json\/wp\/v2\/pages"}],"about":[{"href":"https:\/\/www.oaxaca.gob.mx\/icapet\/wp-json\/wp\/v2\/types\/page"}],"author":[{"embeddable":true,"href":"https:\/\/www.oaxaca.gob.mx\/icapet\/wp-json\/wp\/v2\/users\/3"}],"replies":[{"embeddable":true,"href":"https:\/\/www.oaxaca.gob.mx\/icapet\/wp-json\/wp\/v2\/comments?post=24835"}],"version-history":[{"count":2,"href":"https:\/\/www.oaxaca.gob.mx\/icapet\/wp-json\/wp\/v2\/pages\/24835\/revisions"}],"predecessor-version":[{"id":24842,"href":"https:\/\/www.oaxaca.gob.mx\/icapet\/wp-json\/wp\/v2\/pages\/24835\/revisions\/24842"}],"wp:attachment":[{"href":"https:\/\/www.oaxaca.gob.mx\/icapet\/wp-json\/wp\/v2\/media?parent=24835"}],"wp:term":[{"taxonomy":"category","embeddable":true,"href":"https:\/\/www.oaxaca.gob.mx\/icapet\/wp-json\/wp\/v2\/categories?post=24835"},{"taxonomy":"post_tag","embeddable":true,"href":"https:\/\/www.oaxaca.gob.mx\/icapet\/wp-json\/wp\/v2\/tags?post=24835"}],"curies":[{"name":"wp","href":"https:\/\/api.w.org\/{rel}","templated":true}]}}