{"id":23390,"date":"2023-05-23T14:55:03","date_gmt":"2023-05-23T20:55:03","guid":{"rendered":"https:\/\/www.oaxaca.gob.mx\/icapet\/?page_id=23390"},"modified":"2023-05-23T14:55:40","modified_gmt":"2023-05-23T20:55:40","slug":"actas-2023","status":"publish","type":"page","link":"https:\/\/www.oaxaca.gob.mx\/icapet\/actas-2023\/","title":{"rendered":"Actas 2023"},"content":{"rendered":"<p><a href=\"https:\/\/drive.google.com\/file\/d\/1s2S1rId0f6JPOUiPQ8TTx1bllCC7uscQ\/view?usp=sharing\">1. ACTA INSTALACI\u00d3N SUBCOMITE 2023<\/a><\/p>\n<p><a href=\"https:\/\/drive.google.com\/file\/d\/1OGwFlhQHgYxWq1QrpJ4KyNT_fBqwogKr\/view?usp=sharing\">2. ACTA INSTALACI\u00d3N COMITE 2023<\/a><\/p>\n<p><a href=\"https:\/\/drive.google.com\/file\/d\/1Cd8CgQ9j6MLkeI1mi0wp-2YEWDYE3brM\/view?usp=sharing\">3. ACTA INSTALACI\u00d3N SIA 2023<\/a><\/p>\n<p><a href=\"https:\/\/drive.google.com\/file\/d\/1kLG_4sAD7-eIMWS7dRxILI-ytE3ooTt0\/view?usp=sharing\">4. ACTA INSTALACI\u00d3N CEPCI-ICAPET 2023<\/a><\/p>\n<p><a href=\"https:\/\/drive.google.com\/file\/d\/1sGgnqzSzb7zm8wMA5FE_CyZABPP-vr35\/view?usp=sharing\">5. ACTA INSTALACI\u00d3N GI 2023<\/a><\/p>\n<p>&nbsp;<\/p>\n<p>&nbsp;<\/p>\n","protected":false},"excerpt":{"rendered":"<p>1. ACTA INSTALACI\u00d3N SUBCOMITE 2023 2. ACTA INSTALACI\u00d3N COMITE 2023 3. ACTA INSTALACI\u00d3N SIA 2023 4. ACTA INSTALACI\u00d3N CEPCI-ICAPET 2023 5. ACTA INSTALACI\u00d3N GI 2023 &nbsp; &nbsp;<\/p>\n","protected":false},"author":3,"featured_media":0,"parent":0,"menu_order":0,"comment_status":"closed","ping_status":"closed","template":"","meta":{"episode_type":"","audio_file":"","podmotor_file_id":"","podmotor_episode_id":"","cover_image":"","cover_image_id":"","duration":"","filesize":"","filesize_raw":"","date_recorded":"","explicit":"","block":"","itunes_episode_number":"","itunes_title":"","itunes_season_number":"","itunes_episode_type":"","footnotes":""},"categories":[],"tags":[],"class_list":["post-23390","page","type-page","status-publish","hentry"],"acf":[],"publishpress_future_action":{"enabled":false,"date":"2026-05-19 21:29:15","action":"change-status","newStatus":"draft","terms":[],"taxonomy":"category","extraData":[]},"publishpress_future_workflow_manual_trigger":{"enabledWorkflows":[]},"_links":{"self":[{"href":"https:\/\/www.oaxaca.gob.mx\/icapet\/wp-json\/wp\/v2\/pages\/23390","targetHints":{"allow":["GET"]}}],"collection":[{"href":"https:\/\/www.oaxaca.gob.mx\/icapet\/wp-json\/wp\/v2\/pages"}],"about":[{"href":"https:\/\/www.oaxaca.gob.mx\/icapet\/wp-json\/wp\/v2\/types\/page"}],"author":[{"embeddable":true,"href":"https:\/\/www.oaxaca.gob.mx\/icapet\/wp-json\/wp\/v2\/users\/3"}],"replies":[{"embeddable":true,"href":"https:\/\/www.oaxaca.gob.mx\/icapet\/wp-json\/wp\/v2\/comments?post=23390"}],"version-history":[{"count":2,"href":"https:\/\/www.oaxaca.gob.mx\/icapet\/wp-json\/wp\/v2\/pages\/23390\/revisions"}],"predecessor-version":[{"id":23394,"href":"https:\/\/www.oaxaca.gob.mx\/icapet\/wp-json\/wp\/v2\/pages\/23390\/revisions\/23394"}],"wp:attachment":[{"href":"https:\/\/www.oaxaca.gob.mx\/icapet\/wp-json\/wp\/v2\/media?parent=23390"}],"wp:term":[{"taxonomy":"category","embeddable":true,"href":"https:\/\/www.oaxaca.gob.mx\/icapet\/wp-json\/wp\/v2\/categories?post=23390"},{"taxonomy":"post_tag","embeddable":true,"href":"https:\/\/www.oaxaca.gob.mx\/icapet\/wp-json\/wp\/v2\/tags?post=23390"}],"curies":[{"name":"wp","href":"https:\/\/api.w.org\/{rel}","templated":true}]}}