{"id":23298,"date":"2023-02-28T10:19:08","date_gmt":"2023-02-28T16:19:08","guid":{"rendered":"https:\/\/www.oaxaca.gob.mx\/icapet\/?page_id=23298"},"modified":"2025-12-29T16:25:57","modified_gmt":"2025-12-29T22:25:57","slug":"accion-movil-huautla-de-jimenez","status":"publish","type":"page","link":"https:\/\/www.oaxaca.gob.mx\/icapet\/accion-movil-huautla-de-jimenez\/","title":{"rendered":"Acci\u00f3n M\u00f3vil Huautla de Jim\u00e9nez"},"content":{"rendered":"<h1><strong> Acci\u00f3n M\u00f3vil Huautla de Jim\u00e9nez <\/strong><\/h1>\n<p>&nbsp;<\/p>\n<p>&nbsp;<\/p>\n<table>\n<tbody>\n<tr>\n<th width=\"300\"><img loading=\"lazy\" decoding=\"async\" class=\"alignnone size-medium wp-image-23299\" src=\"https:\/\/www.oaxaca.gob.mx\/icapet\/wp-content\/uploads\/sites\/4\/2023\/02\/Huatla-211x300.png\" alt=\"\" width=\"211\" height=\"300\" srcset=\"https:\/\/www.oaxaca.gob.mx\/icapet\/wp-content\/uploads\/sites\/4\/2023\/02\/Huatla-211x300.png 211w, https:\/\/www.oaxaca.gob.mx\/icapet\/wp-content\/uploads\/sites\/4\/2023\/02\/Huatla.png 460w\" sizes=\"auto, (max-width: 211px) 100vw, 211px\" \/><\/th>\n<th style=\"text-align: left\" width=\"500\">Lic. Eduviges Maricela Enr\u00edquez Guerrero<br \/>\nEncargada de la Acci\u00f3n M\u00f3vil Huautla de Jim\u00e9nez<br \/>\nCalle H\u00e9roes de Chapultepec #27, Col. Centro, Huautla de Jim\u00e9nez.<br \/>\nTel\u00e9fono 287 165 79 58<br \/>\nCorreo electr\u00f3nico: icapethuautla@gmail.com<br \/>\nFacebook: <a href=\"https:\/\/www.facebook.com\/profile.php?id=61573007814784\"><img loading=\"lazy\" decoding=\"async\" class=\"alignnone wp-image-24798 size-thumbnail\" src=\"https:\/\/www.oaxaca.gob.mx\/icapet\/wp-content\/uploads\/sites\/4\/2025\/12\/facebook-1-150x150.png\" alt=\"\" width=\"25\" height=\"25\" srcset=\"https:\/\/www.oaxaca.gob.mx\/icapet\/wp-content\/uploads\/sites\/4\/2025\/12\/facebook-1-150x150.png 150w, https:\/\/www.oaxaca.gob.mx\/icapet\/wp-content\/uploads\/sites\/4\/2025\/12\/facebook-1-300x300.png 300w, https:\/\/www.oaxaca.gob.mx\/icapet\/wp-content\/uploads\/sites\/4\/2025\/12\/facebook-1.png 512w\" sizes=\"auto, (max-width: 25px) 100vw, 25px\" \/><\/a><\/th>\n<\/tr>\n<\/tbody>\n<\/table>\n","protected":false},"excerpt":{"rendered":"<p>Acci\u00f3n M\u00f3vil Huautla de Jim\u00e9nez &nbsp; &nbsp; Lic. Eduviges Maricela Enr\u00edquez Guerrero Encargada de la Acci\u00f3n M\u00f3vil Huautla de Jim\u00e9nez Calle H\u00e9roes de Chapultepec #27, Col. Centro, Huautla de Jim\u00e9nez. Tel\u00e9fono 287 165 79 58 Correo electr\u00f3nico: icapethuautla@gmail.com Facebook:<\/p>\n","protected":false},"author":3,"featured_media":0,"parent":0,"menu_order":0,"comment_status":"closed","ping_status":"closed","template":"","meta":{"episode_type":"","audio_file":"","podmotor_file_id":"","podmotor_episode_id":"","cover_image":"","cover_image_id":"","duration":"","filesize":"","filesize_raw":"","date_recorded":"","explicit":"","block":"","itunes_episode_number":"","itunes_title":"","itunes_season_number":"","itunes_episode_type":"","footnotes":""},"categories":[],"tags":[],"class_list":["post-23298","page","type-page","status-publish","hentry"],"acf":[],"publishpress_future_action":{"enabled":false,"date":"2026-05-11 04:27:30","action":"change-status","newStatus":"draft","terms":[],"taxonomy":"category","extraData":[]},"publishpress_future_workflow_manual_trigger":{"enabledWorkflows":[]},"_links":{"self":[{"href":"https:\/\/www.oaxaca.gob.mx\/icapet\/wp-json\/wp\/v2\/pages\/23298","targetHints":{"allow":["GET"]}}],"collection":[{"href":"https:\/\/www.oaxaca.gob.mx\/icapet\/wp-json\/wp\/v2\/pages"}],"about":[{"href":"https:\/\/www.oaxaca.gob.mx\/icapet\/wp-json\/wp\/v2\/types\/page"}],"author":[{"embeddable":true,"href":"https:\/\/www.oaxaca.gob.mx\/icapet\/wp-json\/wp\/v2\/users\/3"}],"replies":[{"embeddable":true,"href":"https:\/\/www.oaxaca.gob.mx\/icapet\/wp-json\/wp\/v2\/comments?post=23298"}],"version-history":[{"count":2,"href":"https:\/\/www.oaxaca.gob.mx\/icapet\/wp-json\/wp\/v2\/pages\/23298\/revisions"}],"predecessor-version":[{"id":24827,"href":"https:\/\/www.oaxaca.gob.mx\/icapet\/wp-json\/wp\/v2\/pages\/23298\/revisions\/24827"}],"wp:attachment":[{"href":"https:\/\/www.oaxaca.gob.mx\/icapet\/wp-json\/wp\/v2\/media?parent=23298"}],"wp:term":[{"taxonomy":"category","embeddable":true,"href":"https:\/\/www.oaxaca.gob.mx\/icapet\/wp-json\/wp\/v2\/categories?post=23298"},{"taxonomy":"post_tag","embeddable":true,"href":"https:\/\/www.oaxaca.gob.mx\/icapet\/wp-json\/wp\/v2\/tags?post=23298"}],"curies":[{"name":"wp","href":"https:\/\/api.w.org\/{rel}","templated":true}]}}