{"id":16629,"date":"2020-08-15T20:18:52","date_gmt":"2020-08-16T01:18:52","guid":{"rendered":"https:\/\/www.oaxaca.gob.mx\/icapet\/?page_id=16629"},"modified":"2025-12-29T16:36:52","modified_gmt":"2025-12-29T22:36:52","slug":"oficina-de-atencion-huajuapan-de-leon","status":"publish","type":"page","link":"https:\/\/www.oaxaca.gob.mx\/icapet\/oficina-de-atencion-huajuapan-de-leon\/","title":{"rendered":"Oficina de Atenci\u00f3n Huajuapan de Le\u00f3n"},"content":{"rendered":"<h1>Oficina de Atenci\u00f3n Huajuapan de Le\u00f3n<\/h1>\n<p>&nbsp;<\/p>\n<table>\n<tbody>\n<tr>\n<th width=\"300\"><img loading=\"lazy\" decoding=\"async\" class=\"alignnone wp-image-24806 size-medium\" src=\"https:\/\/www.oaxaca.gob.mx\/icapet\/wp-content\/uploads\/sites\/4\/2025\/12\/huajuapan-211x300.png\" alt=\"\" width=\"211\" height=\"300\" srcset=\"https:\/\/www.oaxaca.gob.mx\/icapet\/wp-content\/uploads\/sites\/4\/2025\/12\/huajuapan-211x300.png 211w, https:\/\/www.oaxaca.gob.mx\/icapet\/wp-content\/uploads\/sites\/4\/2025\/12\/huajuapan.png 460w\" sizes=\"auto, (max-width: 211px) 100vw, 211px\" \/><\/th>\n<th style=\"text-align: left\" width=\"500\">Lic. Flor Cruz Reyes<br \/>\nEncargada de la Oficina de Atenci\u00f3n Huajuapan de Le\u00f3n<br \/>\nDirecci\u00f3n: Calle Orizaba No. 50, Col. San Miguel, Huajuapan de Le\u00f3n, Oax.<br \/>\nTel.: 953 161 3045<br \/>\nCorreo electr\u00f3nico: icapethuajuapan03@gmail.com }<br \/>\nFacebook: <a href=\"https:\/\/www.facebook.com\/profile.php?id=61579287411184\"><img loading=\"lazy\" decoding=\"async\" class=\"alignnone wp-image-24798 size-thumbnail\" src=\"https:\/\/www.oaxaca.gob.mx\/icapet\/wp-content\/uploads\/sites\/4\/2025\/12\/facebook-1-150x150.png\" alt=\"\" width=\"25\" height=\"25\" srcset=\"https:\/\/www.oaxaca.gob.mx\/icapet\/wp-content\/uploads\/sites\/4\/2025\/12\/facebook-1-150x150.png 150w, https:\/\/www.oaxaca.gob.mx\/icapet\/wp-content\/uploads\/sites\/4\/2025\/12\/facebook-1-300x300.png 300w, https:\/\/www.oaxaca.gob.mx\/icapet\/wp-content\/uploads\/sites\/4\/2025\/12\/facebook-1.png 512w\" sizes=\"auto, (max-width: 25px) 100vw, 25px\" \/><\/a><\/th>\n<\/tr>\n<\/tbody>\n<\/table>\n<p>&nbsp;<\/p>\n","protected":false},"excerpt":{"rendered":"<p>Oficina de Atenci\u00f3n Huajuapan de Le\u00f3n &nbsp; Lic. Flor Cruz Reyes Encargada de la Oficina de Atenci\u00f3n Huajuapan de Le\u00f3n Direcci\u00f3n: Calle Orizaba No. 50, Col. San Miguel, Huajuapan de Le\u00f3n, Oax. Tel.: 953 161 3045 Correo electr\u00f3nico: icapethuajuapan03@gmail.com } Facebook: &nbsp;<\/p>\n","protected":false},"author":3,"featured_media":0,"parent":0,"menu_order":0,"comment_status":"closed","ping_status":"closed","template":"","meta":{"episode_type":"","audio_file":"","podmotor_file_id":"","podmotor_episode_id":"","cover_image":"","cover_image_id":"","duration":"","filesize":"","filesize_raw":"","date_recorded":"","explicit":"","block":"","itunes_episode_number":"","itunes_title":"","itunes_season_number":"","itunes_episode_type":"","footnotes":""},"categories":[],"tags":[],"class_list":["post-16629","page","type-page","status-publish","hentry"],"acf":[],"publishpress_future_action":{"enabled":false,"date":"2026-05-19 21:27:57","action":"change-status","newStatus":"draft","terms":[],"taxonomy":"category","extraData":[]},"publishpress_future_workflow_manual_trigger":{"enabledWorkflows":[]},"_links":{"self":[{"href":"https:\/\/www.oaxaca.gob.mx\/icapet\/wp-json\/wp\/v2\/pages\/16629","targetHints":{"allow":["GET"]}}],"collection":[{"href":"https:\/\/www.oaxaca.gob.mx\/icapet\/wp-json\/wp\/v2\/pages"}],"about":[{"href":"https:\/\/www.oaxaca.gob.mx\/icapet\/wp-json\/wp\/v2\/types\/page"}],"author":[{"embeddable":true,"href":"https:\/\/www.oaxaca.gob.mx\/icapet\/wp-json\/wp\/v2\/users\/3"}],"replies":[{"embeddable":true,"href":"https:\/\/www.oaxaca.gob.mx\/icapet\/wp-json\/wp\/v2\/comments?post=16629"}],"version-history":[{"count":3,"href":"https:\/\/www.oaxaca.gob.mx\/icapet\/wp-json\/wp\/v2\/pages\/16629\/revisions"}],"predecessor-version":[{"id":24833,"href":"https:\/\/www.oaxaca.gob.mx\/icapet\/wp-json\/wp\/v2\/pages\/16629\/revisions\/24833"}],"wp:attachment":[{"href":"https:\/\/www.oaxaca.gob.mx\/icapet\/wp-json\/wp\/v2\/media?parent=16629"}],"wp:term":[{"taxonomy":"category","embeddable":true,"href":"https:\/\/www.oaxaca.gob.mx\/icapet\/wp-json\/wp\/v2\/categories?post=16629"},{"taxonomy":"post_tag","embeddable":true,"href":"https:\/\/www.oaxaca.gob.mx\/icapet\/wp-json\/wp\/v2\/tags?post=16629"}],"curies":[{"name":"wp","href":"https:\/\/api.w.org\/{rel}","templated":true}]}}