{"id":16031,"date":"2019-09-12T16:23:12","date_gmt":"2019-09-12T21:23:12","guid":{"rendered":"https:\/\/www.oaxaca.gob.mx\/icapet\/?page_id=16031"},"modified":"2025-12-29T16:22:26","modified_gmt":"2025-12-29T22:22:26","slug":"unidad-de-capacitacion-juchitan-de-zaragoza","status":"publish","type":"page","link":"https:\/\/www.oaxaca.gob.mx\/icapet\/unidad-de-capacitacion-juchitan-de-zaragoza\/","title":{"rendered":"Unidad de Capacitaci\u00f3n Juchit\u00e1n de Zaragoza"},"content":{"rendered":"<h1>Unidad de Capacitaci\u00f3n Juchit\u00e1n de Zaragoza<\/h1>\n<p>&nbsp;<\/p>\n<table>\n<tbody>\n<tr>\n<th width=\"300\"><img loading=\"lazy\" decoding=\"async\" class=\"alignnone wp-image-24804 size-medium\" src=\"https:\/\/www.oaxaca.gob.mx\/icapet\/wp-content\/uploads\/sites\/4\/2025\/12\/juchitan-211x300.png\" alt=\"\" width=\"211\" height=\"300\" srcset=\"https:\/\/www.oaxaca.gob.mx\/icapet\/wp-content\/uploads\/sites\/4\/2025\/12\/juchitan-211x300.png 211w, https:\/\/www.oaxaca.gob.mx\/icapet\/wp-content\/uploads\/sites\/4\/2025\/12\/juchitan.png 460w\" sizes=\"auto, (max-width: 211px) 100vw, 211px\" \/><\/th>\n<th width=\"500\">\n<p style=\"text-align: left\">Lic. Oscar Hern\u00e1ndez Mart\u00ednez<br \/>\nDirector de la Unidad Juchit\u00e1n de Zaragoza.<br \/>\nDirecci\u00f3n: Av. \u00c1lvaro Obreg\u00f3n #5, entre 5 de Septiembre y 16 de Septiembre, 2\u00aa Secci\u00f3n, Juchit\u00e1n de Zaragoza, Oaxaca.<br \/>\nTel: 972 112 7318<br \/>\nCorreo electr\u00f3nico: udcjuchitan@gmail.com<br \/>\nFacebook: <a href=\"https:\/\/www.facebook.com\/ICAPETJuchitan\"><img loading=\"lazy\" decoding=\"async\" class=\"wp-image-24798 size-thumbnail\" src=\"https:\/\/www.oaxaca.gob.mx\/icapet\/wp-content\/uploads\/sites\/4\/2025\/12\/facebook-1-150x150.png\" alt=\"\" width=\"25\" height=\"25\" srcset=\"https:\/\/www.oaxaca.gob.mx\/icapet\/wp-content\/uploads\/sites\/4\/2025\/12\/facebook-1-150x150.png 150w, https:\/\/www.oaxaca.gob.mx\/icapet\/wp-content\/uploads\/sites\/4\/2025\/12\/facebook-1-300x300.png 300w, https:\/\/www.oaxaca.gob.mx\/icapet\/wp-content\/uploads\/sites\/4\/2025\/12\/facebook-1.png 512w\" sizes=\"auto, (max-width: 25px) 100vw, 25px\" \/><\/a><\/p>\n<\/th>\n<\/tr>\n<\/tbody>\n<\/table>\n","protected":false},"excerpt":{"rendered":"<p>Unidad de Capacitaci\u00f3n Juchit\u00e1n de Zaragoza &nbsp; Lic. Oscar Hern\u00e1ndez Mart\u00ednez Director de la Unidad Juchit\u00e1n de Zaragoza. Direcci\u00f3n: Av. \u00c1lvaro Obreg\u00f3n #5, entre 5 de Septiembre y 16 de Septiembre, 2\u00aa Secci\u00f3n, Juchit\u00e1n de Zaragoza, Oaxaca. Tel: 972 112 7318 Correo electr\u00f3nico: udcjuchitan@gmail.com Facebook:<\/p>\n","protected":false},"author":3,"featured_media":0,"parent":0,"menu_order":0,"comment_status":"closed","ping_status":"closed","template":"","meta":{"episode_type":"","audio_file":"","podmotor_file_id":"","podmotor_episode_id":"","cover_image":"","cover_image_id":"","duration":"","filesize":"","filesize_raw":"","date_recorded":"","explicit":"","block":"","itunes_episode_number":"","itunes_title":"","itunes_season_number":"","itunes_episode_type":"","footnotes":""},"categories":[],"tags":[],"class_list":["post-16031","page","type-page","status-publish","hentry"],"acf":[],"publishpress_future_action":{"enabled":false,"date":"2026-04-24 05:58:25","action":"change-status","newStatus":"draft","terms":[],"taxonomy":"category","extraData":[]},"publishpress_future_workflow_manual_trigger":{"enabledWorkflows":[]},"_links":{"self":[{"href":"https:\/\/www.oaxaca.gob.mx\/icapet\/wp-json\/wp\/v2\/pages\/16031","targetHints":{"allow":["GET"]}}],"collection":[{"href":"https:\/\/www.oaxaca.gob.mx\/icapet\/wp-json\/wp\/v2\/pages"}],"about":[{"href":"https:\/\/www.oaxaca.gob.mx\/icapet\/wp-json\/wp\/v2\/types\/page"}],"author":[{"embeddable":true,"href":"https:\/\/www.oaxaca.gob.mx\/icapet\/wp-json\/wp\/v2\/users\/3"}],"replies":[{"embeddable":true,"href":"https:\/\/www.oaxaca.gob.mx\/icapet\/wp-json\/wp\/v2\/comments?post=16031"}],"version-history":[{"count":2,"href":"https:\/\/www.oaxaca.gob.mx\/icapet\/wp-json\/wp\/v2\/pages\/16031\/revisions"}],"predecessor-version":[{"id":24825,"href":"https:\/\/www.oaxaca.gob.mx\/icapet\/wp-json\/wp\/v2\/pages\/16031\/revisions\/24825"}],"wp:attachment":[{"href":"https:\/\/www.oaxaca.gob.mx\/icapet\/wp-json\/wp\/v2\/media?parent=16031"}],"wp:term":[{"taxonomy":"category","embeddable":true,"href":"https:\/\/www.oaxaca.gob.mx\/icapet\/wp-json\/wp\/v2\/categories?post=16031"},{"taxonomy":"post_tag","embeddable":true,"href":"https:\/\/www.oaxaca.gob.mx\/icapet\/wp-json\/wp\/v2\/tags?post=16031"}],"curies":[{"name":"wp","href":"https:\/\/api.w.org\/{rel}","templated":true}]}}