{"id":15987,"date":"2019-09-09T15:28:53","date_gmt":"2019-09-09T20:28:53","guid":{"rendered":"https:\/\/www.oaxaca.gob.mx\/icapet\/?page_id=15987"},"modified":"2023-09-07T11:48:23","modified_gmt":"2023-09-07T17:48:23","slug":"con-vanguardia-y-tradicion-sabe-mejor","status":"publish","type":"page","link":"https:\/\/www.oaxaca.gob.mx\/icapet\/Sala_de_Prensa\/","title":{"rendered":"Sala de Prensa"},"content":{"rendered":"<p><!--[su_posts template=\"plantillas\/vistas\/noticias-paginador.php\" order=\"desc\"]--><\/p>\n<h4>Noticias Febrero<\/h4>\n<p><a href=\"\/icapet\/?p=23196\">Reanuda el ICAPET las capacitaciones presenciales<\/a><br \/>\n<a href=\"\/icapet\/?p=23230\">Proceso de Solicitud de Cursos<\/a><br \/>\n<a href=\"\/icapet\/?p=23191\">Realiza ICAPET la Primera Sesi\u00f3n Ordinaria de su Junta Directiva<\/a><\/p>\n<h4>Noticias Marzo<\/h4>\n<p><a href=\"\/icapet\/?p=23303\">\u00a1Convi\u00e9rtete en Instructor!<\/a><\/p>\n<h4>Noticias Mayo<\/h4>\n<p><a href=\"\/icapet\/?p=23385\">Primera expo venta ICAPET 2023<\/a><br \/>\n<a href=\"\/icapet\/?p=23388\">Ofrece ICAPET m\u00e1s de 300 cursos con validez oficial<\/a><\/p>\n<h4>Noticias Junio<\/h4>\n<p><a href=\"\/icapet\/?p=23401\">Entrega icapet certificados laborales con reconocimiento en EU y Canada<\/a><br \/>\n<a href=\"\/icapet\/?p=23407\">Otorgar\u00e1 icapet subsidios para cursos de capacitaci\u00f3n en municipios de alta marginaci\u00f3n<\/a><br \/>\n<a href=\"\/icapet\/?p=23414\">Icapet y fifeo lanzan convocatoria para financiar proyectos socio productivos<\/a><br \/>\n<a href=\"\/icapet\/?p=23435\">Fortalece Icapet lazos con sectores productivos en Oaxaca<\/a><br \/>\n<a href=\"\/icapet\/?p=23895\">Mujeres sector que m\u00e1s se prepara para la productividad y empleo con cursos del Icapet<\/a><\/p>\n","protected":false},"excerpt":{"rendered":"<p>Noticias Febrero Reanuda el ICAPET las capacitaciones presenciales Proceso de Solicitud de Cursos Realiza ICAPET la Primera Sesi\u00f3n Ordinaria de su Junta Directiva Noticias Marzo \u00a1Convi\u00e9rtete en Instructor! Noticias Mayo Primera expo venta ICAPET 2023 Ofrece ICAPET m\u00e1s de 300 cursos con validez oficial Noticias Junio Entrega icapet certificados laborales con reconocimiento en EU y [&hellip;]<\/p>\n","protected":false},"author":3,"featured_media":0,"parent":0,"menu_order":0,"comment_status":"closed","ping_status":"closed","template":"","meta":{"episode_type":"","audio_file":"","podmotor_file_id":"","podmotor_episode_id":"","cover_image":"","cover_image_id":"","duration":"","filesize":"","filesize_raw":"","date_recorded":"","explicit":"","block":"","itunes_episode_number":"","itunes_title":"","itunes_season_number":"","itunes_episode_type":"","footnotes":""},"categories":[],"tags":[],"class_list":["post-15987","page","type-page","status-publish","hentry"],"acf":[],"publishpress_future_action":{"enabled":false,"date":"2026-05-15 00:10:57","action":"change-status","newStatus":"draft","terms":[],"taxonomy":"category","extraData":[]},"publishpress_future_workflow_manual_trigger":{"enabledWorkflows":[]},"_links":{"self":[{"href":"https:\/\/www.oaxaca.gob.mx\/icapet\/wp-json\/wp\/v2\/pages\/15987","targetHints":{"allow":["GET"]}}],"collection":[{"href":"https:\/\/www.oaxaca.gob.mx\/icapet\/wp-json\/wp\/v2\/pages"}],"about":[{"href":"https:\/\/www.oaxaca.gob.mx\/icapet\/wp-json\/wp\/v2\/types\/page"}],"author":[{"embeddable":true,"href":"https:\/\/www.oaxaca.gob.mx\/icapet\/wp-json\/wp\/v2\/users\/3"}],"replies":[{"embeddable":true,"href":"https:\/\/www.oaxaca.gob.mx\/icapet\/wp-json\/wp\/v2\/comments?post=15987"}],"version-history":[{"count":20,"href":"https:\/\/www.oaxaca.gob.mx\/icapet\/wp-json\/wp\/v2\/pages\/15987\/revisions"}],"predecessor-version":[{"id":23996,"href":"https:\/\/www.oaxaca.gob.mx\/icapet\/wp-json\/wp\/v2\/pages\/15987\/revisions\/23996"}],"wp:attachment":[{"href":"https:\/\/www.oaxaca.gob.mx\/icapet\/wp-json\/wp\/v2\/media?parent=15987"}],"wp:term":[{"taxonomy":"category","embeddable":true,"href":"https:\/\/www.oaxaca.gob.mx\/icapet\/wp-json\/wp\/v2\/categories?post=15987"},{"taxonomy":"post_tag","embeddable":true,"href":"https:\/\/www.oaxaca.gob.mx\/icapet\/wp-json\/wp\/v2\/tags?post=15987"}],"curies":[{"name":"wp","href":"https:\/\/api.w.org\/{rel}","templated":true}]}}