{"id":133,"date":"2016-04-21T11:55:15","date_gmt":"2016-04-21T17:55:15","guid":{"rendered":"https:\/\/www.oaxaca.gob.mx\/icapet\/?p=134"},"modified":"2024-10-22T11:50:59","modified_gmt":"2024-10-22T17:50:59","slug":"plantilla-de-instructores","status":"publish","type":"page","link":"https:\/\/www.oaxaca.gob.mx\/icapet\/plantilla-de-instructores\/","title":{"rendered":"Plantilla de Instructores"},"content":{"rendered":"<p style=\"text-align: justify\">El Instituto de Capacitaci\u00f3n y Productividad para el Trabajo del Estado de Oaxaca (ICAPET) invita al p\u00fablico en general a registrarse como instructor en la Unidad de Capacitaci\u00f3n, Accion M\u00f3vil u Oficina de Atenci\u00f3n m\u00e1s cercana a su domicilio, en uno de los siguientes niveles: Experto Empirico, con Educaci\u00f3n no Formal, con Educaci\u00f3n Formal o con Nivel Superior o Posgrado.<\/p>\n<p style=\"text-align: center\">\n<img loading=\"lazy\" decoding=\"async\" class=\" wp-image-24367 aligncenter\" src=\"https:\/\/www.oaxaca.gob.mx\/icapet\/wp-content\/uploads\/sites\/4\/2024\/10\/RECLUTAMIENTO-DE-INSTRUCTORES-ACTUALIZADO-266x300.png\" alt=\"\" width=\"631\" height=\"711\" srcset=\"https:\/\/www.oaxaca.gob.mx\/icapet\/wp-content\/uploads\/sites\/4\/2024\/10\/RECLUTAMIENTO-DE-INSTRUCTORES-ACTUALIZADO-266x300.png 266w, https:\/\/www.oaxaca.gob.mx\/icapet\/wp-content\/uploads\/sites\/4\/2024\/10\/RECLUTAMIENTO-DE-INSTRUCTORES-ACTUALIZADO-910x1024.png 910w, https:\/\/www.oaxaca.gob.mx\/icapet\/wp-content\/uploads\/sites\/4\/2024\/10\/RECLUTAMIENTO-DE-INSTRUCTORES-ACTUALIZADO-768x865.png 768w, https:\/\/www.oaxaca.gob.mx\/icapet\/wp-content\/uploads\/sites\/4\/2024\/10\/RECLUTAMIENTO-DE-INSTRUCTORES-ACTUALIZADO-1364x1536.png 1364w, https:\/\/www.oaxaca.gob.mx\/icapet\/wp-content\/uploads\/sites\/4\/2024\/10\/RECLUTAMIENTO-DE-INSTRUCTORES-ACTUALIZADO.png 1549w\" sizes=\"auto, (max-width: 631px) 100vw, 631px\" \/>\n<\/p>\n<p><strong>\u00a0REQUISITOS PARA DARSE DE ALTA COMO INSTRUCTOR DEL ICAPET<\/strong><\/p>\n<p>Presentar la siguiente documentaci\u00f3n (sin engargolar ni engrapar):<\/p>\n<ul>\n<li>Constancia de situaci\u00f3n fiscal completa actualizada del a\u00f1o en curso (archivo PDF descargado de la p\u00e1gina del SAT <a href=\"https:\/\/www.sat.gob.mx\/\">www.sat.gob.mx<\/a>) en <strong>el R\u00e9gimen de Sueldos y Salarios e Ingresos Asimilados a Salarios<\/strong>)<\/li>\n<li>Fotograf\u00eda digital ( de los hombros a la cabeza, con fondo blanco, sin lentes, ni gorra)<\/li>\n<li>Credencial de elector vigente , f\u00edsica y digital (escaneada a color por ambos lados)<\/li>\n<li>Acta de nacimiento<\/li>\n<li>CURP<\/li>\n<li>Comprobante de domicilio (\u00fanicamente en caso de que su domicilio actual no corresponda al de su credencial de elector)<\/li>\n<li>Curr\u00edculum vitae<\/li>\n<li>Constancias que acrediten su nivel de escolaridad<\/li>\n<li>Constancias que acredite conocimientos en el \u00e1rea a capacitar<\/li>\n<li>Constancias que acrediten su experiencia docente<\/li>\n<li>Estado de cuenta reciente o del contrato bancario (s\u00f3lo la primera p\u00e1gina) con nombre del titular, n\u00famero de clave interbancaria (CLABE), n\u00famero de cuenta y banco emisor.<\/li>\n<li>Tarjeta bancaria con los n\u00fameros visibles, f\u00edsica (escaneada por el lado donde aparecen los n\u00fameros) o digital (descargada de la app)<\/li>\n<\/ul>\n<p>Acudir a la Unidad de Capacitaci\u00f3n m\u00e1s cercana para requisitar los formatos de registro de instructor<\/p>\n<p><strong><em>Traer documentos originales para cotejo<\/em><\/strong><\/p>\n<p><a href=\"https:\/\/www.oaxaca.gob.mx\/icapet\/wp-content\/uploads\/sites\/4\/2024\/10\/formato-de-registro.pdf\">Formato de registro<\/a><\/p>\n","protected":false},"excerpt":{"rendered":"<p>El Instituto de Capacitaci\u00f3n y Productividad para el Trabajo del Estado de Oaxaca (ICAPET) invita al p\u00fablico en general a registrarse como instructor en la Unidad de Capacitaci\u00f3n, Accion M\u00f3vil u Oficina de Atenci\u00f3n m\u00e1s cercana a su domicilio, en uno de los siguientes niveles: Experto Empirico, con Educaci\u00f3n no Formal, con Educaci\u00f3n Formal o [&hellip;]<\/p>\n","protected":false},"author":1,"featured_media":45,"parent":0,"menu_order":0,"comment_status":"closed","ping_status":"closed","template":"","meta":{"episode_type":"","audio_file":"","podmotor_file_id":"","podmotor_episode_id":"","cover_image":"","cover_image_id":"","duration":"","filesize":"","filesize_raw":"","date_recorded":"","explicit":"","block":"","itunes_episode_number":"","itunes_title":"","itunes_season_number":"","itunes_episode_type":"","footnotes":""},"categories":[],"tags":[],"class_list":["post-133","page","type-page","status-publish","has-post-thumbnail","hentry"],"acf":[],"publishpress_future_action":{"enabled":false,"date":"2026-05-19 21:29:25","action":"change-status","newStatus":"draft","terms":[],"taxonomy":"category","extraData":[]},"publishpress_future_workflow_manual_trigger":{"enabledWorkflows":[]},"_links":{"self":[{"href":"https:\/\/www.oaxaca.gob.mx\/icapet\/wp-json\/wp\/v2\/pages\/133","targetHints":{"allow":["GET"]}}],"collection":[{"href":"https:\/\/www.oaxaca.gob.mx\/icapet\/wp-json\/wp\/v2\/pages"}],"about":[{"href":"https:\/\/www.oaxaca.gob.mx\/icapet\/wp-json\/wp\/v2\/types\/page"}],"author":[{"embeddable":true,"href":"https:\/\/www.oaxaca.gob.mx\/icapet\/wp-json\/wp\/v2\/users\/1"}],"replies":[{"embeddable":true,"href":"https:\/\/www.oaxaca.gob.mx\/icapet\/wp-json\/wp\/v2\/comments?post=133"}],"version-history":[{"count":3,"href":"https:\/\/www.oaxaca.gob.mx\/icapet\/wp-json\/wp\/v2\/pages\/133\/revisions"}],"predecessor-version":[{"id":24371,"href":"https:\/\/www.oaxaca.gob.mx\/icapet\/wp-json\/wp\/v2\/pages\/133\/revisions\/24371"}],"wp:featuredmedia":[{"embeddable":true,"href":"https:\/\/www.oaxaca.gob.mx\/icapet\/wp-json\/wp\/v2\/media\/45"}],"wp:attachment":[{"href":"https:\/\/www.oaxaca.gob.mx\/icapet\/wp-json\/wp\/v2\/media?parent=133"}],"wp:term":[{"taxonomy":"category","embeddable":true,"href":"https:\/\/www.oaxaca.gob.mx\/icapet\/wp-json\/wp\/v2\/categories?post=133"},{"taxonomy":"post_tag","embeddable":true,"href":"https:\/\/www.oaxaca.gob.mx\/icapet\/wp-json\/wp\/v2\/tags?post=133"}],"curies":[{"name":"wp","href":"https:\/\/api.w.org\/{rel}","templated":true}]}}