{"id":1008,"date":"2017-07-04T09:10:53","date_gmt":"2017-07-04T15:10:53","guid":{"rendered":"https:\/\/www.oaxaca.gob.mx\/icapet\/?p=1009"},"modified":"2025-06-20T14:10:38","modified_gmt":"2025-06-20T20:10:38","slug":"requisitos","status":"publish","type":"page","link":"https:\/\/www.oaxaca.gob.mx\/icapet\/requisitos\/","title":{"rendered":"Requisitos"},"content":{"rendered":"<p><span style=\"color: black\"><strong>CURSO DE ALINEACI\u00d3N<\/strong><br \/>\n<\/span><\/p>\n<ul>\n<li>Oficio de solicitud dirigido a la Lic. Rosalinda L\u00f3pez Garc\u00eda, Directora General del ICAPET, el cual podr\u00e1 ser entregado en oficinas centrales del ICAPET o en la Unidad de Capacitaci\u00f3n correspondiente.<\/li>\n<li>Croquis de localizaci\u00f3n.<\/li>\n<li>Lista de participantes con nombre y firma.<\/li>\n<li>Requisitar c\u00e9dula del participante (con fotograf\u00eda y firma).<\/li>\n<li>Anexar copia de credencial de elector y CURP.<\/li>\n<li>El grupo ser\u00e1 de 10 a 15 personas mayores de 18 a\u00f1os.<\/li>\n<li>Los insumos necesarios para la operaci\u00f3n de los cursos son responsabilidad de los solicitantes.<\/li>\n<li>Realizar pago correspondiente a los derechos del servicio mediante la l\u00ednea de captura<\/li>\n<\/ul>\n<p><span style=\"color: black\"><br \/>\n<strong>PROCESO DE EVALUACI\u00d3N DIRECTA<\/strong><br \/>\n<\/span><\/p>\n<ul>\n<li>Escrito de solicitud dirigido a la Lic. Irma Isabel Ortiz L\u00f3pez, Directora T\u00e9cnica Acad\u00e9mica del ICAPET, en el que indique su deseo de realizar la evaluaci\u00f3n directa; el cual podr\u00e1 ser entregado en oficinas centrales del ICAPET o en la Unidad de Capacitaci\u00f3n correspondiente. (<a href=\"https:\/\/www.oaxaca.gob.mx\/icapet\/wp-content\/uploads\/sites\/4\/2025\/06\/Carta-de-Solicitud-Certificacion-1.pdf\">\u00a0Escrito de solicitud de Inter\u00e9s de Certificaci\u00f3n)<\/a><\/li>\n<li>Anexar copia de credencial de elector y CURP.<\/li>\n<li>1 Fotograf\u00edas tama\u00f1o infantil en formato digital<\/li>\n<li>Requerimientos para integrar portafolio (indica evaluador).<\/li>\n<li>Realizar pago correspondiente a los derechos del servicio mediante la l\u00ednea de captura<\/li>\n<\/ul>\n<p><em><span style=\"color: black\">Los insumos necesarios para la operaci\u00f3n de los cursos son responsabilidad de los solicitantes (material para integrar el portafolio y vi\u00e1ticos para el caso de ser grupos for\u00e1neos).<br \/>\n<\/span><\/em><\/p>\n","protected":false},"excerpt":{"rendered":"<p>CURSO DE ALINEACI\u00d3N Oficio de solicitud dirigido a la Lic. Rosalinda L\u00f3pez Garc\u00eda, Directora General del ICAPET, el cual podr\u00e1 ser entregado en oficinas centrales del ICAPET o en la Unidad de Capacitaci\u00f3n correspondiente. Croquis de localizaci\u00f3n. Lista de participantes con nombre y firma. Requisitar c\u00e9dula del participante (con fotograf\u00eda y firma). Anexar copia de [&hellip;]<\/p>\n","protected":false},"author":1,"featured_media":1023,"parent":0,"menu_order":0,"comment_status":"closed","ping_status":"closed","template":"","meta":{"episode_type":"","audio_file":"","podmotor_file_id":"","podmotor_episode_id":"","cover_image":"","cover_image_id":"","duration":"","filesize":"","filesize_raw":"","date_recorded":"","explicit":"","block":"","itunes_episode_number":"","itunes_title":"","itunes_season_number":"","itunes_episode_type":"","footnotes":""},"categories":[],"tags":[],"class_list":["post-1008","page","type-page","status-publish","has-post-thumbnail","hentry"],"acf":[],"publishpress_future_action":{"enabled":false,"date":"2026-05-15 01:43:48","action":"change-status","newStatus":"draft","terms":[],"taxonomy":"category","extraData":[]},"publishpress_future_workflow_manual_trigger":{"enabledWorkflows":[]},"_links":{"self":[{"href":"https:\/\/www.oaxaca.gob.mx\/icapet\/wp-json\/wp\/v2\/pages\/1008","targetHints":{"allow":["GET"]}}],"collection":[{"href":"https:\/\/www.oaxaca.gob.mx\/icapet\/wp-json\/wp\/v2\/pages"}],"about":[{"href":"https:\/\/www.oaxaca.gob.mx\/icapet\/wp-json\/wp\/v2\/types\/page"}],"author":[{"embeddable":true,"href":"https:\/\/www.oaxaca.gob.mx\/icapet\/wp-json\/wp\/v2\/users\/1"}],"replies":[{"embeddable":true,"href":"https:\/\/www.oaxaca.gob.mx\/icapet\/wp-json\/wp\/v2\/comments?post=1008"}],"version-history":[{"count":3,"href":"https:\/\/www.oaxaca.gob.mx\/icapet\/wp-json\/wp\/v2\/pages\/1008\/revisions"}],"predecessor-version":[{"id":24566,"href":"https:\/\/www.oaxaca.gob.mx\/icapet\/wp-json\/wp\/v2\/pages\/1008\/revisions\/24566"}],"wp:featuredmedia":[{"embeddable":true,"href":"https:\/\/www.oaxaca.gob.mx\/icapet\/wp-json\/wp\/v2\/media\/1023"}],"wp:attachment":[{"href":"https:\/\/www.oaxaca.gob.mx\/icapet\/wp-json\/wp\/v2\/media?parent=1008"}],"wp:term":[{"taxonomy":"category","embeddable":true,"href":"https:\/\/www.oaxaca.gob.mx\/icapet\/wp-json\/wp\/v2\/categories?post=1008"},{"taxonomy":"post_tag","embeddable":true,"href":"https:\/\/www.oaxaca.gob.mx\/icapet\/wp-json\/wp\/v2\/tags?post=1008"}],"curies":[{"name":"wp","href":"https:\/\/api.w.org\/{rel}","templated":true}]}}