{"id":5464,"date":"2022-06-16T19:22:36","date_gmt":"2022-06-17T00:22:36","guid":{"rendered":"https:\/\/www.oaxaca.gob.mx\/ioam\/?page_id=5464"},"modified":"2022-06-16T19:51:24","modified_gmt":"2022-06-17T00:51:24","slug":"notificaciones-por-estrado","status":"publish","type":"page","link":"https:\/\/www.oaxaca.gob.mx\/iaimo\/notificaciones-por-estrado\/","title":{"rendered":"Notificaciones por Estrado"},"content":{"rendered":"<p>De conformidad a los art\u00edculos 142 del C\u00f3digo Fiscal para el Estado de Oaxaca y 139 del C\u00f3digo Fiscal de la Federaci\u00f3n, las notificaciones por estrados previo acuerdo de la autoridad competente, se har\u00e1n fijando durante quince d\u00edas consecutivos el documento que se pretenda notificar en un sitio abierto al p\u00fablico de las oficinas de la autoridad que efect\u00fae la notificaci\u00f3n y publicado el documento citado, durante el mismo plazo, en la p\u00e1gina electr\u00f3nica de esta Secretar\u00eda. La autoridad dejar\u00e1 constancia de ello en el expediente respectivo. En estos casos, se tendr\u00e1 como fecha de notificaci\u00f3n la del d\u00e9cimo sexto d\u00eda siguiente al primer d\u00eda en que se hubiere fijado o publicado el documento.<\/p>\n<p>Notificaciones por Estrados para Ciudadanos en uso de la Ley de Transparencia y Acceso a la informaci\u00f3n.<\/p>\n<p>&nbsp;<\/p>\n\n<table id=\"tablepress-4\" class=\"tablepress tablepress-id-4\">\n<thead>\n<tr class=\"row-1\">\n\t<th class=\"column-1\">NOTIFICACI\u00d3N<\/th><th class=\"column-2\">DESCARGA<\/th>\n<\/tr>\n<\/thead>\n<tbody class=\"row-striping row-hover\">\n<tr class=\"row-2\">\n\t<td class=\"column-1\">Unidad de Transparencia. Oficio n\u00famero IOAM\/DG\/SEO\/DCIT\/021\/2022de 01 de junio de 2022 para notificar por estrados el oficio IOAM\/DG\/SEO\/DCIT\/RR001\/2022 para dar cumplimiento al R.R.A.I. 0015\/2021\/SICOM\/OGAIPO<\/td><td class=\"column-2\"><a href=\"\/ioam\/wp-content\/uploads\/sites\/25\/2022\/06\/RRAI-OO15.pdf\" target=\"_blank\" rel=\"noopener\"><i class=\"far fa-file-pdf fa-2x\">\u00a0<\/i><\/a><\/td>\n<\/tr>\n<tr class=\"row-3\">\n\t<td class=\"column-1\"><\/td><td class=\"column-2\"><\/td>\n<\/tr>\n<\/tbody>\n<\/table>\n\n","protected":false},"excerpt":{"rendered":"<p>De conformidad a los art\u00edculos 142 del C\u00f3digo Fiscal para el Estado de Oaxaca y 139 del C\u00f3digo Fiscal de la Federaci\u00f3n, las notificaciones por estrados previo acuerdo de la autoridad competente, se har\u00e1n fijando durante quince d\u00edas consecutivos el documento que se pretenda notificar en un sitio abierto al p\u00fablico de las oficinas de [&hellip;]<\/p>\n","protected":false},"author":26,"featured_media":0,"parent":0,"menu_order":0,"comment_status":"closed","ping_status":"closed","template":"","meta":{"episode_type":"","audio_file":"","podmotor_file_id":"","podmotor_episode_id":"","cover_image":"","cover_image_id":"","duration":"","filesize":"","filesize_raw":"","date_recorded":"","explicit":"","block":"","itunes_episode_number":"","itunes_title":"","itunes_season_number":"","itunes_episode_type":"","footnotes":""},"categories":[],"tags":[],"class_list":["post-5464","page","type-page","status-publish","hentry"],"acf":[],"publishpress_future_action":{"enabled":false,"date":"2026-05-10 02:50:20","action":"change-status","newStatus":"draft","terms":[],"taxonomy":"category","extraData":[]},"publishpress_future_workflow_manual_trigger":{"enabledWorkflows":[]},"_links":{"self":[{"href":"https:\/\/www.oaxaca.gob.mx\/iaimo\/wp-json\/wp\/v2\/pages\/5464","targetHints":{"allow":["GET"]}}],"collection":[{"href":"https:\/\/www.oaxaca.gob.mx\/iaimo\/wp-json\/wp\/v2\/pages"}],"about":[{"href":"https:\/\/www.oaxaca.gob.mx\/iaimo\/wp-json\/wp\/v2\/types\/page"}],"author":[{"embeddable":true,"href":"https:\/\/www.oaxaca.gob.mx\/iaimo\/wp-json\/wp\/v2\/users\/26"}],"replies":[{"embeddable":true,"href":"https:\/\/www.oaxaca.gob.mx\/iaimo\/wp-json\/wp\/v2\/comments?post=5464"}],"version-history":[{"count":8,"href":"https:\/\/www.oaxaca.gob.mx\/iaimo\/wp-json\/wp\/v2\/pages\/5464\/revisions"}],"predecessor-version":[{"id":5480,"href":"https:\/\/www.oaxaca.gob.mx\/iaimo\/wp-json\/wp\/v2\/pages\/5464\/revisions\/5480"}],"wp:attachment":[{"href":"https:\/\/www.oaxaca.gob.mx\/iaimo\/wp-json\/wp\/v2\/media?parent=5464"}],"wp:term":[{"taxonomy":"category","embeddable":true,"href":"https:\/\/www.oaxaca.gob.mx\/iaimo\/wp-json\/wp\/v2\/categories?post=5464"},{"taxonomy":"post_tag","embeddable":true,"href":"https:\/\/www.oaxaca.gob.mx\/iaimo\/wp-json\/wp\/v2\/tags?post=5464"}],"curies":[{"name":"wp","href":"https:\/\/api.w.org\/{rel}","templated":true}]}}