{"id":3768,"date":"2019-05-09T22:06:48","date_gmt":"2019-05-09T20:06:48","guid":{"rendered":"https:\/\/www.oaxaca.gob.mx\/ioam\/?page_id=3768"},"modified":"2022-08-31T09:50:59","modified_gmt":"2022-08-31T14:50:59","slug":"marco-juridico","status":"publish","type":"page","link":"https:\/\/www.oaxaca.gob.mx\/iaimo\/marco-juridico\/","title":{"rendered":"Marco Jur\u00eddico"},"content":{"rendered":"<p>&nbsp;<\/p>\n<nav>\n<div id=\"nav-tab\" class=\"nav nav-tabs\" role=\"tablist\"><a id=\"nav-decretos-tab\" class=\"nav-item nav-link active\" role=\"tab\" href=\"#nav-decretos\" data-toggle=\"tab\">Decretos<\/a><br \/>\n<a id=\"nav-reglamentos-tab\" class=\"nav-item nav-link\" role=\"tab\" href=\"#nav-reglamentos\" data-toggle=\"tab\">Reglamentos<\/a><br \/>\n<a id=\"nav-lineamientos-tab\" class=\"nav-item nav-link\" role=\"tab\" href=\"#nav-lineamientos\" data-toggle=\"tab\">Lineamientos<\/a><br \/>\n<a id=\"nav-manuales-tab\" class=\"nav-item nav-link\" role=\"tab\" href=\"#nav-manuales\" data-toggle=\"tab\">Manuales<\/a><\/div>\n<\/nav>\n<div id=\"nav-tabContent\" class=\"tab-content\">\n<div id=\"nav-decretos\" class=\"tab-pane fade show active\" role=\"tabpanel\" aria-labelledby=\"nav-decretos-tab\">\n<table id=\"tablepress-tbl-decretos\" class=\"tablepress tablepress-id-tbl-decretos\">\n<thead>\n<tr class=\"row-1\">\n\t<th class=\"column-1\">N\u00famero<\/th><th class=\"column-2\">T\u00edtulo de Ley <\/th><th class=\"column-3\">Descarga<\/th>\n<\/tr>\n<\/thead>\n<tbody class=\"row-striping row-hover\">\n<tr class=\"row-2\">\n\t<td class=\"column-1\">001<\/td><td class=\"column-2\">DECRETO.- POR EL QUE SE CREA EL INSTITUTO OAXAQUE\u00d1O DE ATENCI\u00d3N AL MIGRANTE.<\/td><td class=\"column-3\"><a href=\"\/ioam\/wp-content\/uploads\/sites\/25\/marco-juridico\/Decreto-por-el-que-se-crea-el-Instituto-Oaxaqueno-de-Atencion-al-Migrante.pdf\" target=\"_blank\" rel=\"noopener\"><i class=\"far fa-file-pdf fa-2x\">\u00a0<\/i><\/a><\/td>\n<\/tr>\n<tr class=\"row-3\">\n\t<td class=\"column-1\">002<\/td><td class=\"column-2\">SEGUNDA REFORMA AL DECRETO.- POR EL QUE SE CREA EL INSTITUTO OAXAQUE\u00d1O DE ATENCI\u00d3N AL MIGRANTE.<\/td><td class=\"column-3\"><a href=\"https:\/\/www.oaxaca.gob.mx\/ioam\/wp-content\/uploads\/sites\/25\/2022\/08\/SEGUNDA-REFORMA-AL-DECRETO-2010.pdf\" target=\"_blank\" rel=\"noopener\"><i class=\"far fa-file-pdf fa-2x\">\u00a0<\/i><\/a><\/td>\n<\/tr>\n<tr class=\"row-4\">\n\t<td class=\"column-1\"><\/td><td class=\"column-2\"><\/td><td class=\"column-3\"><\/td>\n<\/tr>\n<\/tbody>\n<\/table>\n<!-- #tablepress-tbl-decretos from cache --><\/div>\n<div id=\"nav-reglamentos\" class=\"tab-pane fade\" role=\"tabpanel\" aria-labelledby=\"nav-reglamentos-tab\">\n<table id=\"tablepress-tbl-reglamentos\" class=\"tablepress tablepress-id-tbl-reglamentos\">\n<thead>\n<tr class=\"row-1\">\n\t<th class=\"column-1\">N\u00famero<\/th><th class=\"column-2\">T\u00edtulo de Ley <\/th><th class=\"column-3\">Descarga<\/th>\n<\/tr>\n<\/thead>\n<tbody class=\"row-striping row-hover\">\n<tr class=\"row-2\">\n\t<td class=\"column-1\">001<\/td><td class=\"column-2\">REGLAMENTO INTERNO DEL INSTITUTO OAXAQUE\u00d1O DE ATENCI\u00d3N AL MIGRANTE.<\/td><td class=\"column-3\"><a href=\" \/ioam\/wp-content\/uploads\/sites\/25\/2022\/07\/3.-REGLAMENTO-INTERNO-FEB-2022.pdf\" target=\"_blank\" rel=\"noopener\"><i class=\"far fa-file-pdf fa-2x\">\u00a0<\/i><\/a><\/td>\n<\/tr>\n<\/tbody>\n<\/table>\n<!-- #tablepress-tbl-reglamentos from cache --><\/div>\n<div id=\"nav-lineamientos\" class=\"tab-pane fade\" role=\"tabpanel\" aria-labelledby=\"nav-lineamientos-tab\">\n<table id=\"tablepress-tbl-lineamientos\" class=\"tablepress tablepress-id-tbl-lineamientos\">\n<thead>\n<tr class=\"row-1\">\n\t<th class=\"column-1\">N\u00famero<\/th><th class=\"column-2\">T\u00edtulo de Ley<\/th><th class=\"column-3\">Descarga<\/th>\n<\/tr>\n<\/thead>\n<tbody class=\"row-striping row-hover\">\n<tr class=\"row-2\">\n\t<td class=\"column-1\">001<\/td><td class=\"column-2\">LINEAMIENTOS DEL PROGRAMA M\u00d3VIL X OAXACA<\/td><td class=\"column-3\"><a href=\"\/ioam\/wp-content\/uploads\/sites\/25\/2022\/01\/LINEAMIENTOS-DEL-PROGRAMA-MO\u0301VIL-X-OAXACA.pdf\" target=\"_blank\" rel=\"noopener\"><i class=\"far fa-file-pdf fa-2x\">\u00a0<\/i><\/a><\/td>\n<\/tr>\n<tr class=\"row-3\">\n\t<td class=\"column-1\">002<\/td><td class=\"column-2\">BASES PARA LA SELECCI\u00d3N Y CONTRATACI\u00d3N DEL PERSONAL PARA LA OPERACI\u00d3N DEL PROGRAMA \u201cM\u00d3VIL X OAXACA\u201d<\/td><td class=\"column-3\"><a href=\"\/ioam\/wp-content\/uploads\/sites\/25\/2022\/01\/BASES-PARA-LA-SELECCIO\u0301N-Y-CONTRTACIO\u0301N-DE-PERSONAL-PARA-LA-OPERACION-DEL-PROGRAMA-MO\u0301VIL-X-OAXACA.pdf\" target=\"_blank\" rel=\"noopener\"><i class=\"far fa-file-pdf fa-2x\">\u00a0<\/i><\/a><\/td>\n<\/tr>\n<tr class=\"row-4\">\n\t<td class=\"column-1\"><\/td><td class=\"column-2\"><\/td><td class=\"column-3\"><\/td>\n<\/tr>\n<tr class=\"row-5\">\n\t<td class=\"column-1\"><\/td><td class=\"column-2\"><\/td><td class=\"column-3\"><\/td>\n<\/tr>\n<\/tbody>\n<\/table>\n<!-- #tablepress-tbl-lineamientos from cache --><\/div>\n<div id=\"nav-manuales\" class=\"tab-pane fade\" role=\"tabpanel\" aria-labelledby=\"nav-manuales-tab\">\n<table id=\"tablepress-manuales\" class=\"tablepress tablepress-id-manuales\">\n<thead>\n<tr class=\"row-1\">\n\t<th class=\"column-1\">N\u00famero<\/th><th class=\"column-2\">T\u00edtulo de ley<\/th><th class=\"column-3\">Descarga<\/th>\n<\/tr>\n<\/thead>\n<tbody class=\"row-striping row-hover\">\n<tr class=\"row-2\">\n\t<td class=\"column-1\">001<\/td><td class=\"column-2\">MANUAL DE PROCEDIMIENTOS <\/td><td class=\"column-3\"><a href=\"https:\/\/www.oaxaca.gob.mx\/ioam\/wp-content\/uploads\/sites\/25\/2022\/08\/MANUAL-DE-PROCEDIMIENTOS-20-DE-AGOSTO-2022.pdf\" target=\"_blank\" rel=\"noopener\"> <i class=\"far fa-file-pdf fa-2x\"> <\/i><\/a><\/td>\n<\/tr>\n<tr class=\"row-3\">\n\t<td class=\"column-1\">002<\/td><td class=\"column-2\">MANUAL DE ORGANIZACI\u00d3N<\/td><td class=\"column-3\"><a href=\"https:\/\/www.oaxaca.gob.mx\/ioam\/wp-content\/uploads\/sites\/25\/2022\/07\/MANUAL-DE-ORGANIZACION.pdf\" target=\"_blank\" rel=\"noopener\"> <i class=\"far fa-file-pdf fa-2x\"> <\/i><\/a><\/td>\n<\/tr>\n<\/tbody>\n<\/table>\n<!-- #tablepress-manuales from cache --><\/div>\n<\/div>\n","protected":false},"excerpt":{"rendered":"<p>&nbsp; Decretos Reglamentos Lineamientos Manuales<\/p>\n","protected":false},"author":1,"featured_media":0,"parent":0,"menu_order":0,"comment_status":"closed","ping_status":"closed","template":"","meta":{"episode_type":"","audio_file":"","podmotor_file_id":"","podmotor_episode_id":"","cover_image":"","cover_image_id":"","duration":"","filesize":"","filesize_raw":"","date_recorded":"","explicit":"","block":"","itunes_episode_number":"","itunes_title":"","itunes_season_number":"","itunes_episode_type":"","footnotes":""},"categories":[],"tags":[],"class_list":["post-3768","page","type-page","status-publish","hentry"],"acf":[],"publishpress_future_action":{"enabled":false,"date":"2026-05-10 02:50:21","action":"change-status","newStatus":"draft","terms":[],"taxonomy":"category","extraData":[]},"publishpress_future_workflow_manual_trigger":{"enabledWorkflows":[]},"_links":{"self":[{"href":"https:\/\/www.oaxaca.gob.mx\/iaimo\/wp-json\/wp\/v2\/pages\/3768","targetHints":{"allow":["GET"]}}],"collection":[{"href":"https:\/\/www.oaxaca.gob.mx\/iaimo\/wp-json\/wp\/v2\/pages"}],"about":[{"href":"https:\/\/www.oaxaca.gob.mx\/iaimo\/wp-json\/wp\/v2\/types\/page"}],"author":[{"embeddable":true,"href":"https:\/\/www.oaxaca.gob.mx\/iaimo\/wp-json\/wp\/v2\/users\/1"}],"replies":[{"embeddable":true,"href":"https:\/\/www.oaxaca.gob.mx\/iaimo\/wp-json\/wp\/v2\/comments?post=3768"}],"version-history":[{"count":10,"href":"https:\/\/www.oaxaca.gob.mx\/iaimo\/wp-json\/wp\/v2\/pages\/3768\/revisions"}],"predecessor-version":[{"id":5664,"href":"https:\/\/www.oaxaca.gob.mx\/iaimo\/wp-json\/wp\/v2\/pages\/3768\/revisions\/5664"}],"wp:attachment":[{"href":"https:\/\/www.oaxaca.gob.mx\/iaimo\/wp-json\/wp\/v2\/media?parent=3768"}],"wp:term":[{"taxonomy":"category","embeddable":true,"href":"https:\/\/www.oaxaca.gob.mx\/iaimo\/wp-json\/wp\/v2\/categories?post=3768"},{"taxonomy":"post_tag","embeddable":true,"href":"https:\/\/www.oaxaca.gob.mx\/iaimo\/wp-json\/wp\/v2\/tags?post=3768"}],"curies":[{"name":"wp","href":"https:\/\/api.w.org\/{rel}","templated":true}]}}