{"id":8879,"date":"2025-02-17T18:36:35","date_gmt":"2025-02-18T00:36:35","guid":{"rendered":"https:\/\/www.oaxaca.gob.mx\/honestidad\/?page_id=8879"},"modified":"2026-04-29T09:48:49","modified_gmt":"2026-04-29T15:48:49","slug":"datos-personales","status":"publish","type":"page","link":"https:\/\/www.oaxaca.gob.mx\/honestidad\/datos-personales\/","title":{"rendered":"Datos Personales"},"content":{"rendered":"<div class=\"su-tabs su-tabs-style-default su-tabs-mobile-stack\" data-active=\"1\" data-scroll-offset=\"0\" data-anchor-in-url=\"no\"><div class=\"su-tabs-nav\"><span class=\"\" data-url=\"\" data-target=\"blank\" tabindex=\"0\" role=\"button\">Concepto<\/span><span class=\"\" data-url=\"\" data-target=\"blank\" tabindex=\"0\" role=\"button\">Oficial de datos personales<\/span><span class=\"\" data-url=\"\" data-target=\"blank\" tabindex=\"0\" role=\"button\">Documento de seguridad<\/span><span class=\"\" data-url=\"\" data-target=\"blank\" tabindex=\"0\" role=\"button\">Gu\u00eda ARCOP<\/span><span class=\"\" data-url=\"\" data-target=\"blank\" tabindex=\"0\" role=\"button\">Avisos de Privacidad<\/span><span class=\"\" data-url=\"\" data-target=\"blank\" tabindex=\"0\" role=\"button\">Pol\u00edtica Interna<\/span><\/div><div class=\"su-tabs-panes\"><div class=\"su-tabs-pane su-u-clearfix su-u-trim\" data-title=\"Concepto\">\n<a href=\"https:\/\/www.oaxaca.gob.mx\/honestidad\/wp-content\/uploads\/sites\/40\/2025\/02\/Datos-personales.pdf\" class=\"pdfemb-viewer\" style=\"\" data-width=\"max\" data-height=\"max\" data-toolbar=\"top\" data-toolbar-fixed=\"on\">Datos-personales<\/a>\n<\/div>\n<div class=\"su-tabs-pane su-u-clearfix su-u-trim\" data-title=\"Oficial de datos personales\">\n<a href=\"https:\/\/www.oaxaca.gob.mx\/honestidad\/wp-content\/uploads\/sites\/40\/2025\/02\/Funciones-del-Oficial-de-Proteccion-de-Datos-Personales.pdf\" class=\"pdfemb-viewer\" style=\"\" data-width=\"max\" data-height=\"max\" data-toolbar=\"top\" data-toolbar-fixed=\"on\">Funciones del Oficial de Protecci\u00f3n de Datos Personales<\/a>\n<\/div>\n<div class=\"su-tabs-pane su-u-clearfix su-u-trim\" data-title=\"Documento de seguridad\">\n<a href=\"https:\/\/www.oaxaca.gob.mx\/honestidad\/wp-content\/uploads\/sites\/40\/2025\/02\/Documento-seguridad.pdf\" class=\"pdfemb-viewer\" style=\"\" data-width=\"max\" data-height=\"max\" data-toolbar=\"top\" data-toolbar-fixed=\"on\">Documento-seguridad<\/a>\n<\/div>\n<div class=\"su-tabs-pane su-u-clearfix su-u-trim\" data-title=\"Gu\u00eda ARCOP\">\n<a href=\"https:\/\/www.oaxaca.gob.mx\/honestidad\/wp-content\/uploads\/sites\/40\/2025\/02\/Guia-ARCOP.pdf\" class=\"pdfemb-viewer\" style=\"\" data-width=\"max\" data-height=\"max\" data-toolbar=\"top\" data-toolbar-fixed=\"on\">Guia-ARCOP<\/a>\n<\/div>\n<div class=\"su-tabs-pane su-u-clearfix su-u-trim\" data-title=\"Avisos de Privacidad\">\n<h4>Direcci\u00f3n Administrativa<\/h4>\n<ul>\n<li>Departamento de Control de Inversi\u00f3n de Programas Federales\n<ul>\n<li><a href=\"https:\/\/www.oaxaca.gob.mx\/honestidad\/wp-content\/uploads\/sites\/40\/2026\/04\/Comprobacion-de-viaticos-5-al-millar-1.pdf\" target=\"_blank\">Comprobaci\u00f3n de vi\u00e1ticos 5 al millar<\/a><\/li>\n<li><a href=\"https:\/\/www.oaxaca.gob.mx\/honestidad\/wp-content\/uploads\/sites\/40\/2026\/04\/Elaboracion-de-contratos-de-prestacion-de-servicios-profesionales-y-prestacion-de-servicios-5-al.pdf\" target=\"_blank\">Elaboraci\u00f3n de contratos de prestaci\u00f3n de servicios profesionales y prestaci\u00f3n de servicios 5 al millar<\/a><\/li>\n<li><a href=\"https:\/\/www.oaxaca.gob.mx\/honestidad\/wp-content\/uploads\/sites\/40\/2026\/04\/Solicitudes-de-actas-entrega-recepcion.pdf\" target=\"_blank\">Solicitudes de actas entrega recepci\u00f3n<\/a><\/li>\n<\/ul>\n<\/li>\n<li>Departamento de Recursos Financieros\n<ul>\n<li><a href=\"https:\/\/www.oaxaca.gob.mx\/honestidad\/wp-content\/uploads\/sites\/40\/2026\/04\/Pago-a-proveedores.pdf\" target=\"_blank\">Pago a proveedores<\/a><\/li>\n<li><a href=\"https:\/\/www.oaxaca.gob.mx\/honestidad\/wp-content\/uploads\/sites\/40\/2026\/04\/Pago-de-viaticos.pdf\" target=\"_blank\">Pago de Vi\u00e1ticos<\/a><\/li>\n<\/ul>\n<\/li>\n<li>Departamento de Recursos Humanos\n<ul>\n<li><a href=\"https:\/\/www.oaxaca.gob.mx\/honestidad\/wp-content\/uploads\/sites\/40\/2026\/04\/Elaboracion-de-convenios-de-Programas-Adicionales.pdf\" target=\"_blank\">Elaboraci\u00f3n de convenios de Programas Adicionales<\/a><\/li>\n<li><a href=\"https:\/\/www.oaxaca.gob.mx\/honestidad\/wp-content\/uploads\/sites\/40\/2026\/04\/Incidencias-del-personal.pdf\" target=\"_blank\">Incidencias del personal<\/a><\/li>\n<li><a href=\"https:\/\/www.oaxaca.gob.mx\/honestidad\/wp-content\/uploads\/sites\/40\/2026\/04\/Ingreso-al-Servicio-Publico.pdf\" target=\"_blank\">Ingreso al Servicio P\u00fablico<\/a><\/li>\n<\/ul>\n<\/li>\n<li>Departamento de Recursos Materiales y Servicios Generales\n<ul>\n<li><a href=\"https:\/\/www.oaxaca.gob.mx\/honestidad\/wp-content\/uploads\/sites\/40\/2026\/04\/Participacion-en-los-procesos-licitatorios.pdf\" target=\"_blank\">Participaci\u00f3n en los procesos licitatorios<\/a><\/li>\n<li><a href=\"https:\/\/www.oaxaca.gob.mx\/honestidad\/wp-content\/uploads\/sites\/40\/2026\/04\/Validacion-de-los-bienes-muebles-en-el-proceso-de-Acta-Entrega.pdf\" target=\"_blank\">Validaci\u00f3n de los bienes muebles en el proceso de Acta-Entrega<\/a><\/li>\n<\/ul>\n<\/li>\n<\/ul>\n<h4>Direcci\u00f3n de Auditor\u00eda \u00abB\u00bb<\/h4>\n<ul>\n<li><a href=\"https:\/\/www.oaxaca.gob.mx\/honestidad\/wp-content\/uploads\/sites\/40\/2026\/04\/Actos-de-entrega-recepcion-transferencias-de-bienes-y-bajas-documentales.pdf\" target=\"_blank\">Actos de entrega recepci\u00f3n, transferencias de bienes y bajas documentales<\/a><\/li>\n<li><a href=\"https:\/\/www.oaxaca.gob.mx\/honestidad\/wp-content\/uploads\/sites\/40\/2026\/04\/Procesos-relacionados-con-auditorias-visitas-de-inspeccion-y-demas-actos-de-fiscalizacion.pdf\" target=\"_blank\">Procesos relacionados con auditor\u00edas, visitas de inspecci\u00f3n y dem\u00e1s actos de fiscalizaci\u00f3n<\/a><\/li>\n<li><a href=\"https:\/\/www.oaxaca.gob.mx\/honestidad\/wp-content\/uploads\/sites\/40\/2026\/04\/Seguimiento-a-auditorias-realizadas-por-organos-fiscalizadores-externos.pdf\" target=\"_blank\">Seguimiento a auditor\u00edas realizadas por \u00f3rganos fiscalizadores externos<\/a><\/li>\n<\/ul>\n<h4>Direcci\u00f3n de Auditor\u00eda \u00abC\u00bb<\/h4>\n<ul>\n<li>Departamento de Calidad de Obra\n<ul>\n<li><a href=\"https:\/\/www.oaxaca.gob.mx\/honestidad\/wp-content\/uploads\/sites\/40\/2026\/04\/Servicio-de-verificacion-a-la-calidad-de-obra.pdf\" target=\"_blank\">Servicio de verificaci\u00f3n a la calidad de obra<\/a><\/li>\n<\/ul>\n<\/li>\n<li>Departamento de Evaluaci\u00f3n a Obras y Programas\n<ul>\n<li><a href=\"https:\/\/www.oaxaca.gob.mx\/honestidad\/wp-content\/uploads\/sites\/40\/2026\/04\/Recoleecion.pdf\" target=\"_blank\">Recolecci\u00f3n<\/a><\/li>\n<\/ul>\n<\/li>\n<li>Departamento de Seguimiento a la Inversi\u00f3n P\u00fablica\n<ul>\n<li><a href=\"https:\/\/www.oaxaca.gob.mx\/honestidad\/wp-content\/uploads\/sites\/40\/2026\/04\/Tramites-sobre-Bitacora-Electronica-y-Seguimiento-a-Obra-Publica-BESOP.pdf\" target=\"_blank\">Tr\u00e1mites sobre Bit\u00e1cora Electr\u00f3nica y Seguimiento a Obra P\u00fablica (BESOP)<\/a><\/li>\n<\/ul>\n<\/li>\n<li>Departamento de Seguimiento de Obra\n<ul>\n<li><a href=\"https:\/\/www.oaxaca.gob.mx\/honestidad\/wp-content\/uploads\/sites\/40\/2026\/04\/seguimiento.pdf\" target=\"_blank\">Seguimiento<\/a><\/li>\n<\/ul>\n<\/li>\n<li>Departamento de Supervisi\u00f3n a Costo\n<ul>\n<li><a href=\"https:\/\/www.oaxaca.gob.mx\/honestidad\/wp-content\/uploads\/sites\/40\/2026\/04\/visitas-fisicas-a-obras-acciones-yo-adquisiciones.pdf\" target=\"_blank\">Visitas f\u00edsicas a obras, acciones y\/o adquisiciones<\/a><\/li>\n<\/ul>\n<\/li>\n<\/ul>\n<h4>Direcci\u00f3n de Contralor\u00eda Social<\/h4>\n<ul>\n<li>Departamento de Atenci\u00f3n Ciudadana\n<ul>\n<li><a href=\"https:\/\/www.oaxaca.gob.mx\/honestidad\/wp-content\/uploads\/sites\/40\/2026\/04\/PROGRAMA-EVALUAR-PARA-MEJORAR.pdf\" target=\"_blank\">Programa \u201cEvaluar para Mejorar\u201d<\/a><\/li>\n<li><a href=\"https:\/\/www.oaxaca.gob.mx\/honestidad\/wp-content\/uploads\/sites\/40\/2026\/04\/PROGRAMA-INSTALACION-APERTURA-Y-SEGUIMIENTO-DE-BUZONES.pdf\" target=\"_blank\">Programa \u201cInstalaci\u00f3n, Apertura y Seguimiento de Buzones\u201d<\/a><\/li>\n<\/ul>\n<\/li>\n<li>Departamento de Capacitaci\u00f3n a Municipios\n<ul>\n<li><a href=\"https:\/\/www.oaxaca.gob.mx\/honestidad\/wp-content\/uploads\/sites\/40\/2026\/04\/ACREDITACION-Y-CAPACITACION-A-LOS-COMITES-DE-CONTRALORIA-SOCIAL.pdf\" target=\"_blank\">Acreditaci\u00f3n y Capacitaci\u00f3n a los Comit\u00e9s de Contralor\u00eda Social<\/a><\/li>\n<\/ul>\n<\/li>\n<li>Departamento de Seguimiento a Programas Sociales\n<ul>\n<li><a href=\"https:\/\/www.oaxaca.gob.mx\/honestidad\/wp-content\/uploads\/sites\/40\/2026\/04\/VIGILANCIA-A-LOS-COMITES-DE-CONTRALORIA-SOCIAL.pdf\" target=\"_blank\">Vigilancia a los Comit\u00e9s de Contralor\u00eda Social<\/a><\/li>\n<\/ul>\n<\/li>\n<\/ul>\n<h4>Direcci\u00f3n de Quejas, Denuncias e Investigaci\u00f3n<\/h4>\n<ul>\n<li>Departamento de Evoluci\u00f3n Patrimonial\n<ul>\n<li><a href=\"https:\/\/www.oaxaca.gob.mx\/honestidad\/wp-content\/uploads\/sites\/40\/2026\/04\/SEGUIMIENTO-A-LA-EVOLUCION-PATRIMONIAL-DE-LAS-PERSONAS-SERVIDORAS-PUBLICAS-DE-LA-ADMINISTRACION-PUBLICA-ESTATAL.pdf\" target=\"_blank\">Seguimiento a la Evoluci\u00f3n Patrimonial de las Personas Servidoras P\u00fablicas de la Administraci\u00f3n P\u00fablica Estatal<\/a><\/li>\n<\/ul>\n<\/li>\n<li>Departamentos de Investigaci\u00f3n, Quejas y Denuncias \u201cA\u201d, \u201cB\u201d y \u201cC\u201d\n<ul>\n<li><a href=\"https:\/\/www.oaxaca.gob.mx\/honestidad\/wp-content\/uploads\/sites\/40\/2026\/04\/INVEST1.pdf\" target=\"_blank\">Investigaci\u00f3n de Quejas y Denuncias de las Personas Servidoras P\u00fablicas del Poder Ejecutivo del Estado<\/a><\/li>\n<\/ul>\n<\/li>\n<\/ul>\n<h4>Direcci\u00f3n de Responsabilidades Administrativas y Situaci\u00f3n Patrimonial<\/h4>\n<ul>\n<li>Departamento de Inconformidades de Proveedores y Contratistas\n<ul>\n<li><a href=\"https:\/\/www.oaxaca.gob.mx\/honestidad\/wp-content\/uploads\/sites\/40\/2026\/04\/EXPEDI1.pdf\" target=\"_blank\">Expedientes de Inconformidad, Conciliaci\u00f3n, Solicitud de Sanci\u00f3n y Reclamaciones por Da\u00f1o Patrimonial<\/a><\/li>\n<\/ul>\n<\/li>\n<li>Departamento de Registro de Sanciones, Patrimonial y de Conflicto de Inter\u00e9s\n<ul>\n<li><a href=\"https:\/\/www.oaxaca.gob.mx\/honestidad\/wp-content\/uploads\/sites\/40\/2026\/04\/Del-Sistema-de-Declaraciones-E-Oaxaca-Declara.pdf\" target=\"_blank\">Sistema de Declaraciones \u201cE-Oaxaca Declara\u201d<\/a><\/li>\n<li><a href=\"https:\/\/www.oaxaca.gob.mx\/honestidad\/wp-content\/uploads\/sites\/40\/2026\/04\/Expedicion-constancias-de-antecedentes-de-sanciones.pdf\" target=\"_blank\">Expedici\u00f3n Constancias de Antecedentes de Sanciones<\/a><\/li>\n<li><a href=\"https:\/\/www.oaxaca.gob.mx\/honestidad\/wp-content\/uploads\/sites\/40\/2026\/04\/SISTEM1.pdf\" target=\"_blank\">Sistema de Expedici\u00f3n Constancias de Inhabilitaci\u00f3n y No Inhabilitaci\u00f3n para Proveedores y Contratistas<\/a><\/li>\n<li><a href=\"https:\/\/www.oaxaca.gob.mx\/honestidad\/wp-content\/uploads\/sites\/40\/2026\/04\/SISTEM2.pdf\" target=\"_blank\">Sistema de Expedici\u00f3n de Constancias de Inhabilitaci\u00f3n y No Inhabilitaci\u00f3n para Ingresar a Laborar<\/a><\/li>\n<\/ul>\n<\/li>\n<li>Departamentos de Procedimientos Administrativos \u201cA\u201d, \u201cB\u201d y \u201cC\u201d\n<ul>\n<li><a href=\"https:\/\/www.oaxaca.gob.mx\/honestidad\/wp-content\/uploads\/sites\/40\/2026\/04\/EXPEDIENTES-DE-RESPONSABILIDAD-ADMINIATRATIVA.pdf\" target=\"_blank\">Expedientes de Responsabilidad Administrativa<\/a><\/li>\n<\/ul>\n<\/li>\n<\/ul>\n<h4>Direcci\u00f3n de Transparencia, \u00c9tica e Integridad P\u00fablica<\/h4>\n<ul>\n<li>Departamento de Datos Personales\n<ul>\n<li><a href=\"https:\/\/www.oaxaca.gob.mx\/honestidad\/wp-content\/uploads\/sites\/40\/2026\/04\/Capacitacion-y-Asesoria.pdf\" target=\"_blank\">Capacitaci\u00f3n y Asesor\u00eda<\/a><\/li>\n<\/ul>\n<\/li>\n<li>Departamento de Gobierno Abierto\n<ul>\n<li><a href=\"https:\/\/www.oaxaca.gob.mx\/honestidad\/wp-content\/uploads\/sites\/40\/2026\/04\/Tramitar-y-resolver-las-solicitudes-de-los-derechos-ARCOP.pdf\" target=\"_blank\">Tramitar y Resolver las Solicitudes de los Derechos ARCOP<\/a><\/li>\n<\/ul>\n<\/li>\n<li>Departamento de Pol\u00edticas y Herramientas en materia de Transparencia\n<ul>\n<li><a href=\"https:\/\/www.oaxaca.gob.mx\/honestidad\/wp-content\/uploads\/sites\/40\/2026\/04\/Lista-de-registro-en-las-capacitaciones.pdf\" target=\"_blank\">Lista de Registro en las Capacitaciones<\/a><\/li>\n<\/ul>\n<\/li>\n<li>Departamento de \u00c9tica e Integridad P\u00fablica\n<ul>\n<li><a href=\"https:\/\/www.oaxaca.gob.mx\/honestidad\/wp-content\/uploads\/sites\/40\/2026\/04\/Capacitacion-y-Asesoria-en-Materia-de-Codigo-de-Etica-para-Servidores-Publicos-de-la-Administracion-Publica-Estatal.pdf\" target=\"_blank\">Capacitaci\u00f3n y Asesor\u00eda en Materia de C\u00f3digo de \u00c9tica para Servidores P\u00fablicos de la Administraci\u00f3n P\u00fablica Estatal<\/a><\/li>\n<\/ul>\n<\/li>\n<li>Unidad de Transparencia\n<ul>\n<li><a href=\"https:\/\/www.oaxaca.gob.mx\/honestidad\/wp-content\/uploads\/sites\/40\/2026\/04\/Atencion-en-materia-de-transparencia-y-acceso-a-la-informacion-publica.pdf\" target=\"_blank\">Atenci\u00f3n en Materia de Transparencia y Acceso a la Informaci\u00f3n P\u00fablica<\/a><\/li>\n<\/ul>\n<\/li>\n<\/ul>\n<h4>Direcci\u00f3n Jur\u00eddica<\/h4>\n<ul>\n<li><a href=\"https:\/\/www.oaxaca.gob.mx\/honestidad\/wp-content\/uploads\/sites\/40\/2026\/04\/SISTEMA-DEL-PADRON-DE-CONTRATISTAS-DEL-ESTADO.pdf\" target=\"_blank\">Sistema del Padr\u00f3n de Contratistas del Estado<\/a><\/li>\n<\/ul>\n<h4>Unidad Auxiliar y de Recursos<\/h4>\n<ul>\n<li><a href=\"https:\/\/www.oaxaca.gob.mx\/honestidad\/wp-content\/uploads\/sites\/40\/2026\/04\/Unidad-Auxiliar-y-de-Recursos.pdf\" target=\"_blank\">Substanciaci\u00f3n de Recursos de Revocaci\u00f3n y\/o Revisi\u00f3n<\/a><\/li>\n<\/ul>\n<h4>Unidad Auxiliar y de Vinculaci\u00f3n con el Sistema Nacional de Fiscalizaci\u00f3n<\/h4>\n<ul>\n<li><a href=\"https:\/\/www.oaxaca.gob.mx\/honestidad\/wp-content\/uploads\/sites\/40\/2026\/04\/Dictamen-de-Compatibilidad-de-Empleo.pdf\" target=\"_blank\">Dictamen de Compatibilidad de Empleo<\/a><\/li>\n<li><a href=\"https:\/\/www.oaxaca.gob.mx\/honestidad\/wp-content\/uploads\/sites\/40\/2026\/04\/Registro-actualizacion-al-Padron-de-Despachos-de-Auditores-Externos.pdf\" target=\"_blank\">Registro, Actualizaci\u00f3n al Padr\u00f3n de Despachos de Auditores Externos<\/a><\/li>\n<\/ul>\n<\/div>\n<div class=\"su-tabs-pane su-u-clearfix su-u-trim\" data-title=\"Pol\u00edtica Interna\">\n<a href=\"https:\/\/www.oaxaca.gob.mx\/honestidad\/wp-content\/uploads\/sites\/40\/2025\/10\/POLITICA-INTERNA.pdf\" class=\"pdfemb-viewer\" style=\"\" data-width=\"max\" data-height=\"max\" data-toolbar=\"top\" data-toolbar-fixed=\"on\">POLITICA-INTERNA<\/a>\n<\/div><\/div><\/div>\n","protected":false},"excerpt":{"rendered":"","protected":false},"author":49,"featured_media":0,"parent":0,"menu_order":0,"comment_status":"closed","ping_status":"closed","template":"","meta":{"episode_type":"","audio_file":"","podmotor_file_id":"","podmotor_episode_id":"","cover_image":"","cover_image_id":"","duration":"","filesize":"","filesize_raw":"","date_recorded":"","explicit":"","block":"","itunes_episode_number":"","itunes_title":"","itunes_season_number":"","itunes_episode_type":"","footnotes":""},"categories":[],"tags":[],"class_list":["post-8879","page","type-page","status-publish","hentry"],"acf":[],"publishpress_future_action":{"enabled":false,"date":"2026-05-20 12:55:20","action":"change-status","newStatus":"draft","terms":[],"taxonomy":"category","extraData":[]},"publishpress_future_workflow_manual_trigger":{"enabledWorkflows":[]},"_links":{"self":[{"href":"https:\/\/www.oaxaca.gob.mx\/honestidad\/wp-json\/wp\/v2\/pages\/8879","targetHints":{"allow":["GET"]}}],"collection":[{"href":"https:\/\/www.oaxaca.gob.mx\/honestidad\/wp-json\/wp\/v2\/pages"}],"about":[{"href":"https:\/\/www.oaxaca.gob.mx\/honestidad\/wp-json\/wp\/v2\/types\/page"}],"author":[{"embeddable":true,"href":"https:\/\/www.oaxaca.gob.mx\/honestidad\/wp-json\/wp\/v2\/users\/49"}],"replies":[{"embeddable":true,"href":"https:\/\/www.oaxaca.gob.mx\/honestidad\/wp-json\/wp\/v2\/comments?post=8879"}],"version-history":[{"count":3,"href":"https:\/\/www.oaxaca.gob.mx\/honestidad\/wp-json\/wp\/v2\/pages\/8879\/revisions"}],"predecessor-version":[{"id":9567,"href":"https:\/\/www.oaxaca.gob.mx\/honestidad\/wp-json\/wp\/v2\/pages\/8879\/revisions\/9567"}],"wp:attachment":[{"href":"https:\/\/www.oaxaca.gob.mx\/honestidad\/wp-json\/wp\/v2\/media?parent=8879"}],"wp:term":[{"taxonomy":"category","embeddable":true,"href":"https:\/\/www.oaxaca.gob.mx\/honestidad\/wp-json\/wp\/v2\/categories?post=8879"},{"taxonomy":"post_tag","embeddable":true,"href":"https:\/\/www.oaxaca.gob.mx\/honestidad\/wp-json\/wp\/v2\/tags?post=8879"}],"curies":[{"name":"wp","href":"https:\/\/api.w.org\/{rel}","templated":true}]}}