{"id":8626,"date":"2024-10-14T13:39:41","date_gmt":"2024-10-14T19:39:41","guid":{"rendered":"https:\/\/www.oaxaca.gob.mx\/honestidad\/?page_id=8626"},"modified":"2024-10-14T13:39:41","modified_gmt":"2024-10-14T19:39:41","slug":"di-no-a-los-moches","status":"publish","type":"page","link":"https:\/\/www.oaxaca.gob.mx\/honestidad\/di-no-a-los-moches\/","title":{"rendered":"DI NO A LOS MOCHES"},"content":{"rendered":"<div class=\"su-row\">\n<div class=\"su-column su-column-size-1-3\"><div class=\"su-column-inner su-u-clearfix su-u-trim\">\n<img loading=\"lazy\" decoding=\"async\" src=\"https:\/\/www.oaxaca.gob.mx\/honestidad\/wp-content\/uploads\/sites\/40\/2024\/10\/triptico-gustavo-01-1-141x300.png\" alt=\"\" width=\"400\" height=\"852\" class=\"alignnone size-medium wp-image-8701\" srcset=\"https:\/\/www.oaxaca.gob.mx\/honestidad\/wp-content\/uploads\/sites\/40\/2024\/10\/triptico-gustavo-01-1-141x300.png 141w, https:\/\/www.oaxaca.gob.mx\/honestidad\/wp-content\/uploads\/sites\/40\/2024\/10\/triptico-gustavo-01-1-481x1024.png 481w, https:\/\/www.oaxaca.gob.mx\/honestidad\/wp-content\/uploads\/sites\/40\/2024\/10\/triptico-gustavo-01-1-768x1636.png 768w, https:\/\/www.oaxaca.gob.mx\/honestidad\/wp-content\/uploads\/sites\/40\/2024\/10\/triptico-gustavo-01-1-721x1536.png 721w, https:\/\/www.oaxaca.gob.mx\/honestidad\/wp-content\/uploads\/sites\/40\/2024\/10\/triptico-gustavo-01-1-962x2048.png 962w, https:\/\/www.oaxaca.gob.mx\/honestidad\/wp-content\/uploads\/sites\/40\/2024\/10\/triptico-gustavo-01-1.png 1667w\" sizes=\"auto, (max-width: 400px) 100vw, 400px\" \/><br \/>\n<\/div><\/div>\n<div class=\"su-column su-column-size-1-3\"><div class=\"su-column-inner su-u-clearfix su-u-trim\">\n<div class=\"su-box su-box-style-default\" id=\"\" style=\"border-color:#007971;border-radius:3px;max-width:none\"><div class=\"su-box-title\" style=\"background-color:#2AACA4;color:#FFFFFF;border-top-left-radius:1px;border-top-right-radius:1px\">DE MANERA PERSONAL Y\/O ESCRITA<\/div><div class=\"su-box-content su-u-clearfix su-u-trim\" style=\"border-bottom-left-radius:1px;border-bottom-right-radius:1px\">\n<p style=\"text-align: justify\">Presenta un escrito libre dirigido a la persona titular de la Secretar\u00eda de Honestidad, Transparencia y Funci\u00f3n P\u00fablica con atenci\u00f3n a la Direcci\u00f3n de Quejas Denuncias e Investigaci\u00f3n.<\/p>\n<p style=\"text-align: justify\">Lleva el escrito a las oficinas de la Secretar\u00eda de Honestidad, Transparencia y Funci\u00f3n P\u00fablica ubicadas en Ciudad Administrativa, Edificio 3, Nivel 3, Carretera Internacional Oaxaca-Istmo Km. 11.5 Tlalixtac de Cabrera, Oaxaca.<\/p>\n<\/div><\/div>\n<div class=\"su-box su-box-style-default\" id=\"\" style=\"border-color:#007971;border-radius:3px;max-width:none\"><div class=\"su-box-title\" style=\"background-color:#2AACA4;color:#FFFFFF;border-top-left-radius:1px;border-top-right-radius:1px\">MEDIO ELECTR\u00d3NICO<\/div><div class=\"su-box-content su-u-clearfix su-u-trim\" style=\"border-bottom-left-radius:1px;border-bottom-right-radius:1px\">\n<p style=\"text-align: lefth\"><strong>Al formato electr\u00f3nico:<\/strong> <a href=\"https:\/\/www.oaxaca.gob.mx\/honestidad\/formato-de-queja-y-o-denuncia\/\" target=\"_blank\" rel=\"noopener\">https:\/\/www.oaxaca.gob.mx\/honestidad\/formato-de-queja-y-o-denuncia\/<\/a> o v\u00eda correo electr\u00f3nico\u00a0quejas.honestidad@oaxaca.gob.mx.<\/p>\n<\/div><\/div>\n<div class=\"su-box su-box-style-default\" id=\"\" style=\"border-color:#007971;border-radius:3px;max-width:none\"><div class=\"su-box-title\" style=\"background-color:#2AACA4;color:#FFFFFF;border-top-left-radius:1px;border-top-right-radius:1px\">V\u00cdA TELEF\u00d3NICA<\/div><div class=\"su-box-content su-u-clearfix su-u-trim\" style=\"border-bottom-left-radius:1px;border-bottom-right-radius:1px\">\n<p style=\"text-align: justify\">Llama al <strong>800 (HONESTO) 4663786<\/strong> de lunes a viernes de <strong>9:00 a 17:00<\/strong> horas.<\/p>\n<p style=\"text-align: justify\">Toda la informaci\u00f3n otorgada ser\u00e1 confidencial.<\/p>\n<\/div><\/div>\n<div class=\"su-box su-box-style-default\" id=\"\" style=\"border-color:#007971;border-radius:3px;max-width:none\"><div class=\"su-box-title\" style=\"background-color:#2AACA4;color:#FFFFFF;border-top-left-radius:1px;border-top-right-radius:1px\">BUZ\u00d3N DE QUEJAS DE CONTRALOR\u00cdA SOCIAL<\/div><div class=\"su-box-content su-u-clearfix su-u-trim\" style=\"border-bottom-left-radius:1px;border-bottom-right-radius:1px\">\n<p style=\"text-align: justify\">Depos\u00edtala en los buzones fijos y m\u00f3viles de Contralor\u00eda Social, que se encuentran instalados en las dependencias de Gobierno del Estado de Oaxaca.<\/p>\n<p style=\"text-align: justify\">En cualquiera de las formas que realices tu queja, no olvides anexar evidencias como fotos, videos, tickets de pago, escritos u otros documentos que respalden tu denuncia.<\/p>\n<\/div><\/div>\n<\/div><\/div>\n<div class=\"su-column su-column-size-1-3\"><div class=\"su-column-inner su-u-clearfix su-u-trim\">\n<div class=\"su-box su-box-style-default\" id=\"\" style=\"border-color:#6e0011;border-radius:3px;max-width:none\"><div class=\"su-box-title\" style=\"background-color:#A12344;color:#FFFFFF;border-top-left-radius:1px;border-top-right-radius:1px\">REQUISITOS PARA PRESENTAR UNA QUEJA O DENUNCIA<\/div><div class=\"su-box-content su-u-clearfix su-u-trim\" style=\"border-bottom-left-radius:1px;border-bottom-right-radius:1px\">\n<p style=\"text-align: justify\">Nombre de la persona que denuncia, n\u00famero telef\u00f3nico, correo electr\u00f3nico, domicilio para o\u00edr o recibir todo tipo de notificaciones, nombre y cargo del servidor o servidora p\u00fablica que cometi\u00f3 la presunta irregularidad, nombre de la dependencia gubernamental, fecha de los hechos, descripci\u00f3n de estos y en su caso, anexar evidencias que acrediten el hecho.<\/p>\n<p style=\"text-align: justify\">Toda la informaci\u00f3n otorgada ser\u00e1 confidencial.<\/p>\n<\/div><\/div>\n<div class=\"su-box su-box-style-default\" id=\"\" style=\"border-color:#6e0011;border-radius:3px;max-width:none\"><div class=\"su-box-title\" style=\"background-color:#A12344;color:#FFFFFF;border-top-left-radius:1px;border-top-right-radius:1px\">PROCESO DE ATENCI\u00d3N DE QUEJAS<\/div><div class=\"su-box-content su-u-clearfix su-u-trim\" style=\"border-bottom-left-radius:1px;border-bottom-right-radius:1px\">\n<p style=\"text-align: justify\">1) Recepci\u00f3n de queja, denuncia o petici\u00f3n.<\/p>\n<p>2) La Direcci\u00f3n de Quejas, Denuncias e Investigaci\u00f3n, realiza las investigaciones y en su caso determina la existencia o inexistencia de la falta administrativa de la o las personas servidoras p\u00fablicas investigadas.<\/p>\n<\/div><\/div>\n<div class=\"su-box su-box-style-default\" id=\"\" style=\"border-color:#6e0011;border-radius:3px;max-width:none\"><div class=\"su-box-title\" style=\"background-color:#A12344;color:#FFFFFF;border-top-left-radius:1px;border-top-right-radius:1px\">\u00bfQUI\u00c9N SANCIONA?<\/div><div class=\"su-box-content su-u-clearfix su-u-trim\" style=\"border-bottom-left-radius:1px;border-bottom-right-radius:1px\">\n<p style=\"text-align: justify\">a) Las faltas graves las sanciona el Tribunal de Justicia Administrativa y Combate a la Corrupci\u00f3n del Estado de Oaxaca.<\/p>\n<p style=\"text-align: justify\">b)\u00a0Las faltas no graves la Direcci\u00f3n de Responsabilidades Administrativas y Situaci\u00f3n Patrimonial de la Secretar\u00eda de Honestidad, Transparencia y Funci\u00f3n P\u00fablica.<\/p>\n<\/div><\/div>\n<\/div><\/div>\n<\/div>\n<div class=\"su-row\">\n<div class=\"su-column su-column-size-1-3\"><div class=\"su-column-inner su-u-clearfix su-u-trim\">\n<img loading=\"lazy\" decoding=\"async\" src=\"https:\/\/www.oaxaca.gob.mx\/honestidad\/wp-content\/uploads\/sites\/40\/2024\/10\/triptico-gustavo-02-141x300.png\" alt=\"\" width=\"400\" height=\"852\" class=\"alignnone size-medium wp-image-8693\" srcset=\"https:\/\/www.oaxaca.gob.mx\/honestidad\/wp-content\/uploads\/sites\/40\/2024\/10\/triptico-gustavo-02-141x300.png 141w, https:\/\/www.oaxaca.gob.mx\/honestidad\/wp-content\/uploads\/sites\/40\/2024\/10\/triptico-gustavo-02-481x1024.png 481w, https:\/\/www.oaxaca.gob.mx\/honestidad\/wp-content\/uploads\/sites\/40\/2024\/10\/triptico-gustavo-02-768x1636.png 768w, https:\/\/www.oaxaca.gob.mx\/honestidad\/wp-content\/uploads\/sites\/40\/2024\/10\/triptico-gustavo-02-721x1536.png 721w, https:\/\/www.oaxaca.gob.mx\/honestidad\/wp-content\/uploads\/sites\/40\/2024\/10\/triptico-gustavo-02-962x2048.png 962w, https:\/\/www.oaxaca.gob.mx\/honestidad\/wp-content\/uploads\/sites\/40\/2024\/10\/triptico-gustavo-02.png 1667w\" sizes=\"auto, (max-width: 400px) 100vw, 400px\" \/><br \/>\n<\/div><\/div>\n<div class=\"su-column su-column-size-1-3\"><div class=\"su-column-inner su-u-clearfix su-u-trim\">\n<img loading=\"lazy\" decoding=\"async\" src=\"https:\/\/www.oaxaca.gob.mx\/honestidad\/wp-content\/uploads\/sites\/40\/2024\/10\/triptico-gustavo-03-141x300.png\" alt=\"\" width=\"400\" height=\"852\" class=\"alignnone size-medium wp-image-8694\" srcset=\"https:\/\/www.oaxaca.gob.mx\/honestidad\/wp-content\/uploads\/sites\/40\/2024\/10\/triptico-gustavo-03-141x300.png 141w, https:\/\/www.oaxaca.gob.mx\/honestidad\/wp-content\/uploads\/sites\/40\/2024\/10\/triptico-gustavo-03-481x1024.png 481w, https:\/\/www.oaxaca.gob.mx\/honestidad\/wp-content\/uploads\/sites\/40\/2024\/10\/triptico-gustavo-03-768x1636.png 768w, https:\/\/www.oaxaca.gob.mx\/honestidad\/wp-content\/uploads\/sites\/40\/2024\/10\/triptico-gustavo-03-721x1536.png 721w, https:\/\/www.oaxaca.gob.mx\/honestidad\/wp-content\/uploads\/sites\/40\/2024\/10\/triptico-gustavo-03-962x2048.png 962w, https:\/\/www.oaxaca.gob.mx\/honestidad\/wp-content\/uploads\/sites\/40\/2024\/10\/triptico-gustavo-03.png 1667w\" sizes=\"auto, (max-width: 400px) 100vw, 400px\" \/><br \/>\n<\/div><\/div>\n<div class=\"su-column su-column-size-1-3\"><div class=\"su-column-inner su-u-clearfix su-u-trim\">\n<img loading=\"lazy\" decoding=\"async\" src=\"https:\/\/www.oaxaca.gob.mx\/honestidad\/wp-content\/uploads\/sites\/40\/2024\/10\/triptico-gustavo-04-1-141x300.png\" alt=\"\" width=\"400\" height=\"852\" class=\"alignnone size-medium wp-image-8700\" srcset=\"https:\/\/www.oaxaca.gob.mx\/honestidad\/wp-content\/uploads\/sites\/40\/2024\/10\/triptico-gustavo-04-1-141x300.png 141w, https:\/\/www.oaxaca.gob.mx\/honestidad\/wp-content\/uploads\/sites\/40\/2024\/10\/triptico-gustavo-04-1-481x1024.png 481w, https:\/\/www.oaxaca.gob.mx\/honestidad\/wp-content\/uploads\/sites\/40\/2024\/10\/triptico-gustavo-04-1-768x1636.png 768w, https:\/\/www.oaxaca.gob.mx\/honestidad\/wp-content\/uploads\/sites\/40\/2024\/10\/triptico-gustavo-04-1-721x1536.png 721w, https:\/\/www.oaxaca.gob.mx\/honestidad\/wp-content\/uploads\/sites\/40\/2024\/10\/triptico-gustavo-04-1-962x2048.png 962w, https:\/\/www.oaxaca.gob.mx\/honestidad\/wp-content\/uploads\/sites\/40\/2024\/10\/triptico-gustavo-04-1.png 1667w\" sizes=\"auto, (max-width: 400px) 100vw, 400px\" \/><br \/>\n<\/div><\/div>\n<\/div>\n","protected":false},"excerpt":{"rendered":"","protected":false},"author":49,"featured_media":0,"parent":0,"menu_order":0,"comment_status":"closed","ping_status":"closed","template":"","meta":{"episode_type":"","audio_file":"","podmotor_file_id":"","podmotor_episode_id":"","cover_image":"","cover_image_id":"","duration":"","filesize":"","filesize_raw":"","date_recorded":"","explicit":"","block":"","itunes_episode_number":"","itunes_title":"","itunes_season_number":"","itunes_episode_type":"","footnotes":""},"categories":[],"tags":[],"class_list":["post-8626","page","type-page","status-publish","hentry"],"acf":[],"publishpress_future_action":{"enabled":false,"date":"2026-04-21 20:58:13","action":"change-status","newStatus":"draft","terms":[],"taxonomy":"category","extraData":[]},"publishpress_future_workflow_manual_trigger":{"enabledWorkflows":[]},"_links":{"self":[{"href":"https:\/\/www.oaxaca.gob.mx\/honestidad\/wp-json\/wp\/v2\/pages\/8626","targetHints":{"allow":["GET"]}}],"collection":[{"href":"https:\/\/www.oaxaca.gob.mx\/honestidad\/wp-json\/wp\/v2\/pages"}],"about":[{"href":"https:\/\/www.oaxaca.gob.mx\/honestidad\/wp-json\/wp\/v2\/types\/page"}],"author":[{"embeddable":true,"href":"https:\/\/www.oaxaca.gob.mx\/honestidad\/wp-json\/wp\/v2\/users\/49"}],"replies":[{"embeddable":true,"href":"https:\/\/www.oaxaca.gob.mx\/honestidad\/wp-json\/wp\/v2\/comments?post=8626"}],"version-history":[{"count":2,"href":"https:\/\/www.oaxaca.gob.mx\/honestidad\/wp-json\/wp\/v2\/pages\/8626\/revisions"}],"predecessor-version":[{"id":8703,"href":"https:\/\/www.oaxaca.gob.mx\/honestidad\/wp-json\/wp\/v2\/pages\/8626\/revisions\/8703"}],"wp:attachment":[{"href":"https:\/\/www.oaxaca.gob.mx\/honestidad\/wp-json\/wp\/v2\/media?parent=8626"}],"wp:term":[{"taxonomy":"category","embeddable":true,"href":"https:\/\/www.oaxaca.gob.mx\/honestidad\/wp-json\/wp\/v2\/categories?post=8626"},{"taxonomy":"post_tag","embeddable":true,"href":"https:\/\/www.oaxaca.gob.mx\/honestidad\/wp-json\/wp\/v2\/tags?post=8626"}],"curies":[{"name":"wp","href":"https:\/\/api.w.org\/{rel}","templated":true}]}}