{"id":794,"date":"2017-01-20T12:32:26","date_gmt":"2017-01-20T18:32:26","guid":{"rendered":"https:\/\/www.oaxaca.gob.mx\/sctg\/?page_id=794"},"modified":"2026-01-12T15:32:17","modified_gmt":"2026-01-12T21:32:17","slug":"constancia-de-no-inhabilitacion-para-proveedores-y-contratistas","status":"publish","type":"page","link":"https:\/\/www.oaxaca.gob.mx\/honestidad\/constancia-de-no-inhabilitacion-para-proveedores-y-contratistas\/","title":{"rendered":"Expedici\u00f3n de Constancia de no Inhabilitaci\u00f3n para Proveedores y Contratistas"},"content":{"rendered":"<p>&nbsp;<\/p>\n<p style=\"text-align: center\"><strong><a href=\"https:\/\/sctg-contraloria.oaxaca.gob.mx\/sicniap\/\">https:\/\/sctg-contraloria.oaxaca.gob.mx\/sicniap\/<\/a><\/strong><\/p>\n<p>Expedici\u00f3n de Constancia de no Inhabilitaci\u00f3n o de inhabilitaci\u00f3n para Proveedores y Contratistas<\/p>\n<p><span style=\"color: #993300\"><strong>DESCRIPCI\u00d3N DEL TR\u00c1MITE<\/strong><\/span><\/p>\n<p>Expedici\u00f3n de Constancia que acredita la no existencia o existencia de inhabilitaciones impuestas a proveedores y contratistas.<\/p>\n<p>&nbsp;<\/p>\n<p><span style=\"color: #993300\"><strong>TIPO DE USUARIO<\/strong><\/span><\/p>\n<p style=\"text-align: justify\">Proveedores y Contratistas, ya sean personas f\u00edsicas o morales, que pretendan proveer o prestar servicios, o en arrendamientos, o participar en procedimientos de adjudicaci\u00f3n, o para suscribir contratos de obra p\u00fablica, o servicios relacionados con la misma con Dependencias, Entidades u \u00d3rganos Auxiliares de la Administraci\u00f3n P\u00fablica Estatal.<\/p>\n<p><span style=\"color: #993300\"><strong><br \/>\nREQUISITOS<\/strong><\/span><\/p>\n<ol>\n<li>Cubrir el pago de derechos correspondiente (la l\u00ednea de captura se genera en el portal electr\u00f3nico de la Secretar\u00eda de Finanzas: <a href=\"https:\/\/siox.finanzasoaxaca.gob.mx\/pagos?opcion=14783\" target=\"_blank\" rel=\"noopener\">https:\/\/siox.finanzasoaxaca.gob.mx\/pagos?opcion=14783<\/a><\/li>\n<li>Realizar la solicitud y descarga en el Sistema Electr\u00f3nico de Expedici\u00f3n de constancias de inhabilitaci\u00f3n y no inhabilitaci\u00f3n para proveedores y contratistas <a href=\"https:\/\/sctg-contraloria.oaxaca.gob.mx\/sicniap\/\" target=\"_blank\" rel=\"noopener\">https:\/\/sctg-contraloria.oaxaca.gob.mx\/sicniap\/<\/a><\/li>\n<\/ol>\n<p style=\"text-align: center\"><span style=\"color: #993300\"><strong>ATENTO AVISO:<\/strong><\/span><\/p>\n<p style=\"text-align: center\">SE INFORMA A LOS USUARIOS QUE NECESITEN<br \/>\nSOLICITAR 2 O M\u00c1S CONSTANCIAS, DEBER\u00c1N<br \/>\nGENERAR <strong>UNA L\u00cdNEA DE CAPTURA POR CADA<br \/>\nCONSTANCIA A SOLICITAR.<\/strong><\/p>\n<p>&nbsp;<\/p>\n<p><span style=\"color: #993300\"><strong>TIEMPO DE RESPUESTA<\/strong><\/span><\/p>\n<p>Tres d\u00edas h\u00e1biles contados a partir de la solicitud de la constancia en el Sistema Electr\u00f3nico de Constancias de Inhabilitaci\u00f3n y No Inhabilitaci\u00f3n para Proveedores y Contratistas, en la p\u00e1gina\u00a0<a href=\"https:\/\/sctg-contraloria.oaxaca.gob.mx\/sicniap\/\"><strong>https:\/\/sctg-contraloria.oaxaca.gob.mx\/sicniap\/<\/strong><\/a><\/p>\n<p>&nbsp;<\/p>\n<p>&nbsp;<\/p>\n<p><span style=\"color: #993300\"><strong>COSTO<\/strong><\/span><\/p>\n<p style=\"text-align: justify\">$253.00 (doscientos cincuenta y tres pesos 00\/100 M.N), los cuales corresponden a: $226.00 (doscientos veintis\u00e9is 00\/100 M.N) del valor de la constancia o el equivalente a 2.00 UMAS de conformidad a lo establecido en la Ley Estatal de Derechos vigente m\u00e1s el impuesto para el desarrollo social de $27.00 (veintisiete pesos 00\/100 M.N.).<\/p>\n<p><span style=\"color: #993300\"><strong><br \/>\nDOCUMENTO O COMPROBANTE \u00a0A OBTENER<\/strong><\/span><\/p>\n<p>Constancia de no inhabilitaci\u00f3n o de inhabilitaci\u00f3n.<\/p>\n<p>&nbsp;<\/p>\n<p><span style=\"color: #993300\"><strong>D\u00cdAS Y HORARIOS DE ATENCI\u00d3N<\/strong><\/span><\/p>\n<p>Sistema disponible las 24 horas desde cualquier equipo de c\u00f3mputo con conectividad a internet, ingresando a la p\u00e1gina\u00a0<a href=\"https:\/\/sctg-contraloria.oaxaca.gob.mx\/sicniap\/\"><strong>https:\/\/sctg-contraloria.oaxaca.gob.mx\/sicniap\/<\/strong><\/a><\/p>\n<p>Mesa de ayuda telef\u00f3nica del Departamento de Registro de Sanciones, Patrimonial y de Conflicto de Inter\u00e9s: tel\u00e9fono 951 50 15000 extensiones 10189, 11814 y 10197, de lunes a viernes en d\u00edas h\u00e1biles de 9:00 a 16:00 horas.<\/p>\n<p><span style=\"color: #993300\"><strong>\u00c1REA DONDE SE PROPORCIONA EL\u00a0TR\u00c1MITE<\/strong><\/span><\/p>\n<p>Departamento de Registro de Sanciones, Patrimonial y de Conflicto de Inter\u00e9s<\/p>\n<p>&nbsp;<\/p>\n<p><span style=\"color: #993300\"><strong><strong>NOMBRE DEL RESPONSABLE DEL \u00c1REA DONDE SE PROPORCIONA EL TR\u00c1MITE<\/strong><\/strong><\/span><\/p>\n<p>Mtra. Yanis Santiago Rodr\u00edguez<\/p>\n<p>Directora de Responsabilidades Administrativas y Situaci\u00f3n Patrimonial<\/p>\n<p>&nbsp;<\/p>\n<p><span style=\"color: #993300\"><strong>NOMBRE Y PUESTO DEL RESPONSABLE DEL TR\u00c1MITE<\/strong><\/span><\/p>\n<p>Lic. Aren\u00ed Antonio Soto<\/p>\n<p>Jefa de Departamento de Registro de Sanciones, Patrimonial y de Conflicto de Inter\u00e9s<\/p>\n<p>email:\u00a0<a href=\"mailto:mesadeayudapatrimonial@gmail.com\">mesadeayudapatrimonial@gmail.com<\/a>\u00a0y\/o\u00a0<a href=\"mailto:asituacionpatrimonial@gmail.com\">asituacionpatrimonial@gmail.com<\/a><\/p>\n<p>&nbsp;<\/p>\n<p><span style=\"color: #993300\"><strong>FUNDAMENTOS JUR\u00cdDICOS QUE RIGEN ESTE TR\u00c1MITE<\/strong><\/span><\/p>\n<p>Art\u00edculo 1, 2, 3 fracciones XXVI, XXVII y 4 de la Ley de Responsabilidades Administrativas del Estado y Municipios de Oaxaca; 1, 3 fracci\u00f3n I, 27 fracci\u00f3n XIV, 47 fracci\u00f3n XXV de la Ley Org\u00e1nica del Poder Ejecutivo del Estado; 1, 3, 12, 61 y 67, de la Ley de Transparencia, Acceso a la Informaci\u00f3n P\u00fablica y Buen Gobierno del Estado de Oaxaca; 39 fracci\u00f3n I \u00a0inciso b)de la Ley Estatal de Derechos de Oaxaca; 1, 2, 3, 5 sub\u00edndice 1.3, numerales 1.3.2, 1.3.2.5, 66 fracciones XXVII, XXXI, XLI y XXXIX y 70 fracciones VI, VIII y XVII del Reglamento Interno de la Secretar\u00eda de Honestidad, Transparencia y Funci\u00f3n P\u00fablica, publicado en el Extra del Peri\u00f3dico Oficial del Gobierno del Estado de Oaxaca el diecisiete de mayo de dos mil veinticuatro con su reforma publicada en el Peri\u00f3dico Oficial del Gobierno del Estado de Oaxaca el veintis\u00e9is de marzo de dos mil veinticinco, y el Acuerdo por el que se establecen los lineamientos para la expedici\u00f3n de constancias de inhabilitaci\u00f3n y de no inhabilitaci\u00f3n para proveedores y contratistas, a trav\u00e9s de dispositivos electr\u00f3nicos con conectividad a internet.<\/p>\n","protected":false},"excerpt":{"rendered":"<p>&nbsp; https:\/\/sctg-contraloria.oaxaca.gob.mx\/sicniap\/ Expedici\u00f3n de Constancia de no Inhabilitaci\u00f3n o de inhabilitaci\u00f3n para Proveedores y Contratistas DESCRIPCI\u00d3N DEL TR\u00c1MITE Expedici\u00f3n de Constancia que acredita la no existencia o existencia de inhabilitaciones impuestas a proveedores y contratistas. &nbsp; TIPO DE USUARIO Proveedores y Contratistas, ya sean personas f\u00edsicas o morales, que pretendan proveer o prestar servicios, o [&hellip;]<\/p>\n","protected":false},"author":1,"featured_media":0,"parent":0,"menu_order":0,"comment_status":"closed","ping_status":"closed","template":"","meta":{"episode_type":"","audio_file":"","podmotor_file_id":"","podmotor_episode_id":"","cover_image":"","cover_image_id":"","duration":"","filesize":"","filesize_raw":"","date_recorded":"","explicit":"","block":"","itunes_episode_number":"","itunes_title":"","itunes_season_number":"","itunes_episode_type":"","footnotes":""},"categories":[],"tags":[],"class_list":["post-794","page","type-page","status-publish","hentry"],"acf":[],"publishpress_future_action":{"enabled":false,"date":"2026-05-12 13:54:03","action":"change-status","newStatus":"draft","terms":[],"taxonomy":"category","extraData":[]},"publishpress_future_workflow_manual_trigger":{"enabledWorkflows":[]},"_links":{"self":[{"href":"https:\/\/www.oaxaca.gob.mx\/honestidad\/wp-json\/wp\/v2\/pages\/794","targetHints":{"allow":["GET"]}}],"collection":[{"href":"https:\/\/www.oaxaca.gob.mx\/honestidad\/wp-json\/wp\/v2\/pages"}],"about":[{"href":"https:\/\/www.oaxaca.gob.mx\/honestidad\/wp-json\/wp\/v2\/types\/page"}],"author":[{"embeddable":true,"href":"https:\/\/www.oaxaca.gob.mx\/honestidad\/wp-json\/wp\/v2\/users\/1"}],"replies":[{"embeddable":true,"href":"https:\/\/www.oaxaca.gob.mx\/honestidad\/wp-json\/wp\/v2\/comments?post=794"}],"version-history":[{"count":2,"href":"https:\/\/www.oaxaca.gob.mx\/honestidad\/wp-json\/wp\/v2\/pages\/794\/revisions"}],"predecessor-version":[{"id":9249,"href":"https:\/\/www.oaxaca.gob.mx\/honestidad\/wp-json\/wp\/v2\/pages\/794\/revisions\/9249"}],"wp:attachment":[{"href":"https:\/\/www.oaxaca.gob.mx\/honestidad\/wp-json\/wp\/v2\/media?parent=794"}],"wp:term":[{"taxonomy":"category","embeddable":true,"href":"https:\/\/www.oaxaca.gob.mx\/honestidad\/wp-json\/wp\/v2\/categories?post=794"},{"taxonomy":"post_tag","embeddable":true,"href":"https:\/\/www.oaxaca.gob.mx\/honestidad\/wp-json\/wp\/v2\/tags?post=794"}],"curies":[{"name":"wp","href":"https:\/\/api.w.org\/{rel}","templated":true}]}}