{"id":7538,"date":"2023-06-08T18:05:55","date_gmt":"2023-06-09T00:05:55","guid":{"rendered":"https:\/\/www.oaxaca.gob.mx\/honestidad\/?page_id=7538"},"modified":"2025-09-17T15:43:39","modified_gmt":"2025-09-17T21:43:39","slug":"comite-de-transparencia","status":"publish","type":"page","link":"https:\/\/www.oaxaca.gob.mx\/honestidad\/comite-de-transparencia\/","title":{"rendered":"Comit\u00e9 de Transparencia"},"content":{"rendered":"<div class=\"su-tabs su-tabs-style-default su-tabs-mobile-stack\" data-active=\"1\" data-scroll-offset=\"0\" data-anchor-in-url=\"no\"><div class=\"su-tabs-nav\"><span class=\"\" data-url=\"\" data-target=\"blank\" tabindex=\"0\" role=\"button\">Concepto<\/span><span class=\"\" data-url=\"\" data-target=\"blank\" tabindex=\"0\" role=\"button\">Integrantes<\/span><span class=\"\" data-url=\"\" data-target=\"blank\" tabindex=\"0\" role=\"button\">Acta de Instalaci\u00f3n<\/span><span class=\"\" data-url=\"\" data-target=\"blank\" tabindex=\"0\" role=\"button\">Restructuraci\u00f3n<\/span><\/div><div class=\"su-tabs-panes\"><div class=\"su-tabs-pane su-u-clearfix su-u-trim\" data-title=\"Concepto\">\n\u201cEl Comit\u00e9 de Transparencia de la Secretar\u00eda de Honestidad, Transparencia y Funci\u00f3n P\u00fablica, es el \u00f3rgano colegiado encargado de garantizar y promover la Transparencia y el Acceso a la Informaci\u00f3n, as\u00ed como el respeto y salvaguarda de los derechos de acceso a la informaci\u00f3n y de protecci\u00f3n de datos personales.\u201d<br \/>\n<\/div>\n<div class=\"su-tabs-pane su-u-clearfix su-u-trim\" data-title=\"Integrantes\">\n<a href=\"https:\/\/www.oaxaca.gob.mx\/honestidad\/wp-content\/uploads\/sites\/40\/2025\/01\/integrantes.docx\">INTEGRANTES DEL COMIT\u00c9 DE TRANSPARENCIA<\/a><br \/>\n<\/div>\n<div class=\"su-tabs-pane su-u-clearfix su-u-trim\" data-title=\"Acta de Instalaci\u00f3n\">\n<a href=\"https:\/\/www.oaxaca.gob.mx\/honestidad\/wp-content\/uploads\/sites\/40\/2024\/07\/3erExtra-2023.pdf\" class=\"pdfemb-viewer\" style=\"\" data-width=\"max\" data-height=\"max\" data-toolbar=\"top\" data-toolbar-fixed=\"on\">3erExtra-2023<\/a>\n<\/div>\n<div class=\"su-tabs-pane su-u-clearfix su-u-trim\" data-title=\"Restructuraci\u00f3n\">\n<a href=\"https:\/\/www.oaxaca.gob.mx\/honestidad\/wp-content\/uploads\/sites\/40\/2025\/09\/Primera-sesion-extraordinaria-2025_250423_135656.pdf\" class=\"pdfemb-viewer\" style=\"\" data-width=\"max\" data-height=\"max\" data-toolbar=\"top\" data-toolbar-fixed=\"on\">Primera sesi\u00f3n extraordinaria 2025<\/a>\n<\/div><\/div><\/div>\n","protected":false},"excerpt":{"rendered":"","protected":false},"author":49,"featured_media":0,"parent":0,"menu_order":0,"comment_status":"closed","ping_status":"closed","template":"","meta":{"episode_type":"","audio_file":"","podmotor_file_id":"","podmotor_episode_id":"","cover_image":"","cover_image_id":"","duration":"","filesize":"","filesize_raw":"","date_recorded":"","explicit":"","block":"","itunes_episode_number":"","itunes_title":"","itunes_season_number":"","itunes_episode_type":"","footnotes":""},"categories":[],"tags":[],"class_list":["post-7538","page","type-page","status-publish","hentry"],"acf":[],"publishpress_future_action":{"enabled":false,"date":"2026-05-15 23:28:43","action":"change-status","newStatus":"draft","terms":[],"taxonomy":"category","extraData":[]},"publishpress_future_workflow_manual_trigger":{"enabledWorkflows":[]},"_links":{"self":[{"href":"https:\/\/www.oaxaca.gob.mx\/honestidad\/wp-json\/wp\/v2\/pages\/7538","targetHints":{"allow":["GET"]}}],"collection":[{"href":"https:\/\/www.oaxaca.gob.mx\/honestidad\/wp-json\/wp\/v2\/pages"}],"about":[{"href":"https:\/\/www.oaxaca.gob.mx\/honestidad\/wp-json\/wp\/v2\/types\/page"}],"author":[{"embeddable":true,"href":"https:\/\/www.oaxaca.gob.mx\/honestidad\/wp-json\/wp\/v2\/users\/49"}],"replies":[{"embeddable":true,"href":"https:\/\/www.oaxaca.gob.mx\/honestidad\/wp-json\/wp\/v2\/comments?post=7538"}],"version-history":[{"count":2,"href":"https:\/\/www.oaxaca.gob.mx\/honestidad\/wp-json\/wp\/v2\/pages\/7538\/revisions"}],"predecessor-version":[{"id":9179,"href":"https:\/\/www.oaxaca.gob.mx\/honestidad\/wp-json\/wp\/v2\/pages\/7538\/revisions\/9179"}],"wp:attachment":[{"href":"https:\/\/www.oaxaca.gob.mx\/honestidad\/wp-json\/wp\/v2\/media?parent=7538"}],"wp:term":[{"taxonomy":"category","embeddable":true,"href":"https:\/\/www.oaxaca.gob.mx\/honestidad\/wp-json\/wp\/v2\/categories?post=7538"},{"taxonomy":"post_tag","embeddable":true,"href":"https:\/\/www.oaxaca.gob.mx\/honestidad\/wp-json\/wp\/v2\/tags?post=7538"}],"curies":[{"name":"wp","href":"https:\/\/api.w.org\/{rel}","templated":true}]}}