{"id":66,"date":"2016-02-03T12:52:53","date_gmt":"2016-02-03T18:52:53","guid":{"rendered":"https:\/\/www.oaxaca.gob.mx\/sctg\/?page_id=66"},"modified":"2026-03-30T13:12:15","modified_gmt":"2026-03-30T19:12:15","slug":"publicaciones","status":"publish","type":"page","link":"https:\/\/www.oaxaca.gob.mx\/honestidad\/publicaciones\/","title":{"rendered":"Publicaciones"},"content":{"rendered":"<p>&nbsp;<\/p>\n<p>En el marco de los trabajos de la Comisi\u00f3n Permanente de Contralores Estados &#8211; Federaci\u00f3n (CPCE-F), la Secretar\u00eda de la Contralor\u00eda y Transparencia Gubernamental del Gobierno del Estado de Oaxaca coedit\u00f3 con la Secretar\u00eda de la Funci\u00f3n P\u00fablica (SFP) la primera publicaci\u00f3n nacional de Contralor\u00eda Social, titulada \u00abContralor\u00eda Social en M\u00e9xico. Experiencias de participaci\u00f3n ciudadana y rendici\u00f3n de cuentas\u00bb. Esta publicaci\u00f3n recopila y analiza experiencias exitosas emanadas de los trabajos de comit\u00e9s ciudadanos de Contralor\u00eda Social.<\/p>\n<p><a href=\"https:\/\/www.oaxaca.gob.mx\/honestidad\/wp-content\/uploads\/sites\/40\/2018\/07\/Contraloriasocialenmexico.pdf\" target=\"_blank\" rel=\"noopener\"><img loading=\"lazy\" decoding=\"async\" class=\"aligncenter wp-image-230 size-full\" src=\"https:\/\/www.oaxaca.gob.mx\/honestidad\/wp-content\/uploads\/sites\/40\/2016\/02\/contraloria-social-en-mexico.jpg\" alt=\"\" width=\"800\" height=\"384\" srcset=\"https:\/\/www.oaxaca.gob.mx\/honestidad\/wp-content\/uploads\/sites\/40\/2016\/02\/contraloria-social-en-mexico.jpg 800w, https:\/\/www.oaxaca.gob.mx\/honestidad\/wp-content\/uploads\/sites\/40\/2016\/02\/contraloria-social-en-mexico-300x144.jpg 300w, https:\/\/www.oaxaca.gob.mx\/honestidad\/wp-content\/uploads\/sites\/40\/2016\/02\/contraloria-social-en-mexico-768x369.jpg 768w\" sizes=\"auto, (max-width: 800px) 100vw, 800px\" \/><\/a><\/p>\n<p>En 2012 el Gobierno del Estado de Oaxaca coedita de nuevo con la SFP la segunda publicaci\u00f3n nacional de Contralor\u00eda Social, este a\u00f1o titulada \u201cRendici\u00f3n de cuentas social en M\u00e9xico. Evaluaci\u00f3n y control desde la sociedad civil\u201d.<\/p>\n<p>La 2nda Publicaci\u00f3n Nacional de Contralor\u00eda Social documenta y analiza casos de \u00e9xito en materia de evaluaci\u00f3n y control de la gesti\u00f3n p\u00fablica emanados de la sociedad civil organizada. Esta publicaci\u00f3n busca explorar el abanico de estrategias y proyectos de Contralor\u00eda Social que est\u00e1 desarrollando la sociedad civil organizada en M\u00e9xico en complemento al modelo impulsado por el Gobierno Federal y los \u00d3rganos estatales de control, para ser una fuente de consulta, ideas e inspiraci\u00f3n que fomente el emprendimiento de acciones de evaluaci\u00f3n y control social independientes a nivel nacional, estatal y local, facilitando la adaptaci\u00f3n y replicabilidad de los proyectos comprendidos en este libro.<\/p>\n<p style=\"text-align: justify\"><a href=\"\/sctg\/wp-content\/uploads\/2018\/07\/Rendiciondecuentassocialenmexico.pdf\" target=\"_blank\" rel=\"noopener noreferrer\"><img loading=\"lazy\" decoding=\"async\" class=\"alignnone size-full wp-image-231\" src=\"\/sctg\/wp-content\/uploads\/sites\/40\/2016\/02\/publicacionRendicionCta.jpg\" alt=\"publicacionRendicionCta\" width=\"800\" height=\"384\" srcset=\"https:\/\/www.oaxaca.gob.mx\/honestidad\/wp-content\/uploads\/sites\/40\/2016\/02\/publicacionRendicionCta.jpg 800w, https:\/\/www.oaxaca.gob.mx\/honestidad\/wp-content\/uploads\/sites\/40\/2016\/02\/publicacionRendicionCta-300x144.jpg 300w, https:\/\/www.oaxaca.gob.mx\/honestidad\/wp-content\/uploads\/sites\/40\/2016\/02\/publicacionRendicionCta-768x369.jpg 768w\" sizes=\"auto, (max-width: 800px) 100vw, 800px\" \/><\/a><\/p>\n","protected":false},"excerpt":{"rendered":"<p>&nbsp; En el marco de los trabajos de la Comisi\u00f3n Permanente de Contralores Estados &#8211; Federaci\u00f3n (CPCE-F), la Secretar\u00eda de la Contralor\u00eda y Transparencia Gubernamental del Gobierno del Estado de Oaxaca coedit\u00f3 con la Secretar\u00eda de la Funci\u00f3n P\u00fablica (SFP) la primera publicaci\u00f3n nacional de Contralor\u00eda Social, titulada \u00abContralor\u00eda Social en M\u00e9xico. Experiencias de participaci\u00f3n [&hellip;]<\/p>\n","protected":false},"author":1,"featured_media":0,"parent":0,"menu_order":0,"comment_status":"closed","ping_status":"closed","template":"","meta":{"episode_type":"","audio_file":"","podmotor_file_id":"","podmotor_episode_id":"","cover_image":"","cover_image_id":"","duration":"","filesize":"","filesize_raw":"","date_recorded":"","explicit":"","block":"","itunes_episode_number":"","itunes_title":"","itunes_season_number":"","itunes_episode_type":"","footnotes":""},"categories":[],"tags":[],"class_list":["post-66","page","type-page","status-publish","hentry"],"acf":[],"publishpress_future_action":{"enabled":false,"date":"2026-04-26 00:09:50","action":"change-status","newStatus":"draft","terms":[],"taxonomy":"category","extraData":[]},"publishpress_future_workflow_manual_trigger":{"enabledWorkflows":[]},"_links":{"self":[{"href":"https:\/\/www.oaxaca.gob.mx\/honestidad\/wp-json\/wp\/v2\/pages\/66","targetHints":{"allow":["GET"]}}],"collection":[{"href":"https:\/\/www.oaxaca.gob.mx\/honestidad\/wp-json\/wp\/v2\/pages"}],"about":[{"href":"https:\/\/www.oaxaca.gob.mx\/honestidad\/wp-json\/wp\/v2\/types\/page"}],"author":[{"embeddable":true,"href":"https:\/\/www.oaxaca.gob.mx\/honestidad\/wp-json\/wp\/v2\/users\/1"}],"replies":[{"embeddable":true,"href":"https:\/\/www.oaxaca.gob.mx\/honestidad\/wp-json\/wp\/v2\/comments?post=66"}],"version-history":[{"count":3,"href":"https:\/\/www.oaxaca.gob.mx\/honestidad\/wp-json\/wp\/v2\/pages\/66\/revisions"}],"predecessor-version":[{"id":9436,"href":"https:\/\/www.oaxaca.gob.mx\/honestidad\/wp-json\/wp\/v2\/pages\/66\/revisions\/9436"}],"wp:attachment":[{"href":"https:\/\/www.oaxaca.gob.mx\/honestidad\/wp-json\/wp\/v2\/media?parent=66"}],"wp:term":[{"taxonomy":"category","embeddable":true,"href":"https:\/\/www.oaxaca.gob.mx\/honestidad\/wp-json\/wp\/v2\/categories?post=66"},{"taxonomy":"post_tag","embeddable":true,"href":"https:\/\/www.oaxaca.gob.mx\/honestidad\/wp-json\/wp\/v2\/tags?post=66"}],"curies":[{"name":"wp","href":"https:\/\/api.w.org\/{rel}","templated":true}]}}