{"id":62,"date":"2016-02-03T12:52:28","date_gmt":"2016-02-03T18:52:28","guid":{"rendered":"https:\/\/www.oaxaca.gob.mx\/sctg\/?page_id=62"},"modified":"2024-09-03T14:09:49","modified_gmt":"2024-09-03T20:09:49","slug":"multimedia-y-descargas","status":"publish","type":"page","link":"https:\/\/www.oaxaca.gob.mx\/honestidad\/multimedia-y-descargas\/","title":{"rendered":"Multimedia"},"content":{"rendered":"<div class=\"su-accordion su-u-trim\">\n<div class=\"su-spoiler su-spoiler-style-default su-spoiler-icon-plus su-spoiler-closed\" data-scroll-offset=\"0\" data-anchor-in-url=\"no\"><div class=\"su-spoiler-title\" tabindex=\"0\" role=\"button\"><span class=\"su-spoiler-icon\"><\/span>Secretar\u00eda<\/div><div class=\"su-spoiler-content su-u-clearfix su-u-trim\">\n<div class=\"su-tabs su-tabs-style-default su-tabs-mobile-stack\" data-active=\"1\" data-scroll-offset=\"0\" data-anchor-in-url=\"no\"><div class=\"su-tabs-nav\"><span class=\"\" data-url=\"\" data-target=\"blank\" tabindex=\"0\" role=\"button\">2024<\/span><span class=\"\" data-url=\"\" data-target=\"blank\" tabindex=\"0\" role=\"button\">Alfabetizaci\u00f3n para el Bienestar 2024<\/span><span class=\"\" data-url=\"\" data-target=\"blank\" tabindex=\"0\" role=\"button\">Campa\u00f1a s\u00e9 honesto 2022<\/span><\/div><div class=\"su-tabs-panes\"><div class=\"su-tabs-pane su-u-clearfix su-u-trim\" data-title=\"2024\">\n<div style=\"width: 240px;\" class=\"wp-video\"><video class=\"wp-video-shortcode\" id=\"video-62-1\" width=\"240\" height=\"368\" preload=\"metadata\" controls=\"controls\"><source type=\"video\/mp4\" src=\"https:\/\/www.oaxaca.gob.mx\/honestidad\/wp-content\/uploads\/sites\/40\/2023\/01\/mensaje.mp4?_=1\" \/><a href=\"https:\/\/www.oaxaca.gob.mx\/honestidad\/wp-content\/uploads\/sites\/40\/2023\/01\/mensaje.mp4\">https:\/\/www.oaxaca.gob.mx\/honestidad\/wp-content\/uploads\/sites\/40\/2023\/01\/mensaje.mp4<\/a><\/video><\/div>\n<div class=\"su-spacer\" style=\"height:20px\"><\/div>\n<div style=\"width: 414px;\" class=\"wp-video\"><video class=\"wp-video-shortcode\" id=\"video-62-2\" width=\"414\" height=\"640\" poster=\"https:\/\/www.oaxaca.gob.mx\/honestidad\/wp-content\/uploads\/sites\/40\/2024\/07\/06-JUNIO-INSTALACION-COMITE-SIPINNA-m4v-image.jpg\" preload=\"metadata\" controls=\"controls\"><source type=\"video\/mp4\" src=\"https:\/\/www.oaxaca.gob.mx\/honestidad\/wp-content\/uploads\/sites\/40\/2024\/07\/06-JUNIO-INSTALACION-COMITE-SIPINNA.m4v?_=2\" \/><a href=\"https:\/\/www.oaxaca.gob.mx\/honestidad\/wp-content\/uploads\/sites\/40\/2024\/07\/06-JUNIO-INSTALACION-COMITE-SIPINNA.m4v\">https:\/\/www.oaxaca.gob.mx\/honestidad\/wp-content\/uploads\/sites\/40\/2024\/07\/06-JUNIO-INSTALACION-COMITE-SIPINNA.m4v<\/a><\/video><\/div>\n<div class=\"su-spacer\" style=\"height:20px\"><\/div>\nEn entrevista con CORTV la titular de la Secretar\u00eda de Honestidad, Transparencia y Funci\u00f3n P\u00fablica, Leticia Elsa Reyes L\u00f3pez, convers\u00f3 con Zuriel Borbolla en la emisi\u00f3n nocturna del noticiario, sobre la presentaci\u00f3n de la Declaraci\u00f3n Patrimonial de Modificaci\u00f3n 2023.<\/p>\n<div style=\"width: 1140px;\" class=\"wp-video\"><video class=\"wp-video-shortcode\" id=\"video-62-3\" width=\"1140\" height=\"641\" preload=\"metadata\" controls=\"controls\"><source type=\"video\/mp4\" src=\"https:\/\/www.oaxaca.gob.mx\/honestidad\/wp-content\/uploads\/sites\/40\/2023\/05\/EntrevistaDeclaracionPatrimonial.mp4?_=3\" \/><a href=\"https:\/\/www.oaxaca.gob.mx\/honestidad\/wp-content\/uploads\/sites\/40\/2023\/05\/EntrevistaDeclaracionPatrimonial.mp4\">https:\/\/www.oaxaca.gob.mx\/honestidad\/wp-content\/uploads\/sites\/40\/2023\/05\/EntrevistaDeclaracionPatrimonial.mp4<\/a><\/video><\/div>\n<div class=\"su-spacer\" style=\"height:20px\"><\/div>\nDesde la Secretar\u00eda de Honestidad, Transparencia y Funci\u00f3n P\u00fablica se trabaja para la transformaci\u00f3n de Oaxaca y lograr la igualdad sustantiva que permita a las mujeres tener autonom\u00eda, oportunidades y una vida libre de violencia.<\/p>\n<div style=\"width: 848px;\" class=\"wp-video\"><video class=\"wp-video-shortcode\" id=\"video-62-4\" width=\"848\" height=\"480\" preload=\"metadata\" controls=\"controls\"><source type=\"video\/mp4\" src=\"https:\/\/www.oaxaca.gob.mx\/honestidad\/wp-content\/uploads\/sites\/40\/2023\/03\/2023-03-08.mp4?_=4\" \/><a href=\"https:\/\/www.oaxaca.gob.mx\/honestidad\/wp-content\/uploads\/sites\/40\/2023\/03\/2023-03-08.mp4\">https:\/\/www.oaxaca.gob.mx\/honestidad\/wp-content\/uploads\/sites\/40\/2023\/03\/2023-03-08.mp4<\/a><\/video><\/div>\n<\/div>\n<div class=\"su-tabs-pane su-u-clearfix su-u-trim\" data-title=\"Alfabetizaci\u00f3n para el Bienestar 2024\">\n<p>Video Beneficiarios<br \/>\n<div style=\"width: 1140px;\" class=\"wp-video\"><video class=\"wp-video-shortcode\" id=\"video-62-5\" width=\"1140\" height=\"641\" preload=\"metadata\" controls=\"controls\"><source type=\"video\/mp4\" src=\"https:\/\/www.oaxaca.gob.mx\/honestidad\/wp-content\/uploads\/sites\/40\/2024\/09\/BENEFICIARIOS.mp4?_=5\" \/><a href=\"https:\/\/www.oaxaca.gob.mx\/honestidad\/wp-content\/uploads\/sites\/40\/2024\/09\/BENEFICIARIOS.mp4\">https:\/\/www.oaxaca.gob.mx\/honestidad\/wp-content\/uploads\/sites\/40\/2024\/09\/BENEFICIARIOS.mp4<\/a><\/video><\/div>\n&nbsp;<br \/>\n&nbsp;<br \/>\nVideo Estudiantado<br \/>\n<div style=\"width: 1140px;\" class=\"wp-video\"><video class=\"wp-video-shortcode\" id=\"video-62-6\" width=\"1140\" height=\"641\" preload=\"metadata\" controls=\"controls\"><source type=\"video\/mp4\" src=\"https:\/\/www.oaxaca.gob.mx\/honestidad\/wp-content\/uploads\/sites\/40\/2024\/09\/ESTUDIANTADO.mp4?_=6\" \/><a href=\"https:\/\/www.oaxaca.gob.mx\/honestidad\/wp-content\/uploads\/sites\/40\/2024\/09\/ESTUDIANTADO.mp4\">https:\/\/www.oaxaca.gob.mx\/honestidad\/wp-content\/uploads\/sites\/40\/2024\/09\/ESTUDIANTADO.mp4<\/a><\/video><\/div>\n&nbsp;<br \/>\n&nbsp;<br \/>\nVideo Invitaci\u00f3n<br \/>\n<div style=\"width: 1140px;\" class=\"wp-video\"><video class=\"wp-video-shortcode\" id=\"video-62-7\" width=\"1140\" height=\"641\" preload=\"metadata\" controls=\"controls\"><source type=\"video\/mp4\" src=\"https:\/\/www.oaxaca.gob.mx\/honestidad\/wp-content\/uploads\/sites\/40\/2024\/09\/INVITACION.mp4?_=7\" \/><a href=\"https:\/\/www.oaxaca.gob.mx\/honestidad\/wp-content\/uploads\/sites\/40\/2024\/09\/INVITACION.mp4\">https:\/\/www.oaxaca.gob.mx\/honestidad\/wp-content\/uploads\/sites\/40\/2024\/09\/INVITACION.mp4<\/a><\/video><\/div>\n&nbsp;<br \/>\n&nbsp;<br \/>\n<\/div>\n<div class=\"su-tabs-pane su-u-clearfix su-u-trim\" data-title=\"Campa\u00f1a s\u00e9 honesto 2022\">\n<table>\n<tbody>\n<tr>\n<td><\/td>\n<\/tr>\n<tr>\n<td><a href=\"https:\/\/www.youtube.com\/watch?v=gE2gXFSy5r8\" target=\"_blank\" rel=\"noopener noreferrer\">Video se honesto 02<\/a><a href=\"https:\/\/www.youtube.com\/watch?v=S7cuKX_m17I\" target=\"_blank\" rel=\"noopener noreferrer\">Video se honesto 03<\/a><\/p>\n<p><a href=\"https:\/\/www.youtube.com\/watch?v=M5hpasRPeRg\" target=\"_blank\" rel=\"noopener noreferrer\">Video se honesto 04<\/a><\/p>\n<p><a href=\"https:\/\/www.youtube.com\/watch?v=5Ccul-gl6Hk\" target=\"_blank\" rel=\"noopener noreferrer\">Amor m\u00e1s valor igual a honestidad<\/a><\/p>\n<p><a href=\"https:\/\/www.youtube.com\/watch?v=UJXDBEDq-lE\" target=\"_blank\" rel=\"noopener noreferrer\">Contenido neto<\/a><\/p>\n<p><a href=\"#\">Cruda realidad<\/a><\/p>\n<p><a href=\"#\">Todo empieza peque\u00f1o<\/a><\/p>\n<p><a href=\"#\">La desiluci\u00f3n<\/a><\/p>\n<p><a href=\"#\">Ladr\u00f3n que roba ladr\u00f3n<\/a><\/p>\n<p><a href=\"#\">Manos limpias<\/a><\/p>\n<p><a href=\"#\">No m\u00e1s mordidas<\/a><\/p>\n<p><a href=\"#\">Somos honestidad<\/a><\/td>\n<\/tr>\n<\/tbody>\n<\/table>\n<\/div><\/div><\/div>\n<\/div><\/div>\n<div class=\"su-spoiler su-spoiler-style-default su-spoiler-icon-plus su-spoiler-closed\" data-scroll-offset=\"0\" data-anchor-in-url=\"no\"><div class=\"su-spoiler-title\" tabindex=\"0\" role=\"button\"><span class=\"su-spoiler-icon\"><\/span>Subsecretar\u00eda de Contralor\u00eda Social y Transparencia<\/div><div class=\"su-spoiler-content su-u-clearfix su-u-trim\">\n<div style=\"width: 1140px;\" class=\"wp-video\"><video class=\"wp-video-shortcode\" id=\"video-62-8\" width=\"1140\" height=\"641\" preload=\"metadata\" controls=\"controls\"><source type=\"video\/mp4\" src=\"https:\/\/www.oaxaca.gob.mx\/honestidad\/wp-content\/uploads\/sites\/40\/2024\/07\/23MAR-CONTRALORIA-SOCIAL-TV.mp4?_=8\" \/><a href=\"https:\/\/www.oaxaca.gob.mx\/honestidad\/wp-content\/uploads\/sites\/40\/2024\/07\/23MAR-CONTRALORIA-SOCIAL-TV.mp4\">https:\/\/www.oaxaca.gob.mx\/honestidad\/wp-content\/uploads\/sites\/40\/2024\/07\/23MAR-CONTRALORIA-SOCIAL-TV.mp4<\/a><\/video><\/div>\n<div class=\"su-spacer\" style=\"height:20px\"><\/div>\n<div style=\"width: 1140px;\" class=\"wp-video\"><video class=\"wp-video-shortcode\" id=\"video-62-9\" width=\"1140\" height=\"641\" preload=\"metadata\" controls=\"controls\"><source type=\"video\/mp4\" src=\"https:\/\/www.oaxaca.gob.mx\/honestidad\/wp-content\/uploads\/sites\/40\/2024\/07\/16-ABR-CODIGO-DE-ETICA.mp4?_=9\" \/><a href=\"https:\/\/www.oaxaca.gob.mx\/honestidad\/wp-content\/uploads\/sites\/40\/2024\/07\/16-ABR-CODIGO-DE-ETICA.mp4\">https:\/\/www.oaxaca.gob.mx\/honestidad\/wp-content\/uploads\/sites\/40\/2024\/07\/16-ABR-CODIGO-DE-ETICA.mp4<\/a><\/video><\/div>\n<div class=\"su-spacer\" style=\"height:20px\"><\/div>\n<div style=\"width: 848px;\" class=\"wp-video\"><video class=\"wp-video-shortcode\" id=\"video-62-10\" width=\"848\" height=\"480\" preload=\"metadata\" controls=\"controls\"><source type=\"video\/mp4\" src=\"https:\/\/www.oaxaca.gob.mx\/honestidad\/wp-content\/uploads\/sites\/40\/2024\/01\/WhatsApp-Video-2024-01-10-at-17.10.21.mp4?_=10\" \/><a href=\"https:\/\/www.oaxaca.gob.mx\/honestidad\/wp-content\/uploads\/sites\/40\/2024\/01\/WhatsApp-Video-2024-01-10-at-17.10.21.mp4\">https:\/\/www.oaxaca.gob.mx\/honestidad\/wp-content\/uploads\/sites\/40\/2024\/01\/WhatsApp-Video-2024-01-10-at-17.10.21.mp4<\/a><\/video><\/div>\n<p>&nbsp;<\/p>\n<div style=\"width: 848px;\" class=\"wp-video\"><video class=\"wp-video-shortcode\" id=\"video-62-11\" width=\"848\" height=\"480\" preload=\"metadata\" controls=\"controls\"><source type=\"video\/mp4\" src=\"https:\/\/www.oaxaca.gob.mx\/honestidad\/wp-content\/uploads\/sites\/40\/2024\/01\/WhatsApp-Video-2024-01-10-at-17.10.38.mp4?_=11\" \/><a href=\"https:\/\/www.oaxaca.gob.mx\/honestidad\/wp-content\/uploads\/sites\/40\/2024\/01\/WhatsApp-Video-2024-01-10-at-17.10.38.mp4\">https:\/\/www.oaxaca.gob.mx\/honestidad\/wp-content\/uploads\/sites\/40\/2024\/01\/WhatsApp-Video-2024-01-10-at-17.10.38.mp4<\/a><\/video><\/div>\n<p>&nbsp;<\/p>\n<div style=\"width: 848px;\" class=\"wp-video\"><video class=\"wp-video-shortcode\" id=\"video-62-12\" width=\"848\" height=\"480\" preload=\"metadata\" controls=\"controls\"><source type=\"video\/mp4\" src=\"https:\/\/www.oaxaca.gob.mx\/honestidad\/wp-content\/uploads\/sites\/40\/2024\/01\/WhatsApp-Video-2024-01-10-at-17.10.30.mp4?_=12\" \/><a href=\"https:\/\/www.oaxaca.gob.mx\/honestidad\/wp-content\/uploads\/sites\/40\/2024\/01\/WhatsApp-Video-2024-01-10-at-17.10.30.mp4\">https:\/\/www.oaxaca.gob.mx\/honestidad\/wp-content\/uploads\/sites\/40\/2024\/01\/WhatsApp-Video-2024-01-10-at-17.10.30.mp4<\/a><\/video><\/div>\n<\/div><\/div>\n<div class=\"su-spoiler su-spoiler-style-default su-spoiler-icon-plus su-spoiler-closed\" data-scroll-offset=\"0\" data-anchor-in-url=\"no\"><div class=\"su-spoiler-title\" tabindex=\"0\" role=\"button\"><span class=\"su-spoiler-icon\"><\/span>Subsecretar\u00eda de Responsabilidades Administrativas y Anticorrupci\u00f3n<\/div><div class=\"su-spoiler-content su-u-clearfix su-u-trim\">\n<div style=\"width: 1140px;\" class=\"wp-video\"><video class=\"wp-video-shortcode\" id=\"video-62-13\" width=\"1140\" height=\"641\" preload=\"metadata\" controls=\"controls\"><source type=\"video\/mp4\" src=\"https:\/\/www.oaxaca.gob.mx\/honestidad\/wp-content\/uploads\/sites\/40\/2024\/07\/20MAY-TU-VOZ-HACE-EL-CAMBIO.mp4?_=13\" \/><a href=\"https:\/\/www.oaxaca.gob.mx\/honestidad\/wp-content\/uploads\/sites\/40\/2024\/07\/20MAY-TU-VOZ-HACE-EL-CAMBIO.mp4\">https:\/\/www.oaxaca.gob.mx\/honestidad\/wp-content\/uploads\/sites\/40\/2024\/07\/20MAY-TU-VOZ-HACE-EL-CAMBIO.mp4<\/a><\/video><\/div>\n<div class=\"su-spacer\" style=\"height:20px\"><\/div>\n<div style=\"width: 1140px;\" class=\"wp-video\"><video class=\"wp-video-shortcode\" id=\"video-62-14\" width=\"1140\" height=\"641\" preload=\"metadata\" controls=\"controls\"><source type=\"video\/mp4\" src=\"https:\/\/www.oaxaca.gob.mx\/honestidad\/wp-content\/uploads\/sites\/40\/2024\/07\/OPINION-NORMATIVA.mp4?_=14\" \/><a href=\"https:\/\/www.oaxaca.gob.mx\/honestidad\/wp-content\/uploads\/sites\/40\/2024\/07\/OPINION-NORMATIVA.mp4\">https:\/\/www.oaxaca.gob.mx\/honestidad\/wp-content\/uploads\/sites\/40\/2024\/07\/OPINION-NORMATIVA.mp4<\/a><\/video><\/div>\n<div class=\"su-spacer\" style=\"height:20px\"><\/div>\n<div style=\"width: 1140px;\" class=\"wp-video\"><video class=\"wp-video-shortcode\" id=\"video-62-15\" width=\"1140\" height=\"641\" preload=\"metadata\" controls=\"controls\"><source type=\"video\/mp4\" src=\"https:\/\/www.oaxaca.gob.mx\/honestidad\/wp-content\/uploads\/sites\/40\/2024\/07\/1-ABR-RECUPERACION-HONESTIDAD.mp4?_=15\" \/><a href=\"https:\/\/www.oaxaca.gob.mx\/honestidad\/wp-content\/uploads\/sites\/40\/2024\/07\/1-ABR-RECUPERACION-HONESTIDAD.mp4\">https:\/\/www.oaxaca.gob.mx\/honestidad\/wp-content\/uploads\/sites\/40\/2024\/07\/1-ABR-RECUPERACION-HONESTIDAD.mp4<\/a><\/video><\/div>\n<div class=\"su-spacer\" style=\"height:20px\"><\/div>\n<div style=\"width: 848px;\" class=\"wp-video\"><video class=\"wp-video-shortcode\" id=\"video-62-16\" width=\"848\" height=\"480\" preload=\"metadata\" controls=\"controls\"><source type=\"video\/mp4\" src=\"https:\/\/www.oaxaca.gob.mx\/honestidad\/wp-content\/uploads\/sites\/40\/2024\/07\/DECLARACION-PATRIMONIAL-ULTIMOS-DIAS.mp4?_=16\" \/><a href=\"https:\/\/www.oaxaca.gob.mx\/honestidad\/wp-content\/uploads\/sites\/40\/2024\/07\/DECLARACION-PATRIMONIAL-ULTIMOS-DIAS.mp4\">https:\/\/www.oaxaca.gob.mx\/honestidad\/wp-content\/uploads\/sites\/40\/2024\/07\/DECLARACION-PATRIMONIAL-ULTIMOS-DIAS.mp4<\/a><\/video><\/div>\n<div class=\"su-spacer\" style=\"height:20px\"><\/div>\n\u00a1Ya es mayo! y tu Declaraci\u00f3n Patrimonial de Modificaci\u00f3n 2023 debes presentar ante la Secretar\u00eda de Honestidad, Transparencia y Funci\u00f3n P\u00fablica.<\/p>\n<p>Del 1 al 31 de mayo el sistema E-Oaxaca Declara estar\u00e1 disponible para que la realices, aqu\u00ed te decimos c\u00f3mo.<\/p>\n<p>Aplica para las personas servidoras p\u00fablicas del Poder Ejecutivo Estatal que continuaron con su cargo desde el 2022 o que presentaron su declaraci\u00f3n inicial en diciembre de 2022.<\/p>\n<p>\u201cMayo, mes de la Declaraci\u00f3n Patrimonial de Modificaci\u00f3n 2023\u201d<\/p>\n<div style=\"width: 1140px;\" class=\"wp-video\"><video class=\"wp-video-shortcode\" id=\"video-62-17\" width=\"1140\" height=\"641\" preload=\"metadata\" controls=\"controls\"><source type=\"video\/mp4\" src=\"https:\/\/dp-contraloria.oaxaca.gob.mx\/e-declaraoaxaca\/public\/files\/TutorialModificacion.mp4?_=17\" \/><a href=\"https:\/\/dp-contraloria.oaxaca.gob.mx\/e-declaraoaxaca\/public\/files\/TutorialModificacion.mp4\">https:\/\/dp-contraloria.oaxaca.gob.mx\/e-declaraoaxaca\/public\/files\/TutorialModificacion.mp4<\/a><\/video><\/div>\n<div class=\"su-spacer\" style=\"height:20px\"><\/div>\nPersona servidora p\u00fablica del Poder Ejecutivo Estatal, si no recuerdas tu contrase\u00f1a para ingresar al Sistema E-Oaxaca Declara, nosotros te decimos c\u00f3mo a trav\u00e9s del siguiente tutorial.<\/p>\n<p>\u00a1Qu\u00e9 no se te pase!<br \/>\nSolo tienes del 1 al 31 de Mayo para presentar tu declaraci\u00f3n patrimonial de modificaci\u00f3n<br \/>\nGobierno del Estado de Oaxaca<\/p>\n<div style=\"width: 1140px;\" class=\"wp-video\"><video class=\"wp-video-shortcode\" id=\"video-62-18\" width=\"1140\" height=\"641\" preload=\"metadata\" controls=\"controls\"><source type=\"video\/mp4\" src=\"https:\/\/dp-contraloria.oaxaca.gob.mx\/e-declaraoaxaca\/public\/files\/TutorialRecuperacion.mp4?_=18\" \/><a href=\"https:\/\/dp-contraloria.oaxaca.gob.mx\/e-declaraoaxaca\/public\/files\/TutorialRecuperacion.mp4\">https:\/\/dp-contraloria.oaxaca.gob.mx\/e-declaraoaxaca\/public\/files\/TutorialRecuperacion.mp4<\/a><\/video><\/div>\n<\/div><\/div>\n<div class=\"su-spoiler su-spoiler-style-default su-spoiler-icon-plus su-spoiler-closed\" data-scroll-offset=\"0\" data-anchor-in-url=\"no\"><div class=\"su-spoiler-title\" tabindex=\"0\" role=\"button\"><span class=\"su-spoiler-icon\"><\/span>Subsecretar\u00eda de Auditor\u00eda y Supervisi\u00f3n en Obra<\/div><div class=\"su-spoiler-content su-u-clearfix su-u-trim\">\n<div style=\"width: 1140px;\" class=\"wp-video\"><video class=\"wp-video-shortcode\" id=\"video-62-19\" width=\"1140\" height=\"641\" poster=\"https:\/\/www.oaxaca.gob.mx\/honestidad\/wp-content\/uploads\/sites\/40\/2024\/07\/06-05SEP-LABORATORIO-DE-VERIFICACION-m4v-image.jpg\" preload=\"metadata\" controls=\"controls\"><source type=\"video\/mp4\" src=\"https:\/\/www.oaxaca.gob.mx\/honestidad\/wp-content\/uploads\/sites\/40\/2024\/07\/06-05SEP-LABORATORIO-DE-VERIFICACION.m4v?_=19\" \/><a href=\"https:\/\/www.oaxaca.gob.mx\/honestidad\/wp-content\/uploads\/sites\/40\/2024\/07\/06-05SEP-LABORATORIO-DE-VERIFICACION.m4v\">https:\/\/www.oaxaca.gob.mx\/honestidad\/wp-content\/uploads\/sites\/40\/2024\/07\/06-05SEP-LABORATORIO-DE-VERIFICACION.m4v<\/a><\/video><\/div>\n<div class=\"su-spacer\" style=\"height:20px\"><\/div>\n<div style=\"width: 1140px;\" class=\"wp-video\"><video class=\"wp-video-shortcode\" id=\"video-62-20\" width=\"1140\" height=\"641\" poster=\"https:\/\/www.oaxaca.gob.mx\/honestidad\/wp-content\/uploads\/sites\/40\/2024\/07\/03-05SEP-REVISION-DE-OBRAS-m4v-image.jpg\" preload=\"metadata\" controls=\"controls\"><source type=\"video\/mp4\" src=\"https:\/\/www.oaxaca.gob.mx\/honestidad\/wp-content\/uploads\/sites\/40\/2024\/07\/03-05SEP-REVISION-DE-OBRAS.m4v?_=20\" \/><a href=\"https:\/\/www.oaxaca.gob.mx\/honestidad\/wp-content\/uploads\/sites\/40\/2024\/07\/03-05SEP-REVISION-DE-OBRAS.m4v\">https:\/\/www.oaxaca.gob.mx\/honestidad\/wp-content\/uploads\/sites\/40\/2024\/07\/03-05SEP-REVISION-DE-OBRAS.m4v<\/a><\/video><\/div>\n<div class=\"su-spacer\" style=\"height:20px\"><\/div>\n<div style=\"width: 1140px;\" class=\"wp-video\"><video class=\"wp-video-shortcode\" id=\"video-62-21\" width=\"1140\" height=\"641\" preload=\"metadata\" controls=\"controls\"><source type=\"video\/mp4\" src=\"https:\/\/www.oaxaca.gob.mx\/honestidad\/wp-content\/uploads\/sites\/40\/2024\/07\/04-05SEP-UNIDAD-MOVIL-LABORATORIO.mp4?_=21\" \/><a href=\"https:\/\/www.oaxaca.gob.mx\/honestidad\/wp-content\/uploads\/sites\/40\/2024\/07\/04-05SEP-UNIDAD-MOVIL-LABORATORIO.mp4\">https:\/\/www.oaxaca.gob.mx\/honestidad\/wp-content\/uploads\/sites\/40\/2024\/07\/04-05SEP-UNIDAD-MOVIL-LABORATORIO.mp4<\/a><\/video><\/div>\n<\/div><\/div>\n<\/div>\n","protected":false},"excerpt":{"rendered":"","protected":false},"author":1,"featured_media":0,"parent":0,"menu_order":0,"comment_status":"closed","ping_status":"closed","template":"","meta":{"episode_type":"","audio_file":"","podmotor_file_id":"","podmotor_episode_id":"","cover_image":"","cover_image_id":"","duration":"","filesize":"","filesize_raw":"","date_recorded":"","explicit":"","block":"","itunes_episode_number":"","itunes_title":"","itunes_season_number":"","itunes_episode_type":"","footnotes":""},"categories":[],"tags":[],"class_list":["post-62","page","type-page","status-publish","hentry"],"acf":[],"publishpress_future_action":{"enabled":false,"date":"2026-05-22 05:52:18","action":"change-status","newStatus":"draft","terms":[],"taxonomy":"category","extraData":[]},"publishpress_future_workflow_manual_trigger":{"enabledWorkflows":[]},"_links":{"self":[{"href":"https:\/\/www.oaxaca.gob.mx\/honestidad\/wp-json\/wp\/v2\/pages\/62","targetHints":{"allow":["GET"]}}],"collection":[{"href":"https:\/\/www.oaxaca.gob.mx\/honestidad\/wp-json\/wp\/v2\/pages"}],"about":[{"href":"https:\/\/www.oaxaca.gob.mx\/honestidad\/wp-json\/wp\/v2\/types\/page"}],"author":[{"embeddable":true,"href":"https:\/\/www.oaxaca.gob.mx\/honestidad\/wp-json\/wp\/v2\/users\/1"}],"replies":[{"embeddable":true,"href":"https:\/\/www.oaxaca.gob.mx\/honestidad\/wp-json\/wp\/v2\/comments?post=62"}],"version-history":[{"count":2,"href":"https:\/\/www.oaxaca.gob.mx\/honestidad\/wp-json\/wp\/v2\/pages\/62\/revisions"}],"predecessor-version":[{"id":8588,"href":"https:\/\/www.oaxaca.gob.mx\/honestidad\/wp-json\/wp\/v2\/pages\/62\/revisions\/8588"}],"wp:attachment":[{"href":"https:\/\/www.oaxaca.gob.mx\/honestidad\/wp-json\/wp\/v2\/media?parent=62"}],"wp:term":[{"taxonomy":"category","embeddable":true,"href":"https:\/\/www.oaxaca.gob.mx\/honestidad\/wp-json\/wp\/v2\/categories?post=62"},{"taxonomy":"post_tag","embeddable":true,"href":"https:\/\/www.oaxaca.gob.mx\/honestidad\/wp-json\/wp\/v2\/tags?post=62"}],"curies":[{"name":"wp","href":"https:\/\/api.w.org\/{rel}","templated":true}]}}